{"id":14201,"date":"2022-08-12T13:39:04","date_gmt":"2022-08-12T17:39:04","guid":{"rendered":"https:\/\/cha-shc.ca\/canadian-committee-on-migration-ethnicity-and-transnationalism\/"},"modified":"2025-05-27T17:00:14","modified_gmt":"2025-05-27T21:00:14","slug":"canadian-committee-on-migration-ethnicity-and-transnationalism","status":"publish","type":"page","link":"https:\/\/cha-shc.ca\/fr\/a-propos\/comites-associes\/canadian-committee-on-migration-ethnicity-and-transnationalism\/","title":{"rendered":"Comit\u00e9 canadien sur la migration, l\u2019ethnicit\u00e9 et le transnationalisme"},"content":{"rendered":"<p>Le but du CCMET est de favoriser et de promouvoir l&rsquo;\u00e9tude historique de la migration, de l&rsquo;ethnicit\u00e9 et des questions transnationales, de faciliter la collaboration dans ce domaine et de parrainer des s\u00e9ances au congr\u00e8s annuel de la Soci\u00e9t\u00e9 historique du Canada et d&rsquo;autres r\u00e9unions appropri\u00e9es.<\/p>\n<p>Veuillez communiquer avec le comit\u00e9 (via <a href=\"mailto:Jon.Malek@prov.ca\">Jonathon Malek<\/a> ou <a href=\"mailto:abrill@yorku.ca\">Abril Liberatori<\/a>) pour toute question.<\/p>\n<p><a href=\"https:\/\/cha-shc.ca\/wp-content\/uploads\/2023\/06\/CCMET-Constitution.pdf\">Constitution du CCMET <\/a>(en anglais)<\/p>\n","protected":false},"excerpt":{"rendered":"<p>Le but du CCMET est de favoriser et de promouvoir l&rsquo;\u00e9tude historique de la migration, de l&rsquo;ethnicit\u00e9 et des questions transnationales, de faciliter la collaboration dans ce domaine et de parrainer des s\u00e9ances au congr\u00e8s annuel de la Soci\u00e9t\u00e9 historique du Canada et d&rsquo;autres r\u00e9unions appropri\u00e9es. Veuillez communiquer avec le comit\u00e9 (via Jonathon Malek ou [&hellip;]<\/p>\n","protected":false},"author":1,"featured_media":14166,"parent":14488,"menu_order":9,"comment_status":"closed","ping_status":"closed","template":"","meta":{"_acf_changed":false,"_seopress_robots_primary_cat":"","_seopress_titles_title":"","_seopress_titles_desc":"","_seopress_robots_index":"","_exactmetrics_skip_tracking":false,"_exactmetrics_sitenote_active":false,"_exactmetrics_sitenote_note":"","_exactmetrics_sitenote_category":0,"site-sidebar-layout":"default","site-content-layout":"default","ast-site-content-layout":"default","site-content-style":"default","site-sidebar-style":"default","ast-global-header-display":"","ast-banner-title-visibility":"","ast-main-header-display":"","ast-hfb-above-header-display":"","ast-hfb-below-header-display":"","ast-hfb-mobile-header-display":"","site-post-title":"","ast-breadcrumbs-content":"","ast-featured-img":"","footer-sml-layout":"","ast-disable-related-posts":"","theme-transparent-header-meta":"default","adv-header-id-meta":"","stick-header-meta":"","header-above-stick-meta":"","header-main-stick-meta":"","header-below-stick-meta":"","astra-migrate-meta-layouts":"set","ast-page-background-enabled":"default","ast-page-background-meta":{"desktop":{"background-color":"var(--ast-global-color-4)","background-image":"","background-repeat":"repeat","background-position":"center center","background-size":"auto","background-attachment":"scroll","background-type":"","background-media":"","overlay-type":"","overlay-color":"","overlay-opacity":"","overlay-gradient":""},"tablet":{"background-color":"","background-image":"","background-repeat":"repeat","background-position":"center center","background-size":"auto","background-attachment":"scroll","background-type":"","background-media":"","overlay-type":"","overlay-color":"","overlay-opacity":"","overlay-gradient":""},"mobile":{"background-color":"","background-image":"","background-repeat":"repeat","background-position":"center center","background-size":"auto","background-attachment":"scroll","background-type":"","background-media":"","overlay-type":"","overlay-color":"","overlay-opacity":"","overlay-gradient":""}},"ast-content-background-meta":{"desktop":{"background-color":"var(--ast-global-color-5)","background-image":"","background-repeat":"repeat","background-position":"center center","background-size":"auto","background-attachment":"scroll","background-type":"","background-media":"","overlay-type":"","overlay-color":"","overlay-opacity":"","overlay-gradient":""},"tablet":{"background-color":"var(--ast-global-color-5)","background-image":"","background-repeat":"repeat","background-position":"center center","background-size":"auto","background-attachment":"scroll","background-type":"","background-media":"","overlay-type":"","overlay-color":"","overlay-opacity":"","overlay-gradient":""},"mobile":{"background-color":"var(--ast-global-color-5)","background-image":"","background-repeat":"repeat","background-position":"center center","background-size":"auto","background-attachment":"scroll","background-type":"","background-media":"","overlay-type":"","overlay-color":"","overlay-opacity":"","overlay-gradient":""}},"footnotes":""},"page_template":[239],"class_list":["post-14201","page","type-page","status-publish","has-post-thumbnail","hentry","page_template-sidebar-fr"],"acf":[],"publishpress_future_action":{"enabled":false,"date":"2026-04-24 15:37:39","action":"change-status","newStatus":"draft","terms":[],"taxonomy":"page_template","extraData":[]},"publishpress_future_workflow_manual_trigger":{"enabledWorkflows":[]},"_links":{"self":[{"href":"https:\/\/cha-shc.ca\/fr\/wp-json\/wp\/v2\/pages\/14201","targetHints":{"allow":["GET"]}}],"collection":[{"href":"https:\/\/cha-shc.ca\/fr\/wp-json\/wp\/v2\/pages"}],"about":[{"href":"https:\/\/cha-shc.ca\/fr\/wp-json\/wp\/v2\/types\/page"}],"author":[{"embeddable":true,"href":"https:\/\/cha-shc.ca\/fr\/wp-json\/wp\/v2\/users\/1"}],"replies":[{"embeddable":true,"href":"https:\/\/cha-shc.ca\/fr\/wp-json\/wp\/v2\/comments?post=14201"}],"version-history":[{"count":5,"href":"https:\/\/cha-shc.ca\/fr\/wp-json\/wp\/v2\/pages\/14201\/revisions"}],"predecessor-version":[{"id":52865,"href":"https:\/\/cha-shc.ca\/fr\/wp-json\/wp\/v2\/pages\/14201\/revisions\/52865"}],"up":[{"embeddable":true,"href":"https:\/\/cha-shc.ca\/fr\/wp-json\/wp\/v2\/pages\/14488"}],"wp:featuredmedia":[{"embeddable":true,"href":"https:\/\/cha-shc.ca\/fr\/wp-json\/wp\/v2\/media\/14166"}],"wp:attachment":[{"href":"https:\/\/cha-shc.ca\/fr\/wp-json\/wp\/v2\/media?parent=14201"}],"wp:term":[{"taxonomy":"page_template","embeddable":true,"href":"https:\/\/cha-shc.ca\/fr\/wp-json\/wp\/v2\/page_template?post=14201"}],"curies":[{"name":"wp","href":"https:\/\/api.w.org\/{rel}","templated":true}]}}