{"id":14203,"date":"2022-08-12T13:44:41","date_gmt":"2022-08-12T17:44:41","guid":{"rendered":"https:\/\/cha-shc.ca\/?page_id=14203"},"modified":"2025-07-22T14:37:25","modified_gmt":"2025-07-22T18:37:25","slug":"le-comite-des-etudiantes-diplomees-de-la-shc","status":"publish","type":"page","link":"https:\/\/cha-shc.ca\/fr\/a-propos\/comites-associes\/le-comite-des-etudiantes-diplomees-de-la-shc\/","title":{"rendered":"Le Comit\u00e9 des \u00e9tudiant(e)s dipl\u00f4m\u00e9(e)s de la SHC"},"content":{"rendered":"<h2>Bienvenue au site du C\u00c9D !<\/h2>\n<p>Le Comit\u00e9 des \u00e9tudiant(e)s dipl\u00f4m\u00e9(e)s (C\u00c9D)\u00a0est affili\u00e9 \u00e0\u00a0la Soci\u00e9t\u00e9 historique du Canada\u00a0et a pour but de servir les int\u00e9r\u00eats de tous les \u00e9tudiants dipl\u00f4m\u00e9s qui \u00e9tudient l&rsquo;histoire au Canada. Le C\u00c9D recueille et distribue des renseignements ayant trait aux programmes de deuxi\u00e8me et de troisi\u00e8mes cycles, bourses,\u00a0conf\u00e9rences,\u00a0possibilit\u00e9s d&#8217;embauche, ressources aux chercheurs, et en ce qui concerne la Soci\u00e9t\u00e9 historique du Canada.<\/p>\n<p>Compos\u00e9 exclusivement d&rsquo;\u00e9tudiants dipl\u00f4m\u00e9s, le C\u00c9D d\u00e9fend les int\u00e9r\u00eats de cette communaut\u00e9 aupr\u00e8s du Conseil de la SHC, o\u00f9 il d\u00e9tient le droit de vote. Pour plus de d\u00e9tails quant \u00e0 la composition du C\u00c9D et \u00e0 l&rsquo;adh\u00e9sion, veuillez cliquer sur\u00a0Devenir membre du C\u00c9D.<\/p>\n<p>Afin de remplir son mandat, le C\u00c9D a mis sur pied ce site Web ainsi que la liste de diffusion \u00e9lectronique (commun\u00e9ment,\u00a0le CHA-GRAD Listserv). Notre site rec\u00e8le une foule de ressources que nous comptons continuer \u00e0 mettre \u00e0 jour. Si vous voulez nous faire part d&rsquo;annonces de conf\u00e9rences, d&rsquo;offres d&#8217;emploi, ou de bourse, si vous avez des questions qui portent sur vos recherches, ou si vous voulez soulever une question qui devrait \u00eatre port\u00e9e \u00e0 l&rsquo;attention du Conseil de la SHC, nous vous invitons \u00e0 envoyer en message sur le CHA-GRAD Listserv.<\/p>\n<p>Notre page Facebook:\u00a0<a href=\"https:\/\/www.facebook.com\/CEDGSC\/\">https:\/\/www.facebook.com\/CEDGSC\/<\/a><\/p>\n<p>Veuillez communiquer avec le <a href=\"mailto:aino.pihlak@mail.utoronto.ca\">comit\u00e9 <\/a>pour toute question.<\/p>\n","protected":false},"excerpt":{"rendered":"<p>Bienvenue au site du C\u00c9D ! Le Comit\u00e9 des \u00e9tudiant(e)s dipl\u00f4m\u00e9(e)s (C\u00c9D)\u00a0est affili\u00e9 \u00e0\u00a0la Soci\u00e9t\u00e9 historique du Canada\u00a0et a pour but de servir les int\u00e9r\u00eats de tous les \u00e9tudiants dipl\u00f4m\u00e9s qui \u00e9tudient l&rsquo;histoire au Canada. Le C\u00c9D recueille et distribue des renseignements ayant trait aux programmes de deuxi\u00e8me et de troisi\u00e8mes cycles, bourses,\u00a0conf\u00e9rences,\u00a0possibilit\u00e9s d&#8217;embauche, ressources [&hellip;]<\/p>\n","protected":false},"author":1,"featured_media":14186,"parent":14488,"menu_order":1,"comment_status":"closed","ping_status":"closed","template":"","meta":{"_acf_changed":false,"_seopress_robots_primary_cat":"","_seopress_titles_title":"","_seopress_titles_desc":"","_seopress_robots_index":"","_exactmetrics_skip_tracking":false,"_exactmetrics_sitenote_active":false,"_exactmetrics_sitenote_note":"","_exactmetrics_sitenote_category":0,"site-sidebar-layout":"default","site-content-layout":"default","ast-site-content-layout":"default","site-content-style":"default","site-sidebar-style":"default","ast-global-header-display":"","ast-banner-title-visibility":"","ast-main-header-display":"","ast-hfb-above-header-display":"","ast-hfb-below-header-display":"","ast-hfb-mobile-header-display":"","site-post-title":"","ast-breadcrumbs-content":"","ast-featured-img":"","footer-sml-layout":"","ast-disable-related-posts":"","theme-transparent-header-meta":"default","adv-header-id-meta":"","stick-header-meta":"","header-above-stick-meta":"","header-main-stick-meta":"","header-below-stick-meta":"","astra-migrate-meta-layouts":"set","ast-page-background-enabled":"default","ast-page-background-meta":{"desktop":{"background-color":"var(--ast-global-color-4)","background-image":"","background-repeat":"repeat","background-position":"center center","background-size":"auto","background-attachment":"scroll","background-type":"","background-media":"","overlay-type":"","overlay-color":"","overlay-opacity":"","overlay-gradient":""},"tablet":{"background-color":"","background-image":"","background-repeat":"repeat","background-position":"center center","background-size":"auto","background-attachment":"scroll","background-type":"","background-media":"","overlay-type":"","overlay-color":"","overlay-opacity":"","overlay-gradient":""},"mobile":{"background-color":"","background-image":"","background-repeat":"repeat","background-position":"center center","background-size":"auto","background-attachment":"scroll","background-type":"","background-media":"","overlay-type":"","overlay-color":"","overlay-opacity":"","overlay-gradient":""}},"ast-content-background-meta":{"desktop":{"background-color":"var(--ast-global-color-5)","background-image":"","background-repeat":"repeat","background-position":"center center","background-size":"auto","background-attachment":"scroll","background-type":"","background-media":"","overlay-type":"","overlay-color":"","overlay-opacity":"","overlay-gradient":""},"tablet":{"background-color":"var(--ast-global-color-5)","background-image":"","background-repeat":"repeat","background-position":"center center","background-size":"auto","background-attachment":"scroll","background-type":"","background-media":"","overlay-type":"","overlay-color":"","overlay-opacity":"","overlay-gradient":""},"mobile":{"background-color":"var(--ast-global-color-5)","background-image":"","background-repeat":"repeat","background-position":"center center","background-size":"auto","background-attachment":"scroll","background-type":"","background-media":"","overlay-type":"","overlay-color":"","overlay-opacity":"","overlay-gradient":""}},"footnotes":""},"page_template":[239],"class_list":["post-14203","page","type-page","status-publish","has-post-thumbnail","hentry","page_template-sidebar-fr"],"acf":[],"publishpress_future_action":{"enabled":false,"date":"2026-04-23 00:41:26","action":"change-status","newStatus":"draft","terms":[],"taxonomy":"page_template","extraData":[]},"publishpress_future_workflow_manual_trigger":{"enabledWorkflows":[]},"_links":{"self":[{"href":"https:\/\/cha-shc.ca\/fr\/wp-json\/wp\/v2\/pages\/14203","targetHints":{"allow":["GET"]}}],"collection":[{"href":"https:\/\/cha-shc.ca\/fr\/wp-json\/wp\/v2\/pages"}],"about":[{"href":"https:\/\/cha-shc.ca\/fr\/wp-json\/wp\/v2\/types\/page"}],"author":[{"embeddable":true,"href":"https:\/\/cha-shc.ca\/fr\/wp-json\/wp\/v2\/users\/1"}],"replies":[{"embeddable":true,"href":"https:\/\/cha-shc.ca\/fr\/wp-json\/wp\/v2\/comments?post=14203"}],"version-history":[{"count":2,"href":"https:\/\/cha-shc.ca\/fr\/wp-json\/wp\/v2\/pages\/14203\/revisions"}],"predecessor-version":[{"id":53413,"href":"https:\/\/cha-shc.ca\/fr\/wp-json\/wp\/v2\/pages\/14203\/revisions\/53413"}],"up":[{"embeddable":true,"href":"https:\/\/cha-shc.ca\/fr\/wp-json\/wp\/v2\/pages\/14488"}],"wp:featuredmedia":[{"embeddable":true,"href":"https:\/\/cha-shc.ca\/fr\/wp-json\/wp\/v2\/media\/14186"}],"wp:attachment":[{"href":"https:\/\/cha-shc.ca\/fr\/wp-json\/wp\/v2\/media?parent=14203"}],"wp:term":[{"taxonomy":"page_template","embeddable":true,"href":"https:\/\/cha-shc.ca\/fr\/wp-json\/wp\/v2\/page_template?post=14203"}],"curies":[{"name":"wp","href":"https:\/\/api.w.org\/{rel}","templated":true}]}}