{"id":14224,"date":"2022-08-12T13:40:13","date_gmt":"2022-08-12T17:40:13","guid":{"rendered":"https:\/\/cha-shc.ca\/canadian-committee-on-womens-and-gender-history\/"},"modified":"2024-12-11T08:30:38","modified_gmt":"2024-12-11T13:30:38","slug":"canadian-committee-on-womens-and-gender-history","status":"publish","type":"page","link":"https:\/\/cha-shc.ca\/fr\/a-propos\/comites-associes\/canadian-committee-on-womens-and-gender-history\/","title":{"rendered":"Comit\u00e9 canadien de l&rsquo;histoire des femmes et du genre"},"content":{"rendered":"<p>Le Comit\u00e9 canadien de l\u2019histoire des femmes et du genre a \u00e9t\u00e9 fond\u00e9 en 1975 lors de la rencontre des Soci\u00e9t\u00e9s savantes et est pr\u00e9sentement affili\u00e9 \u00e0\u00a0la Soci\u00e9t\u00e9 historique du Canada. Les principaux objectifs sont de promouvoir l\u2019enseignement et la recherche dans le domaine de l\u2019histoire des femmes; diffuser de l\u2019information sur les sources, les recherches en cours et les publications r\u00e9centes; encourager la conservation de sources archivistiques en histoire des femmes; faciliter les communications et les \u00e9changes entre et parmi les chercheur-e-s, les enseignant-e-s et les \u00e9tudiant-e-s dans ce domaine et avec des associations semblables \u00e0 l\u2019\u00e9tranger, veiller sur le statut professionnel des femmes en histoire et chercher \u00e0 hausser ce dernier.<\/p>\n<p>Afin de remplir sa mission, le CCHF s\u2019adonne \u00e0 plusieurs activit\u00e9s, dont les plus importantes sont: publier et distribuer le Bulletin et le R\u00e9pertoire du CCHF; s\u00e9lectionner les r\u00e9cipiendaires du Prix Hilda Neatby; promouvoir des r\u00e9unions et des congr\u00e8s au niveau local et au niveau r\u00e9gional; et parrainer des sessions sur l\u2019histoire des femmes lors du Congr\u00e8s annuel de la Soci\u00e9t\u00e9 historique du Canada.<\/p>\n<p>Veuillez communiquer avec le <a href=\"mailto:jane.nicholas@uwaterloo.ca\">comit\u00e9<\/a> ou consultez leur <a title=\"CHA Affiliates\" href=\"https:\/\/ccwgh-cchfg.com\/\">site web<\/a>\u00a0pour toute question.<\/p>\n","protected":false},"excerpt":{"rendered":"<p>Le Comit\u00e9 canadien de l\u2019histoire des femmes et du genre a \u00e9t\u00e9 fond\u00e9 en 1975 lors de la rencontre des Soci\u00e9t\u00e9s savantes et est pr\u00e9sentement affili\u00e9 \u00e0\u00a0la Soci\u00e9t\u00e9 historique du Canada. Les principaux objectifs sont de promouvoir l\u2019enseignement et la recherche dans le domaine de l\u2019histoire des femmes; diffuser de l\u2019information sur les sources, les [&hellip;]<\/p>\n","protected":false},"author":1,"featured_media":14152,"parent":14488,"menu_order":7,"comment_status":"closed","ping_status":"closed","template":"","meta":{"_acf_changed":false,"_seopress_robots_primary_cat":"","_seopress_titles_title":"","_seopress_titles_desc":"","_seopress_robots_index":"","_exactmetrics_skip_tracking":false,"_exactmetrics_sitenote_active":false,"_exactmetrics_sitenote_note":"","_exactmetrics_sitenote_category":0,"site-sidebar-layout":"default","site-content-layout":"default","ast-site-content-layout":"default","site-content-style":"default","site-sidebar-style":"default","ast-global-header-display":"","ast-banner-title-visibility":"","ast-main-header-display":"","ast-hfb-above-header-display":"","ast-hfb-below-header-display":"","ast-hfb-mobile-header-display":"","site-post-title":"","ast-breadcrumbs-content":"","ast-featured-img":"","footer-sml-layout":"","ast-disable-related-posts":"","theme-transparent-header-meta":"default","adv-header-id-meta":"","stick-header-meta":"","header-above-stick-meta":"","header-main-stick-meta":"","header-below-stick-meta":"","astra-migrate-meta-layouts":"set","ast-page-background-enabled":"default","ast-page-background-meta":{"desktop":{"background-color":"var(--ast-global-color-4)","background-image":"","background-repeat":"repeat","background-position":"center center","background-size":"auto","background-attachment":"scroll","background-type":"","background-media":"","overlay-type":"","overlay-color":"","overlay-opacity":"","overlay-gradient":""},"tablet":{"background-color":"","background-image":"","background-repeat":"repeat","background-position":"center center","background-size":"auto","background-attachment":"scroll","background-type":"","background-media":"","overlay-type":"","overlay-color":"","overlay-opacity":"","overlay-gradient":""},"mobile":{"background-color":"","background-image":"","background-repeat":"repeat","background-position":"center center","background-size":"auto","background-attachment":"scroll","background-type":"","background-media":"","overlay-type":"","overlay-color":"","overlay-opacity":"","overlay-gradient":""}},"ast-content-background-meta":{"desktop":{"background-color":"var(--ast-global-color-5)","background-image":"","background-repeat":"repeat","background-position":"center center","background-size":"auto","background-attachment":"scroll","background-type":"","background-media":"","overlay-type":"","overlay-color":"","overlay-opacity":"","overlay-gradient":""},"tablet":{"background-color":"var(--ast-global-color-5)","background-image":"","background-repeat":"repeat","background-position":"center center","background-size":"auto","background-attachment":"scroll","background-type":"","background-media":"","overlay-type":"","overlay-color":"","overlay-opacity":"","overlay-gradient":""},"mobile":{"background-color":"var(--ast-global-color-5)","background-image":"","background-repeat":"repeat","background-position":"center center","background-size":"auto","background-attachment":"scroll","background-type":"","background-media":"","overlay-type":"","overlay-color":"","overlay-opacity":"","overlay-gradient":""}},"footnotes":""},"page_template":[239],"class_list":["post-14224","page","type-page","status-publish","has-post-thumbnail","hentry","page_template-sidebar-fr"],"acf":[],"publishpress_future_action":{"enabled":false,"date":"2026-05-15 15:17:34","action":"change-status","newStatus":"draft","terms":[],"taxonomy":"page_template","extraData":[]},"publishpress_future_workflow_manual_trigger":{"enabledWorkflows":[]},"_links":{"self":[{"href":"https:\/\/cha-shc.ca\/fr\/wp-json\/wp\/v2\/pages\/14224","targetHints":{"allow":["GET"]}}],"collection":[{"href":"https:\/\/cha-shc.ca\/fr\/wp-json\/wp\/v2\/pages"}],"about":[{"href":"https:\/\/cha-shc.ca\/fr\/wp-json\/wp\/v2\/types\/page"}],"author":[{"embeddable":true,"href":"https:\/\/cha-shc.ca\/fr\/wp-json\/wp\/v2\/users\/1"}],"replies":[{"embeddable":true,"href":"https:\/\/cha-shc.ca\/fr\/wp-json\/wp\/v2\/comments?post=14224"}],"version-history":[{"count":2,"href":"https:\/\/cha-shc.ca\/fr\/wp-json\/wp\/v2\/pages\/14224\/revisions"}],"predecessor-version":[{"id":51416,"href":"https:\/\/cha-shc.ca\/fr\/wp-json\/wp\/v2\/pages\/14224\/revisions\/51416"}],"up":[{"embeddable":true,"href":"https:\/\/cha-shc.ca\/fr\/wp-json\/wp\/v2\/pages\/14488"}],"wp:featuredmedia":[{"embeddable":true,"href":"https:\/\/cha-shc.ca\/fr\/wp-json\/wp\/v2\/media\/14152"}],"wp:attachment":[{"href":"https:\/\/cha-shc.ca\/fr\/wp-json\/wp\/v2\/media?parent=14224"}],"wp:term":[{"taxonomy":"page_template","embeddable":true,"href":"https:\/\/cha-shc.ca\/fr\/wp-json\/wp\/v2\/page_template?post=14224"}],"curies":[{"name":"wp","href":"https:\/\/api.w.org\/{rel}","templated":true}]}}