{"id":14227,"date":"2022-08-12T13:33:00","date_gmt":"2022-08-12T17:33:00","guid":{"rendered":"https:\/\/cha-shc.ca\/indigenous-history-group\/"},"modified":"2022-08-12T14:23:40","modified_gmt":"2022-08-12T18:23:40","slug":"indigenous-history-group","status":"publish","type":"page","link":"https:\/\/cha-shc.ca\/fr\/a-propos\/comites-associes\/indigenous-history-group\/","title":{"rendered":"Groupe d&rsquo;\u00e9tudes d&rsquo;histoire autochtone"},"content":{"rendered":"<p>&nbsp;<\/p>\n<p><img fetchpriority=\"high\" decoding=\"async\" class=\"size-medium wp-image-14098\" title=\"5f3bdcdd97862 1\" src=\"https:\/\/cha-shc.ca\/wp-content\/uploads\/2022\/08\/5f3bdcdd97862-1-300x225.jpg\" alt=\"5f3bdcdd97862 1\" width=\"300\" height=\"225\" srcset=\"https:\/\/cha-shc.ca\/wp-content\/uploads\/2022\/08\/5f3bdcdd97862-1-300x225.jpg 300w, https:\/\/cha-shc.ca\/wp-content\/uploads\/2022\/08\/5f3bdcdd97862-1.jpg 640w\" sizes=\"(max-width: 300px) 100vw, 300px\" \/><\/p>\n<p>Fond\u00e9 en 1982, le Groupe d&rsquo;\u00e9tude de l&rsquo;histoire autochtone est une communaut\u00e9 de chercheurs ind\u00e9pendante, gouvernementale, institutionnel (c.-\u00e0-d dans les mus\u00e9es) et universitaire. Selon l&rsquo;un de ses membres fondateurs, \u00ab le groupe vise \u00e0 servir de centre d&rsquo;\u00e9change et de voie de communication pour les personnes actives dans le domaine de l&rsquo;histoire autochtone \u00bb.<\/p>\n<p>Ses principaux efforts pour atteindre ces objectifs ont \u00e9t\u00e9 les r\u00e9unions d&rsquo;affaires annuelles de la SHC, le parrainage de sessions, l&rsquo;organisation d&rsquo;activit\u00e9s sp\u00e9ciales et de visites \u00e9ducatives coordonn\u00e9es avec la r\u00e9union annuelle de la SHC, la publication de bulletins de nouvelles et la liaison avec d&rsquo;autres groupes. Chaque ann\u00e9e, le groupe d\u00e9cerne deux prix, une pour\u00a0<a href=\"https:\/\/cha-shc.ca\/francais\/ce-que-nous-faisons\/prix\/le-prix-du-livre-en-histoire-autochtone.htm\" target=\"_blank\" rel=\"noopener\">le meilleur livre<\/a>\u00a0dans l&rsquo;histoire autochtone et l&rsquo;autre pour\u00a0<a href=\"https:\/\/cha-shc.ca\/francais\/ce-que-nous-faisons\/prix\/le-prix-du-meilleur-article-en-histoire-autochtone.htm\" target=\"_blank\" rel=\"noopener\">le meilleur article<\/a>.<\/p>\n<p>Le Groupe d&rsquo;\u00e9tude d&rsquo;histoire autochtone accueille de nouveaux membres issus de toutes les disciplines. La plupart des discussions du groupe se passe en Facebook. Vous pouvez le suivre ici:\u00a0<a href=\"https:\/\/www.facebook.com\/groups\/1553402478261783\">https:\/\/www.facebook.com\/groups\/1553402478261783<\/a><\/p>\n<p>En juin 2019 le SHC a commenc\u00e9 une nouvealle s\u00e9rie des webinars. Le premier \u00e9tait\u00a0\u00ab\u00a0L\u2019autochtonisation de l\u2019enseignement de l\u2019histoire \u00bb avec Mathieu Arsenault, Leila Inksetter, Jonathan Lainey, et Brian Gettler.<\/p>\n<div class=\"ast-oembed-container \" style=\"height: 100%;\"><iframe title=\"A CHA Webinar Series: Decolonization  II | Une s\u00e9rie de webinaires de la SHC : la d\u00e9colonisation II\" width=\"500\" height=\"281\" src=\"https:\/\/www.youtube.com\/embed\/gizn0x_ywyI?feature=oembed\" frameborder=\"0\" allow=\"accelerometer; autoplay; clipboard-write; encrypted-media; gyroscope; picture-in-picture; web-share\" referrerpolicy=\"strict-origin-when-cross-origin\" allowfullscreen><\/iframe><\/div>\n<div style=\"position: static !important;\"><\/div>\n","protected":false},"excerpt":{"rendered":"<p>&nbsp; Fond\u00e9 en 1982, le Groupe d&rsquo;\u00e9tude de l&rsquo;histoire autochtone est une communaut\u00e9 de chercheurs ind\u00e9pendante, gouvernementale, institutionnel (c.-\u00e0-d dans les mus\u00e9es) et universitaire. Selon l&rsquo;un de ses membres fondateurs, \u00ab le groupe vise \u00e0 servir de centre d&rsquo;\u00e9change et de voie de communication pour les personnes actives dans le domaine de l&rsquo;histoire autochtone \u00bb. [&hellip;]<\/p>\n","protected":false},"author":1,"featured_media":14164,"parent":14488,"menu_order":15,"comment_status":"closed","ping_status":"closed","template":"","meta":{"_acf_changed":false,"_seopress_robots_primary_cat":"","_seopress_titles_title":"","_seopress_titles_desc":"","_seopress_robots_index":"","_exactmetrics_skip_tracking":false,"_exactmetrics_sitenote_active":false,"_exactmetrics_sitenote_note":"","_exactmetrics_sitenote_category":0,"site-sidebar-layout":"default","site-content-layout":"default","ast-site-content-layout":"default","site-content-style":"default","site-sidebar-style":"default","ast-global-header-display":"","ast-banner-title-visibility":"","ast-main-header-display":"","ast-hfb-above-header-display":"","ast-hfb-below-header-display":"","ast-hfb-mobile-header-display":"","site-post-title":"","ast-breadcrumbs-content":"","ast-featured-img":"","footer-sml-layout":"","ast-disable-related-posts":"","theme-transparent-header-meta":"default","adv-header-id-meta":"","stick-header-meta":"","header-above-stick-meta":"","header-main-stick-meta":"","header-below-stick-meta":"","astra-migrate-meta-layouts":"default","ast-page-background-enabled":"default","ast-page-background-meta":{"desktop":{"background-color":"var(--ast-global-color-4)","background-image":"","background-repeat":"repeat","background-position":"center center","background-size":"auto","background-attachment":"scroll","background-type":"","background-media":"","overlay-type":"","overlay-color":"","overlay-opacity":"","overlay-gradient":""},"tablet":{"background-color":"","background-image":"","background-repeat":"repeat","background-position":"center center","background-size":"auto","background-attachment":"scroll","background-type":"","background-media":"","overlay-type":"","overlay-color":"","overlay-opacity":"","overlay-gradient":""},"mobile":{"background-color":"","background-image":"","background-repeat":"repeat","background-position":"center center","background-size":"auto","background-attachment":"scroll","background-type":"","background-media":"","overlay-type":"","overlay-color":"","overlay-opacity":"","overlay-gradient":""}},"ast-content-background-meta":{"desktop":{"background-color":"var(--ast-global-color-5)","background-image":"","background-repeat":"repeat","background-position":"center center","background-size":"auto","background-attachment":"scroll","background-type":"","background-media":"","overlay-type":"","overlay-color":"","overlay-opacity":"","overlay-gradient":""},"tablet":{"background-color":"var(--ast-global-color-5)","background-image":"","background-repeat":"repeat","background-position":"center center","background-size":"auto","background-attachment":"scroll","background-type":"","background-media":"","overlay-type":"","overlay-color":"","overlay-opacity":"","overlay-gradient":""},"mobile":{"background-color":"var(--ast-global-color-5)","background-image":"","background-repeat":"repeat","background-position":"center center","background-size":"auto","background-attachment":"scroll","background-type":"","background-media":"","overlay-type":"","overlay-color":"","overlay-opacity":"","overlay-gradient":""}},"footnotes":""},"page_template":[239],"class_list":["post-14227","page","type-page","status-publish","has-post-thumbnail","hentry","page_template-sidebar-fr"],"acf":[],"publishpress_future_action":{"enabled":false,"date":"2026-04-24 15:37:45","action":"change-status","newStatus":"draft","terms":[],"taxonomy":"page_template","extraData":[]},"publishpress_future_workflow_manual_trigger":{"enabledWorkflows":[]},"_links":{"self":[{"href":"https:\/\/cha-shc.ca\/fr\/wp-json\/wp\/v2\/pages\/14227","targetHints":{"allow":["GET"]}}],"collection":[{"href":"https:\/\/cha-shc.ca\/fr\/wp-json\/wp\/v2\/pages"}],"about":[{"href":"https:\/\/cha-shc.ca\/fr\/wp-json\/wp\/v2\/types\/page"}],"author":[{"embeddable":true,"href":"https:\/\/cha-shc.ca\/fr\/wp-json\/wp\/v2\/users\/1"}],"replies":[{"embeddable":true,"href":"https:\/\/cha-shc.ca\/fr\/wp-json\/wp\/v2\/comments?post=14227"}],"version-history":[{"count":1,"href":"https:\/\/cha-shc.ca\/fr\/wp-json\/wp\/v2\/pages\/14227\/revisions"}],"predecessor-version":[{"id":14228,"href":"https:\/\/cha-shc.ca\/fr\/wp-json\/wp\/v2\/pages\/14227\/revisions\/14228"}],"up":[{"embeddable":true,"href":"https:\/\/cha-shc.ca\/fr\/wp-json\/wp\/v2\/pages\/14488"}],"wp:featuredmedia":[{"embeddable":true,"href":"https:\/\/cha-shc.ca\/fr\/wp-json\/wp\/v2\/media\/14164"}],"wp:attachment":[{"href":"https:\/\/cha-shc.ca\/fr\/wp-json\/wp\/v2\/media?parent=14227"}],"wp:term":[{"taxonomy":"page_template","embeddable":true,"href":"https:\/\/cha-shc.ca\/fr\/wp-json\/wp\/v2\/page_template?post=14227"}],"curies":[{"name":"wp","href":"https:\/\/api.w.org\/{rel}","templated":true}]}}