{"id":14233,"date":"2022-08-12T13:47:16","date_gmt":"2022-08-12T17:47:16","guid":{"rendered":"https:\/\/cha-shc.ca\/political-history-group\/"},"modified":"2025-07-22T14:44:54","modified_gmt":"2025-07-22T18:44:54","slug":"political-history-group","status":"publish","type":"page","link":"https:\/\/cha-shc.ca\/fr\/a-propos\/comites-associes\/political-history-group\/","title":{"rendered":"Groupe d&rsquo;histoire politique"},"content":{"rendered":"<p>Le Groupe d\u2019histoire politique (GHP) vise \u00e0 promouvoir et \u00e0 appuyer la\u00a0recherche en histoire politique et l\u2019enseignement de l\u2019histoire politique au\u00a0Canada. La d\u00e9finition d\u2019histoire politique retenue par le groupe se veut\u00a0large et recouvre l\u2019\u00e9tude de la politique, des politiques publiques, de la\u00a0gouvernance, de l\u2019\u00c9tat, de l\u2019\u00e9conomie politique, de la sociologie politique, de la soci\u00e9t\u00e9 civile, des \u00e9lections, des affaires \u00e9trang\u00e8res et des\u00a0relations internationales, de l\u2019histoire l\u00e9gale et de toutes autres facettes\u00a0de la vie politique canadienne, et ce, en ayant recours \u00e0 une vari\u00e9t\u00e9\u00a0d\u2019approches th\u00e9oriques et empiriques. \u00a0Nous sommes affili\u00e9s \u00e0 la Soci\u00e9t\u00e9\u00a0historique du Canada. \u00a0Nos membres sont des \u00e9tudiants aux cycles\u00a0sup\u00e9rieures, des professeurs et ceux qui travaillent dans le domaine\u00a0d\u2019histoire hors des cadres acad\u00e9miques ou dans l\u2019histoire publique qui\u00a0s\u2019int\u00e9ressent \u00e0 des questions politiques.<\/p>\n<p>Veuillez communiquer avec le\u00a0<a href=\"mailto:kevin.anderson2@ucalgary.ca\">secr\u00e9taire du comit\u00e9<\/a> pour toute question ou si vous d\u00e9sirez vous abonner au liste de diffusion du groupe.<\/p>\n","protected":false},"excerpt":{"rendered":"<p>Le Groupe d\u2019histoire politique (GHP) vise \u00e0 promouvoir et \u00e0 appuyer la\u00a0recherche en histoire politique et l\u2019enseignement de l\u2019histoire politique au\u00a0Canada. La d\u00e9finition d\u2019histoire politique retenue par le groupe se veut\u00a0large et recouvre l\u2019\u00e9tude de la politique, des politiques publiques, de la\u00a0gouvernance, de l\u2019\u00c9tat, de l\u2019\u00e9conomie politique, de la sociologie politique, de la soci\u00e9t\u00e9 civile, [&hellip;]<\/p>\n","protected":false},"author":1,"featured_media":14156,"parent":14488,"menu_order":18,"comment_status":"closed","ping_status":"closed","template":"","meta":{"_acf_changed":false,"_seopress_robots_primary_cat":"","_seopress_titles_title":"","_seopress_titles_desc":"","_seopress_robots_index":"","_exactmetrics_skip_tracking":false,"_exactmetrics_sitenote_active":false,"_exactmetrics_sitenote_note":"","_exactmetrics_sitenote_category":0,"site-sidebar-layout":"default","site-content-layout":"default","ast-site-content-layout":"default","site-content-style":"default","site-sidebar-style":"default","ast-global-header-display":"","ast-banner-title-visibility":"","ast-main-header-display":"","ast-hfb-above-header-display":"","ast-hfb-below-header-display":"","ast-hfb-mobile-header-display":"","site-post-title":"","ast-breadcrumbs-content":"","ast-featured-img":"","footer-sml-layout":"","ast-disable-related-posts":"","theme-transparent-header-meta":"default","adv-header-id-meta":"","stick-header-meta":"","header-above-stick-meta":"","header-main-stick-meta":"","header-below-stick-meta":"","astra-migrate-meta-layouts":"set","ast-page-background-enabled":"default","ast-page-background-meta":{"desktop":{"background-color":"var(--ast-global-color-4)","background-image":"","background-repeat":"repeat","background-position":"center center","background-size":"auto","background-attachment":"scroll","background-type":"","background-media":"","overlay-type":"","overlay-color":"","overlay-opacity":"","overlay-gradient":""},"tablet":{"background-color":"","background-image":"","background-repeat":"repeat","background-position":"center center","background-size":"auto","background-attachment":"scroll","background-type":"","background-media":"","overlay-type":"","overlay-color":"","overlay-opacity":"","overlay-gradient":""},"mobile":{"background-color":"","background-image":"","background-repeat":"repeat","background-position":"center center","background-size":"auto","background-attachment":"scroll","background-type":"","background-media":"","overlay-type":"","overlay-color":"","overlay-opacity":"","overlay-gradient":""}},"ast-content-background-meta":{"desktop":{"background-color":"var(--ast-global-color-5)","background-image":"","background-repeat":"repeat","background-position":"center center","background-size":"auto","background-attachment":"scroll","background-type":"","background-media":"","overlay-type":"","overlay-color":"","overlay-opacity":"","overlay-gradient":""},"tablet":{"background-color":"var(--ast-global-color-5)","background-image":"","background-repeat":"repeat","background-position":"center center","background-size":"auto","background-attachment":"scroll","background-type":"","background-media":"","overlay-type":"","overlay-color":"","overlay-opacity":"","overlay-gradient":""},"mobile":{"background-color":"var(--ast-global-color-5)","background-image":"","background-repeat":"repeat","background-position":"center center","background-size":"auto","background-attachment":"scroll","background-type":"","background-media":"","overlay-type":"","overlay-color":"","overlay-opacity":"","overlay-gradient":""}},"footnotes":""},"page_template":[239],"class_list":["post-14233","page","type-page","status-publish","has-post-thumbnail","hentry","page_template-sidebar-fr"],"acf":[],"publishpress_future_action":{"enabled":false,"date":"2026-04-24 08:04:55","action":"change-status","newStatus":"draft","terms":[],"taxonomy":"page_template","extraData":[]},"publishpress_future_workflow_manual_trigger":{"enabledWorkflows":[]},"_links":{"self":[{"href":"https:\/\/cha-shc.ca\/fr\/wp-json\/wp\/v2\/pages\/14233","targetHints":{"allow":["GET"]}}],"collection":[{"href":"https:\/\/cha-shc.ca\/fr\/wp-json\/wp\/v2\/pages"}],"about":[{"href":"https:\/\/cha-shc.ca\/fr\/wp-json\/wp\/v2\/types\/page"}],"author":[{"embeddable":true,"href":"https:\/\/cha-shc.ca\/fr\/wp-json\/wp\/v2\/users\/1"}],"replies":[{"embeddable":true,"href":"https:\/\/cha-shc.ca\/fr\/wp-json\/wp\/v2\/comments?post=14233"}],"version-history":[{"count":9,"href":"https:\/\/cha-shc.ca\/fr\/wp-json\/wp\/v2\/pages\/14233\/revisions"}],"predecessor-version":[{"id":53415,"href":"https:\/\/cha-shc.ca\/fr\/wp-json\/wp\/v2\/pages\/14233\/revisions\/53415"}],"up":[{"embeddable":true,"href":"https:\/\/cha-shc.ca\/fr\/wp-json\/wp\/v2\/pages\/14488"}],"wp:featuredmedia":[{"embeddable":true,"href":"https:\/\/cha-shc.ca\/fr\/wp-json\/wp\/v2\/media\/14156"}],"wp:attachment":[{"href":"https:\/\/cha-shc.ca\/fr\/wp-json\/wp\/v2\/media?parent=14233"}],"wp:term":[{"taxonomy":"page_template","embeddable":true,"href":"https:\/\/cha-shc.ca\/fr\/wp-json\/wp\/v2\/page_template?post=14233"}],"curies":[{"name":"wp","href":"https:\/\/api.w.org\/{rel}","templated":true}]}}