{"id":14236,"date":"2022-08-12T13:46:52","date_gmt":"2022-08-12T17:46:52","guid":{"rendered":"https:\/\/cha-shc.ca\/media-and-communication-history-committee\/"},"modified":"2022-08-12T14:25:53","modified_gmt":"2022-08-12T18:25:53","slug":"media-and-communication-history-committee","status":"publish","type":"page","link":"https:\/\/cha-shc.ca\/fr\/a-propos\/comites-associes\/media-and-communication-history-committee\/","title":{"rendered":"Comit\u00e9 d\u2019histoire des m\u00e9dias et de la communication"},"content":{"rendered":"<p>Le Comit\u00e9 d\u2019histoire des m\u00e9dias et de la communication de la Soci\u00e9t\u00e9 historique du Canada fut cr\u00e9\u00e9 en 2009. Son objectif premier est de faire la promotion de l\u2019histoire des m\u00e9dias et de la communication au Canada.<\/p>\n<p>Il tient ses activit\u00e9s dans les deux langues officielles et est ouvert aux chercheurs et chercheuses de toutes les disciplines qui s\u2019int\u00e9ressent \u00e0 des questions en lien avec l\u2019histoire des m\u00e9dias et de la communication, quelle qu\u2019en soit la nature, et aux chercheuses et chercheurs canadiens qui \u00e9tudient l\u2019histoire des m\u00e9dias et de la communication de soci\u00e9t\u00e9s \u00e9voluant ailleurs dans le monde.\u00a0 Le comit\u00e9 accueille \u00e9galement ceux et celles qui s\u2019int\u00e9ressent \u00e0 la fa\u00e7on dont l\u2019histoire est repr\u00e9sent\u00e9e dans les m\u00e9dias.<\/p>\n<p>Veuillez noter que le comit\u00e9 a suspendu ses op\u00e9rations en 2019.<\/p>\n","protected":false},"excerpt":{"rendered":"<p>Le Comit\u00e9 d\u2019histoire des m\u00e9dias et de la communication de la Soci\u00e9t\u00e9 historique du Canada fut cr\u00e9\u00e9 en 2009. Son objectif premier est de faire la promotion de l\u2019histoire des m\u00e9dias et de la communication au Canada. Il tient ses activit\u00e9s dans les deux langues officielles et est ouvert aux chercheurs et chercheuses de toutes [&hellip;]<\/p>\n","protected":false},"author":1,"featured_media":14172,"parent":14488,"menu_order":17,"comment_status":"closed","ping_status":"closed","template":"","meta":{"_acf_changed":false,"_seopress_robots_primary_cat":"","_seopress_titles_title":"","_seopress_titles_desc":"","_seopress_robots_index":"","_exactmetrics_skip_tracking":false,"_exactmetrics_sitenote_active":false,"_exactmetrics_sitenote_note":"","_exactmetrics_sitenote_category":0,"site-sidebar-layout":"default","site-content-layout":"default","ast-site-content-layout":"default","site-content-style":"default","site-sidebar-style":"default","ast-global-header-display":"","ast-banner-title-visibility":"","ast-main-header-display":"","ast-hfb-above-header-display":"","ast-hfb-below-header-display":"","ast-hfb-mobile-header-display":"","site-post-title":"","ast-breadcrumbs-content":"","ast-featured-img":"","footer-sml-layout":"","ast-disable-related-posts":"","theme-transparent-header-meta":"default","adv-header-id-meta":"","stick-header-meta":"","header-above-stick-meta":"","header-main-stick-meta":"","header-below-stick-meta":"","astra-migrate-meta-layouts":"default","ast-page-background-enabled":"default","ast-page-background-meta":{"desktop":{"background-color":"var(--ast-global-color-4)","background-image":"","background-repeat":"repeat","background-position":"center center","background-size":"auto","background-attachment":"scroll","background-type":"","background-media":"","overlay-type":"","overlay-color":"","overlay-opacity":"","overlay-gradient":""},"tablet":{"background-color":"","background-image":"","background-repeat":"repeat","background-position":"center center","background-size":"auto","background-attachment":"scroll","background-type":"","background-media":"","overlay-type":"","overlay-color":"","overlay-opacity":"","overlay-gradient":""},"mobile":{"background-color":"","background-image":"","background-repeat":"repeat","background-position":"center center","background-size":"auto","background-attachment":"scroll","background-type":"","background-media":"","overlay-type":"","overlay-color":"","overlay-opacity":"","overlay-gradient":""}},"ast-content-background-meta":{"desktop":{"background-color":"var(--ast-global-color-5)","background-image":"","background-repeat":"repeat","background-position":"center center","background-size":"auto","background-attachment":"scroll","background-type":"","background-media":"","overlay-type":"","overlay-color":"","overlay-opacity":"","overlay-gradient":""},"tablet":{"background-color":"var(--ast-global-color-5)","background-image":"","background-repeat":"repeat","background-position":"center center","background-size":"auto","background-attachment":"scroll","background-type":"","background-media":"","overlay-type":"","overlay-color":"","overlay-opacity":"","overlay-gradient":""},"mobile":{"background-color":"var(--ast-global-color-5)","background-image":"","background-repeat":"repeat","background-position":"center center","background-size":"auto","background-attachment":"scroll","background-type":"","background-media":"","overlay-type":"","overlay-color":"","overlay-opacity":"","overlay-gradient":""}},"footnotes":""},"page_template":[239],"class_list":["post-14236","page","type-page","status-publish","has-post-thumbnail","hentry","page_template-sidebar-fr"],"acf":[],"publishpress_future_action":{"enabled":false,"date":"2026-04-24 09:40:48","action":"change-status","newStatus":"draft","terms":[],"taxonomy":"page_template","extraData":[]},"publishpress_future_workflow_manual_trigger":{"enabledWorkflows":[]},"_links":{"self":[{"href":"https:\/\/cha-shc.ca\/fr\/wp-json\/wp\/v2\/pages\/14236","targetHints":{"allow":["GET"]}}],"collection":[{"href":"https:\/\/cha-shc.ca\/fr\/wp-json\/wp\/v2\/pages"}],"about":[{"href":"https:\/\/cha-shc.ca\/fr\/wp-json\/wp\/v2\/types\/page"}],"author":[{"embeddable":true,"href":"https:\/\/cha-shc.ca\/fr\/wp-json\/wp\/v2\/users\/1"}],"replies":[{"embeddable":true,"href":"https:\/\/cha-shc.ca\/fr\/wp-json\/wp\/v2\/comments?post=14236"}],"version-history":[{"count":1,"href":"https:\/\/cha-shc.ca\/fr\/wp-json\/wp\/v2\/pages\/14236\/revisions"}],"predecessor-version":[{"id":14237,"href":"https:\/\/cha-shc.ca\/fr\/wp-json\/wp\/v2\/pages\/14236\/revisions\/14237"}],"up":[{"embeddable":true,"href":"https:\/\/cha-shc.ca\/fr\/wp-json\/wp\/v2\/pages\/14488"}],"wp:featuredmedia":[{"embeddable":true,"href":"https:\/\/cha-shc.ca\/fr\/wp-json\/wp\/v2\/media\/14172"}],"wp:attachment":[{"href":"https:\/\/cha-shc.ca\/fr\/wp-json\/wp\/v2\/media?parent=14236"}],"wp:term":[{"taxonomy":"page_template","embeddable":true,"href":"https:\/\/cha-shc.ca\/fr\/wp-json\/wp\/v2\/page_template?post=14236"}],"curies":[{"name":"wp","href":"https:\/\/api.w.org\/{rel}","templated":true}]}}