{"id":14245,"date":"2022-08-12T13:45:39","date_gmt":"2022-08-12T17:45:39","guid":{"rendered":"https:\/\/cha-shc.ca\/history-of-children-and-youth-group\/"},"modified":"2022-08-12T14:28:15","modified_gmt":"2022-08-12T18:28:15","slug":"history-of-children-and-youth-group","status":"publish","type":"page","link":"https:\/\/cha-shc.ca\/fr\/a-propos\/comites-associes\/history-of-children-and-youth-group\/","title":{"rendered":"Le Groupe d\u2019histoire de l\u2019enfance et de la jeunesse"},"content":{"rendered":"<p><strong>Mission<\/strong><br \/>\nLe Groupe d\u2019histoire de l\u2019enfance et de la jeunesse (GHEJ) a \u00e9t\u00e9 form\u00e9 au Congr\u00e8s de la Soci\u00e9t\u00e9 historique du Canada (SHC) de 2004 \u00e0 l\u2019Universit\u00e9 du Manitoba. Ses objectifs incluent:<\/p>\n<p>&#8211; la promotion de l\u2019enseignement et de la recherche dans le domaine de l\u2019histoire de l\u2019enfance et de la jeunesse au Canada et ailleurs dans le monde;<br \/>\n&#8211; la diffusion d\u2019informations au sujet des sources, de la recherche et des publications actuelles;<br \/>\n&#8211; la promotion de la conservation de sources archivistiques en histoire de l\u2019enfance et de la jeunesse;<br \/>\n&#8211; la cr\u00e9ation de liens entre chercheurs, professeurs, enseignants et \u00e9tudiants, de m\u00eame qu\u2019avec des organismes similaires d\u2019autres pays (par exemple, la Society for the History of Children and Youth);<br \/>\n&#8211; et la d\u00e9fense de probl\u00e9matiques de justice sociale affectant les enfants et les jeunes du Canada et d\u2019ailleurs.<\/p>\n<p><strong>Membres<\/strong><br \/>\nQuiconque est activement engag\u00e9 dans la recherche, l\u2019enseignement ou l\u2019\u00e9tude de l\u2019histoire de l\u2019enfance et de la jeunesse au Canada ou ailleurs, ou qui souhaite simplement \u00eatre inform\u00e9(e) au sujet des tendances du champ, est bienvenu(e) au sein du Groupe d\u2019histoire de l\u2019enfance et de la jeunesse.\u00a0Pour vous inscrire, s\u2019il vous pla\u00eet completer ce\u00a0<a href=\"https:\/\/docs.google.com\/forms\/d\/1Rqhs_1Mq24cO4ds9D7Pzw3aWOtJ-VaLf8ldGraBLX38\/edit\" target=\"_blank\" rel=\"noopener\">formulaire<\/a>.<\/p>\n","protected":false},"excerpt":{"rendered":"<p>Mission Le Groupe d\u2019histoire de l\u2019enfance et de la jeunesse (GHEJ) a \u00e9t\u00e9 form\u00e9 au Congr\u00e8s de la Soci\u00e9t\u00e9 historique du Canada (SHC) de 2004 \u00e0 l\u2019Universit\u00e9 du Manitoba. Ses objectifs incluent: &#8211; la promotion de l\u2019enseignement et de la recherche dans le domaine de l\u2019histoire de l\u2019enfance et de la jeunesse au Canada et [&hellip;]<\/p>\n","protected":false},"author":1,"featured_media":14168,"parent":14488,"menu_order":20,"comment_status":"closed","ping_status":"closed","template":"","meta":{"_acf_changed":false,"_seopress_robots_primary_cat":"","_seopress_titles_title":"","_seopress_titles_desc":"","_seopress_robots_index":"","_exactmetrics_skip_tracking":false,"_exactmetrics_sitenote_active":false,"_exactmetrics_sitenote_note":"","_exactmetrics_sitenote_category":0,"site-sidebar-layout":"default","site-content-layout":"default","ast-site-content-layout":"default","site-content-style":"default","site-sidebar-style":"default","ast-global-header-display":"","ast-banner-title-visibility":"","ast-main-header-display":"","ast-hfb-above-header-display":"","ast-hfb-below-header-display":"","ast-hfb-mobile-header-display":"","site-post-title":"","ast-breadcrumbs-content":"","ast-featured-img":"","footer-sml-layout":"","ast-disable-related-posts":"","theme-transparent-header-meta":"default","adv-header-id-meta":"","stick-header-meta":"","header-above-stick-meta":"","header-main-stick-meta":"","header-below-stick-meta":"","astra-migrate-meta-layouts":"default","ast-page-background-enabled":"default","ast-page-background-meta":{"desktop":{"background-color":"var(--ast-global-color-4)","background-image":"","background-repeat":"repeat","background-position":"center center","background-size":"auto","background-attachment":"scroll","background-type":"","background-media":"","overlay-type":"","overlay-color":"","overlay-opacity":"","overlay-gradient":""},"tablet":{"background-color":"","background-image":"","background-repeat":"repeat","background-position":"center center","background-size":"auto","background-attachment":"scroll","background-type":"","background-media":"","overlay-type":"","overlay-color":"","overlay-opacity":"","overlay-gradient":""},"mobile":{"background-color":"","background-image":"","background-repeat":"repeat","background-position":"center center","background-size":"auto","background-attachment":"scroll","background-type":"","background-media":"","overlay-type":"","overlay-color":"","overlay-opacity":"","overlay-gradient":""}},"ast-content-background-meta":{"desktop":{"background-color":"var(--ast-global-color-5)","background-image":"","background-repeat":"repeat","background-position":"center center","background-size":"auto","background-attachment":"scroll","background-type":"","background-media":"","overlay-type":"","overlay-color":"","overlay-opacity":"","overlay-gradient":""},"tablet":{"background-color":"var(--ast-global-color-5)","background-image":"","background-repeat":"repeat","background-position":"center center","background-size":"auto","background-attachment":"scroll","background-type":"","background-media":"","overlay-type":"","overlay-color":"","overlay-opacity":"","overlay-gradient":""},"mobile":{"background-color":"var(--ast-global-color-5)","background-image":"","background-repeat":"repeat","background-position":"center center","background-size":"auto","background-attachment":"scroll","background-type":"","background-media":"","overlay-type":"","overlay-color":"","overlay-opacity":"","overlay-gradient":""}},"footnotes":""},"page_template":[239],"class_list":["post-14245","page","type-page","status-publish","has-post-thumbnail","hentry","page_template-sidebar-fr"],"acf":[],"publishpress_future_action":{"enabled":false,"date":"2026-04-24 08:16:18","action":"change-status","newStatus":"draft","terms":[],"taxonomy":"page_template","extraData":[]},"publishpress_future_workflow_manual_trigger":{"enabledWorkflows":[]},"_links":{"self":[{"href":"https:\/\/cha-shc.ca\/fr\/wp-json\/wp\/v2\/pages\/14245","targetHints":{"allow":["GET"]}}],"collection":[{"href":"https:\/\/cha-shc.ca\/fr\/wp-json\/wp\/v2\/pages"}],"about":[{"href":"https:\/\/cha-shc.ca\/fr\/wp-json\/wp\/v2\/types\/page"}],"author":[{"embeddable":true,"href":"https:\/\/cha-shc.ca\/fr\/wp-json\/wp\/v2\/users\/1"}],"replies":[{"embeddable":true,"href":"https:\/\/cha-shc.ca\/fr\/wp-json\/wp\/v2\/comments?post=14245"}],"version-history":[{"count":1,"href":"https:\/\/cha-shc.ca\/fr\/wp-json\/wp\/v2\/pages\/14245\/revisions"}],"predecessor-version":[{"id":14246,"href":"https:\/\/cha-shc.ca\/fr\/wp-json\/wp\/v2\/pages\/14245\/revisions\/14246"}],"up":[{"embeddable":true,"href":"https:\/\/cha-shc.ca\/fr\/wp-json\/wp\/v2\/pages\/14488"}],"wp:featuredmedia":[{"embeddable":true,"href":"https:\/\/cha-shc.ca\/fr\/wp-json\/wp\/v2\/media\/14168"}],"wp:attachment":[{"href":"https:\/\/cha-shc.ca\/fr\/wp-json\/wp\/v2\/media?parent=14245"}],"wp:term":[{"taxonomy":"page_template","embeddable":true,"href":"https:\/\/cha-shc.ca\/fr\/wp-json\/wp\/v2\/page_template?post=14245"}],"curies":[{"name":"wp","href":"https:\/\/api.w.org\/{rel}","templated":true}]}}