{"id":14254,"date":"2022-08-12T13:37:43","date_gmt":"2022-08-12T17:37:43","guid":{"rendered":"https:\/\/cha-shc.ca\/canadian-committee-for-digital-history\/"},"modified":"2022-08-12T14:29:59","modified_gmt":"2022-08-12T18:29:59","slug":"canadian-committee-for-digital-history","status":"publish","type":"page","link":"https:\/\/cha-shc.ca\/fr\/a-propos\/comites-associes\/canadian-committee-for-digital-history\/","title":{"rendered":"Comit\u00e9 canadien pour l&rsquo;histoire num\u00e9rique"},"content":{"rendered":"<p>Le Comit\u00e9 canadien pour l&rsquo;histoire num\u00e9rique (CCHN) est un comit\u00e9 de la Soci\u00e9t\u00e9 historique du Canada. Le mandat du CCHN est \u00ab\u00a0d\u2019encourager et de maintenir l&rsquo;int\u00e9r\u00eat au Canada pour l&rsquo;utilisation de l&rsquo;ordinateur dans tous les types d&rsquo;\u00e9tudes historiques, \u00e0 tous les niveaux, tant dans l&rsquo;enseignement que dans la recherche\u00a0\u00bb, particuli\u00e8rement parmi les membres de la SHC. Le mandat du CCHN couvre les quatre principaux domaines dans lesquels les ordinateurs peuvent \u00eatre utiles aux historiens : les m\u00e9thodes quantitatives, la gestion informatis\u00e9e de l&rsquo;information, la publication \u00e9lectronique, la communication et la diffusion des donn\u00e9es ainsi que la p\u00e9dagogie assist\u00e9e par ordinateur.<\/p>\n<p>Veuillez communiquer avec le\u00a0<a href=\"mailto:jbonnett@brocku.ca\">comit\u00e9<\/a>\u00a0pour toute question.<\/p>\n","protected":false},"excerpt":{"rendered":"<p>Le Comit\u00e9 canadien pour l&rsquo;histoire num\u00e9rique (CCHN) est un comit\u00e9 de la Soci\u00e9t\u00e9 historique du Canada. Le mandat du CCHN est \u00ab\u00a0d\u2019encourager et de maintenir l&rsquo;int\u00e9r\u00eat au Canada pour l&rsquo;utilisation de l&rsquo;ordinateur dans tous les types d&rsquo;\u00e9tudes historiques, \u00e0 tous les niveaux, tant dans l&rsquo;enseignement que dans la recherche\u00a0\u00bb, particuli\u00e8rement parmi les membres de la [&hellip;]<\/p>\n","protected":false},"author":1,"featured_media":14178,"parent":14488,"menu_order":12,"comment_status":"closed","ping_status":"closed","template":"","meta":{"_acf_changed":false,"_seopress_robots_primary_cat":"","_seopress_titles_title":"","_seopress_titles_desc":"","_seopress_robots_index":"","_exactmetrics_skip_tracking":false,"_exactmetrics_sitenote_active":false,"_exactmetrics_sitenote_note":"","_exactmetrics_sitenote_category":0,"site-sidebar-layout":"default","site-content-layout":"default","ast-site-content-layout":"default","site-content-style":"default","site-sidebar-style":"default","ast-global-header-display":"","ast-banner-title-visibility":"","ast-main-header-display":"","ast-hfb-above-header-display":"","ast-hfb-below-header-display":"","ast-hfb-mobile-header-display":"","site-post-title":"","ast-breadcrumbs-content":"","ast-featured-img":"","footer-sml-layout":"","ast-disable-related-posts":"","theme-transparent-header-meta":"default","adv-header-id-meta":"","stick-header-meta":"","header-above-stick-meta":"","header-main-stick-meta":"","header-below-stick-meta":"","astra-migrate-meta-layouts":"default","ast-page-background-enabled":"default","ast-page-background-meta":{"desktop":{"background-color":"var(--ast-global-color-4)","background-image":"","background-repeat":"repeat","background-position":"center center","background-size":"auto","background-attachment":"scroll","background-type":"","background-media":"","overlay-type":"","overlay-color":"","overlay-opacity":"","overlay-gradient":""},"tablet":{"background-color":"","background-image":"","background-repeat":"repeat","background-position":"center center","background-size":"auto","background-attachment":"scroll","background-type":"","background-media":"","overlay-type":"","overlay-color":"","overlay-opacity":"","overlay-gradient":""},"mobile":{"background-color":"","background-image":"","background-repeat":"repeat","background-position":"center center","background-size":"auto","background-attachment":"scroll","background-type":"","background-media":"","overlay-type":"","overlay-color":"","overlay-opacity":"","overlay-gradient":""}},"ast-content-background-meta":{"desktop":{"background-color":"var(--ast-global-color-5)","background-image":"","background-repeat":"repeat","background-position":"center center","background-size":"auto","background-attachment":"scroll","background-type":"","background-media":"","overlay-type":"","overlay-color":"","overlay-opacity":"","overlay-gradient":""},"tablet":{"background-color":"var(--ast-global-color-5)","background-image":"","background-repeat":"repeat","background-position":"center center","background-size":"auto","background-attachment":"scroll","background-type":"","background-media":"","overlay-type":"","overlay-color":"","overlay-opacity":"","overlay-gradient":""},"mobile":{"background-color":"var(--ast-global-color-5)","background-image":"","background-repeat":"repeat","background-position":"center center","background-size":"auto","background-attachment":"scroll","background-type":"","background-media":"","overlay-type":"","overlay-color":"","overlay-opacity":"","overlay-gradient":""}},"footnotes":""},"page_template":[239],"class_list":["post-14254","page","type-page","status-publish","has-post-thumbnail","hentry","page_template-sidebar-fr"],"acf":[],"publishpress_future_action":{"enabled":false,"date":"2026-04-24 06:57:36","action":"change-status","newStatus":"draft","terms":[],"taxonomy":"page_template","extraData":[]},"publishpress_future_workflow_manual_trigger":{"enabledWorkflows":[]},"_links":{"self":[{"href":"https:\/\/cha-shc.ca\/fr\/wp-json\/wp\/v2\/pages\/14254","targetHints":{"allow":["GET"]}}],"collection":[{"href":"https:\/\/cha-shc.ca\/fr\/wp-json\/wp\/v2\/pages"}],"about":[{"href":"https:\/\/cha-shc.ca\/fr\/wp-json\/wp\/v2\/types\/page"}],"author":[{"embeddable":true,"href":"https:\/\/cha-shc.ca\/fr\/wp-json\/wp\/v2\/users\/1"}],"replies":[{"embeddable":true,"href":"https:\/\/cha-shc.ca\/fr\/wp-json\/wp\/v2\/comments?post=14254"}],"version-history":[{"count":1,"href":"https:\/\/cha-shc.ca\/fr\/wp-json\/wp\/v2\/pages\/14254\/revisions"}],"predecessor-version":[{"id":14255,"href":"https:\/\/cha-shc.ca\/fr\/wp-json\/wp\/v2\/pages\/14254\/revisions\/14255"}],"up":[{"embeddable":true,"href":"https:\/\/cha-shc.ca\/fr\/wp-json\/wp\/v2\/pages\/14488"}],"wp:featuredmedia":[{"embeddable":true,"href":"https:\/\/cha-shc.ca\/fr\/wp-json\/wp\/v2\/media\/14178"}],"wp:attachment":[{"href":"https:\/\/cha-shc.ca\/fr\/wp-json\/wp\/v2\/media?parent=14254"}],"wp:term":[{"taxonomy":"page_template","embeddable":true,"href":"https:\/\/cha-shc.ca\/fr\/wp-json\/wp\/v2\/page_template?post=14254"}],"curies":[{"name":"wp","href":"https:\/\/api.w.org\/{rel}","templated":true}]}}