{"id":14338,"date":"2022-08-15T15:04:57","date_gmt":"2022-08-15T19:04:57","guid":{"rendered":"https:\/\/cha-shc.ca\/?page_id=14338"},"modified":"2022-08-15T15:33:47","modified_gmt":"2022-08-15T19:33:47","slug":"la-rubrique-histoire-octobre-2020","status":"publish","type":"page","link":"https:\/\/cha-shc.ca\/fr\/publications\/la-rubrique-histoire-le-bulletin-dinformation-numerique-de-la-shc\/la-rubrique-histoire-octobre-2020\/","title":{"rendered":"La rubrique Histoire &#8211; octobre 2020"},"content":{"rendered":"<p><img decoding=\"async\" src=\"https:\/\/cha-shc.ca\/wp-content\/uploads\/2022\/08\/5f75f11082556.png\" alt=\"French #1.5 Header\" width=\"750\" \/><br \/>\nNous n&rsquo;avons re\u00e7u aucune nouvelle des d\u00e9partements d&rsquo;histoire et des membres francophones de la SHC pour ce num\u00e9ro.<\/p>\n<p><a title=\"#1.5\" href=\"https:\/\/cha-shc.ca\/wp-content\/uploads\/2022\/08\/5f75e5d8bfe1f.pdf\">PDF<\/a><\/p>\n<p><img fetchpriority=\"high\" decoding=\"async\" src=\"https:\/\/cha-shc.ca\/wp-content\/uploads\/2022\/08\/5f75ee9ca5371.jpg\" alt=\"Desk #1.5\" width=\"750\" height=\"563\" \/><br \/>\nA qui appartient cet espace de travail ? Envoyez vos r\u00e9ponses \u00e0\u00a0<a href=\"mailto:mduquet@cha-shc.ca\">Michel Duquet<\/a>\u00a0avant le 15 octobre en indiquant \u00ab bureau \u00bb dans l\u2019objet du message ; un gagnant sera tir\u00e9 au sort parmi ceux qui auront r\u00e9pondu correctement. Le gagnant recevra un rabais de 50 $ sur son adh\u00e9sion 2021 \u00e0 la SHC.<\/p>\n<p>Personne n\u2019a \u00e9t\u00e9 en mesure de deviner que l\u2019espace de travail myst\u00e8re dans le dernier num\u00e9ro \u00e9tait celui de David B. Marshall au d\u00e9partement d\u2019histoire de l\u2019Universit\u00e9 de Calgary.<\/p>\n","protected":false},"excerpt":{"rendered":"<p>Nous n&rsquo;avons re\u00e7u aucune nouvelle des d\u00e9partements d&rsquo;histoire et des membres francophones de la SHC pour ce num\u00e9ro. PDF A qui appartient cet espace de travail ? Envoyez vos r\u00e9ponses \u00e0\u00a0Michel Duquet\u00a0avant le 15 octobre en indiquant \u00ab bureau \u00bb dans l\u2019objet du message ; un gagnant sera tir\u00e9 au sort parmi ceux qui auront [&hellip;]<\/p>\n","protected":false},"author":1,"featured_media":0,"parent":14581,"menu_order":26,"comment_status":"closed","ping_status":"closed","template":"","meta":{"_acf_changed":false,"_seopress_robots_primary_cat":"","_seopress_titles_title":"","_seopress_titles_desc":"","_seopress_robots_index":"","_exactmetrics_skip_tracking":false,"_exactmetrics_sitenote_active":false,"_exactmetrics_sitenote_note":"","_exactmetrics_sitenote_category":0,"site-sidebar-layout":"default","site-content-layout":"default","ast-site-content-layout":"default","site-content-style":"default","site-sidebar-style":"default","ast-global-header-display":"","ast-banner-title-visibility":"","ast-main-header-display":"","ast-hfb-above-header-display":"","ast-hfb-below-header-display":"","ast-hfb-mobile-header-display":"","site-post-title":"","ast-breadcrumbs-content":"","ast-featured-img":"","footer-sml-layout":"","ast-disable-related-posts":"","theme-transparent-header-meta":"default","adv-header-id-meta":"","stick-header-meta":"","header-above-stick-meta":"","header-main-stick-meta":"","header-below-stick-meta":"","astra-migrate-meta-layouts":"default","ast-page-background-enabled":"default","ast-page-background-meta":{"desktop":{"background-color":"var(--ast-global-color-4)","background-image":"","background-repeat":"repeat","background-position":"center center","background-size":"auto","background-attachment":"scroll","background-type":"","background-media":"","overlay-type":"","overlay-color":"","overlay-opacity":"","overlay-gradient":""},"tablet":{"background-color":"","background-image":"","background-repeat":"repeat","background-position":"center center","background-size":"auto","background-attachment":"scroll","background-type":"","background-media":"","overlay-type":"","overlay-color":"","overlay-opacity":"","overlay-gradient":""},"mobile":{"background-color":"","background-image":"","background-repeat":"repeat","background-position":"center center","background-size":"auto","background-attachment":"scroll","background-type":"","background-media":"","overlay-type":"","overlay-color":"","overlay-opacity":"","overlay-gradient":""}},"ast-content-background-meta":{"desktop":{"background-color":"var(--ast-global-color-5)","background-image":"","background-repeat":"repeat","background-position":"center center","background-size":"auto","background-attachment":"scroll","background-type":"","background-media":"","overlay-type":"","overlay-color":"","overlay-opacity":"","overlay-gradient":""},"tablet":{"background-color":"var(--ast-global-color-5)","background-image":"","background-repeat":"repeat","background-position":"center center","background-size":"auto","background-attachment":"scroll","background-type":"","background-media":"","overlay-type":"","overlay-color":"","overlay-opacity":"","overlay-gradient":""},"mobile":{"background-color":"var(--ast-global-color-5)","background-image":"","background-repeat":"repeat","background-position":"center center","background-size":"auto","background-attachment":"scroll","background-type":"","background-media":"","overlay-type":"","overlay-color":"","overlay-opacity":"","overlay-gradient":""}},"footnotes":""},"page_template":[239],"class_list":["post-14338","page","type-page","status-publish","hentry","page_template-sidebar-fr"],"acf":[],"publishpress_future_action":{"enabled":false,"date":"2026-05-04 15:02:06","action":"change-status","newStatus":"draft","terms":[],"taxonomy":"page_template","extraData":[]},"publishpress_future_workflow_manual_trigger":{"enabledWorkflows":[]},"_links":{"self":[{"href":"https:\/\/cha-shc.ca\/fr\/wp-json\/wp\/v2\/pages\/14338","targetHints":{"allow":["GET"]}}],"collection":[{"href":"https:\/\/cha-shc.ca\/fr\/wp-json\/wp\/v2\/pages"}],"about":[{"href":"https:\/\/cha-shc.ca\/fr\/wp-json\/wp\/v2\/types\/page"}],"author":[{"embeddable":true,"href":"https:\/\/cha-shc.ca\/fr\/wp-json\/wp\/v2\/users\/1"}],"replies":[{"embeddable":true,"href":"https:\/\/cha-shc.ca\/fr\/wp-json\/wp\/v2\/comments?post=14338"}],"version-history":[{"count":1,"href":"https:\/\/cha-shc.ca\/fr\/wp-json\/wp\/v2\/pages\/14338\/revisions"}],"predecessor-version":[{"id":14339,"href":"https:\/\/cha-shc.ca\/fr\/wp-json\/wp\/v2\/pages\/14338\/revisions\/14339"}],"up":[{"embeddable":true,"href":"https:\/\/cha-shc.ca\/fr\/wp-json\/wp\/v2\/pages\/14581"}],"wp:attachment":[{"href":"https:\/\/cha-shc.ca\/fr\/wp-json\/wp\/v2\/media?parent=14338"}],"wp:term":[{"taxonomy":"page_template","embeddable":true,"href":"https:\/\/cha-shc.ca\/fr\/wp-json\/wp\/v2\/page_template?post=14338"}],"curies":[{"name":"wp","href":"https:\/\/api.w.org\/{rel}","templated":true}]}}