{"id":14358,"date":"2022-07-08T14:40:18","date_gmt":"2022-07-08T18:40:18","guid":{"rendered":"https:\/\/cha-shc.ca\/?page_id=14358"},"modified":"2022-08-15T15:56:14","modified_gmt":"2022-08-15T19:56:14","slug":"steven-high-2021-2023","status":"publish","type":"page","link":"https:\/\/cha-shc.ca\/fr\/a-propos\/le-questionnaire-aux-anciens-ne-s-president-e-s-de-la-shc\/steven-high-2021-2023\/","title":{"rendered":"Steven High (2021-2023)"},"content":{"rendered":"\t\t<div data-elementor-type=\"wp-page\" data-elementor-id=\"14358\" class=\"elementor elementor-14358 elementor-2929\" data-elementor-post-type=\"page\">\n\t\t\t\t\t\t<section class=\"elementor-section elementor-top-section elementor-element elementor-element-2bfd1bd elementor-section-boxed elementor-section-height-default elementor-section-height-default\" data-id=\"2bfd1bd\" data-element_type=\"section\" data-e-type=\"section\">\n\t\t\t\t\t\t<div class=\"elementor-container elementor-column-gap-default\">\n\t\t\t\t\t<div class=\"elementor-column elementor-col-100 elementor-top-column elementor-element elementor-element-3f3e9b6a\" data-id=\"3f3e9b6a\" data-element_type=\"column\" data-e-type=\"column\">\n\t\t\t<div class=\"elementor-widget-wrap elementor-element-populated\">\n\t\t\t\t\t\t<div class=\"elementor-element elementor-element-afad280 elementor-widget elementor-widget-image\" data-id=\"afad280\" data-element_type=\"widget\" data-e-type=\"widget\" data-widget_type=\"image.default\">\n\t\t\t\t<div class=\"elementor-widget-container\">\n\t\t\t\t\t\t\t\t\t\t\t\t<figure class=\"wp-caption\">\n\t\t\t\t\t\t\t\t\t\t<img fetchpriority=\"high\" decoding=\"async\" width=\"768\" height=\"1295\" src=\"https:\/\/cha-shc.ca\/wp-content\/uploads\/2022\/08\/Steven-and-his-daughter-Leanna-768x1295.jpeg\" class=\"attachment-medium_large size-medium_large wp-image-14354\" alt=\"\" srcset=\"https:\/\/cha-shc.ca\/wp-content\/uploads\/2022\/08\/Steven-and-his-daughter-Leanna-768x1295.jpeg 768w, https:\/\/cha-shc.ca\/wp-content\/uploads\/2022\/08\/Steven-and-his-daughter-Leanna-178x300.jpeg 178w, https:\/\/cha-shc.ca\/wp-content\/uploads\/2022\/08\/Steven-and-his-daughter-Leanna-607x1024.jpeg 607w, https:\/\/cha-shc.ca\/wp-content\/uploads\/2022\/08\/Steven-and-his-daughter-Leanna-911x1536.jpeg 911w, https:\/\/cha-shc.ca\/wp-content\/uploads\/2022\/08\/Steven-and-his-daughter-Leanna-1215x2048.jpeg 1215w, https:\/\/cha-shc.ca\/wp-content\/uploads\/2022\/08\/Steven-and-his-daughter-Leanna-scaled.jpeg 1519w\" sizes=\"(max-width: 768px) 100vw, 768px\" \/>\t\t\t\t\t\t\t\t\t\t\t<figcaption class=\"widget-image-caption wp-caption-text\">* Photo - Steven et sa fille Leanna<\/figcaption>\n\t\t\t\t\t\t\t\t\t\t<\/figure>\n\t\t\t\t\t\t\t\t\t<\/div>\n\t\t\t\t<\/div>\n\t\t\t\t<div class=\"elementor-element elementor-element-b5def7f elementor-widget elementor-widget-accordion\" data-id=\"b5def7f\" data-element_type=\"widget\" data-e-type=\"widget\" data-widget_type=\"accordion.default\">\n\t\t\t\t<div class=\"elementor-widget-container\">\n\t\t\t\t\t\t\t<div class=\"elementor-accordion\">\n\t\t\t\t\t\t\t<div class=\"elementor-accordion-item\">\n\t\t\t\t\t<div id=\"elementor-tab-title-1901\" class=\"elementor-tab-title\" data-tab=\"1\" role=\"button\" aria-controls=\"elementor-tab-content-1901\" aria-expanded=\"false\">\n\t\t\t\t\t\t\t\t\t\t\t\t\t<span class=\"elementor-accordion-icon elementor-accordion-icon-left\" aria-hidden=\"true\">\n\t\t\t\t\t\t\t\t\t\t\t\t\t\t\t<span class=\"elementor-accordion-icon-closed\"><i class=\"fas fa-plus\"><\/i><\/span>\n\t\t\t\t\t\t\t\t<span class=\"elementor-accordion-icon-opened\"><i class=\"fas fa-minus\"><\/i><\/span>\n\t\t\t\t\t\t\t\t\t\t\t\t\t\t<\/span>\n\t\t\t\t\t\t\t\t\t\t\t\t<a class=\"elementor-accordion-title\" tabindex=\"0\">Quelle est votre d\u00e9finition pr\u00e9f\u00e9r\u00e9e de l'histoire et pourquoi ?<\/a>\n\t\t\t\t\t<\/div>\n\t\t\t\t\t<div id=\"elementor-tab-content-1901\" class=\"elementor-tab-content elementor-clearfix\" data-tab=\"1\" role=\"region\" aria-labelledby=\"elementor-tab-title-1901\"><p>Je suis un peu allergique \u00e0 ces d\u00e9finitions, car elles sugg\u00e8rent une approche immuable et des fronti\u00e8res disciplinaires fixes qui peuvent \u00eatre marqu\u00e9es et contr\u00f4l\u00e9es. Mais si je dois en faire un portrait, je vois la discipline historique non pas comme une ville fortifi\u00e9e, mais plut\u00f4t comme un lieu d&rsquo;appartenance dynamique, diversifi\u00e9 et vivant. Mais il y a beaucoup de choses qui nous unissent en termes de m\u00e9thodologie et de notre engagement commun pour la recherche empirique et la transparence des sources. Notre formation et notre sensibilit\u00e9 sont donc, \u00e0 divers degr\u00e9s, diff\u00e9rentes de celles d&rsquo;autres disciplines, et nous b\u00e9n\u00e9ficions \u00e9galemeent d&rsquo;une conversation avec ce monde des chercheurs\/chercheuses plus large ainsi qu&rsquo;avec les communaut\u00e9s que nous \u00e9tudions.<\/p><\/div>\n\t\t\t\t<\/div>\n\t\t\t\t\t\t\t<div class=\"elementor-accordion-item\">\n\t\t\t\t\t<div id=\"elementor-tab-title-1902\" class=\"elementor-tab-title\" data-tab=\"2\" role=\"button\" aria-controls=\"elementor-tab-content-1902\" aria-expanded=\"false\">\n\t\t\t\t\t\t\t\t\t\t\t\t\t<span class=\"elementor-accordion-icon elementor-accordion-icon-left\" aria-hidden=\"true\">\n\t\t\t\t\t\t\t\t\t\t\t\t\t\t\t<span class=\"elementor-accordion-icon-closed\"><i class=\"fas fa-plus\"><\/i><\/span>\n\t\t\t\t\t\t\t\t<span class=\"elementor-accordion-icon-opened\"><i class=\"fas fa-minus\"><\/i><\/span>\n\t\t\t\t\t\t\t\t\t\t\t\t\t\t<\/span>\n\t\t\t\t\t\t\t\t\t\t\t\t<a class=\"elementor-accordion-title\" tabindex=\"0\"> Quel\/quelle est votre historien.ne pr\u00e9f\u00e9r\u00e9.e, vivant.e ou d\u00e9c\u00e9d\u00e9.e, et pourquoi ?<\/a>\n\t\t\t\t\t<\/div>\n\t\t\t\t\t<div id=\"elementor-tab-content-1902\" class=\"elementor-tab-content elementor-clearfix\" data-tab=\"2\" role=\"region\" aria-labelledby=\"elementor-tab-title-1902\"><p>Un certain nombre d&rsquo;historien.ne.s m&rsquo;ont inspir\u00e9 au fil des ans. L&rsquo;engagement de Raphael Samuel \u00e0 ouvrir le processus de recherche historique \u00e0 des communaut\u00e9s souvent marginalis\u00e9es continue de le faire. Il a \u00e9galement soulev\u00e9 des questions critiques pour nous, en tant qu&rsquo;historien.ne.s, sur notre m\u00e9tier et la politique de ce que nous faisons. Cela aussi est n\u00e9cessaire, car les structures disciplinaires sont souvent normalis\u00e9es \u00e0 un point tel qu&rsquo;elles nous sont invisibles. Je consid\u00e8re maintenant l&rsquo; \u00ab\u00a0histoire\u00a0\u00bb comme un projet social et non seulement comme une discipline.<\/p><\/div>\n\t\t\t\t<\/div>\n\t\t\t\t\t\t\t<div class=\"elementor-accordion-item\">\n\t\t\t\t\t<div id=\"elementor-tab-title-1903\" class=\"elementor-tab-title\" data-tab=\"3\" role=\"button\" aria-controls=\"elementor-tab-content-1903\" aria-expanded=\"false\">\n\t\t\t\t\t\t\t\t\t\t\t\t\t<span class=\"elementor-accordion-icon elementor-accordion-icon-left\" aria-hidden=\"true\">\n\t\t\t\t\t\t\t\t\t\t\t\t\t\t\t<span class=\"elementor-accordion-icon-closed\"><i class=\"fas fa-plus\"><\/i><\/span>\n\t\t\t\t\t\t\t\t<span class=\"elementor-accordion-icon-opened\"><i class=\"fas fa-minus\"><\/i><\/span>\n\t\t\t\t\t\t\t\t\t\t\t\t\t\t<\/span>\n\t\t\t\t\t\t\t\t\t\t\t\t<a class=\"elementor-accordion-title\" tabindex=\"0\">Bien que la fiert\u00e9 outranci\u00e8re ne soit pas d\u00e9sirable, de tous vos \u00e9crits, quels sont ceux dont vous \u00eates le plus fier et pourquoi ?<\/a>\n\t\t\t\t\t<\/div>\n\t\t\t\t\t<div id=\"elementor-tab-content-1903\" class=\"elementor-tab-content elementor-clearfix\" data-tab=\"3\" role=\"region\" aria-labelledby=\"elementor-tab-title-1903\"><p>Le livre dont je suis probablement le plus fier est\u00a0<i>Base Colonies in the Western Hemisphere\u00a0<\/i>qui a \u00e9t\u00e9 publi\u00e9 en 2009, m\u00eame si personne n&rsquo;en a entendu parler au Canada. Ce livre examine la race et l&#8217;empire \u00e0 Terre-Neuve, aux Bermudes et dans les Cara\u00efbes dans les ann\u00e9es 1940 et 1950. Je l&rsquo;appelle mon \u00ab\u00a0livre perdu\u00a0\u00bb, car il n\u2019a jamais \u00e9t\u00e9 soumis \u00e0 une \u00e9valuation \u00a0(j\u2019aimerais mieux ne pas faire de commentaires \u00e0 ce sujet !). Ce n&rsquo;est pas non plus le domaine de recherche pour lequel je suis le plus connu. Le seul endroit o\u00f9 le livre a eu un impact &#8211; et c&rsquo;est pourquoi j&rsquo;en suis fier &#8211; est aux Bermudes. Au cours des deux derni\u00e8res ann\u00e9es, le livre a \u00e9t\u00e9 utilis\u00e9 \u00e0 plusieurs reprises par les familles des personnes d\u00e9poss\u00e9d\u00e9es par l&rsquo;arm\u00e9e am\u00e9ricaine pendant la Seconde Guerre mondiale pour appuyer leurs demandes d&rsquo;indemnisation dans le cadre de l&rsquo;enqu\u00eate publique sur les pertes historiques de terres. Certaines familles ont m\u00eame lu (avec beaucoup d&rsquo;\u00e9motion) des pages enti\u00e8res du livre lors de leurs t\u00e9moignages. J&rsquo;ai \u00e9t\u00e9 tr\u00e8s affect\u00e9 par ces audiences. Le livre a \u00e9galement \u00e9t\u00e9 utilis\u00e9 pour justifier la cr\u00e9ation d&rsquo;une commission parlementaire sp\u00e9ciale charg\u00e9e d&rsquo;\u00e9tudier l&rsquo;\u00e9tablissement d&rsquo;un salaire minimum vital aux Bermudes, en citant abondamment mon livre au d\u00e9but de la motion [Chambre d&rsquo;assembl\u00e9e des Bermudes, Hansard, le 10 ao\u00fbt 2018]. Quel historien pourrait souhaiter avoir une plus grande incidence ?<\/p><\/div>\n\t\t\t\t<\/div>\n\t\t\t\t\t\t\t<div class=\"elementor-accordion-item\">\n\t\t\t\t\t<div id=\"elementor-tab-title-1904\" class=\"elementor-tab-title\" data-tab=\"4\" role=\"button\" aria-controls=\"elementor-tab-content-1904\" aria-expanded=\"false\">\n\t\t\t\t\t\t\t\t\t\t\t\t\t<span class=\"elementor-accordion-icon elementor-accordion-icon-left\" aria-hidden=\"true\">\n\t\t\t\t\t\t\t\t\t\t\t\t\t\t\t<span class=\"elementor-accordion-icon-closed\"><i class=\"fas fa-plus\"><\/i><\/span>\n\t\t\t\t\t\t\t\t<span class=\"elementor-accordion-icon-opened\"><i class=\"fas fa-minus\"><\/i><\/span>\n\t\t\t\t\t\t\t\t\t\t\t\t\t\t<\/span>\n\t\t\t\t\t\t\t\t\t\t\t\t<a class=\"elementor-accordion-title\" tabindex=\"0\">Au sujet de votre mandat de pr\u00e9sident de la SHC, quel a \u00e9t\u00e9 votre plus grand d\u00e9fi ?<\/a>\n\t\t\t\t\t<\/div>\n\t\t\t\t\t<div id=\"elementor-tab-content-1904\" class=\"elementor-tab-content elementor-clearfix\" data-tab=\"4\" role=\"region\" aria-labelledby=\"elementor-tab-title-1904\"><p>On me demande de r\u00e9pondre \u00e0 ce questionnaire alors que seulement six mois de mon mandat de deux ans se sont \u00e9coul\u00e9s. Je m&rsquo;en remettrai donc \u00e0 mon futur moi. Ce que je vais dire aujourd&rsquo;hui, cependant, c&rsquo;est que j&rsquo;ai trouv\u00e9 que le syst\u00e8me de la SHC, qui consiste \u00e0 ce que le\/la futur.e pr\u00e9sident.e occupe d&rsquo;abord le poste de vice-pr\u00e9sident.e, est essentiel. Cela donne le temps d&rsquo;apprendre les ficelles du m\u00e9tier et permet d\u2019\u00e9tablir les priorit\u00e9s de fa\u00e7on naturelle.<\/p><\/div>\n\t\t\t\t<\/div>\n\t\t\t\t\t\t\t<div class=\"elementor-accordion-item\">\n\t\t\t\t\t<div id=\"elementor-tab-title-1905\" class=\"elementor-tab-title\" data-tab=\"5\" role=\"button\" aria-controls=\"elementor-tab-content-1905\" aria-expanded=\"false\">\n\t\t\t\t\t\t\t\t\t\t\t\t\t<span class=\"elementor-accordion-icon elementor-accordion-icon-left\" aria-hidden=\"true\">\n\t\t\t\t\t\t\t\t\t\t\t\t\t\t\t<span class=\"elementor-accordion-icon-closed\"><i class=\"fas fa-plus\"><\/i><\/span>\n\t\t\t\t\t\t\t\t<span class=\"elementor-accordion-icon-opened\"><i class=\"fas fa-minus\"><\/i><\/span>\n\t\t\t\t\t\t\t\t\t\t\t\t\t\t<\/span>\n\t\t\t\t\t\t\t\t\t\t\t\t<a class=\"elementor-accordion-title\" tabindex=\"0\">Si vous pouviez donner un conseil \u00e0 un.e membre (une personne qui adh\u00e8re ?) de la SHC, quel serait-il ?<\/a>\n\t\t\t\t\t<\/div>\n\t\t\t\t\t<div id=\"elementor-tab-content-1905\" class=\"elementor-tab-content elementor-clearfix\" data-tab=\"5\" role=\"region\" aria-labelledby=\"elementor-tab-title-1905\"><p>Je suis tr\u00e8s fier de la direction que prend notre soci\u00e9t\u00e9 et des changements en cours. Il y a beaucoup de travail \u00e0 faire et cela doit \u00eatre fait collectivement. Il est important que notre soci\u00e9t\u00e9 poursuive son engagement envers la politique de notre temps, car l&rsquo;histoire est souvent instrumentalis\u00e9e par ceux qui ont peu de connaissances ou d&rsquo;expertise en histoire.<\/p><\/div>\n\t\t\t\t<\/div>\n\t\t\t\t\t\t\t<div class=\"elementor-accordion-item\">\n\t\t\t\t\t<div id=\"elementor-tab-title-1906\" class=\"elementor-tab-title\" data-tab=\"6\" role=\"button\" aria-controls=\"elementor-tab-content-1906\" aria-expanded=\"false\">\n\t\t\t\t\t\t\t\t\t\t\t\t\t<span class=\"elementor-accordion-icon elementor-accordion-icon-left\" aria-hidden=\"true\">\n\t\t\t\t\t\t\t\t\t\t\t\t\t\t\t<span class=\"elementor-accordion-icon-closed\"><i class=\"fas fa-plus\"><\/i><\/span>\n\t\t\t\t\t\t\t\t<span class=\"elementor-accordion-icon-opened\"><i class=\"fas fa-minus\"><\/i><\/span>\n\t\t\t\t\t\t\t\t\t\t\t\t\t\t<\/span>\n\t\t\t\t\t\t\t\t\t\t\t\t<a class=\"elementor-accordion-title\" tabindex=\"0\">2022 marque le 100e anniversaire de la SHC. Ce jalon nous donne l'occasion de r\u00e9fl\u00e9chir \u00e0 sa p\u00e9rennit\u00e9 et \u00e0 ce que pourrait \u00eatre son avenir. Ainsi, que r\u00e9serve, selon vous, l'avenir \u00e0 la SHC et \u00e0 la recherche historique au Canada, au moment o\u00f9 la soci\u00e9t\u00e9 entame son deuxi\u00e8me centenaire ?<\/a>\n\t\t\t\t\t<\/div>\n\t\t\t\t\t<div id=\"elementor-tab-content-1906\" class=\"elementor-tab-content elementor-clearfix\" data-tab=\"6\" role=\"region\" aria-labelledby=\"elementor-tab-title-1906\">L&rsquo;\u00e9tude de l&rsquo;histoire n&rsquo;a jamais \u00e9t\u00e9 aussi pertinente qu&rsquo;aujourd&rsquo;hui. Pourtant, en tant qu&rsquo;historien.ne.s, nous sommes confront\u00e9.e.s \u00e0 une crise existentielle due \u00e0 une pr\u00e9carit\u00e9 croissante dans nos rangs, \u00e0 des questions sur l&rsquo;avenir du doctorat en histoire au Canada et \u00e0 une attaque contre les sciences humaines. Ce qui s&rsquo;est pass\u00e9 \u00e0 l&rsquo;Universit\u00e9 Laurentienne est un avertissement pour nous tous. Nous assistons d\u00e9j\u00e0 au d\u00e9mant\u00e8lement massif des d\u00e9partements d&rsquo;histoire au Royaume-Uni et, avec ces changements, un foss\u00e9 grandissant se creuse entre les universit\u00e9s de premier plan et les autres. Je suis fermement convaincu que la formation historique ne devrait pas \u00eatre la chasse gard\u00e9e de \u00ab l\u2019\u00e9lite \u00bb.\n\n<\/div>\n\t\t\t\t<\/div>\n\t\t\t\t\t\t\t<div class=\"elementor-accordion-item\">\n\t\t\t\t\t<div id=\"elementor-tab-title-1907\" class=\"elementor-tab-title\" data-tab=\"7\" role=\"button\" aria-controls=\"elementor-tab-content-1907\" aria-expanded=\"false\">\n\t\t\t\t\t\t\t\t\t\t\t\t\t<span class=\"elementor-accordion-icon elementor-accordion-icon-left\" aria-hidden=\"true\">\n\t\t\t\t\t\t\t\t\t\t\t\t\t\t\t<span class=\"elementor-accordion-icon-closed\"><i class=\"fas fa-plus\"><\/i><\/span>\n\t\t\t\t\t\t\t\t<span class=\"elementor-accordion-icon-opened\"><i class=\"fas fa-minus\"><\/i><\/span>\n\t\t\t\t\t\t\t\t\t\t\t\t\t\t<\/span>\n\t\t\t\t\t\t\t\t\t\t\t\t<a class=\"elementor-accordion-title\" tabindex=\"0\"> S\u2019il y avait une autre question que vous aimeriez poser aux autres pr\u00e9sident.e.s, quelle serait-elle ? Pourriez-vous \u00e9galement y r\u00e9pondre vous-m\u00eame ?<\/a>\n\t\t\t\t\t<\/div>\n\t\t\t\t\t<div id=\"elementor-tab-content-1907\" class=\"elementor-tab-content elementor-clearfix\" data-tab=\"7\" role=\"region\" aria-labelledby=\"elementor-tab-title-1907\"><p>Je suppose que c&rsquo;est la question classique du \u00ab\u00a0r\u00eave uchronique\u00a0\u00bb : si vous aviez pu faire quelque chose de diff\u00e9rent pendant votre mandat de pr\u00e9sident de la SHC, qu&rsquo;auriez-vous fait ?\u00a0 Il est trop t\u00f4t pour que je r\u00e9ponde \u00e0 cette question, mais je sais maintenant qu&rsquo;\u00eatre pr\u00e9sident de la SHC repr\u00e9sente beaucoup plus de travail que je ne le pensais !<\/p><\/div>\n\t\t\t\t<\/div>\n\t\t\t\t\t\t\t\t<\/div>\n\t\t\t\t\t\t<\/div>\n\t\t\t\t<\/div>\n\t\t\t\t\t<\/div>\n\t\t<\/div>\n\t\t\t\t\t<\/div>\n\t\t<\/section>\n\t\t\t\t<\/div>\n\t\t","protected":false},"excerpt":{"rendered":"<p>* Photo &#8211; Steven et sa fille Leanna Quelle est votre d\u00e9finition pr\u00e9f\u00e9r\u00e9e de l&rsquo;histoire et pourquoi ? Je suis un peu allergique \u00e0 ces d\u00e9finitions, car elles sugg\u00e8rent une approche immuable et des fronti\u00e8res disciplinaires fixes qui peuvent \u00eatre marqu\u00e9es et contr\u00f4l\u00e9es. Mais si je dois en faire un portrait, je vois la discipline [&hellip;]<\/p>\n","protected":false},"author":1,"featured_media":0,"parent":14480,"menu_order":0,"comment_status":"closed","ping_status":"closed","template":"","meta":{"_acf_changed":false,"_seopress_robots_primary_cat":"","_seopress_titles_title":"","_seopress_titles_desc":"","_seopress_robots_index":"","_exactmetrics_skip_tracking":false,"_exactmetrics_sitenote_active":false,"_exactmetrics_sitenote_note":"","_exactmetrics_sitenote_category":0,"site-sidebar-layout":"default","site-content-layout":"default","ast-site-content-layout":"default","site-content-style":"default","site-sidebar-style":"default","ast-global-header-display":"","ast-banner-title-visibility":"","ast-main-header-display":"","ast-hfb-above-header-display":"","ast-hfb-below-header-display":"","ast-hfb-mobile-header-display":"","site-post-title":"","ast-breadcrumbs-content":"","ast-featured-img":"","footer-sml-layout":"","ast-disable-related-posts":"","theme-transparent-header-meta":"default","adv-header-id-meta":"","stick-header-meta":"","header-above-stick-meta":"","header-main-stick-meta":"","header-below-stick-meta":"","astra-migrate-meta-layouts":"default","ast-page-background-enabled":"default","ast-page-background-meta":{"desktop":{"background-color":"var(--ast-global-color-4)","background-image":"","background-repeat":"repeat","background-position":"center center","background-size":"auto","background-attachment":"scroll","background-type":"","background-media":"","overlay-type":"","overlay-color":"","overlay-opacity":"","overlay-gradient":""},"tablet":{"background-color":"","background-image":"","background-repeat":"repeat","background-position":"center center","background-size":"auto","background-attachment":"scroll","background-type":"","background-media":"","overlay-type":"","overlay-color":"","overlay-opacity":"","overlay-gradient":""},"mobile":{"background-color":"","background-image":"","background-repeat":"repeat","background-position":"center center","background-size":"auto","background-attachment":"scroll","background-type":"","background-media":"","overlay-type":"","overlay-color":"","overlay-opacity":"","overlay-gradient":""}},"ast-content-background-meta":{"desktop":{"background-color":"var(--ast-global-color-5)","background-image":"","background-repeat":"repeat","background-position":"center center","background-size":"auto","background-attachment":"scroll","background-type":"","background-media":"","overlay-type":"","overlay-color":"","overlay-opacity":"","overlay-gradient":""},"tablet":{"background-color":"var(--ast-global-color-5)","background-image":"","background-repeat":"repeat","background-position":"center center","background-size":"auto","background-attachment":"scroll","background-type":"","background-media":"","overlay-type":"","overlay-color":"","overlay-opacity":"","overlay-gradient":""},"mobile":{"background-color":"var(--ast-global-color-5)","background-image":"","background-repeat":"repeat","background-position":"center center","background-size":"auto","background-attachment":"scroll","background-type":"","background-media":"","overlay-type":"","overlay-color":"","overlay-opacity":"","overlay-gradient":""}},"footnotes":""},"page_template":[239],"class_list":["post-14358","page","type-page","status-publish","hentry","page_template-sidebar-fr"],"acf":[],"publishpress_future_action":{"enabled":false,"date":"2026-04-24 16:00:50","action":"change-status","newStatus":"draft","terms":[],"taxonomy":"page_template","extraData":[]},"publishpress_future_workflow_manual_trigger":{"enabledWorkflows":[]},"_links":{"self":[{"href":"https:\/\/cha-shc.ca\/fr\/wp-json\/wp\/v2\/pages\/14358","targetHints":{"allow":["GET"]}}],"collection":[{"href":"https:\/\/cha-shc.ca\/fr\/wp-json\/wp\/v2\/pages"}],"about":[{"href":"https:\/\/cha-shc.ca\/fr\/wp-json\/wp\/v2\/types\/page"}],"author":[{"embeddable":true,"href":"https:\/\/cha-shc.ca\/fr\/wp-json\/wp\/v2\/users\/1"}],"replies":[{"embeddable":true,"href":"https:\/\/cha-shc.ca\/fr\/wp-json\/wp\/v2\/comments?post=14358"}],"version-history":[{"count":4,"href":"https:\/\/cha-shc.ca\/fr\/wp-json\/wp\/v2\/pages\/14358\/revisions"}],"predecessor-version":[{"id":14362,"href":"https:\/\/cha-shc.ca\/fr\/wp-json\/wp\/v2\/pages\/14358\/revisions\/14362"}],"up":[{"embeddable":true,"href":"https:\/\/cha-shc.ca\/fr\/wp-json\/wp\/v2\/pages\/14480"}],"wp:attachment":[{"href":"https:\/\/cha-shc.ca\/fr\/wp-json\/wp\/v2\/media?parent=14358"}],"wp:term":[{"taxonomy":"page_template","embeddable":true,"href":"https:\/\/cha-shc.ca\/fr\/wp-json\/wp\/v2\/page_template?post=14358"}],"curies":[{"name":"wp","href":"https:\/\/api.w.org\/{rel}","templated":true}]}}