{"id":14393,"date":"2022-07-08T14:40:40","date_gmt":"2022-07-08T18:40:40","guid":{"rendered":"https:\/\/cha-shc.ca\/?page_id=14393"},"modified":"2022-08-15T16:02:29","modified_gmt":"2022-08-15T20:02:29","slug":"craig-heron-2007-2009","status":"publish","type":"page","link":"https:\/\/cha-shc.ca\/fr\/a-propos\/le-questionnaire-aux-anciens-ne-s-president-e-s-de-la-shc\/craig-heron-2007-2009\/","title":{"rendered":"Craig Heron (2007-2009)"},"content":{"rendered":"\t\t<div data-elementor-type=\"wp-page\" data-elementor-id=\"14393\" class=\"elementor elementor-14393 elementor-2931\" data-elementor-post-type=\"page\">\n\t\t\t\t\t\t<section class=\"elementor-section elementor-top-section elementor-element elementor-element-0636dbe elementor-section-boxed elementor-section-height-default elementor-section-height-default\" data-id=\"0636dbe\" data-element_type=\"section\" data-e-type=\"section\">\n\t\t\t\t\t\t<div class=\"elementor-container elementor-column-gap-default\">\n\t\t\t\t\t<div class=\"elementor-column elementor-col-100 elementor-top-column elementor-element elementor-element-f9941b1\" data-id=\"f9941b1\" data-element_type=\"column\" data-e-type=\"column\">\n\t\t\t<div class=\"elementor-widget-wrap elementor-element-populated\">\n\t\t\t\t\t\t<div class=\"elementor-element elementor-element-22626cbe elementor-widget elementor-widget-image\" data-id=\"22626cbe\" data-element_type=\"widget\" data-e-type=\"widget\" data-widget_type=\"image.default\">\n\t\t\t\t<div class=\"elementor-widget-container\">\n\t\t\t\t\t\t\t\t\t\t\t\t\t\t\t<img fetchpriority=\"high\" decoding=\"async\" width=\"768\" height=\"898\" src=\"https:\/\/cha-shc.ca\/wp-content\/uploads\/2022\/08\/Craig-Heron-768x898.jpeg\" class=\"attachment-medium_large size-medium_large wp-image-14372\" alt=\"\" srcset=\"https:\/\/cha-shc.ca\/wp-content\/uploads\/2022\/08\/Craig-Heron-768x898.jpeg 768w, https:\/\/cha-shc.ca\/wp-content\/uploads\/2022\/08\/Craig-Heron-256x300.jpeg 256w, https:\/\/cha-shc.ca\/wp-content\/uploads\/2022\/08\/Craig-Heron-875x1024.jpeg 875w, https:\/\/cha-shc.ca\/wp-content\/uploads\/2022\/08\/Craig-Heron.jpeg 1014w\" sizes=\"(max-width: 768px) 100vw, 768px\" \/>\t\t\t\t\t\t\t\t\t\t\t\t\t\t\t<\/div>\n\t\t\t\t<\/div>\n\t\t\t\t<div class=\"elementor-element elementor-element-7c799a1 elementor-widget elementor-widget-accordion\" data-id=\"7c799a1\" data-element_type=\"widget\" data-e-type=\"widget\" data-widget_type=\"accordion.default\">\n\t\t\t\t<div class=\"elementor-widget-container\">\n\t\t\t\t\t\t\t<div class=\"elementor-accordion\">\n\t\t\t\t\t\t\t<div class=\"elementor-accordion-item\">\n\t\t\t\t\t<div id=\"elementor-tab-title-1301\" class=\"elementor-tab-title\" data-tab=\"1\" role=\"button\" aria-controls=\"elementor-tab-content-1301\" aria-expanded=\"false\">\n\t\t\t\t\t\t\t\t\t\t\t\t\t<span class=\"elementor-accordion-icon elementor-accordion-icon-left\" aria-hidden=\"true\">\n\t\t\t\t\t\t\t\t\t\t\t\t\t\t\t<span class=\"elementor-accordion-icon-closed\"><i class=\"fas fa-plus\"><\/i><\/span>\n\t\t\t\t\t\t\t\t<span class=\"elementor-accordion-icon-opened\"><i class=\"fas fa-minus\"><\/i><\/span>\n\t\t\t\t\t\t\t\t\t\t\t\t\t\t<\/span>\n\t\t\t\t\t\t\t\t\t\t\t\t<a class=\"elementor-accordion-title\" tabindex=\"0\">Quelle est votre d\u00e9finition pr\u00e9f\u00e9r\u00e9e de l'histoire et pourquoi ?<\/a>\n\t\t\t\t\t<\/div>\n\t\t\t\t\t<div id=\"elementor-tab-content-1301\" class=\"elementor-tab-content elementor-clearfix\" data-tab=\"1\" role=\"region\" aria-labelledby=\"elementor-tab-title-1301\"><p>Je suis un peu allergique \u00e0 ces d\u00e9finitions, car elles sugg\u00e8rent une approche immuable et des fronti\u00e8res disciplinaires fixes qui peuvent \u00eatre marqu\u00e9es et contr\u00f4l\u00e9es. Mais si je dois en faire un portrait, je vois la discipline historique non pas comme une ville fortifi\u00e9e, mais plut\u00f4t comme un lieu d&rsquo;appartenance dynamique, diversifi\u00e9 et vivant. Mais il y a beaucoup de choses qui nous unissent en termes de m\u00e9thodologie et de notre engagement commun pour la recherche empirique et la transparence des sources. Notre formation et notre sensibilit\u00e9 sont donc, \u00e0 divers degr\u00e9s, diff\u00e9rentes de celles d&rsquo;autres disciplines, et nous b\u00e9n\u00e9ficions \u00e9galemeent d&rsquo;une conversation avec ce monde des chercheurs\/chercheuses plus large ainsi qu&rsquo;avec les communaut\u00e9s que nous \u00e9tudions.<\/p><\/div>\n\t\t\t\t<\/div>\n\t\t\t\t\t\t\t<div class=\"elementor-accordion-item\">\n\t\t\t\t\t<div id=\"elementor-tab-title-1302\" class=\"elementor-tab-title\" data-tab=\"2\" role=\"button\" aria-controls=\"elementor-tab-content-1302\" aria-expanded=\"false\">\n\t\t\t\t\t\t\t\t\t\t\t\t\t<span class=\"elementor-accordion-icon elementor-accordion-icon-left\" aria-hidden=\"true\">\n\t\t\t\t\t\t\t\t\t\t\t\t\t\t\t<span class=\"elementor-accordion-icon-closed\"><i class=\"fas fa-plus\"><\/i><\/span>\n\t\t\t\t\t\t\t\t<span class=\"elementor-accordion-icon-opened\"><i class=\"fas fa-minus\"><\/i><\/span>\n\t\t\t\t\t\t\t\t\t\t\t\t\t\t<\/span>\n\t\t\t\t\t\t\t\t\t\t\t\t<a class=\"elementor-accordion-title\" tabindex=\"0\"> Quel\/quelle est votre historien.ne pr\u00e9f\u00e9r\u00e9.e, vivant.e ou d\u00e9c\u00e9d\u00e9.e, et pourquoi ?<\/a>\n\t\t\t\t\t<\/div>\n\t\t\t\t\t<div id=\"elementor-tab-content-1302\" class=\"elementor-tab-content elementor-clearfix\" data-tab=\"2\" role=\"region\" aria-labelledby=\"elementor-tab-title-1302\"><p>Un certain nombre d&rsquo;historien.ne.s m&rsquo;ont inspir\u00e9 au fil des ans. L&rsquo;engagement de Raphael Samuel \u00e0 ouvrir le processus de recherche historique \u00e0 des communaut\u00e9s souvent marginalis\u00e9es continue de le faire. Il a \u00e9galement soulev\u00e9 des questions critiques pour nous, en tant qu&rsquo;historien.ne.s, sur notre m\u00e9tier et la politique de ce que nous faisons. Cela aussi est n\u00e9cessaire, car les structures disciplinaires sont souvent normalis\u00e9es \u00e0 un point tel qu&rsquo;elles nous sont invisibles. Je consid\u00e8re maintenant l&rsquo; \u00ab\u00a0histoire\u00a0\u00bb comme un projet social et non seulement comme une discipline.<\/p><\/div>\n\t\t\t\t<\/div>\n\t\t\t\t\t\t\t<div class=\"elementor-accordion-item\">\n\t\t\t\t\t<div id=\"elementor-tab-title-1303\" class=\"elementor-tab-title\" data-tab=\"3\" role=\"button\" aria-controls=\"elementor-tab-content-1303\" aria-expanded=\"false\">\n\t\t\t\t\t\t\t\t\t\t\t\t\t<span class=\"elementor-accordion-icon elementor-accordion-icon-left\" aria-hidden=\"true\">\n\t\t\t\t\t\t\t\t\t\t\t\t\t\t\t<span class=\"elementor-accordion-icon-closed\"><i class=\"fas fa-plus\"><\/i><\/span>\n\t\t\t\t\t\t\t\t<span class=\"elementor-accordion-icon-opened\"><i class=\"fas fa-minus\"><\/i><\/span>\n\t\t\t\t\t\t\t\t\t\t\t\t\t\t<\/span>\n\t\t\t\t\t\t\t\t\t\t\t\t<a class=\"elementor-accordion-title\" tabindex=\"0\">Bien que la fiert\u00e9 outranci\u00e8re ne soit pas d\u00e9sirable, de tous vos \u00e9crits, quels sont ceux dont vous \u00eates le plus fier et pourquoi ?<\/a>\n\t\t\t\t\t<\/div>\n\t\t\t\t\t<div id=\"elementor-tab-content-1303\" class=\"elementor-tab-content elementor-clearfix\" data-tab=\"3\" role=\"region\" aria-labelledby=\"elementor-tab-title-1303\"><p>Je vais vous en donner deux, car ce sont des livres tr\u00e8s diff\u00e9rents et ils ont eu des impacts diff\u00e9rents. Le premier est\u00a0<i>Booze : A Distilled History<\/i>\u00a0(Between the Lines 2003). Celui-ci racontait une histoire qui n&rsquo;avait jamais \u00e9t\u00e9 int\u00e9gr\u00e9e dans un seul ouvrage auparavant. Il s&rsquo;agissait d&rsquo;une \u00e9tude nationale qui tentait de synth\u00e9tiser un grand nombre de documents \u00e9pars et d&rsquo;y ajouter de nouvelles id\u00e9es de recherche. Elle a suscit\u00e9 un grand int\u00e9r\u00eat de la part du public et des universitaires. D&rsquo;apr\u00e8s le nombre de demandes que j&rsquo;ai re\u00e7ues pour en parler et le nombre de citations savantes qu&rsquo;elle a suscit\u00e9es, je pense pouvoir conclure qu&rsquo;elle a laiss\u00e9 une impression durable sur l&rsquo;histoire sociale et culturelle du Canada. Il a fallu environ cinq ans pour le terminer.<\/p><p>En revanche, mon travail sur\u00a0<i>Lunch-Bucket Lives : Remaking the Workers&rsquo; City<\/i>\u00a0(Between the Lines 2015) s&rsquo;est \u00e9tal\u00e9 sur quelque 37 ans, en commen\u00e7ant par une th\u00e8se de doctorat, puis en passant par de nombreuses nouvelles recherches et \u00e9crits jusqu&rsquo;au produit final. J&rsquo;ai int\u00e9gr\u00e9 presque tous les aspects de la vie de la classe ouvri\u00e8re \u00e0 Hamilton, en Ontario, entre les ann\u00e9es 1890 et les ann\u00e9es 1930, et j&rsquo;ai tent\u00e9 de donner une id\u00e9e de la fa\u00e7on dont la vie des travailleurs a fondamentalement chang\u00e9 au cours de ce demi-si\u00e8cle. Je voulais que les diff\u00e9rentes parties se rejoignent d&rsquo;une mani\u00e8re que les \u00e9tudes s\u00e9par\u00e9es sur la pauvret\u00e9, les gr\u00e8ves, le travail des femmes ou autres n&rsquo;avaient pas pu faire. Et je voulais offrir de nouvelles perspectives analytiques dans ce que j&rsquo;ai appel\u00e9 le \u00ab\u00a0r\u00e9alisme de la classe ouvri\u00e8re\u00a0\u00bb. Je pense avoir r\u00e9ussi. Reste \u00e0 savoir si cela contribuera \u00e0 fa\u00e7onner les futures recherches en histoire.<\/p><\/div>\n\t\t\t\t<\/div>\n\t\t\t\t\t\t\t<div class=\"elementor-accordion-item\">\n\t\t\t\t\t<div id=\"elementor-tab-title-1304\" class=\"elementor-tab-title\" data-tab=\"4\" role=\"button\" aria-controls=\"elementor-tab-content-1304\" aria-expanded=\"false\">\n\t\t\t\t\t\t\t\t\t\t\t\t\t<span class=\"elementor-accordion-icon elementor-accordion-icon-left\" aria-hidden=\"true\">\n\t\t\t\t\t\t\t\t\t\t\t\t\t\t\t<span class=\"elementor-accordion-icon-closed\"><i class=\"fas fa-plus\"><\/i><\/span>\n\t\t\t\t\t\t\t\t<span class=\"elementor-accordion-icon-opened\"><i class=\"fas fa-minus\"><\/i><\/span>\n\t\t\t\t\t\t\t\t\t\t\t\t\t\t<\/span>\n\t\t\t\t\t\t\t\t\t\t\t\t<a class=\"elementor-accordion-title\" tabindex=\"0\">Au sujet de votre mandat de pr\u00e9sident de la SHC, quel a \u00e9t\u00e9 votre plus grand d\u00e9fi ?<\/a>\n\t\t\t\t\t<\/div>\n\t\t\t\t\t<div id=\"elementor-tab-content-1304\" class=\"elementor-tab-content elementor-clearfix\" data-tab=\"4\" role=\"region\" aria-labelledby=\"elementor-tab-title-1304\"><p>Il y avait en fait deux d\u00e9fis connexes. Le premier \u00e9tait le triste \u00e9tat de la structure administrative de la SHC lorsque je suis entr\u00e9 en fonction. Notre mode de fonctionnement \u00e9tait comme si nous \u00e9tions encore en 1922. La soci\u00e9t\u00e9 avait consid\u00e9rablement d\u00e9velopp\u00e9 ses programmes et ses activit\u00e9s au cours de la d\u00e9cennie pr\u00e9c\u00e9dente, mais elle n&rsquo;avait pas offert le soutien institutionnel n\u00e9cessaire \u00e0 toutes ces initiatives. Nous avions une secr\u00e9taire dans un recoin de l&rsquo;immeuble de Biblioth\u00e8que et Archives Canada \u00e0 Ottawa qui accomplissait un nombre restreint de t\u00e2ches et une tr\u00e9sori\u00e8re adjointe \u00e0 temps partiel qui s\u2019occupait de la tenue des livres. Autrement, le\/la pr\u00e9sident.e et les membres du Conseil s&rsquo;acquittaient des t\u00e2ches administratives essentielles, avec tous les probl\u00e8mes de diffusion de l&rsquo;information \u00e0 travers le pays et de rotation parmi ces personnes. J&rsquo;ai entrepris de convaincre les membres que nous devions \u00e9largir notre base financi\u00e8re pour \u00eatre en mesure d&rsquo;engager un.e directeur\/trice g\u00e9n\u00e9ral.e et de louer un espace de bureau ad\u00e9quat. J&rsquo;ai souvent pens\u00e9 que la grande comp\u00e9tence de Michel Duquet et la transformation administrative de la soci\u00e9t\u00e9 qu&rsquo;il a lanc\u00e9e \u00e9tait mon plus grand legs \u00e0 la SHC.<\/p><p>Deuxi\u00e8mement, il \u00e9tait devenu \u00e9vident que nous avions besoin d&rsquo;une meilleure administration parce que nous avions une bataille majeure \u00e0 mener \u00e0 l&rsquo;\u00e9gard de Biblioth\u00e8que et Archives Canada. Au cours de l&rsquo;\u00e9t\u00e9 2007, BAC a annonc\u00e9 une r\u00e9duction drastique des heures d&rsquo;ouverture de ses locaux. Apr\u00e8s avoir envoy\u00e9 une s\u00e9rie de lettres publiques au ton tranchant, j&rsquo;ai men\u00e9 une forte campagne de r\u00e9sistance qui a r\u00e9uni plusieurs organisations aussi concern\u00e9es que la SHC et une grande r\u00e9union avec l&rsquo;archiviste\/biblioth\u00e9caire en chef. Il a fait marche arri\u00e8re, promettant de reconsid\u00e9rer les heures de service et de cr\u00e9er un comit\u00e9 consultatif d&rsquo;utilisateurs.<\/p><\/div>\n\t\t\t\t<\/div>\n\t\t\t\t\t\t\t<div class=\"elementor-accordion-item\">\n\t\t\t\t\t<div id=\"elementor-tab-title-1305\" class=\"elementor-tab-title\" data-tab=\"5\" role=\"button\" aria-controls=\"elementor-tab-content-1305\" aria-expanded=\"false\">\n\t\t\t\t\t\t\t\t\t\t\t\t\t<span class=\"elementor-accordion-icon elementor-accordion-icon-left\" aria-hidden=\"true\">\n\t\t\t\t\t\t\t\t\t\t\t\t\t\t\t<span class=\"elementor-accordion-icon-closed\"><i class=\"fas fa-plus\"><\/i><\/span>\n\t\t\t\t\t\t\t\t<span class=\"elementor-accordion-icon-opened\"><i class=\"fas fa-minus\"><\/i><\/span>\n\t\t\t\t\t\t\t\t\t\t\t\t\t\t<\/span>\n\t\t\t\t\t\t\t\t\t\t\t\t<a class=\"elementor-accordion-title\" tabindex=\"0\">Si vous pouviez donner un conseil \u00e0 un.e membre (une personne qui adh\u00e8re ?) de la SHC, quel serait-il ?<\/a>\n\t\t\t\t\t<\/div>\n\t\t\t\t\t<div id=\"elementor-tab-content-1305\" class=\"elementor-tab-content elementor-clearfix\" data-tab=\"5\" role=\"region\" aria-labelledby=\"elementor-tab-title-1305\"><p>Dans la mesure du possible, assistez aux r\u00e9unions annuelles, m\u00eame si vous n\u2019offrez pas de communication. C&rsquo;est un lieu extr\u00eamement important pour le r\u00e9seautage et pour se faire une meilleure id\u00e9e de la profondeur et de l&rsquo;\u00e9tendue de la profession. Et il y a g\u00e9n\u00e9ralement de tr\u00e8s bonnes danses \u00e0 Cliopaloosa (mon autre legs \u00e0 la SHC).<\/p><\/div>\n\t\t\t\t<\/div>\n\t\t\t\t\t\t\t<div class=\"elementor-accordion-item\">\n\t\t\t\t\t<div id=\"elementor-tab-title-1306\" class=\"elementor-tab-title\" data-tab=\"6\" role=\"button\" aria-controls=\"elementor-tab-content-1306\" aria-expanded=\"false\">\n\t\t\t\t\t\t\t\t\t\t\t\t\t<span class=\"elementor-accordion-icon elementor-accordion-icon-left\" aria-hidden=\"true\">\n\t\t\t\t\t\t\t\t\t\t\t\t\t\t\t<span class=\"elementor-accordion-icon-closed\"><i class=\"fas fa-plus\"><\/i><\/span>\n\t\t\t\t\t\t\t\t<span class=\"elementor-accordion-icon-opened\"><i class=\"fas fa-minus\"><\/i><\/span>\n\t\t\t\t\t\t\t\t\t\t\t\t\t\t<\/span>\n\t\t\t\t\t\t\t\t\t\t\t\t<a class=\"elementor-accordion-title\" tabindex=\"0\">2022 marque le 100e anniversaire de la SHC. Ce jalon nous donne l'occasion de r\u00e9fl\u00e9chir \u00e0 sa p\u00e9rennit\u00e9 et \u00e0 ce que pourrait \u00eatre son avenir. Ainsi, que r\u00e9serve, selon vous, l'avenir \u00e0 la SHC et \u00e0 la recherche historique au Canada, au moment o\u00f9 la soci\u00e9t\u00e9 entame son deuxi\u00e8me centenaire ?<\/a>\n\t\t\t\t\t<\/div>\n\t\t\t\t\t<div id=\"elementor-tab-content-1306\" class=\"elementor-tab-content elementor-clearfix\" data-tab=\"6\" role=\"region\" aria-labelledby=\"elementor-tab-title-1306\"><p>L&rsquo;histoire en tant que discipline a quelque peu perdu de sa popularit\u00e9 au cours de la derni\u00e8re d\u00e9cennie. Les inscriptions ont chut\u00e9, l&rsquo;offre de cours a diminu\u00e9, les d\u00e9partements ont perdu des professeur.es par attrition, et de nombreux\/ses nouveaux\/elles doctorant.es n&rsquo;ont pas pu obtenir de postes universitaires \u00e0 temps plein, l&rsquo;enseignement contractuel pr\u00e9caire s&rsquo;\u00e9tant r\u00e9pandu \u00e0 grande \u00e9chelle. Ainsi, une organisation dont la majorit\u00e9 des membres a toujours \u00e9t\u00e9 compos\u00e9e de professeur.es d&rsquo;universit\u00e9 ax\u00e9.es sur la recherche et la titularisation doit se remettre en question. La SHC devrait mener des discussions nationales sur ce que devrait \u00eatre la formation des dipl\u00f4m\u00e9s en histoire et o\u00f9 devrait mener un doctorat en histoire. En m\u00eame temps, elle devrait continuer \u00e0 promouvoir une recherche novatrice, de haute qualit\u00e9 et responsable socialement, ainsi que des r\u00e9seaux de dialogue et de d\u00e9bat enrichissants entre les chercheur.es.<\/p><\/div>\n\t\t\t\t<\/div>\n\t\t\t\t\t\t\t<div class=\"elementor-accordion-item\">\n\t\t\t\t\t<div id=\"elementor-tab-title-1307\" class=\"elementor-tab-title\" data-tab=\"7\" role=\"button\" aria-controls=\"elementor-tab-content-1307\" aria-expanded=\"false\">\n\t\t\t\t\t\t\t\t\t\t\t\t\t<span class=\"elementor-accordion-icon elementor-accordion-icon-left\" aria-hidden=\"true\">\n\t\t\t\t\t\t\t\t\t\t\t\t\t\t\t<span class=\"elementor-accordion-icon-closed\"><i class=\"fas fa-plus\"><\/i><\/span>\n\t\t\t\t\t\t\t\t<span class=\"elementor-accordion-icon-opened\"><i class=\"fas fa-minus\"><\/i><\/span>\n\t\t\t\t\t\t\t\t\t\t\t\t\t\t<\/span>\n\t\t\t\t\t\t\t\t\t\t\t\t<a class=\"elementor-accordion-title\" tabindex=\"0\"> S\u2019il y avait une autre question que vous aimeriez poser aux autres pr\u00e9sident.e.s, quelle serait-elle ? Pourriez-vous \u00e9galement y r\u00e9pondre vous-m\u00eame ?<\/a>\n\t\t\t\t\t<\/div>\n\t\t\t\t\t<div id=\"elementor-tab-content-1307\" class=\"elementor-tab-content elementor-clearfix\" data-tab=\"7\" role=\"region\" aria-labelledby=\"elementor-tab-title-1307\"><div class=\"container-fluid\"><div class=\"row\"><div class=\"col-sm-8 col-sm-offset-0 col-xs-10 col-xs-offset-1\"><p>Cela valait-il la peine de consacrer tout le temps et l&rsquo;\u00e9nergie n\u00e9cessaires pour pr\u00e9sider la SHC ? Ma r\u00e9ponse : sans aucun doute. Au-del\u00e0 de toute liste de r\u00e9alisations, j&rsquo;ai \u00e9t\u00e9 tr\u00e8s impressionn\u00e9 par la coll\u00e9gialit\u00e9 et la solidarit\u00e9 que les historien.nes de toutes g\u00e9n\u00e9rations de tout le pays ont t\u00e9moign\u00e9es envers l\u2019un.e l\u2019autre. Nous avons accompli beaucoup de choses ensemble et nous continuerons certainement \u00e0 le faire.<\/p><\/div><\/div><\/div><\/div>\n\t\t\t\t<\/div>\n\t\t\t\t\t\t\t\t<\/div>\n\t\t\t\t\t\t<\/div>\n\t\t\t\t<\/div>\n\t\t\t\t\t<\/div>\n\t\t<\/div>\n\t\t\t\t\t<\/div>\n\t\t<\/section>\n\t\t\t\t<\/div>\n\t\t","protected":false},"excerpt":{"rendered":"<p>Quelle est votre d\u00e9finition pr\u00e9f\u00e9r\u00e9e de l&rsquo;histoire et pourquoi ? Je suis un peu allergique \u00e0 ces d\u00e9finitions, car elles sugg\u00e8rent une approche immuable et des fronti\u00e8res disciplinaires fixes qui peuvent \u00eatre marqu\u00e9es et contr\u00f4l\u00e9es. Mais si je dois en faire un portrait, je vois la discipline historique non pas comme une ville fortifi\u00e9e, mais [&hellip;]<\/p>\n","protected":false},"author":1,"featured_media":0,"parent":14480,"menu_order":1,"comment_status":"closed","ping_status":"closed","template":"","meta":{"_acf_changed":false,"_seopress_robots_primary_cat":"","_seopress_titles_title":"","_seopress_titles_desc":"","_seopress_robots_index":"","_exactmetrics_skip_tracking":false,"_exactmetrics_sitenote_active":false,"_exactmetrics_sitenote_note":"","_exactmetrics_sitenote_category":0,"site-sidebar-layout":"default","site-content-layout":"default","ast-site-content-layout":"default","site-content-style":"default","site-sidebar-style":"default","ast-global-header-display":"","ast-banner-title-visibility":"","ast-main-header-display":"","ast-hfb-above-header-display":"","ast-hfb-below-header-display":"","ast-hfb-mobile-header-display":"","site-post-title":"","ast-breadcrumbs-content":"","ast-featured-img":"","footer-sml-layout":"","ast-disable-related-posts":"","theme-transparent-header-meta":"default","adv-header-id-meta":"","stick-header-meta":"","header-above-stick-meta":"","header-main-stick-meta":"","header-below-stick-meta":"","astra-migrate-meta-layouts":"default","ast-page-background-enabled":"default","ast-page-background-meta":{"desktop":{"background-color":"var(--ast-global-color-4)","background-image":"","background-repeat":"repeat","background-position":"center center","background-size":"auto","background-attachment":"scroll","background-type":"","background-media":"","overlay-type":"","overlay-color":"","overlay-opacity":"","overlay-gradient":""},"tablet":{"background-color":"","background-image":"","background-repeat":"repeat","background-position":"center center","background-size":"auto","background-attachment":"scroll","background-type":"","background-media":"","overlay-type":"","overlay-color":"","overlay-opacity":"","overlay-gradient":""},"mobile":{"background-color":"","background-image":"","background-repeat":"repeat","background-position":"center center","background-size":"auto","background-attachment":"scroll","background-type":"","background-media":"","overlay-type":"","overlay-color":"","overlay-opacity":"","overlay-gradient":""}},"ast-content-background-meta":{"desktop":{"background-color":"var(--ast-global-color-5)","background-image":"","background-repeat":"repeat","background-position":"center center","background-size":"auto","background-attachment":"scroll","background-type":"","background-media":"","overlay-type":"","overlay-color":"","overlay-opacity":"","overlay-gradient":""},"tablet":{"background-color":"var(--ast-global-color-5)","background-image":"","background-repeat":"repeat","background-position":"center center","background-size":"auto","background-attachment":"scroll","background-type":"","background-media":"","overlay-type":"","overlay-color":"","overlay-opacity":"","overlay-gradient":""},"mobile":{"background-color":"var(--ast-global-color-5)","background-image":"","background-repeat":"repeat","background-position":"center center","background-size":"auto","background-attachment":"scroll","background-type":"","background-media":"","overlay-type":"","overlay-color":"","overlay-opacity":"","overlay-gradient":""}},"footnotes":""},"page_template":[239],"class_list":["post-14393","page","type-page","status-publish","hentry","page_template-sidebar-fr"],"acf":[],"publishpress_future_action":{"enabled":false,"date":"2026-05-15 15:16:20","action":"change-status","newStatus":"draft","terms":[],"taxonomy":"page_template","extraData":[]},"publishpress_future_workflow_manual_trigger":{"enabledWorkflows":[]},"_links":{"self":[{"href":"https:\/\/cha-shc.ca\/fr\/wp-json\/wp\/v2\/pages\/14393","targetHints":{"allow":["GET"]}}],"collection":[{"href":"https:\/\/cha-shc.ca\/fr\/wp-json\/wp\/v2\/pages"}],"about":[{"href":"https:\/\/cha-shc.ca\/fr\/wp-json\/wp\/v2\/types\/page"}],"author":[{"embeddable":true,"href":"https:\/\/cha-shc.ca\/fr\/wp-json\/wp\/v2\/users\/1"}],"replies":[{"embeddable":true,"href":"https:\/\/cha-shc.ca\/fr\/wp-json\/wp\/v2\/comments?post=14393"}],"version-history":[{"count":6,"href":"https:\/\/cha-shc.ca\/fr\/wp-json\/wp\/v2\/pages\/14393\/revisions"}],"predecessor-version":[{"id":14399,"href":"https:\/\/cha-shc.ca\/fr\/wp-json\/wp\/v2\/pages\/14393\/revisions\/14399"}],"up":[{"embeddable":true,"href":"https:\/\/cha-shc.ca\/fr\/wp-json\/wp\/v2\/pages\/14480"}],"wp:attachment":[{"href":"https:\/\/cha-shc.ca\/fr\/wp-json\/wp\/v2\/media?parent=14393"}],"wp:term":[{"taxonomy":"page_template","embeddable":true,"href":"https:\/\/cha-shc.ca\/fr\/wp-json\/wp\/v2\/page_template?post=14393"}],"curies":[{"name":"wp","href":"https:\/\/api.w.org\/{rel}","templated":true}]}}