{"id":14444,"date":"2022-07-08T14:42:33","date_gmt":"2022-07-08T18:42:33","guid":{"rendered":"https:\/\/cha-shc.ca\/?page_id=14444"},"modified":"2022-08-15T16:19:29","modified_gmt":"2022-08-15T20:19:29","slug":"chad-gaffield-2000-2001","status":"publish","type":"page","link":"https:\/\/cha-shc.ca\/fr\/a-propos\/le-questionnaire-aux-anciens-ne-s-president-e-s-de-la-shc\/chad-gaffield-2000-2001\/","title":{"rendered":"Chad Gaffield (2000-2001)"},"content":{"rendered":"\t\t<div data-elementor-type=\"wp-page\" data-elementor-id=\"14444\" class=\"elementor elementor-14444 elementor-2939\" data-elementor-post-type=\"page\">\n\t\t\t\t\t\t<section class=\"elementor-section elementor-top-section elementor-element elementor-element-4579c317 elementor-section-boxed elementor-section-height-default elementor-section-height-default\" data-id=\"4579c317\" data-element_type=\"section\" data-e-type=\"section\">\n\t\t\t\t\t\t<div class=\"elementor-container elementor-column-gap-default\">\n\t\t\t\t\t<div class=\"elementor-column elementor-col-100 elementor-top-column elementor-element elementor-element-3ffc765c\" data-id=\"3ffc765c\" data-element_type=\"column\" data-e-type=\"column\">\n\t\t\t<div class=\"elementor-widget-wrap elementor-element-populated\">\n\t\t\t\t\t\t<div class=\"elementor-element elementor-element-35aa6700 elementor-widget elementor-widget-image\" data-id=\"35aa6700\" data-element_type=\"widget\" data-e-type=\"widget\" data-widget_type=\"image.default\">\n\t\t\t\t<div class=\"elementor-widget-container\">\n\t\t\t\t\t\t\t\t\t\t\t\t\t\t\t<img fetchpriority=\"high\" decoding=\"async\" width=\"717\" height=\"872\" src=\"https:\/\/cha-shc.ca\/wp-content\/uploads\/2022\/08\/Chad-Gaffield.jpg\" class=\"attachment-medium_large size-medium_large wp-image-14440\" alt=\"\" srcset=\"https:\/\/cha-shc.ca\/wp-content\/uploads\/2022\/08\/Chad-Gaffield.jpg 717w, https:\/\/cha-shc.ca\/wp-content\/uploads\/2022\/08\/Chad-Gaffield-247x300.jpg 247w\" sizes=\"(max-width: 717px) 100vw, 717px\" \/>\t\t\t\t\t\t\t\t\t\t\t\t\t\t\t<\/div>\n\t\t\t\t<\/div>\n\t\t\t\t<div class=\"elementor-element elementor-element-1b07afd elementor-widget elementor-widget-accordion\" data-id=\"1b07afd\" data-element_type=\"widget\" data-e-type=\"widget\" data-widget_type=\"accordion.default\">\n\t\t\t\t<div class=\"elementor-widget-container\">\n\t\t\t\t\t\t\t<div class=\"elementor-accordion\">\n\t\t\t\t\t\t\t<div class=\"elementor-accordion-item\">\n\t\t\t\t\t<div id=\"elementor-tab-title-2831\" class=\"elementor-tab-title\" data-tab=\"1\" role=\"button\" aria-controls=\"elementor-tab-content-2831\" aria-expanded=\"false\">\n\t\t\t\t\t\t\t\t\t\t\t\t\t<span class=\"elementor-accordion-icon elementor-accordion-icon-left\" aria-hidden=\"true\">\n\t\t\t\t\t\t\t\t\t\t\t\t\t\t\t<span class=\"elementor-accordion-icon-closed\"><i class=\"fas fa-plus\"><\/i><\/span>\n\t\t\t\t\t\t\t\t<span class=\"elementor-accordion-icon-opened\"><i class=\"fas fa-minus\"><\/i><\/span>\n\t\t\t\t\t\t\t\t\t\t\t\t\t\t<\/span>\n\t\t\t\t\t\t\t\t\t\t\t\t<a class=\"elementor-accordion-title\" tabindex=\"0\">Quelle est votre d\u00e9finition pr\u00e9f\u00e9r\u00e9e de l'histoire et pourquoi ?<\/a>\n\t\t\t\t\t<\/div>\n\t\t\t\t\t<div id=\"elementor-tab-content-2831\" class=\"elementor-tab-content elementor-clearfix\" data-tab=\"1\" role=\"region\" aria-labelledby=\"elementor-tab-title-2831\"><p>La d\u00e9finition de l&rsquo;histoire que je pr\u00e9f\u00e8re met l&rsquo;accent sur la mani\u00e8re dont les historiens d\u00e9veloppent des interpr\u00e9tations du pass\u00e9. Jusqu&rsquo;\u00e0 ces derni\u00e8res d\u00e9cennies, les programmes de premier cycle d&rsquo;histoire mettaient l\u2019emphase sur la transmission des connaissances, ce qui laissait peu de place aux cours de m\u00e9thodologie. De plus, le ou les deux cours de m\u00e9thodologie typiques se concentraient souvent sur les d\u00e9bats historiographiques sans examiner de pr\u00e8s l&rsquo;interaction entre les diff\u00e9rentes interpr\u00e9tations et les diff\u00e9rentes fa\u00e7ons de choisir et d&rsquo;\u00e9tudier des types de preuves sp\u00e9cifiques. D&rsquo;apr\u00e8s mon exp\u00e9rience, peu de professeurs \u00e9taient d\u00e9sireux d&rsquo;enseigner des cours de m\u00e9thodologie, ce qui \u00e9tait une bonne chose pour moi car j&rsquo;ai toujours \u00e9t\u00e9 profond\u00e9ment int\u00e9ress\u00e9 par l&rsquo;\u00e9volution des m\u00e9thodes utilis\u00e9es par les historiens pour \u00e9tudier le pass\u00e9. Heureusement, les programmes d&rsquo;\u00e9tudes de premier cycle \u00e9voluent d\u00e9sormais vers une approche int\u00e9gr\u00e9e dans laquelle les cours sur des \u00e9poques et des lieux sp\u00e9cifiques accordent g\u00e9n\u00e9ralement une attention particuli\u00e8re aux sources primaires et aux m\u00e9thodes de recherche. D\u00e8s la premi\u00e8re ann\u00e9e, si ce n&rsquo;est pas d\u00e9j\u00e0 fait au secondaire, les \u00e9tudiants ont d\u00e9sormais la possibilit\u00e9 d&rsquo;\u00e9tudier les sources primaires et de d\u00e9velopper leurs propres interpr\u00e9tations historiques tout en prenant connaissance des conclusions des sp\u00e9cialistes reconnus. L&rsquo;acc\u00e8s en ligne aux sources primaires s\u2019est fortement accru et a acc\u00e9l\u00e9r\u00e9 ce changement de p\u00e9dagogie. Aujourd&rsquo;hui, les programmes de premier cycle visent g\u00e9n\u00e9ralement \u00e0 d\u00e9velopper des comp\u00e9tences \u00e9pist\u00e9mologiques autant qu&rsquo;\u00e0 transmettre des connaissances sur le pass\u00e9. Les programmes de financement de la recherche au niveau du premier cycle sont d\u00e9sormais courants. Bien entendu, je pense que nous devons continuer \u00e0 adopter une attitude plus ouverte et plus inclusive \u00e0 l&rsquo;\u00e9gard des nouvelles strat\u00e9gies de recherche et des changements de programmes. On pourrait par exemple apprendre \u00e0 d\u00e9velopper des approches computationnelles pour r\u00e9fl\u00e9chir aux relations complexes cach\u00e9es dans de vastes corpus de sources num\u00e9ris\u00e9es ou \u00e0 utiliser la technologie pour lire des livres ferm\u00e9s trop fragiles pour \u00eatre ouverts.<\/p><\/div>\n\t\t\t\t<\/div>\n\t\t\t\t\t\t\t<div class=\"elementor-accordion-item\">\n\t\t\t\t\t<div id=\"elementor-tab-title-2832\" class=\"elementor-tab-title\" data-tab=\"2\" role=\"button\" aria-controls=\"elementor-tab-content-2832\" aria-expanded=\"false\">\n\t\t\t\t\t\t\t\t\t\t\t\t\t<span class=\"elementor-accordion-icon elementor-accordion-icon-left\" aria-hidden=\"true\">\n\t\t\t\t\t\t\t\t\t\t\t\t\t\t\t<span class=\"elementor-accordion-icon-closed\"><i class=\"fas fa-plus\"><\/i><\/span>\n\t\t\t\t\t\t\t\t<span class=\"elementor-accordion-icon-opened\"><i class=\"fas fa-minus\"><\/i><\/span>\n\t\t\t\t\t\t\t\t\t\t\t\t\t\t<\/span>\n\t\t\t\t\t\t\t\t\t\t\t\t<a class=\"elementor-accordion-title\" tabindex=\"0\"> Quel\/quelle est votre historien.ne pr\u00e9f\u00e9r\u00e9.e, vivant.e ou d\u00e9c\u00e9d\u00e9.e, et pourquoi ?<\/a>\n\t\t\t\t\t<\/div>\n\t\t\t\t\t<div id=\"elementor-tab-content-2832\" class=\"elementor-tab-content elementor-clearfix\" data-tab=\"2\" role=\"region\" aria-labelledby=\"elementor-tab-title-2832\"><p>C&rsquo;est une question facile pour moi. Mon historienne pr\u00e9f\u00e9r\u00e9e est Julia Gaffield, dont les recherches sur Ha\u00efti et le monde atlantique ont contribu\u00e9 \u00e0 transformer ma fa\u00e7on de voir l&rsquo;histoire du Canada dans le contexte mondial changeant de l&rsquo;\u00e8re des r\u00e9volutions. De plus, l&rsquo;imagination et l&rsquo;acharnement de Julia \u00e0 rechercher des preuves archivistiques dans divers d\u00e9p\u00f4ts d&rsquo;archives de plusieurs pays montrent pourquoi notre connaissance et notre compr\u00e9hension du pass\u00e9 d\u00e9pendent de la prise au s\u00e9rieux de nouvelles questions de recherche, m\u00eame en l&rsquo;absence apparente de sources.<\/p><\/div>\n\t\t\t\t<\/div>\n\t\t\t\t\t\t\t<div class=\"elementor-accordion-item\">\n\t\t\t\t\t<div id=\"elementor-tab-title-2833\" class=\"elementor-tab-title\" data-tab=\"3\" role=\"button\" aria-controls=\"elementor-tab-content-2833\" aria-expanded=\"false\">\n\t\t\t\t\t\t\t\t\t\t\t\t\t<span class=\"elementor-accordion-icon elementor-accordion-icon-left\" aria-hidden=\"true\">\n\t\t\t\t\t\t\t\t\t\t\t\t\t\t\t<span class=\"elementor-accordion-icon-closed\"><i class=\"fas fa-plus\"><\/i><\/span>\n\t\t\t\t\t\t\t\t<span class=\"elementor-accordion-icon-opened\"><i class=\"fas fa-minus\"><\/i><\/span>\n\t\t\t\t\t\t\t\t\t\t\t\t\t\t<\/span>\n\t\t\t\t\t\t\t\t\t\t\t\t<a class=\"elementor-accordion-title\" tabindex=\"0\">Bien que la fiert\u00e9 outranci\u00e8re ne soit pas d\u00e9sirable, de tous vos \u00e9crits, quels sont ceux dont vous \u00eates le plus fier et pourquoi ?<\/a>\n\t\t\t\t\t<\/div>\n\t\t\t\t\t<div id=\"elementor-tab-content-2833\" class=\"elementor-tab-content elementor-clearfix\" data-tab=\"3\" role=\"region\" aria-labelledby=\"elementor-tab-title-2833\"><p>En pensant \u00e0 mon travail, j&rsquo;ai toujours craint le jour o\u00f9 je regarderais une publication sans voir les diverses fa\u00e7ons dont je pourrais l\u2019am\u00e9liorer ou peut-\u00eatre la r\u00e9viser en profondeur \u00e0 la lumi\u00e8re de recherches ult\u00e9rieures. Bien que ce jour ne soit pas encore arriv\u00e9, je pense heureusement que le fait d&rsquo;entreprendre et d&rsquo;\u00e9crire sur la construction de l&rsquo;Infrastructure de recherche sur le Canada au 20e si\u00e8cle aura une place unique et durable dans mes souvenirs. Travailler avec des membres de l&rsquo;\u00e9quipe talentueux et d\u00e9vou\u00e9s, \u00e0 travers les \u00e9checs et les succ\u00e8s, a \u00e9t\u00e9 un moment phare de ma carri\u00e8re. Le fait que divers chercheurs utilisent l&rsquo;IRCS pour permettre la r\u00e9alisation de divers projets de recherche et pour aborder des questions de recherche attendues et inattendues est gratifiant et stimulant.<\/p><\/div>\n\t\t\t\t<\/div>\n\t\t\t\t\t\t\t<div class=\"elementor-accordion-item\">\n\t\t\t\t\t<div id=\"elementor-tab-title-2834\" class=\"elementor-tab-title\" data-tab=\"4\" role=\"button\" aria-controls=\"elementor-tab-content-2834\" aria-expanded=\"false\">\n\t\t\t\t\t\t\t\t\t\t\t\t\t<span class=\"elementor-accordion-icon elementor-accordion-icon-left\" aria-hidden=\"true\">\n\t\t\t\t\t\t\t\t\t\t\t\t\t\t\t<span class=\"elementor-accordion-icon-closed\"><i class=\"fas fa-plus\"><\/i><\/span>\n\t\t\t\t\t\t\t\t<span class=\"elementor-accordion-icon-opened\"><i class=\"fas fa-minus\"><\/i><\/span>\n\t\t\t\t\t\t\t\t\t\t\t\t\t\t<\/span>\n\t\t\t\t\t\t\t\t\t\t\t\t<a class=\"elementor-accordion-title\" tabindex=\"0\">Au sujet de votre mandat de pr\u00e9sident de la SHC, quel a \u00e9t\u00e9 votre plus grand d\u00e9fi ?<\/a>\n\t\t\t\t\t<\/div>\n\t\t\t\t\t<div id=\"elementor-tab-content-2834\" class=\"elementor-tab-content elementor-clearfix\" data-tab=\"4\" role=\"region\" aria-labelledby=\"elementor-tab-title-2834\"><p>Je me souviens que le plus grand d\u00e9fi de la SHC en 2000 \u00e9tait d&rsquo;ordre financier, apr\u00e8s des ann\u00e9es d&rsquo;inflation sans ajustement des cotisations. Et nous n&rsquo;\u00e9tions pas seuls. Lors de la r\u00e9union de l&rsquo;Institut d&rsquo;histoire de l&rsquo;Am\u00e9rique fran\u00e7aise de l&rsquo;ann\u00e9e pr\u00e9c\u00e9dente, j&rsquo;ai assist\u00e9 \u00e0 un d\u00e9bat d&rsquo;une heure sur la possibilit\u00e9 d&rsquo;augmenter la cotisation annuelle de cinq dollars. Dans cette discussion prolong\u00e9e, j&rsquo;ai pu comprendre pourquoi les dirigeants de soci\u00e9t\u00e9s avaient \u00e9vit\u00e9 le sujet aussi longtemps que possible. Pourtant, \u00e0 la lecture du bilan de la SHC, il \u00e9tait clair qu&rsquo;une augmentation significative \u00e9tait n\u00e9cessaire et urgente. Et j&rsquo;avais eu l&rsquo;occasion de me renseigner sur les cotisations bien plus \u00e9lev\u00e9es de soci\u00e9t\u00e9s homologues dans le domaine des sciences, o\u00f9 les cotisations ne pouvaient parfois \u00eatre pay\u00e9es qu&rsquo;\u00e0 partir de leurs subventions de recherche relativement g\u00e9n\u00e9reuses. Le r\u00e9sultat a \u00e9t\u00e9 une proposition pour que les membres investissent en eux-m\u00eames en tant qu&rsquo;historiens ; pour qu&rsquo;ils prennent au s\u00e9rieux l&rsquo;importance de la SHC en doublant la cotisation annuelle. Cette proposition comprenait des frais calibr\u00e9s pour les membres moins favoris\u00e9s. Je me souviens avoir demand\u00e9 aux membres si nous n&rsquo;\u00e9tions pas pr\u00eats \u00e0 investir en nous-m\u00eames en prenant notre soci\u00e9t\u00e9 au s\u00e9rieux, pourquoi d&rsquo;autres le feraient-ils ? Lors de l&rsquo;assembl\u00e9e g\u00e9n\u00e9rale, j&rsquo;ai compar\u00e9 cette augmentation au fait de passer du paiement de l&rsquo;\u00e9quivalent d&rsquo;un repas au restaurant chaque ann\u00e9e \u00e0 deux repas. La proposition a \u00e9t\u00e9 adopt\u00e9e \u00e0 l&rsquo;unanimit\u00e9 sans discussion.<\/p><\/div>\n\t\t\t\t<\/div>\n\t\t\t\t\t\t\t<div class=\"elementor-accordion-item\">\n\t\t\t\t\t<div id=\"elementor-tab-title-2835\" class=\"elementor-tab-title\" data-tab=\"5\" role=\"button\" aria-controls=\"elementor-tab-content-2835\" aria-expanded=\"false\">\n\t\t\t\t\t\t\t\t\t\t\t\t\t<span class=\"elementor-accordion-icon elementor-accordion-icon-left\" aria-hidden=\"true\">\n\t\t\t\t\t\t\t\t\t\t\t\t\t\t\t<span class=\"elementor-accordion-icon-closed\"><i class=\"fas fa-plus\"><\/i><\/span>\n\t\t\t\t\t\t\t\t<span class=\"elementor-accordion-icon-opened\"><i class=\"fas fa-minus\"><\/i><\/span>\n\t\t\t\t\t\t\t\t\t\t\t\t\t\t<\/span>\n\t\t\t\t\t\t\t\t\t\t\t\t<a class=\"elementor-accordion-title\" tabindex=\"0\">Si vous pouviez donner un conseil \u00e0 un.e membre (une personne qui adh\u00e8re ?) de la SHC, quel serait-il ?<\/a>\n\t\t\t\t\t<\/div>\n\t\t\t\t\t<div id=\"elementor-tab-content-2835\" class=\"elementor-tab-content elementor-clearfix\" data-tab=\"5\" role=\"region\" aria-labelledby=\"elementor-tab-title-2835\"><p>Un conseil serait de saisir l&rsquo;occasion de collaborer avec d&rsquo;autres membres de la SHC pour faire progresser la discipline sur le campus et dans la soci\u00e9t\u00e9 en g\u00e9n\u00e9ral. L&rsquo;histoire est importante aujourd&rsquo;hui, peut-\u00eatre plus que jamais. Et la SHC a d\u00e9montr\u00e9 dans le pass\u00e9 et continue de d\u00e9montrer aujourd&rsquo;hui comment l&rsquo;action collective peut faire une diff\u00e9rence positive significative. Les historiens n&rsquo;ont jamais vraiment \u00e9t\u00e9 des \u00ab\u00a0chercheurs solitaires\u00a0\u00bb, et il est encourageant de constater une plus grande reconnaissance de la valeur de la collaboration tout comme celle de l&rsquo;initiative individuelle. Toutes ces expressions comme \u00ab\u00a0s\u2019unir ou p\u00e9rir\u00a0\u00bb et \u00ab\u00a0ensemble nous irons loin\u00a0\u00bb sonnent juste dans le cas de la SHC.<\/p><\/div>\n\t\t\t\t<\/div>\n\t\t\t\t\t\t\t<div class=\"elementor-accordion-item\">\n\t\t\t\t\t<div id=\"elementor-tab-title-2836\" class=\"elementor-tab-title\" data-tab=\"6\" role=\"button\" aria-controls=\"elementor-tab-content-2836\" aria-expanded=\"false\">\n\t\t\t\t\t\t\t\t\t\t\t\t\t<span class=\"elementor-accordion-icon elementor-accordion-icon-left\" aria-hidden=\"true\">\n\t\t\t\t\t\t\t\t\t\t\t\t\t\t\t<span class=\"elementor-accordion-icon-closed\"><i class=\"fas fa-plus\"><\/i><\/span>\n\t\t\t\t\t\t\t\t<span class=\"elementor-accordion-icon-opened\"><i class=\"fas fa-minus\"><\/i><\/span>\n\t\t\t\t\t\t\t\t\t\t\t\t\t\t<\/span>\n\t\t\t\t\t\t\t\t\t\t\t\t<a class=\"elementor-accordion-title\" tabindex=\"0\">2022 marque le 100e anniversaire de la SHC. Ce jalon nous donne l'occasion de r\u00e9fl\u00e9chir \u00e0 sa p\u00e9rennit\u00e9 et \u00e0 ce que pourrait \u00eatre son avenir. Ainsi, que r\u00e9serve, selon vous, l'avenir \u00e0 la SHC et \u00e0 la recherche historique au Canada, au moment o\u00f9 la soci\u00e9t\u00e9 entame son deuxi\u00e8me centenaire ?<\/a>\n\t\t\t\t\t<\/div>\n\t\t\t\t\t<div id=\"elementor-tab-content-2836\" class=\"elementor-tab-content elementor-clearfix\" data-tab=\"6\" role=\"region\" aria-labelledby=\"elementor-tab-title-2836\"><p>Pour une organisation, atteindre son 100e anniversaire est tout un exploit, et \u00eatre capable de se projeter dans les ann\u00e9es \u00e0 venir est un d\u00e9fi passionnant. Le premier jour de ma pr\u00e9sidence, je me souviens d&rsquo;avoir \u00e9t\u00e9 pris \u00e0 part par un universitaire de tr\u00e8s haut niveau et ancien pr\u00e9sident, qui m&rsquo;a dit que la SHC \u00e9tait sur son lit de mort, sans perspective de r\u00e9tablissement. De son point de vue, le d\u00e9clin des effectifs refl\u00e9tait les conflits internes, la marginalisation des universit\u00e9s et le m\u00e9pris de la soci\u00e9t\u00e9. M\u00eame si je savais que les compressions budg\u00e9taires f\u00e9d\u00e9rales et provinciales avaient entra\u00een\u00e9 un gel de l&#8217;embauche et une r\u00e9duction consid\u00e9rable du financement de la recherche au milieu des ann\u00e9es 1990, je me suis engag\u00e9 \u00e0 travailler pour assurer un avenir prometteur \u00e0 la SHC. Il s&rsquo;est av\u00e9r\u00e9 que les temps ont effectivement chang\u00e9 ; une d\u00e9cennie d&rsquo;augmentation consid\u00e9rable du financement f\u00e9d\u00e9ral de la recherche et d&rsquo;augmentations provinciales, ainsi que des d\u00e9parts \u00e0 la retraite, ont amen\u00e9 une toute nouvelle g\u00e9n\u00e9ration d&rsquo;historiens \u00e0 la SHC, qui s&rsquo;est investie dans son organisation d\u00e8s 2008. \u00c0 cette \u00e9poque, plus de la moiti\u00e9 de tous les professeurs r\u00e9guliers \u00e0 temps plein des campus canadiens avaient \u00e9t\u00e9 embauch\u00e9s au cours de la d\u00e9cennie pr\u00e9c\u00e9dente. Malgr\u00e9 les d\u00e9fis persistants et changeants des derni\u00e8res ann\u00e9es, je ne doute pas qu&rsquo;un questionnaire destin\u00e9 aux anciens pr\u00e9sidents circulera \u00e0 nouveau \u00e0 l&rsquo;occasion du 200e anniversaire de la SHC.<\/p><\/div>\n\t\t\t\t<\/div>\n\t\t\t\t\t\t\t<div class=\"elementor-accordion-item\">\n\t\t\t\t\t<div id=\"elementor-tab-title-2837\" class=\"elementor-tab-title\" data-tab=\"7\" role=\"button\" aria-controls=\"elementor-tab-content-2837\" aria-expanded=\"false\">\n\t\t\t\t\t\t\t\t\t\t\t\t\t<span class=\"elementor-accordion-icon elementor-accordion-icon-left\" aria-hidden=\"true\">\n\t\t\t\t\t\t\t\t\t\t\t\t\t\t\t<span class=\"elementor-accordion-icon-closed\"><i class=\"fas fa-plus\"><\/i><\/span>\n\t\t\t\t\t\t\t\t<span class=\"elementor-accordion-icon-opened\"><i class=\"fas fa-minus\"><\/i><\/span>\n\t\t\t\t\t\t\t\t\t\t\t\t\t\t<\/span>\n\t\t\t\t\t\t\t\t\t\t\t\t<a class=\"elementor-accordion-title\" tabindex=\"0\"> S\u2019il y avait une autre question que vous aimeriez poser aux autres pr\u00e9sident.e.s, quelle serait-elle ? Pourriez-vous \u00e9galement y r\u00e9pondre vous-m\u00eame ?<\/a>\n\t\t\t\t\t<\/div>\n\t\t\t\t\t<div id=\"elementor-tab-content-2837\" class=\"elementor-tab-content elementor-clearfix\" data-tab=\"7\" role=\"region\" aria-labelledby=\"elementor-tab-title-2837\"><p>Une question pour les autres anciens pr\u00e9sidents porterait sur la fa\u00e7on dont nous nous souvenons de nos exp\u00e9riences pendant notre mandat. Un coll\u00e8gue m&rsquo;a parl\u00e9 de son implication de la SHC en tant que \u00ab\u00a0service\u00a0\u00bb. Le mot \u00ab\u00a0service\u00a0\u00bb ne d\u00e9crit pas pour moi un tel engagement. J&rsquo;ai plut\u00f4t l&rsquo;impression que le fait d&rsquo;\u00eatre \u00e9lu par ses pairs est un honneur et un grand privil\u00e8ge qui est fortement gratifiant malgr\u00e9 les d\u00e9fis \u00e0 relever en cours de route. Je me sens extr\u00eamement chanceux d&rsquo;avoir v\u00e9cu cette exp\u00e9rience et je suis convaincu qu&rsquo;elle a contribu\u00e9 \u00e0 mon enseignement et \u00e0 ma recherche, m\u00eame indirectement. \u00cates-vous d&rsquo;accord ?<\/p><\/div>\n\t\t\t\t<\/div>\n\t\t\t\t\t\t\t\t<\/div>\n\t\t\t\t\t\t<\/div>\n\t\t\t\t<\/div>\n\t\t\t\t\t<\/div>\n\t\t<\/div>\n\t\t\t\t\t<\/div>\n\t\t<\/section>\n\t\t\t\t<\/div>\n\t\t","protected":false},"excerpt":{"rendered":"<p>Quelle est votre d\u00e9finition pr\u00e9f\u00e9r\u00e9e de l&rsquo;histoire et pourquoi ? La d\u00e9finition de l&#8217;histoire que je pr\u00e9f\u00e8re met l&#8217;accent sur la mani\u00e8re dont les historiens d\u00e9veloppent des interpr\u00e9tations du pass\u00e9. Jusqu&#8217;\u00e0 ces derni\u00e8res d\u00e9cennies, les programmes de premier cycle d&#8217;histoire mettaient l\u2019emphase sur la transmission des connaissances, ce qui laissait peu de place aux cours [&hellip;]<\/p>\n","protected":false},"author":1,"featured_media":0,"parent":14480,"menu_order":5,"comment_status":"closed","ping_status":"closed","template":"","meta":{"_acf_changed":false,"_seopress_robots_primary_cat":"","_seopress_titles_title":"","_seopress_titles_desc":"","_seopress_robots_index":"","_exactmetrics_skip_tracking":false,"_exactmetrics_sitenote_active":false,"_exactmetrics_sitenote_note":"","_exactmetrics_sitenote_category":0,"site-sidebar-layout":"default","site-content-layout":"default","ast-site-content-layout":"default","site-content-style":"default","site-sidebar-style":"default","ast-global-header-display":"","ast-banner-title-visibility":"","ast-main-header-display":"","ast-hfb-above-header-display":"","ast-hfb-below-header-display":"","ast-hfb-mobile-header-display":"","site-post-title":"","ast-breadcrumbs-content":"","ast-featured-img":"","footer-sml-layout":"","ast-disable-related-posts":"","theme-transparent-header-meta":"default","adv-header-id-meta":"","stick-header-meta":"","header-above-stick-meta":"","header-main-stick-meta":"","header-below-stick-meta":"","astra-migrate-meta-layouts":"default","ast-page-background-enabled":"default","ast-page-background-meta":{"desktop":{"background-color":"var(--ast-global-color-4)","background-image":"","background-repeat":"repeat","background-position":"center center","background-size":"auto","background-attachment":"scroll","background-type":"","background-media":"","overlay-type":"","overlay-color":"","overlay-opacity":"","overlay-gradient":""},"tablet":{"background-color":"","background-image":"","background-repeat":"repeat","background-position":"center center","background-size":"auto","background-attachment":"scroll","background-type":"","background-media":"","overlay-type":"","overlay-color":"","overlay-opacity":"","overlay-gradient":""},"mobile":{"background-color":"","background-image":"","background-repeat":"repeat","background-position":"center center","background-size":"auto","background-attachment":"scroll","background-type":"","background-media":"","overlay-type":"","overlay-color":"","overlay-opacity":"","overlay-gradient":""}},"ast-content-background-meta":{"desktop":{"background-color":"var(--ast-global-color-5)","background-image":"","background-repeat":"repeat","background-position":"center center","background-size":"auto","background-attachment":"scroll","background-type":"","background-media":"","overlay-type":"","overlay-color":"","overlay-opacity":"","overlay-gradient":""},"tablet":{"background-color":"var(--ast-global-color-5)","background-image":"","background-repeat":"repeat","background-position":"center center","background-size":"auto","background-attachment":"scroll","background-type":"","background-media":"","overlay-type":"","overlay-color":"","overlay-opacity":"","overlay-gradient":""},"mobile":{"background-color":"var(--ast-global-color-5)","background-image":"","background-repeat":"repeat","background-position":"center center","background-size":"auto","background-attachment":"scroll","background-type":"","background-media":"","overlay-type":"","overlay-color":"","overlay-opacity":"","overlay-gradient":""}},"footnotes":""},"page_template":[239],"class_list":["post-14444","page","type-page","status-publish","hentry","page_template-sidebar-fr"],"acf":[],"publishpress_future_action":{"enabled":false,"date":"2026-05-15 14:11:39","action":"change-status","newStatus":"draft","terms":[],"taxonomy":"page_template","extraData":[]},"publishpress_future_workflow_manual_trigger":{"enabledWorkflows":[]},"_links":{"self":[{"href":"https:\/\/cha-shc.ca\/fr\/wp-json\/wp\/v2\/pages\/14444","targetHints":{"allow":["GET"]}}],"collection":[{"href":"https:\/\/cha-shc.ca\/fr\/wp-json\/wp\/v2\/pages"}],"about":[{"href":"https:\/\/cha-shc.ca\/fr\/wp-json\/wp\/v2\/types\/page"}],"author":[{"embeddable":true,"href":"https:\/\/cha-shc.ca\/fr\/wp-json\/wp\/v2\/users\/1"}],"replies":[{"embeddable":true,"href":"https:\/\/cha-shc.ca\/fr\/wp-json\/wp\/v2\/comments?post=14444"}],"version-history":[{"count":4,"href":"https:\/\/cha-shc.ca\/fr\/wp-json\/wp\/v2\/pages\/14444\/revisions"}],"predecessor-version":[{"id":14448,"href":"https:\/\/cha-shc.ca\/fr\/wp-json\/wp\/v2\/pages\/14444\/revisions\/14448"}],"up":[{"embeddable":true,"href":"https:\/\/cha-shc.ca\/fr\/wp-json\/wp\/v2\/pages\/14480"}],"wp:attachment":[{"href":"https:\/\/cha-shc.ca\/fr\/wp-json\/wp\/v2\/media?parent=14444"}],"wp:term":[{"taxonomy":"page_template","embeddable":true,"href":"https:\/\/cha-shc.ca\/fr\/wp-json\/wp\/v2\/page_template?post=14444"}],"curies":[{"name":"wp","href":"https:\/\/api.w.org\/{rel}","templated":true}]}}