{"id":14461,"date":"2022-08-15T16:33:21","date_gmt":"2022-08-15T20:33:21","guid":{"rendered":"https:\/\/cha-shc.ca\/?page_id=14461"},"modified":"2022-08-15T16:39:23","modified_gmt":"2022-08-15T20:39:23","slug":"mary-lynn-stewart-2009-2011","status":"publish","type":"page","link":"https:\/\/cha-shc.ca\/fr\/a-propos\/le-questionnaire-aux-anciens-ne-s-president-e-s-de-la-shc\/mary-lynn-stewart-2009-2011\/","title":{"rendered":"Mary Lynn Stewart (2009-2011)"},"content":{"rendered":"\t\t<div data-elementor-type=\"wp-page\" data-elementor-id=\"14461\" class=\"elementor elementor-14461 elementor-14454\" data-elementor-post-type=\"page\">\n\t\t\t\t\t\t<section class=\"elementor-section elementor-top-section elementor-element elementor-element-f22660b elementor-section-boxed elementor-section-height-default elementor-section-height-default\" data-id=\"f22660b\" data-element_type=\"section\" data-e-type=\"section\">\n\t\t\t\t\t\t<div class=\"elementor-container elementor-column-gap-default\">\n\t\t\t\t\t<div class=\"elementor-column elementor-col-100 elementor-top-column elementor-element elementor-element-7659ffc5\" data-id=\"7659ffc5\" data-element_type=\"column\" data-e-type=\"column\">\n\t\t\t<div class=\"elementor-widget-wrap elementor-element-populated\">\n\t\t\t\t\t\t<div class=\"elementor-element elementor-element-2053c86 elementor-widget elementor-widget-image\" data-id=\"2053c86\" data-element_type=\"widget\" data-e-type=\"widget\" data-widget_type=\"image.default\">\n\t\t\t\t<div class=\"elementor-widget-container\">\n\t\t\t\t\t\t\t\t\t\t\t\t\t\t\t<img fetchpriority=\"high\" decoding=\"async\" width=\"768\" height=\"768\" src=\"https:\/\/cha-shc.ca\/wp-content\/uploads\/2022\/08\/Mary-Lynn-Stewart-768x768.jpeg\" class=\"attachment-medium_large size-medium_large wp-image-14457\" alt=\"\" srcset=\"https:\/\/cha-shc.ca\/wp-content\/uploads\/2022\/08\/Mary-Lynn-Stewart-768x768.jpeg 768w, https:\/\/cha-shc.ca\/wp-content\/uploads\/2022\/08\/Mary-Lynn-Stewart-300x300.jpeg 300w, https:\/\/cha-shc.ca\/wp-content\/uploads\/2022\/08\/Mary-Lynn-Stewart-1024x1024.jpeg 1024w, https:\/\/cha-shc.ca\/wp-content\/uploads\/2022\/08\/Mary-Lynn-Stewart-150x150.jpeg 150w, https:\/\/cha-shc.ca\/wp-content\/uploads\/2022\/08\/Mary-Lynn-Stewart-1536x1536.jpeg 1536w, https:\/\/cha-shc.ca\/wp-content\/uploads\/2022\/08\/Mary-Lynn-Stewart.jpeg 1645w\" sizes=\"(max-width: 768px) 100vw, 768px\" \/>\t\t\t\t\t\t\t\t\t\t\t\t\t\t\t<\/div>\n\t\t\t\t<\/div>\n\t\t\t\t<div class=\"elementor-element elementor-element-b8d29bb elementor-widget elementor-widget-accordion\" data-id=\"b8d29bb\" data-element_type=\"widget\" data-e-type=\"widget\" data-widget_type=\"accordion.default\">\n\t\t\t\t<div class=\"elementor-widget-container\">\n\t\t\t\t\t\t\t<div class=\"elementor-accordion\">\n\t\t\t\t\t\t\t<div class=\"elementor-accordion-item\">\n\t\t\t\t\t<div id=\"elementor-tab-title-1931\" class=\"elementor-tab-title\" data-tab=\"1\" role=\"button\" aria-controls=\"elementor-tab-content-1931\" aria-expanded=\"false\">\n\t\t\t\t\t\t\t\t\t\t\t\t\t<span class=\"elementor-accordion-icon elementor-accordion-icon-left\" aria-hidden=\"true\">\n\t\t\t\t\t\t\t\t\t\t\t\t\t\t\t<span class=\"elementor-accordion-icon-closed\"><i class=\"fas fa-plus\"><\/i><\/span>\n\t\t\t\t\t\t\t\t<span class=\"elementor-accordion-icon-opened\"><i class=\"fas fa-minus\"><\/i><\/span>\n\t\t\t\t\t\t\t\t\t\t\t\t\t\t<\/span>\n\t\t\t\t\t\t\t\t\t\t\t\t<a class=\"elementor-accordion-title\" tabindex=\"0\">Quelle est votre d\u00e9finition pr\u00e9f\u00e9r\u00e9e de l'histoire et pourquoi ?<\/a>\n\t\t\t\t\t<\/div>\n\t\t\t\t\t<div id=\"elementor-tab-content-1931\" class=\"elementor-tab-content elementor-clearfix\" data-tab=\"1\" role=\"region\" aria-labelledby=\"elementor-tab-title-1931\"><p>L&rsquo;\u00e9tude du pass\u00e9, dans toute sa diversit\u00e9, pour \u00e9clairer notre compr\u00e9hension du pr\u00e9sent et nous aider \u00e0 planifier l&rsquo;avenir.<\/p><\/div>\n\t\t\t\t<\/div>\n\t\t\t\t\t\t\t<div class=\"elementor-accordion-item\">\n\t\t\t\t\t<div id=\"elementor-tab-title-1932\" class=\"elementor-tab-title\" data-tab=\"2\" role=\"button\" aria-controls=\"elementor-tab-content-1932\" aria-expanded=\"false\">\n\t\t\t\t\t\t\t\t\t\t\t\t\t<span class=\"elementor-accordion-icon elementor-accordion-icon-left\" aria-hidden=\"true\">\n\t\t\t\t\t\t\t\t\t\t\t\t\t\t\t<span class=\"elementor-accordion-icon-closed\"><i class=\"fas fa-plus\"><\/i><\/span>\n\t\t\t\t\t\t\t\t<span class=\"elementor-accordion-icon-opened\"><i class=\"fas fa-minus\"><\/i><\/span>\n\t\t\t\t\t\t\t\t\t\t\t\t\t\t<\/span>\n\t\t\t\t\t\t\t\t\t\t\t\t<a class=\"elementor-accordion-title\" tabindex=\"0\"> Quel\/quelle est votre historien.ne pr\u00e9f\u00e9r\u00e9.e, vivant.e ou d\u00e9c\u00e9d\u00e9.e, et pourquoi ?<\/a>\n\t\t\t\t\t<\/div>\n\t\t\t\t\t<div id=\"elementor-tab-content-1932\" class=\"elementor-tab-content elementor-clearfix\" data-tab=\"2\" role=\"region\" aria-labelledby=\"elementor-tab-title-1932\"><p>C&rsquo;est un choix difficile, mais je choisirai Natalie Zemon Davis pour son approche de l&rsquo;histoire du genre, de l&rsquo;artisanat et, finalement, de l&rsquo;histoire du monde dans une perspective historique fran\u00e7aise.<\/p><\/div>\n\t\t\t\t<\/div>\n\t\t\t\t\t\t\t<div class=\"elementor-accordion-item\">\n\t\t\t\t\t<div id=\"elementor-tab-title-1933\" class=\"elementor-tab-title\" data-tab=\"3\" role=\"button\" aria-controls=\"elementor-tab-content-1933\" aria-expanded=\"false\">\n\t\t\t\t\t\t\t\t\t\t\t\t\t<span class=\"elementor-accordion-icon elementor-accordion-icon-left\" aria-hidden=\"true\">\n\t\t\t\t\t\t\t\t\t\t\t\t\t\t\t<span class=\"elementor-accordion-icon-closed\"><i class=\"fas fa-plus\"><\/i><\/span>\n\t\t\t\t\t\t\t\t<span class=\"elementor-accordion-icon-opened\"><i class=\"fas fa-minus\"><\/i><\/span>\n\t\t\t\t\t\t\t\t\t\t\t\t\t\t<\/span>\n\t\t\t\t\t\t\t\t\t\t\t\t<a class=\"elementor-accordion-title\" tabindex=\"0\">Bien que la fiert\u00e9 outranci\u00e8re ne soit pas d\u00e9sirable, de tous vos \u00e9crits, quels sont ceux dont vous \u00eates le plus fier et pourquoi ?<\/a>\n\t\t\t\t\t<\/div>\n\t\t\t\t\t<div id=\"elementor-tab-content-1933\" class=\"elementor-tab-content elementor-clearfix\" data-tab=\"3\" role=\"region\" aria-labelledby=\"elementor-tab-title-1933\"><p><i>For Health and Beauty:\u00a0 Physical Culture for Frenchwomen, 1880s-1930s<\/i>, parce qu&rsquo;il a ouvert un champ de recherche combinant l&rsquo;\u00e9ducation biologique, m\u00e9dicale, hygi\u00e9nique et physique pour les filles et les femmes en France.\u00a0<\/p><\/div>\n\t\t\t\t<\/div>\n\t\t\t\t\t\t\t<div class=\"elementor-accordion-item\">\n\t\t\t\t\t<div id=\"elementor-tab-title-1934\" class=\"elementor-tab-title\" data-tab=\"4\" role=\"button\" aria-controls=\"elementor-tab-content-1934\" aria-expanded=\"false\">\n\t\t\t\t\t\t\t\t\t\t\t\t\t<span class=\"elementor-accordion-icon elementor-accordion-icon-left\" aria-hidden=\"true\">\n\t\t\t\t\t\t\t\t\t\t\t\t\t\t\t<span class=\"elementor-accordion-icon-closed\"><i class=\"fas fa-plus\"><\/i><\/span>\n\t\t\t\t\t\t\t\t<span class=\"elementor-accordion-icon-opened\"><i class=\"fas fa-minus\"><\/i><\/span>\n\t\t\t\t\t\t\t\t\t\t\t\t\t\t<\/span>\n\t\t\t\t\t\t\t\t\t\t\t\t<a class=\"elementor-accordion-title\" tabindex=\"0\">Au sujet de votre mandat de pr\u00e9sident de la SHC, quel a \u00e9t\u00e9 votre plus grand d\u00e9fi ?<\/a>\n\t\t\t\t\t<\/div>\n\t\t\t\t\t<div id=\"elementor-tab-content-1934\" class=\"elementor-tab-content elementor-clearfix\" data-tab=\"4\" role=\"region\" aria-labelledby=\"elementor-tab-title-1934\"><p>Les changements potentiels et r\u00e9els \u00e0 Biblioth\u00e8que et Archives Canada ont suscit\u00e9 des inqui\u00e9tudes, ce qui a n\u00e9cessit\u00e9 des interactions prudentes avec l\u2019archiviste du Canada de l&rsquo;\u00e9poque.<\/p><\/div>\n\t\t\t\t<\/div>\n\t\t\t\t\t\t\t<div class=\"elementor-accordion-item\">\n\t\t\t\t\t<div id=\"elementor-tab-title-1935\" class=\"elementor-tab-title\" data-tab=\"5\" role=\"button\" aria-controls=\"elementor-tab-content-1935\" aria-expanded=\"false\">\n\t\t\t\t\t\t\t\t\t\t\t\t\t<span class=\"elementor-accordion-icon elementor-accordion-icon-left\" aria-hidden=\"true\">\n\t\t\t\t\t\t\t\t\t\t\t\t\t\t\t<span class=\"elementor-accordion-icon-closed\"><i class=\"fas fa-plus\"><\/i><\/span>\n\t\t\t\t\t\t\t\t<span class=\"elementor-accordion-icon-opened\"><i class=\"fas fa-minus\"><\/i><\/span>\n\t\t\t\t\t\t\t\t\t\t\t\t\t\t<\/span>\n\t\t\t\t\t\t\t\t\t\t\t\t<a class=\"elementor-accordion-title\" tabindex=\"0\">Si vous pouviez donner un conseil \u00e0 un.e membre (une personne qui adh\u00e8re ?) de la SHC, quel serait-il ?<\/a>\n\t\t\t\t\t<\/div>\n\t\t\t\t\t<div id=\"elementor-tab-content-1935\" class=\"elementor-tab-content elementor-clearfix\" data-tab=\"5\" role=\"region\" aria-labelledby=\"elementor-tab-title-1935\"><p>Si vous n&rsquo;\u00eates pas un.e historien.ne qui se sp\u00e9cialise sur le Canada, mais plut\u00f4t sur d&rsquo;autres parties du monde, il y a beaucoup \u00e0 apprendre en adh\u00e9rant \u00e0 la SHC et en assistant \u00e0 ses colloques.<\/p><\/div>\n\t\t\t\t<\/div>\n\t\t\t\t\t\t\t<div class=\"elementor-accordion-item\">\n\t\t\t\t\t<div id=\"elementor-tab-title-1936\" class=\"elementor-tab-title\" data-tab=\"6\" role=\"button\" aria-controls=\"elementor-tab-content-1936\" aria-expanded=\"false\">\n\t\t\t\t\t\t\t\t\t\t\t\t\t<span class=\"elementor-accordion-icon elementor-accordion-icon-left\" aria-hidden=\"true\">\n\t\t\t\t\t\t\t\t\t\t\t\t\t\t\t<span class=\"elementor-accordion-icon-closed\"><i class=\"fas fa-plus\"><\/i><\/span>\n\t\t\t\t\t\t\t\t<span class=\"elementor-accordion-icon-opened\"><i class=\"fas fa-minus\"><\/i><\/span>\n\t\t\t\t\t\t\t\t\t\t\t\t\t\t<\/span>\n\t\t\t\t\t\t\t\t\t\t\t\t<a class=\"elementor-accordion-title\" tabindex=\"0\">2022 marque le 100e anniversaire de la SHC. Ce jalon nous donne l'occasion de r\u00e9fl\u00e9chir \u00e0 sa p\u00e9rennit\u00e9 et \u00e0 ce que pourrait \u00eatre son avenir. Ainsi, que r\u00e9serve, selon vous, l'avenir \u00e0 la SHC et \u00e0 la recherche historique au Canada, au moment o\u00f9 la soci\u00e9t\u00e9 entame son deuxi\u00e8me centenaire ?<\/a>\n\t\t\t\t\t<\/div>\n\t\t\t\t\t<div id=\"elementor-tab-content-1936\" class=\"elementor-tab-content elementor-clearfix\" data-tab=\"6\" role=\"region\" aria-labelledby=\"elementor-tab-title-1936\"><p>J&rsquo;esp\u00e8re que la tradition de soutien \u00e0 la diffusion de la recherche historique se poursuivra.<\/p><\/div>\n\t\t\t\t<\/div>\n\t\t\t\t\t\t\t\t<\/div>\n\t\t\t\t\t\t<\/div>\n\t\t\t\t<\/div>\n\t\t\t\t\t<\/div>\n\t\t<\/div>\n\t\t\t\t\t<\/div>\n\t\t<\/section>\n\t\t\t\t<\/div>\n\t\t","protected":false},"excerpt":{"rendered":"<p>Quelle est votre d\u00e9finition pr\u00e9f\u00e9r\u00e9e de l&rsquo;histoire et pourquoi ? L&#8217;\u00e9tude du pass\u00e9, dans toute sa diversit\u00e9, pour \u00e9clairer notre compr\u00e9hension du pr\u00e9sent et nous aider \u00e0 planifier l&#8217;avenir. Quel\/quelle est votre historien.ne pr\u00e9f\u00e9r\u00e9.e, vivant.e ou d\u00e9c\u00e9d\u00e9.e, et pourquoi ? C&#8217;est un choix difficile, mais je choisirai Natalie Zemon Davis pour son approche de l&#8217;histoire [&hellip;]<\/p>\n","protected":false},"author":1,"featured_media":0,"parent":14480,"menu_order":7,"comment_status":"closed","ping_status":"closed","template":"","meta":{"_acf_changed":false,"_seopress_robots_primary_cat":"","_seopress_titles_title":"","_seopress_titles_desc":"","_seopress_robots_index":"","_exactmetrics_skip_tracking":false,"_exactmetrics_sitenote_active":false,"_exactmetrics_sitenote_note":"","_exactmetrics_sitenote_category":0,"site-sidebar-layout":"no-sidebar","site-content-layout":"page-builder","ast-site-content-layout":"default","site-content-style":"default","site-sidebar-style":"default","ast-global-header-display":"","ast-banner-title-visibility":"","ast-main-header-display":"","ast-hfb-above-header-display":"","ast-hfb-below-header-display":"","ast-hfb-mobile-header-display":"","site-post-title":"disabled","ast-breadcrumbs-content":"","ast-featured-img":"disabled","footer-sml-layout":"","ast-disable-related-posts":"","theme-transparent-header-meta":"default","adv-header-id-meta":"","stick-header-meta":"","header-above-stick-meta":"","header-main-stick-meta":"","header-below-stick-meta":"","astra-migrate-meta-layouts":"default","ast-page-background-enabled":"default","ast-page-background-meta":{"desktop":{"background-color":"var(--ast-global-color-4)","background-image":"","background-repeat":"repeat","background-position":"center center","background-size":"auto","background-attachment":"scroll","background-type":"","background-media":"","overlay-type":"","overlay-color":"","overlay-opacity":"","overlay-gradient":""},"tablet":{"background-color":"","background-image":"","background-repeat":"repeat","background-position":"center center","background-size":"auto","background-attachment":"scroll","background-type":"","background-media":"","overlay-type":"","overlay-color":"","overlay-opacity":"","overlay-gradient":""},"mobile":{"background-color":"","background-image":"","background-repeat":"repeat","background-position":"center center","background-size":"auto","background-attachment":"scroll","background-type":"","background-media":"","overlay-type":"","overlay-color":"","overlay-opacity":"","overlay-gradient":""}},"ast-content-background-meta":{"desktop":{"background-color":"var(--ast-global-color-5)","background-image":"","background-repeat":"repeat","background-position":"center center","background-size":"auto","background-attachment":"scroll","background-type":"","background-media":"","overlay-type":"","overlay-color":"","overlay-opacity":"","overlay-gradient":""},"tablet":{"background-color":"var(--ast-global-color-5)","background-image":"","background-repeat":"repeat","background-position":"center center","background-size":"auto","background-attachment":"scroll","background-type":"","background-media":"","overlay-type":"","overlay-color":"","overlay-opacity":"","overlay-gradient":""},"mobile":{"background-color":"var(--ast-global-color-5)","background-image":"","background-repeat":"repeat","background-position":"center center","background-size":"auto","background-attachment":"scroll","background-type":"","background-media":"","overlay-type":"","overlay-color":"","overlay-opacity":"","overlay-gradient":""}},"footnotes":""},"page_template":[239],"class_list":["post-14461","page","type-page","status-publish","hentry","page_template-sidebar-fr"],"acf":[],"publishpress_future_action":{"enabled":false,"date":"2026-05-06 19:21:18","action":"change-status","newStatus":"draft","terms":[],"taxonomy":"page_template","extraData":[]},"publishpress_future_workflow_manual_trigger":{"enabledWorkflows":[]},"_links":{"self":[{"href":"https:\/\/cha-shc.ca\/fr\/wp-json\/wp\/v2\/pages\/14461","targetHints":{"allow":["GET"]}}],"collection":[{"href":"https:\/\/cha-shc.ca\/fr\/wp-json\/wp\/v2\/pages"}],"about":[{"href":"https:\/\/cha-shc.ca\/fr\/wp-json\/wp\/v2\/types\/page"}],"author":[{"embeddable":true,"href":"https:\/\/cha-shc.ca\/fr\/wp-json\/wp\/v2\/users\/1"}],"replies":[{"embeddable":true,"href":"https:\/\/cha-shc.ca\/fr\/wp-json\/wp\/v2\/comments?post=14461"}],"version-history":[{"count":4,"href":"https:\/\/cha-shc.ca\/fr\/wp-json\/wp\/v2\/pages\/14461\/revisions"}],"predecessor-version":[{"id":14465,"href":"https:\/\/cha-shc.ca\/fr\/wp-json\/wp\/v2\/pages\/14461\/revisions\/14465"}],"up":[{"embeddable":true,"href":"https:\/\/cha-shc.ca\/fr\/wp-json\/wp\/v2\/pages\/14480"}],"wp:attachment":[{"href":"https:\/\/cha-shc.ca\/fr\/wp-json\/wp\/v2\/media?parent=14461"}],"wp:term":[{"taxonomy":"page_template","embeddable":true,"href":"https:\/\/cha-shc.ca\/fr\/wp-json\/wp\/v2\/page_template?post=14461"}],"curies":[{"name":"wp","href":"https:\/\/api.w.org\/{rel}","templated":true}]}}