{"id":14524,"date":"2022-07-08T14:45:09","date_gmt":"2022-07-08T18:45:09","guid":{"rendered":"https:\/\/cha-shc.ca\/?page_id=14524"},"modified":"2023-06-30T09:56:55","modified_gmt":"2023-06-30T13:56:55","slug":"politique-en-matiere-de-comportement-professionnel","status":"publish","type":"page","link":"https:\/\/cha-shc.ca\/fr\/a-propos\/politique-en-matiere-de-comportement-professionnel\/","title":{"rendered":"Politique en mati\u00e8re de comportement professionnel"},"content":{"rendered":"\t\t<div data-elementor-type=\"wp-page\" data-elementor-id=\"14524\" class=\"elementor elementor-14524 elementor-2953\" data-elementor-post-type=\"page\">\n\t\t\t\t\t\t<section class=\"elementor-section elementor-top-section elementor-element elementor-element-87698e1 elementor-section-boxed elementor-section-height-default elementor-section-height-default\" data-id=\"87698e1\" data-element_type=\"section\" data-e-type=\"section\">\n\t\t\t\t\t\t<div class=\"elementor-container elementor-column-gap-default\">\n\t\t\t\t\t<div class=\"elementor-column elementor-col-100 elementor-top-column elementor-element elementor-element-f5dd412\" data-id=\"f5dd412\" data-element_type=\"column\" data-e-type=\"column\">\n\t\t\t<div class=\"elementor-widget-wrap elementor-element-populated\">\n\t\t\t\t\t\t<div class=\"elementor-element elementor-element-78de560 elementor-widget elementor-widget-text-editor\" data-id=\"78de560\" data-element_type=\"widget\" data-e-type=\"widget\" data-widget_type=\"text-editor.default\">\n\t\t\t\t<div class=\"elementor-widget-container\">\n\t\t\t\t\t\t\t\t\t<p>Adapted from the Medieval Academy of America\u2019s Professional Behavior Policy[1]\u00a0<\/p><p>The Canadian Historical Association (CHA) is committed to protecting all members of our community, especially those in vulnerable positions. Mutual respect is expected; neither harassment nor bullying will be tolerated. The continued health of the historical profession in Canada relies upon the professional and ethical behaviour of the CHA\u2019s members.[2] This document is meant to accompany the CHA Harassment policy and offer guidelines for appropriate behaviour that fosters an inclusive and welcoming environment.<\/p><p><strong>Professional Spaces and Mutual Respect<\/strong><br \/>CHA-sponsored events, including the annual conference at Congress, are opportunities for historians of all fields to exchange ideas and build intellectual and professional networks. All interactive venues of those events\u2014in person, through email and other electronic forms of communication, or on social media, and whether formal or informal\u2014are shared professional spaces. Attendees at CHA events should assume that all of their interactions during the meetings are professional, not personal. Should interactions shift away from the strictly professional, the best practice is for all parties to agree freely and explicitly.<\/p><p>Professional respect is an ethical practice. Attendees at CHA events should comport themselves according to the values of non-discrimination, dignity, and courtesy. They should also acknowledge the rights of all CHA members and other scholars to hold diverse values and opinions. The practice of mutual respect fosters a sustainable environment for freedom of expression and open inquiry. When a culture of mutual respect is not maintained, our profession suffers by the voices we lose and the diminished reach of the voices that remain.<\/p><p><strong>Harassment<\/strong><br \/>The CHA views harassment as a form of discrimination and misconduct by which the harasser asserts a relationship of power over the harassed through behaviour that causes feelings of fear or distress. Harassment implies that an individual is not worthy of respect and that the views and person of that individual hold little or no value. Harassment may be overt or subtle, public or private, in-person or online, sexual or otherwise. All forms of harassment hurt the individual, the organization, and the profession in far-reaching and long-standing ways.<\/p><p>Harassment can result from a single significant eposide, or a pattern of lesser episodes. Though such acts \u2013 which may be directed towards members of any marginalized group \u2013 may seem minor to the one who commits them, the target may be on the receiving end of a constant barrage.\u00a0 Scholarly organizations in Canada, including the CHA, have histories that have resulted in some scholars being better represented than others. We should take special care to use our meetings to welcome and come to understand in more depth the richness that diversity brings to our organization. In a professional space, microaggressions undermine mutual respect and equitable exchange of ideas; all members should strive for self-awareness so as to avoid such behaviour.<\/p><p>Sexual harassment includes but is not limited to unwanted sexual advances; requests for sexual favors; other verbal and physical conduct of a sexual nature; offensive or suggestive jokes or remarks; inappropriate personal questions or conversations; unwelcome or nonconsensual physical contact, such as patting, hugging, or touching; display of sexually explicit, offensive, or demeaning images except for scholarly analysis; leering or ogling; sexual remarks about someone\u2019s clothing or body; repeated requests for dates after having been told no; and retaliatory behaviour.<\/p><blockquote><p>The CHA has developed a Harassment Policy to outline the formal response to complaints.<\/p><\/blockquote><p><strong>Bullying<\/strong><br \/>Bullying includes 1) intentional aggression, physical, verbal, or social in nature, direct or indirect; 2) a power imbalance between aggressor and victim, distinguishing bullying from other forms of peer aggression; and 3) either a single serious incident or repeated incidents.<\/p><p>Bullying may include refusal to recognize diverse cultural meanings and personal constructions of work, work environments, and interpersonal relationships based on race, ethnicity, sexuality, gender expression, nationality, language, religion, career stage, and other dimensions and intersections of difference. The CHA considers doxxing, outing, and online harassment or stalking antithetical to its core values. In a professional setting, such as at CHA-sponsored events, bullying of any sort can be considered workplace violence. In academia, the workplace includes the expanded space of conferences, digital communication, publication forums, and the like. New, virtual workspaces are increasingly exposed to cyber bullying, sexual harassment, stalking, threats, and other forms of interpersonal violence.<\/p><p><strong>Social Media<\/strong><br \/>The CHA asks that attendees of CHA-sponsored events observe the principles of consent and respect when using social media. Express permission to post or tweet conference speakers\u2019 work, images, and audio or video recordings must be secured in advance through session organizers or presiders. Speakers reserve all rights to their work and related materials; unauthorized reproduction on social media or elsewhere is a form of plagiarism. The CHA Annual Conference hashtag is a representation of both the CHA and members using it; as such, the virtual medium is an extension of the professional space. Due to its immediacy and brevity, live-tweeting or blogging must strive for accuracy and avoid misrepresentation, misappropriation, harassment, and misunderstanding. Members participating in online conversations or public forums pertinent to annual meetings should practice respect and collegiality.<\/p><p><strong>Violations<\/strong><br \/>The CHA will not take breaches of professional or ethical behaviour lightly. Following the CHA\u2019s Harassment Policy, any violations of these policies should be reported to the CHA Executive.<\/p><p>[1] <a href=\"https:\/\/cdn.ymaws.com\/www.medievalacademy.org\/resource\/resmgr\/pdfs\/professional_behavior_policy.pdf\">https:\/\/www.medievalacademy.org\/resource\/resmgr\/pdfs\/professional_behavior_policy.pdf<\/a>, accessed 19 Feb. 2020. Adaptation by permission of the Medieval Academy of America.<br \/>[2] Please also see the CHA Statement on Research Ethics\u00a0<a href=\"https:\/\/cha-shc.ca\/english\/about-the-cha\/statement-on-research-ethics.html\">https:\/\/cha-shc.ca\/english\/about-the-cha\/statement-on-research-ethics.html<\/a>.<\/p>\t\t\t\t\t\t\t\t<\/div>\n\t\t\t\t<\/div>\n\t\t\t\t\t<\/div>\n\t\t<\/div>\n\t\t\t\t\t<\/div>\n\t\t<\/section>\n\t\t\t\t<\/div>\n\t\t","protected":false},"excerpt":{"rendered":"<p>Cette politique de comportement professionnel est une adaptation de celle de la Medieval Academy of America[1] La Soci\u00e9t\u00e9 historique du Canada (SHC) s\u2019engage \u00e0 prot\u00e9ger tous les membres de notre communaut\u00e9, en particulier ceux qui sont dans une situation de vuln\u00e9rabilit\u00e9. Nous demandons le respect mutuel ; le harc\u00e8lement et l&rsquo;intimidation ne seront pas tol\u00e9r\u00e9s. [&hellip;]<\/p>\n","protected":false},"author":1,"featured_media":0,"parent":14466,"menu_order":12,"comment_status":"closed","ping_status":"closed","template":"","meta":{"_acf_changed":false,"_seopress_robots_primary_cat":"","_seopress_titles_title":"Politique de comportement professionnel | Historique du Canada | Soci\u00e9t\u00e9 historique du Canada","_seopress_titles_desc":"La Soci\u00e9t\u00e9 historique du Canada s\u2019engage \u00e0 prot\u00e9ger tous les membres de notre communaut\u00e9, en particulier ceux qui sont dans une situation de vuln\u00e9rabilit\u00e9. ","_seopress_robots_index":"","_exactmetrics_skip_tracking":false,"_exactmetrics_sitenote_active":false,"_exactmetrics_sitenote_note":"","_exactmetrics_sitenote_category":0,"site-sidebar-layout":"no-sidebar","site-content-layout":"page-builder","ast-site-content-layout":"default","site-content-style":"default","site-sidebar-style":"default","ast-global-header-display":"","ast-banner-title-visibility":"","ast-main-header-display":"","ast-hfb-above-header-display":"","ast-hfb-below-header-display":"","ast-hfb-mobile-header-display":"","site-post-title":"disabled","ast-breadcrumbs-content":"","ast-featured-img":"disabled","footer-sml-layout":"","ast-disable-related-posts":"","theme-transparent-header-meta":"default","adv-header-id-meta":"","stick-header-meta":"","header-above-stick-meta":"","header-main-stick-meta":"","header-below-stick-meta":"","astra-migrate-meta-layouts":"default","ast-page-background-enabled":"default","ast-page-background-meta":{"desktop":{"background-color":"var(--ast-global-color-4)","background-image":"","background-repeat":"repeat","background-position":"center center","background-size":"auto","background-attachment":"scroll","background-type":"","background-media":"","overlay-type":"","overlay-color":"","overlay-opacity":"","overlay-gradient":""},"tablet":{"background-color":"","background-image":"","background-repeat":"repeat","background-position":"center center","background-size":"auto","background-attachment":"scroll","background-type":"","background-media":"","overlay-type":"","overlay-color":"","overlay-opacity":"","overlay-gradient":""},"mobile":{"background-color":"","background-image":"","background-repeat":"repeat","background-position":"center center","background-size":"auto","background-attachment":"scroll","background-type":"","background-media":"","overlay-type":"","overlay-color":"","overlay-opacity":"","overlay-gradient":""}},"ast-content-background-meta":{"desktop":{"background-color":"var(--ast-global-color-5)","background-image":"","background-repeat":"repeat","background-position":"center center","background-size":"auto","background-attachment":"scroll","background-type":"","background-media":"","overlay-type":"","overlay-color":"","overlay-opacity":"","overlay-gradient":""},"tablet":{"background-color":"var(--ast-global-color-5)","background-image":"","background-repeat":"repeat","background-position":"center center","background-size":"auto","background-attachment":"scroll","background-type":"","background-media":"","overlay-type":"","overlay-color":"","overlay-opacity":"","overlay-gradient":""},"mobile":{"background-color":"var(--ast-global-color-5)","background-image":"","background-repeat":"repeat","background-position":"center center","background-size":"auto","background-attachment":"scroll","background-type":"","background-media":"","overlay-type":"","overlay-color":"","overlay-opacity":"","overlay-gradient":""}},"footnotes":""},"page_template":[239],"class_list":["post-14524","page","type-page","status-publish","hentry","page_template-sidebar-fr"],"acf":[],"publishpress_future_action":{"enabled":false,"date":"2026-05-04 10:02:01","action":"change-status","newStatus":"draft","terms":[],"taxonomy":"page_template","extraData":[]},"publishpress_future_workflow_manual_trigger":{"enabledWorkflows":[]},"_links":{"self":[{"href":"https:\/\/cha-shc.ca\/fr\/wp-json\/wp\/v2\/pages\/14524","targetHints":{"allow":["GET"]}}],"collection":[{"href":"https:\/\/cha-shc.ca\/fr\/wp-json\/wp\/v2\/pages"}],"about":[{"href":"https:\/\/cha-shc.ca\/fr\/wp-json\/wp\/v2\/types\/page"}],"author":[{"embeddable":true,"href":"https:\/\/cha-shc.ca\/fr\/wp-json\/wp\/v2\/users\/1"}],"replies":[{"embeddable":true,"href":"https:\/\/cha-shc.ca\/fr\/wp-json\/wp\/v2\/comments?post=14524"}],"version-history":[{"count":2,"href":"https:\/\/cha-shc.ca\/fr\/wp-json\/wp\/v2\/pages\/14524\/revisions"}],"predecessor-version":[{"id":15927,"href":"https:\/\/cha-shc.ca\/fr\/wp-json\/wp\/v2\/pages\/14524\/revisions\/15927"}],"up":[{"embeddable":true,"href":"https:\/\/cha-shc.ca\/fr\/wp-json\/wp\/v2\/pages\/14466"}],"wp:attachment":[{"href":"https:\/\/cha-shc.ca\/fr\/wp-json\/wp\/v2\/media?parent=14524"}],"wp:term":[{"taxonomy":"page_template","embeddable":true,"href":"https:\/\/cha-shc.ca\/fr\/wp-json\/wp\/v2\/page_template?post=14524"}],"curies":[{"name":"wp","href":"https:\/\/api.w.org\/{rel}","templated":true}]}}