{"id":14530,"date":"2022-07-08T14:53:07","date_gmt":"2022-07-08T18:53:07","guid":{"rendered":"https:\/\/cha-shc.ca\/?page_id=14530"},"modified":"2023-06-30T09:58:23","modified_gmt":"2023-06-30T13:58:23","slug":"cvr","status":"publish","type":"page","link":"https:\/\/cha-shc.ca\/fr\/cvr\/","title":{"rendered":"D\u00e9colonisation et diversit\u00e9"},"content":{"rendered":"<p>La Commission de v\u00e9rit\u00e9 et de r\u00e9conciliation (CVR) du Canada s\u2019adresse de quelle fa\u00e7on au travail des historiens, et plus particuli\u00e8rement \u00e0 celui de la Soci\u00e9t\u00e9 historique du Canada (SHC) ?\u00a0 La SHC est un organisme qui repr\u00e9sente les enseignants, les chercheurs et les \u00e9crivains d&rsquo;histoire qui travaillent dans des contextes vari\u00e9s, y compris les \u00e9tablissements d&rsquo;enseignement postsecondaire, l&rsquo;histoire publique, les archives et les biblioth\u00e8ques.\u00a0 La CVR a \u00e9t\u00e9 cr\u00e9\u00e9e en 2008 pour enqu\u00eater sur l&rsquo;histoire des pensionnats indiens au Canada, des institutions financ\u00e9es par l&rsquo;\u00c9tat qui ont s\u00e9par\u00e9 les enfants et les jeunes autochtones de leur famille et de leur communaut\u00e9 entre les ann\u00e9es 1880 et les ann\u00e9es 1990.<\/p>\n<p>\u00c0 certains \u00e9gards, la Commission V\u00e9rit\u00e9 et R\u00e9conciliation s&rsquo;est fait l&rsquo;\u00e9cho d&rsquo;enqu\u00eates nationales sur l&rsquo;injustice et la violence ailleurs dans le monde, notamment la Commission sud-africaine de v\u00e9rit\u00e9 et de r\u00e9conciliation, cr\u00e9\u00e9e en 1996, et la Commission nationale argentine sur la disparition des personnes, qui a vu le jour en 1983.\u00a0 Mais la CVR \u00e9tait particuli\u00e8re au Canada et \u00e0 son pass\u00e9 et son pr\u00e9sent de colonialisme. Le rapport final a \u00e9t\u00e9 publi\u00e9 en 2015 et, avec lui, quatre-vingt-quatorze appels \u00e0 l&rsquo;action, qui demandaient des r\u00e9ponses pr\u00e9cises de la soci\u00e9t\u00e9 et des institutions canadiennes.<\/p>\n<p>Les soci\u00e9t\u00e9s savantes ont r\u00e9pondu \u00e0 la CVR et \u00e0 ses appels de diverses fa\u00e7ons. La F\u00e9d\u00e9ration des sciences humaines, dont la SHC est membre, a annonc\u00e9 son \u00ab\u00a0sa d\u00e9termination de contribuer \u00e0 la r\u00e9conciliation entre les peuples autochtones et non autochtones\u00a0\u00bb, avec un accent particulier sur l&rsquo;enseignement postsecondaire en sciences humaines. [1] L&rsquo;Association canadienne de science politique a mis sur pied un comit\u00e9 sur la r\u00e9conciliation, qui a organis\u00e9 des s\u00e9ances et produit des publications. [2]<\/p>\n<p>En 2016, une table ronde d&rsquo;historiens autochtones sur l&rsquo;enseignement et la recherche en histoire apr\u00e8s la CVR a \u00e9t\u00e9 organis\u00e9e durant la R\u00e9union annuelle de la SHC.\u00a0 Un an plus tard, la SHC a form\u00e9 un groupe de travail compos\u00e9 de Sarah Nickel, Alison Norman, Jo-Anne McCutcheon et Adele Perry.\u00a0 Le groupe de travail a men\u00e9 une enqu\u00eate aupr\u00e8s d&rsquo;historiens autochtones et a inaugur\u00e9 un fonds pour des projets li\u00e9s \u00e0 la CVR qui a \u00e9t\u00e9 offert en 2017, 2018 et 2019.\u00a0 Au cours de l&rsquo;\u00e9t\u00e9 2019, le groupe de travail a publi\u00e9 un Syllabus pour l&rsquo;histoire apr\u00e8s la CVR, que nous esp\u00e9rons bonifier \u00e0 l&rsquo;avenir.<\/p>\n<p>Dans cette section, vous trouverez de l&rsquo;information sur le travail de la SHC en r\u00e9ponse \u00e0 la CVR et sur les travaux connexes qui portent sur la repr\u00e9sentation, l&rsquo;\u00e9quit\u00e9 et la diversit\u00e9 dans la profession historique et la soci\u00e9t\u00e9 canadienne en g\u00e9n\u00e9ral.<\/p>\n<p>[1] Voir <a href=\"http:\/\/www.idees-ideas.ca\/questions\/reconciliation,\">http:\/\/www.idees-ideas.ca\/questions\/reconciliation,<\/a> consult\u00e9 le 20 septembre 2019.<br \/>\n[2] <a href=\"https:\/\/www.cpsa-acsp.ca\/committee_f.php?,\">https:\/\/www.cpsa-acsp.ca\/committee_f.php?,<\/a> consult\u00e9 le 20 septembre 2019.<\/p>\n","protected":false},"excerpt":{"rendered":"<p>La Commission de v\u00e9rit\u00e9 et de r\u00e9conciliation (CVR) du Canada s\u2019adresse de quelle fa\u00e7on au travail des historiens, et plus particuli\u00e8rement \u00e0 celui de la Soci\u00e9t\u00e9 historique du Canada (SHC) ?\u00a0 La SHC est un organisme qui repr\u00e9sente les enseignants, les chercheurs et les \u00e9crivains d&rsquo;histoire qui travaillent dans des contextes vari\u00e9s, y compris les [&hellip;]<\/p>\n","protected":false},"author":1,"featured_media":0,"parent":0,"menu_order":9,"comment_status":"closed","ping_status":"closed","template":"","meta":{"_acf_changed":false,"_seopress_robots_primary_cat":"","_seopress_titles_title":"Plan de cours pour l\u2019Histoire | Historique du Canada | Soci\u00e9t\u00e9 historique du Canada","_seopress_titles_desc":"La Commission a entrepris un projet prodigieux de recherche, d\u2019engagement public et de d\u00e9fense des droits et a fait des recherches archivistiques approfondies.","_seopress_robots_index":"","_exactmetrics_skip_tracking":false,"_exactmetrics_sitenote_active":false,"_exactmetrics_sitenote_note":"","_exactmetrics_sitenote_category":0,"site-sidebar-layout":"default","site-content-layout":"default","ast-site-content-layout":"default","site-content-style":"default","site-sidebar-style":"default","ast-global-header-display":"","ast-banner-title-visibility":"","ast-main-header-display":"","ast-hfb-above-header-display":"","ast-hfb-below-header-display":"","ast-hfb-mobile-header-display":"","site-post-title":"","ast-breadcrumbs-content":"","ast-featured-img":"","footer-sml-layout":"","ast-disable-related-posts":"","theme-transparent-header-meta":"default","adv-header-id-meta":"","stick-header-meta":"","header-above-stick-meta":"","header-main-stick-meta":"","header-below-stick-meta":"","astra-migrate-meta-layouts":"default","ast-page-background-enabled":"default","ast-page-background-meta":{"desktop":{"background-color":"var(--ast-global-color-4)","background-image":"","background-repeat":"repeat","background-position":"center center","background-size":"auto","background-attachment":"scroll","background-type":"","background-media":"","overlay-type":"","overlay-color":"","overlay-opacity":"","overlay-gradient":""},"tablet":{"background-color":"","background-image":"","background-repeat":"repeat","background-position":"center center","background-size":"auto","background-attachment":"scroll","background-type":"","background-media":"","overlay-type":"","overlay-color":"","overlay-opacity":"","overlay-gradient":""},"mobile":{"background-color":"","background-image":"","background-repeat":"repeat","background-position":"center center","background-size":"auto","background-attachment":"scroll","background-type":"","background-media":"","overlay-type":"","overlay-color":"","overlay-opacity":"","overlay-gradient":""}},"ast-content-background-meta":{"desktop":{"background-color":"var(--ast-global-color-5)","background-image":"","background-repeat":"repeat","background-position":"center center","background-size":"auto","background-attachment":"scroll","background-type":"","background-media":"","overlay-type":"","overlay-color":"","overlay-opacity":"","overlay-gradient":""},"tablet":{"background-color":"var(--ast-global-color-5)","background-image":"","background-repeat":"repeat","background-position":"center center","background-size":"auto","background-attachment":"scroll","background-type":"","background-media":"","overlay-type":"","overlay-color":"","overlay-opacity":"","overlay-gradient":""},"mobile":{"background-color":"var(--ast-global-color-5)","background-image":"","background-repeat":"repeat","background-position":"center center","background-size":"auto","background-attachment":"scroll","background-type":"","background-media":"","overlay-type":"","overlay-color":"","overlay-opacity":"","overlay-gradient":""}},"footnotes":""},"page_template":[239],"class_list":["post-14530","page","type-page","status-publish","hentry","page_template-sidebar-fr"],"acf":[],"publishpress_future_action":{"enabled":false,"date":"2026-05-04 13:48:01","action":"change-status","newStatus":"draft","terms":[],"taxonomy":"page_template","extraData":[]},"publishpress_future_workflow_manual_trigger":{"enabledWorkflows":[]},"_links":{"self":[{"href":"https:\/\/cha-shc.ca\/fr\/wp-json\/wp\/v2\/pages\/14530","targetHints":{"allow":["GET"]}}],"collection":[{"href":"https:\/\/cha-shc.ca\/fr\/wp-json\/wp\/v2\/pages"}],"about":[{"href":"https:\/\/cha-shc.ca\/fr\/wp-json\/wp\/v2\/types\/page"}],"author":[{"embeddable":true,"href":"https:\/\/cha-shc.ca\/fr\/wp-json\/wp\/v2\/users\/1"}],"replies":[{"embeddable":true,"href":"https:\/\/cha-shc.ca\/fr\/wp-json\/wp\/v2\/comments?post=14530"}],"version-history":[{"count":5,"href":"https:\/\/cha-shc.ca\/fr\/wp-json\/wp\/v2\/pages\/14530\/revisions"}],"predecessor-version":[{"id":41215,"href":"https:\/\/cha-shc.ca\/fr\/wp-json\/wp\/v2\/pages\/14530\/revisions\/41215"}],"wp:attachment":[{"href":"https:\/\/cha-shc.ca\/fr\/wp-json\/wp\/v2\/media?parent=14530"}],"wp:term":[{"taxonomy":"page_template","embeddable":true,"href":"https:\/\/cha-shc.ca\/fr\/wp-json\/wp\/v2\/page_template?post=14530"}],"curies":[{"name":"wp","href":"https:\/\/api.w.org\/{rel}","templated":true}]}}