{"id":14534,"date":"2022-07-08T15:12:49","date_gmt":"2022-07-08T19:12:49","guid":{"rendered":"https:\/\/cha-shc.ca\/?page_id=14534"},"modified":"2023-06-30T09:59:06","modified_gmt":"2023-06-30T13:59:06","slug":"experiences-de-decolonisation-et-dindigenisation-dun-departement-dhistoire-universitaire","status":"publish","type":"page","link":"https:\/\/cha-shc.ca\/fr\/cvr\/experiences-de-decolonisation-et-dindigenisation-dun-departement-dhistoire-universitaire\/","title":{"rendered":"Exp\u00e9riences de d\u00e9colonisation et d&rsquo;indig\u00e9nisation d&rsquo;un d\u00e9partement d&rsquo;histoire universitaire"},"content":{"rendered":"<h2><img fetchpriority=\"high\" decoding=\"async\" src=\"https:\/\/cha-shc.ca\/wp-content\/uploads\/2022\/08\/5de1740ad9959.png\" alt=\"SFN Logo\" width=\"250\" height=\"250\" \/>John Lutz<\/h2>\n<p>Bon nombre d&rsquo;universit\u00e9s, de facult\u00e9s et de d\u00e9partements canadiens ont r\u00e9pondu au rapport final de la Commission de v\u00e9rit\u00e9 et de r\u00e9conciliation par de nouveaux \u00e9nonc\u00e9s de mission visant \u00e0 d\u00e9coloniser ou \u00e0 int\u00e9grer une culture autochtone dans le milieu universitaire et \u00e0 raconter l&rsquo;histoire du colonialisme au Canada et ailleurs dans une perspective autochtone, du moins en partie.<\/p>\n<p>Au cours des quatre derni\u00e8res ann\u00e9es, le d\u00e9partement d&rsquo;histoire de l&rsquo;Universit\u00e9 de Victoria a exp\u00e9riment\u00e9 diverses fa\u00e7ons de r\u00e9aliser ces aspirations, en commen\u00e7ant par des \u00e9tapes qui ne co\u00fbtent rien d&rsquo;autre que du temps, et en transformant ces premiers succ\u00e8s en ressources qui nous ont permis de faire des pas importants. Certaines de ces id\u00e9es peuvent \u00eatre utiles \u00e0 d&rsquo;autres d\u00e9partements.<\/p>\n<p>Notre premi\u00e8re \u00e9tape a \u00e9t\u00e9 la formation, en 2016, d&rsquo;un comit\u00e9 sp\u00e9cial au sein du corps professoral du d\u00e9partement (qui comptait de 6 \u00e0 8 membres) qui \u00e9tait int\u00e9ress\u00e9 \u00e0 r\u00e9pondre au rapport de la Commission de v\u00e9rit\u00e9 et de r\u00e9conciliation. Apr\u00e8s r\u00e9flexion, nous avons eu l&rsquo;id\u00e9e de cr\u00e9er un tout nouveau cours sur des \u00ab\u00a0sujets sp\u00e9ciaux\u00a0\u00bb pour le semestre suivant, intitul\u00e9 \u00ab\u00a0La d\u00e9colonisation de l&rsquo;histoire canadienne\u00a0\u00bb.\u00a0 Coordonn\u00e9 par Peter Cook, il s&rsquo;agissait d&rsquo;un cours d\u2019une dur\u00e9e de trois heures chaque semaine, dont la premi\u00e8re heure et demie \u00e9tait une conf\u00e9rence donn\u00e9e par un conf\u00e9rencier invit\u00e9 autochtone ou non autochtone.\u00a0 La deuxi\u00e8me moiti\u00e9 \u00e9tait compos\u00e9e d\u2019un s\u00e9minaire avec les \u00e9tudiants et l&rsquo;invit\u00e9 ainsi que des lectures critiques pour compl\u00e9ter la pr\u00e9sentation.\u00a0 Nous avons cr\u00e9\u00e9 un cours non cr\u00e9dit\u00e9 pour la communaut\u00e9 autour des conf\u00e9rences publiques et nous avions une vingtaine \u00ab\u00a0d&rsquo;\u00e9tudiants\u00a0\u00bb de la communaut\u00e9 (surtout des retrait\u00e9s).<\/p>\n<p>La deuxi\u00e8me innovation est n\u00e9e de la constatation qu&rsquo;un grand nombre de professeurs et d&rsquo;\u00e9tudiants du d\u00e9partement avaient d\u00e9m\u00e9nag\u00e9 pour travailler ou \u00e9tudier \u00e0 Victoria et qu\u2019ils avaient tr\u00e8s peu de connaissances ou de liens avec les populations autochtones locales. L\u2019id\u00e9e d\u2019en savoir plus sur les peuples autochtones qui habitent le territoire o\u00f9 est situ\u00e9e l&rsquo;universit\u00e9 semblait ainsi \u00eatre un premier pas important.\u00a0 Nous avons communiqu\u00e9 avec la Premi\u00e8re nation de Songhees, une guide a \u00e9t\u00e9 identifi\u00e9e, un autocar a \u00e9t\u00e9 lou\u00e9 et la premi\u00e8re \u00ab\u00a0visite guid\u00e9e des r\u00e9alit\u00e9s coloniales en autobus\u00a0\u00bb dirig\u00e9e par Cheryl Bryce, d\u00e9tentrice des connaissances Songhees, a \u00e9t\u00e9 offerte aux professeurs et aux \u00e9tudiants du d\u00e9partement selon le principe de recouvrement des co\u00fbts (30 $ pour les professeurs et 20 $ pour les autres). Toutes les places ont trouv\u00e9 preneur. Depuis lors, le d\u00e9partement organise deux visites de ce genre par ann\u00e9e et a \u00e9largi sa liste d&rsquo;invit\u00e9s par l&rsquo;entremise de la Facult\u00e9 des sciences humaines pour y inclure d&rsquo;autres professeurs et \u00e9tudiants dipl\u00f4m\u00e9s en partenariat avec le Programme des \u00e9tudes autochtones, le Centre for Global Studies et le Centre for Studies in Religion and Society. Plus de 400 ont particip\u00e9 \u00e0 cette excursion depuis.<\/p>\n<p>Notre troisi\u00e8me \u00e9tape a \u00e9t\u00e9 d\u2019utiliser quelques centaines de dollars de fonds du d\u00e9partement pour trouver des animateurs autochtones qui avaient d\u00e9j\u00e0 organis\u00e9 un exercice des couvertures de Kairos pour les professeurs et les \u00e9tudiants dipl\u00f4m\u00e9s du d\u00e9partement d\u2019histoire.\u00a0 L&rsquo;exercice d&rsquo;une dur\u00e9e de deux heures permet aux participants de vivre un bref historique des relations entre autochtones et nouveaux arrivants au Canada. Des couvertures sur lesquelles se trouvent les participants sont retir\u00e9es pour illustrer les pertes subies par les nations autochtones suite \u00e0 une perte d\u2019un territoire, l\u2019arriv\u00e9e d\u2019une maladie, la cr\u00e9ation d\u2019un pensionnat ou d\u2019une r\u00e9serve, etc&#8230;. Les participants qui constatent le petit nombre de couvertures qui restent \u00e0 la fin de l\u2019exercice sont profond\u00e9ment touch\u00e9s par cette simple repr\u00e9sentation.\u00a0 Notre universit\u00e9 offre \u00e9galement un cours de formation sur l&rsquo;acuit\u00e9 culturelle autochtone que plusieurs professeurs d&rsquo;histoire ont suivi.<\/p>\n<p>Notre quatri\u00e8me \u00e9tape a \u00e9t\u00e9 d\u2019utiliser des fonds de subvention provenant de l&rsquo;un des projets de John Price et de nous associer \u00e0 la Facult\u00e9 des sciences humaines pour faire venir un chercheur autochtone invit\u00e9 \u00e0 court terme.\u00a0 Nick Claxton, chercheur \u00e0 la WSANEC, a \u00e9t\u00e9 d\u00e9tach\u00e9 de la Facult\u00e9 du d\u00e9veloppement humain et social pour donner des conseils sur des projets de recherche et pour offrir un cours \u00e0 15 professeurs sur la d\u00e9colonisation des bourses de la Facult\u00e9 des sciences humaines les soirs et les fins de semaine.<\/p>\n<p>La cinqui\u00e8me \u00e9tape consistait \u00e0 solliciter la Nation Songhees locale et lui proposer d&rsquo;organiser conjointement avec elle une conf\u00e9rence ax\u00e9e sur les trait\u00e9s locaux sign\u00e9s en 1850. Cette offre a \u00e9t\u00e9 accueillie avec enthousiasme par les Songhees qui ont offert d&rsquo;organiser l&rsquo;\u00e9v\u00e9nement dans leur Centre de mieux-\u00eatre dans leur r\u00e9serve. La Temexw Treaty Association, dont font partie les Songhees, s&rsquo;est engag\u00e9e \u00e0 r\u00e9unir 150 participants des diff\u00e9rentes communaut\u00e9s vis\u00e9es par le trait\u00e9 sur l&rsquo;\u00eele de Vancouver. En 2017, cette conf\u00e9rence a r\u00e9uni 300 participants &#8211; la moiti\u00e9 \u00e9tait compos\u00e9e de nouveaux arrivants locaux et l&rsquo;autre, des membres de la communaut\u00e9 autochtone. Des conf\u00e9renciers des deux groupes ont pris la parole.\u00a0 Dans le cadre de l&rsquo;\u00e9v\u00e9nement, des traductions des trait\u00e9s dans les langues locales Lekwungen et SENCOTEN ont \u00e9t\u00e9 command\u00e9es et pr\u00e9sent\u00e9es aux Archives de la Colombie-Britannique o\u00f9 elles coexistent maintenant avec les trait\u00e9s \u00e9crits en anglais. Une s\u00e9rie de capsules vid\u00e9o de la pr\u00e9sentation et de renseignements sur les trait\u00e9s sont disponibles en direct sur le site Internet\u00a0<a href=\"http:\/\/www.uvic-songhees.ca\">www.uvic-songhees.ca<\/a> et un manuscrit de livre bas\u00e9 sur les articles a \u00e9t\u00e9 accept\u00e9 pour publication.\u00a0 Nous avons pu utiliser cette relation pour que des \u00e9tudiants dipl\u00f4m\u00e9s puissent entreprendre des projets avec les Songhees.<\/p>\n<p>La sixi\u00e8me \u00e9tape a \u00e9t\u00e9 d\u2019organiser plusieurs forums publics sur le campus et au centre-ville sur la question de savoir si nous devrions renommer les rues portant le nom de personnalit\u00e9s coloniales \u00e9minentes ou enlever des statues comm\u00e9moratives. Diff\u00e9rents membres de la facult\u00e9 ont offert des biographies de quatre des personnages locaux les plus controvers\u00e9s : John A. Macdonald, James Douglas, Matthew Baillie Begbie et Joseph Trutch.<\/p>\n<p>Finalement, nous avons pu utiliser ces activit\u00e9s, ainsi que notre \u00e9cole de terrain en ethnohistoire avec la nation St\u00f3:l\u00f5 qui est en place depuis 20 ans, pour appuyer la demande de notre d\u00e9partement pour obtenir un deuxi\u00e8me chercheur autochtone. Cela a port\u00e9 fruit et notre d\u00e9partement profite depuis juillet de l\u2019expertise de Patrick Lozar sur l&rsquo;histoire transfrontali\u00e8re des Autochtones de la r\u00e9gion de l&rsquo;Alberta, de la Colombie-Britannique et du Montana. Il compl\u00e8te le travail de Christine O&rsquo;Bonsawin sur les membres de communaut\u00e9s autochtones dans le sport.\u00a0 Cela doublera le nombre de cours de premier cycle donn\u00e9s par des historiens autochtones et accro\u00eetra le dynamisme de notre enseignement sup\u00e9rieur.<\/p>\n<p>Il reste beaucoup \u00e0 faire. Dans la perspective de 2019-2020, notre comit\u00e9 sp\u00e9cial poursuit ses activit\u00e9s et pr\u00e9voit organiser une r\u00e9ception \u00e0 l&rsquo;heure du d\u00eener pour les \u00e9tudiants autochtones sur le campus afin de les pr\u00e9senter et de les accueillir au d\u00e9partement d&rsquo;histoire. Nous avons une subvention de la Victoria Foundation pour \u00e9tudier comment \u00ab\u00a0d\u00e9coloniser\u00a0\u00bb les archives num\u00e9riques de la communication entre les gouverneurs de la Colombie-Britannique et de l&rsquo;\u00eele de Vancouver et le Bureau colonial. Nous explorerons de nouvelles options de financement pour faire venir un chercheur ou un a\u00een\u00e9 autochtone r\u00e9guli\u00e8rement \u00e0 la Facult\u00e9 des sciences humaines, nous tenterons d\u2019offrir notre cours \u00ab\u00a0D\u00e9coloniser le Canada\u00a0\u00bb le plus r\u00e9guli\u00e8rement possible et demeureront aux aguets des nouvelles id\u00e9es susceptibles d\u2019\u00e9merger.<\/p>\n","protected":false},"excerpt":{"rendered":"<p>John Lutz Bon nombre d&rsquo;universit\u00e9s, de facult\u00e9s et de d\u00e9partements canadiens ont r\u00e9pondu au rapport final de la Commission de v\u00e9rit\u00e9 et de r\u00e9conciliation par de nouveaux \u00e9nonc\u00e9s de mission visant \u00e0 d\u00e9coloniser ou \u00e0 int\u00e9grer une culture autochtone dans le milieu universitaire et \u00e0 raconter l&rsquo;histoire du colonialisme au Canada et ailleurs dans une [&hellip;]<\/p>\n","protected":false},"author":1,"featured_media":0,"parent":14530,"menu_order":0,"comment_status":"closed","ping_status":"closed","template":"","meta":{"_acf_changed":false,"_seopress_robots_primary_cat":"","_seopress_titles_title":"Exp\u00e9riences de d\u00e9colonisation et d\u2019indig\u00e9nisation | Historique du Canada | Soci\u00e9t\u00e9 historique du Canada","_seopress_titles_desc":"Notre premi\u00e8re \u00e9tape a \u00e9t\u00e9 la formation, en 2016, d\u2019un comit\u00e9 sp\u00e9cial au sein du corps professoral du d\u00e9partement qui \u00e9tait int\u00e9ress\u00e9 \u00e0 r\u00e9pondre a Commission.","_seopress_robots_index":"","_exactmetrics_skip_tracking":false,"_exactmetrics_sitenote_active":false,"_exactmetrics_sitenote_note":"","_exactmetrics_sitenote_category":0,"site-sidebar-layout":"default","site-content-layout":"default","ast-site-content-layout":"default","site-content-style":"default","site-sidebar-style":"default","ast-global-header-display":"","ast-banner-title-visibility":"","ast-main-header-display":"","ast-hfb-above-header-display":"","ast-hfb-below-header-display":"","ast-hfb-mobile-header-display":"","site-post-title":"","ast-breadcrumbs-content":"","ast-featured-img":"","footer-sml-layout":"","ast-disable-related-posts":"","theme-transparent-header-meta":"default","adv-header-id-meta":"","stick-header-meta":"","header-above-stick-meta":"","header-main-stick-meta":"","header-below-stick-meta":"","astra-migrate-meta-layouts":"default","ast-page-background-enabled":"default","ast-page-background-meta":{"desktop":{"background-color":"var(--ast-global-color-4)","background-image":"","background-repeat":"repeat","background-position":"center center","background-size":"auto","background-attachment":"scroll","background-type":"","background-media":"","overlay-type":"","overlay-color":"","overlay-opacity":"","overlay-gradient":""},"tablet":{"background-color":"","background-image":"","background-repeat":"repeat","background-position":"center center","background-size":"auto","background-attachment":"scroll","background-type":"","background-media":"","overlay-type":"","overlay-color":"","overlay-opacity":"","overlay-gradient":""},"mobile":{"background-color":"","background-image":"","background-repeat":"repeat","background-position":"center center","background-size":"auto","background-attachment":"scroll","background-type":"","background-media":"","overlay-type":"","overlay-color":"","overlay-opacity":"","overlay-gradient":""}},"ast-content-background-meta":{"desktop":{"background-color":"var(--ast-global-color-5)","background-image":"","background-repeat":"repeat","background-position":"center center","background-size":"auto","background-attachment":"scroll","background-type":"","background-media":"","overlay-type":"","overlay-color":"","overlay-opacity":"","overlay-gradient":""},"tablet":{"background-color":"var(--ast-global-color-5)","background-image":"","background-repeat":"repeat","background-position":"center center","background-size":"auto","background-attachment":"scroll","background-type":"","background-media":"","overlay-type":"","overlay-color":"","overlay-opacity":"","overlay-gradient":""},"mobile":{"background-color":"var(--ast-global-color-5)","background-image":"","background-repeat":"repeat","background-position":"center center","background-size":"auto","background-attachment":"scroll","background-type":"","background-media":"","overlay-type":"","overlay-color":"","overlay-opacity":"","overlay-gradient":""}},"footnotes":""},"page_template":[239],"class_list":["post-14534","page","type-page","status-publish","hentry","page_template-sidebar-fr"],"acf":[],"publishpress_future_action":{"enabled":false,"date":"2026-05-04 09:23:50","action":"change-status","newStatus":"draft","terms":[],"taxonomy":"page_template","extraData":[]},"publishpress_future_workflow_manual_trigger":{"enabledWorkflows":[]},"_links":{"self":[{"href":"https:\/\/cha-shc.ca\/fr\/wp-json\/wp\/v2\/pages\/14534","targetHints":{"allow":["GET"]}}],"collection":[{"href":"https:\/\/cha-shc.ca\/fr\/wp-json\/wp\/v2\/pages"}],"about":[{"href":"https:\/\/cha-shc.ca\/fr\/wp-json\/wp\/v2\/types\/page"}],"author":[{"embeddable":true,"href":"https:\/\/cha-shc.ca\/fr\/wp-json\/wp\/v2\/users\/1"}],"replies":[{"embeddable":true,"href":"https:\/\/cha-shc.ca\/fr\/wp-json\/wp\/v2\/comments?post=14534"}],"version-history":[{"count":2,"href":"https:\/\/cha-shc.ca\/fr\/wp-json\/wp\/v2\/pages\/14534\/revisions"}],"predecessor-version":[{"id":16351,"href":"https:\/\/cha-shc.ca\/fr\/wp-json\/wp\/v2\/pages\/14534\/revisions\/16351"}],"up":[{"embeddable":true,"href":"https:\/\/cha-shc.ca\/fr\/wp-json\/wp\/v2\/pages\/14530"}],"wp:attachment":[{"href":"https:\/\/cha-shc.ca\/fr\/wp-json\/wp\/v2\/media?parent=14534"}],"wp:term":[{"taxonomy":"page_template","embeddable":true,"href":"https:\/\/cha-shc.ca\/fr\/wp-json\/wp\/v2\/page_template?post=14534"}],"curies":[{"name":"wp","href":"https:\/\/api.w.org\/{rel}","templated":true}]}}