{"id":14536,"date":"2022-07-08T15:13:02","date_gmt":"2022-07-08T19:13:02","guid":{"rendered":"https:\/\/cha-shc.ca\/?page_id=14536"},"modified":"2023-06-30T10:00:01","modified_gmt":"2023-06-30T14:00:01","slug":"la-decolonisation-lindigenisation-et-les-departements-dhistoire-au-canada","status":"publish","type":"page","link":"https:\/\/cha-shc.ca\/fr\/cvr\/la-decolonisation-lindigenisation-et-les-departements-dhistoire-au-canada\/","title":{"rendered":"La d\u00e9colonisation, l&rsquo;indig\u00e9nisation et les d\u00e9partements d&rsquo;histoire au Canada"},"content":{"rendered":"<p><strong>Mary Jane Logan McCallum, Julie Nagam, James Hanley, Anne-Laurence Caudano and Delia Gavrus<\/strong><\/p>\n<p><a title=\"Mary Jane en fran\u00e7ais\" href=\"https:\/\/cha-shc.ca\/wp-content\/uploads\/2022\/08\/5de6b81856067.pdf\">PDF<\/a><\/p>\n<p>Ce texte a pr\u00e9alablement \u00e9t\u00e9 publi\u00e9 dans le #43.2 du <a title=\"CHA Affiliates\" href=\"https:\/\/cha-shc.ca\/wp-content\/uploads\/2022\/08\/5bbfa9e33d856.pdf\"><em>Bulletin<\/em><\/a> de la SHC, pp. 32-33 (en anglais seulement) et sur le site d&rsquo;<a title=\"CHA Affiliates\" href=\"http:\/\/activehistory.ca\/2017\/09\/decolonization-indigenization-and-the-history-department-in-canada\/\">ActiveHistory<\/a> le 15 septembre 2017 (en anglais seulement).<\/p>\n<p><img decoding=\"async\" src=\"https:\/\/cha-shc.ca\/wp-content\/uploads\/2022\/08\/5de666d32d45b.png\" alt=\"Anishanabe\" width=\"200\" height=\"134\" \/><strong>Introduction<\/strong><\/p>\n<p>Le but de cet article est de documenter certaines des activit\u00e9s r\u00e9centes de r\u00e9flexion critique sur la colonisation et la d\u00e9colonisation que nous avons entreprises en tant que professeurs d&rsquo;histoire, universitaires et enseignants au Canada \u0153uvrant dans un d\u00e9partement d&rsquo;histoire en ce d\u00e9but du XXIe si\u00e8cle. Un groupe d&rsquo;universitaires autochtones a rigoureusement critiqu\u00e9 les efforts d\u00e9ploy\u00e9s par l&rsquo;Universit\u00e9 pour r\u00e9pondre aux appels \u00e0 l&rsquo;action de la Commission V\u00e9rit\u00e9 et R\u00e9conciliation (CVR) et pour \u00ab\u00a0Int\u00e9grer une culture autochtone \u00e0 l\u2019universit\u00e9 \u00bb.\u00a0 Ces critiques mettent l&rsquo;accent sur l&rsquo;\u00e9cart apparemment consid\u00e9rable entre les objectifs administratifs et les pr\u00e9occupations pratiques sur le terrain et l&rsquo;\u00e9laboration d&rsquo;autres philosophies de l&rsquo;\u00e9ducation postsecondaire. [1]\u00a0 Les cours obligatoires comme l&rsquo;Indigenous Course Requirement (ICR) \u00e9tabli \u00e0 l&rsquo;Universit\u00e9 de Winnipeg en 2016, sont un exemple utilis\u00e9 dans de nombreuses critiques, les chercheurs ayant identifi\u00e9 les lacunes du mod\u00e8le et exprim\u00e9 leur inqui\u00e9tude \u00e0 propos des efforts minimes que l\u2019universit\u00e9 entreprend alors qu&rsquo;un changement beaucoup plus important est n\u00e9cessaire. [2] \u00a0Dans le cadre de cette discussion, les chercheurs estiment que les universit\u00e9s doivent amorcer des plans d&#8217;embauche s\u00e9rieux et s&rsquo;assurer que les professeurs autochtones soient responsables de ce processus.\u00a0 Ils maintiennent \u00e9galement que les d\u00e9partements d&rsquo;\u00e9tudes autochtones\/de Premi\u00e8res nations devraient diriger et \u00e9clairer ce processus dans toutes les universit\u00e9s. Les d\u00e9partements d&rsquo;histoire ont \u00e9galement un r\u00f4le \u00e0 jouer et, dans notre d\u00e9partement, cette conversation a \u00e9t\u00e9 men\u00e9e par des universitaires autochtones et soutenue \u00e9nergiquement par nos coll\u00e8gues.<\/p>\n<p>D\u2019une certaine fa\u00e7on, notre d\u00e9partement se trouve pr\u00e9sentement dans une situation unique pour entreprendre un travail d&rsquo;indig\u00e9nisation\/de d\u00e9colonisation. La direction de notre d\u00e9partement appuie l&rsquo;enseignement et l&rsquo;\u00e9rudition de l&rsquo;histoire autochtone et de nombreux membres du d\u00e9partement sont int\u00e9ress\u00e9s \u00e0 acqu\u00e9rir un sens de l&rsquo;alphab\u00e9tisation en histoire autochtone (locale en particulier). Notre d\u00e9partement est, au moins depuis les ann\u00e9es 1980, un centre de recherche sur la traite des fourrures et l&rsquo;ethnohistoire et a r\u00e9cemment mis en place un personnel consid\u00e9rable, engag\u00e9 et diversifi\u00e9 dans le domaine de l&rsquo;histoire autochtone (dont trois professeurs autochtones[3]) offrant un programme d&rsquo;\u00e9tudes r\u00e9fl\u00e9chi et maniable. [4] \u00a0Notre d\u00e9partement entretient de bonnes relations de travail avec le d\u00e9partement d\u2019\u00e9tudes autochtones.\u00a0 De plus, l&rsquo;Universit\u00e9 de Winnipeg a donn\u00e9 la priorit\u00e9 \u00e0 l&rsquo;\u00e9ducation autochtone et a \u00e9t\u00e9 orient\u00e9e par un groupe important d&rsquo;\u00e9tudiants autochtones qui se sont investis de fa\u00e7on critique dans la d\u00e9couverte, la r\u00e9vision et la compr\u00e9hension de l\u2019impact des histoires locales, nationales et mondiales de l&rsquo;indig\u00e9n\u00e9it\u00e9 et du colonialisme.<\/p>\n<p>L&rsquo;activit\u00e9 r\u00e9cente du d\u00e9partement a \u00e9t\u00e9 d\u00e9termin\u00e9e en partie par les orientations strat\u00e9giques de l&rsquo;universit\u00e9, adopt\u00e9es \u00e0 la fin de 2015 \u00e0 la suite d&rsquo;un vaste processus de consultation, qui a identifi\u00e9 l&rsquo;indig\u00e9nisation comme l&rsquo;une de cinq priorit\u00e9s strat\u00e9giques cl\u00e9s. En m\u00eame temps, une initiative dirig\u00e9e par des \u00e9tudiants et portant sur l&rsquo;obligation de suivre des cours d&rsquo;\u00e9tudes autochtones a fait l&rsquo;objet d&rsquo;un d\u00e9bat anim\u00e9 au S\u00e9nat. L&rsquo;approbation de principe de cette exigence au printemps 2015 a men\u00e9 \u00e0 la cr\u00e9ation d&rsquo;un comit\u00e9 consultatif \u00e0 l&rsquo;\u00e9chelle de l&rsquo;universit\u00e9 dont la recommandation a \u00e9t\u00e9 adopt\u00e9e par le S\u00e9nat en novembre 2015. En m\u00eame temps, en juin 2015, la Commission a publi\u00e9 ses conclusions qui ont \u00e9t\u00e9 diffus\u00e9es \u00e0 un auditoire de plus de 700 personnes dans la salle Riddell. Le d\u00e9partement d&rsquo;histoire avait l&rsquo;expertise, l&rsquo;engagement et la responsabilit\u00e9 pour r\u00e9pondre \u00e0 celles-ci. [5]<\/p>\n<p>L&rsquo;appui \u00ab\u00a0en principe\u00a0\u00bb du S\u00e9nat de l&rsquo;universit\u00e9 \u00e0 un RIC a d\u00e9clench\u00e9 la cr\u00e9ation d&rsquo;un comit\u00e9 d\u00e9partemental sp\u00e9cial. Ce comit\u00e9 comprenait tous les membres du d\u00e9partement qui participeraient probablement \u00e0 la prestation d&rsquo;un tel cours et, m\u00eame si cela n&rsquo;\u00e9tait pas \u00e9vident pour tous \u00e0 l&rsquo;\u00e9poque, le comit\u00e9 a \u00e9tabli l&rsquo;importance de la r\u00e9flexion collective et de la responsabilit\u00e9 de ce travail. La valeur de cette d\u00e9marche est devenue \u00e9vidente lorsque l&rsquo;universit\u00e9 a mis en \u0153uvre la deuxi\u00e8me \u00e9tape de ses orientations strat\u00e9giques, ce qu&rsquo;elle a appel\u00e9 son Plan int\u00e9gr\u00e9 de recherche et d&rsquo;enseignement (PIRE) \u00e0 la fin de 2015 et au d\u00e9but de 2016. Les consultations entourant ce plan ont donn\u00e9 au comit\u00e9 sp\u00e9cial du d\u00e9partement l&rsquo;occasion de r\u00e9fl\u00e9chir davantage \u00e0 ce que signifie l&rsquo;expression \u00ab\u00a0indig\u00e9nisation\u00a0\u00bb au niveau de la facult\u00e9, du d\u00e9partement et de l&rsquo;\u00e9tablissement. Un membre du d\u00e9partement \u00e9tait responsable de r\u00e9diger la r\u00e9ponse en \u00e9laborant un document qui a \u00e9t\u00e9 \u00e0 son tour examin\u00e9, r\u00e9vis\u00e9 et renforc\u00e9 par d&rsquo;autres membres du comit\u00e9 de l&rsquo;ICR du d\u00e9partement.<\/p>\n<p>Ce document a aid\u00e9 \u00e0 articuler les activit\u00e9s et les possibilit\u00e9s au niveau d\u00e9partemental. Le document complet se trouve \u00e0 l&rsquo;adresse suivante : <a href=\"http:\/\/www.uwinnipeg.ca\/iarp\/docs\/written-submissions\/Members-of-the-History-Department-3.pdf\">http:\/\/www.uwinnipeg.ca\/iarp\/docs\/written-submissions\/Members-of-the-History-Department-3.pdf<\/a> (en anglais). Un autre petit pas, mais concret, a suivi.\u00a0 Lors de l&rsquo;Assembl\u00e9e g\u00e9n\u00e9rale annuelle de notre d\u00e9partement (une activit\u00e9 d&rsquo;une journ\u00e9e compl\u00e8te), nous avons tenu une s\u00e9ance en petits groupes sur \u00ab\u00a0l&rsquo;indig\u00e9nisation et la d\u00e9colonisation en classe\u00a0\u00bb.\u00a0 \u00c0 la suite de cette s\u00e9ance bien remplie et anim\u00e9e, le d\u00e9partement a cr\u00e9\u00e9 un comit\u00e9 d&rsquo;indig\u00e9nisation pour poursuivre la conversation et mettre en \u0153uvre certaines de nos id\u00e9es.\u00a0 Bien que cela n&rsquo;ait pas \u00e9t\u00e9 clair pour tous \u00e0 l&rsquo;\u00e9poque, la d\u00e9cision de cr\u00e9er un nouveau comit\u00e9 en plus du comit\u00e9 sp\u00e9cial existant sur l&rsquo;ICR a \u00e9t\u00e9 fortuite ; l&rsquo;indig\u00e9nisation et la d\u00e9colonisation nous ont oblig\u00e9s \u00e0 regarder au-del\u00e0 des cours d\u2019histoire autochtone.<\/p>\n<p>L&rsquo;un des premiers projets de ce comit\u00e9 a \u00e9t\u00e9 d&rsquo;\u00e9laborer une d\u00e9claration facultative qui reconna\u00eet le territoire et l&rsquo;histoire autochtones dans les plans de cours du d\u00e9partement. L&rsquo;\u00e9laboration de cette d\u00e9claration et son partage avec le d\u00e9partement sont devenus une excellente occasion de discussion entre nous et avec nos \u00e9tudiants. [6] \u00c0 la suite de ces discussions, et dans le but de s&rsquo;assurer que la d\u00e9claration ne devienne pas \u00ab\u00a0un document type\u00a0\u00bb, le Comit\u00e9 est en train de la reformuler.\u00a0 La nouvelle d\u00e9claration provisoire est :<\/p>\n<blockquote><p>Le d\u00e9partement d&rsquo;histoire de l&rsquo;Universit\u00e9 de Winnipeg reconna\u00eet que nous vivons et travaillons sur les territoires ancestraux et traditionnels des nations anishinaabe, assiniboine, crie, dakota, m\u00e9tis et ojicrie.\u00a0 Nous reconnaissons \u00e9galement que la discipline de l&rsquo;histoire a \u00e9t\u00e9 utilis\u00e9e pour appuyer des programmes de d\u00e9possession et d&rsquo;assimilation visant les peuples autochtones.\u00a0 L&rsquo;enseignement et l&rsquo;apprentissage de l&rsquo;histoire autochtone nous permettent de faire face \u00e0 l&rsquo;histoire coloniale et d&rsquo;honorer et de respecter les gens qui ont habit\u00e9 cet endroit pendant des mill\u00e9naires.<\/p><\/blockquote>\n<p>En plus de cette d\u00e9claration, le comit\u00e9 a pr\u00e9conis\u00e9 la formation culturelle autochtone ou l&rsquo;apprentissage par l&rsquo;exp\u00e9rience sur le territoire vis\u00e9 par le Trait\u00e9 1 et la culture m\u00e9tisse. La raison d&rsquo;\u00eatre de cette exp\u00e9rience \u00e9tait de faire plus que de r\u00e9gurgiter l&rsquo;information du territoire et de permettre aux professeurs d&rsquo;histoire d\u2019\u00eatre personnellement renseign\u00e9s sur les cultures autochtones du Manitoba. Une deuxi\u00e8me initiative du comit\u00e9 a \u00e9t\u00e9 d&rsquo;instituer un prix d&rsquo;essai de premier cycle en histoire autochtone.\u00a0 Nous avons choisi de lier le prix aux cours de l&rsquo;ICR et d&rsquo;utiliser le prix pour encourager particuli\u00e8rement les \u00e9tudiants autochtones. \u00c0 cette fin, nous avons demand\u00e9 \u00e0 ceux qui soumettent des essais au concours de s&rsquo;auto-identifier et nous accordons la priorit\u00e9 aux essais \u00e9crits par des \u00e9tudiants autochtones.\u00a0 Comme nous n&rsquo;avons actuellement pas de fonds pour le prix lui-m\u00eame, nous sommes en train de \u00ab\u00a0faire la qu\u00eate\u00a0\u00bb aux professeurs et de pouvoir donner un petit prix \u00ab\u00a0modique\u00a0\u00bb.\u00a0 Pour plus d&rsquo;informations sur le prix, voir : <a href=\"http:\/\/www.uwinnipeg.ca\/history\/awards\/index.html\">http:\/\/www.uwinnipeg.ca\/history\/awards\/index.html<\/a>. En plus du prix de premier cycle, le d\u00e9partement a choisi d&rsquo;accorder la priorit\u00e9 aux \u00e9tudiants autochtones et aux \u00e9tudiants qui \u00e9tudient l&rsquo;histoire autochtone comme r\u00e9cipiendaires de la nouvelle bourse d&rsquo;\u00e9tudes sup\u00e9rieures en histoire de l&rsquo;Universit\u00e9 de Winnipeg, remise chaque ann\u00e9e \u00e0 un \u00e9tudiant qui commence ou poursuit des \u00e9tudes sup\u00e9rieures en histoire.<\/p>\n<p>Parmi les autres initiatives du d\u00e9partement, mentionnons l\u2019id\u00e9e d\u2019en savoir plus sur le nombre d&rsquo;\u00e9tudiants autochtones de premier cycle qui d\u00e9clarent suivre une sp\u00e9cialisation en histoire. Nous avons constat\u00e9 que 20 p. 100 des \u00e9tudiants en histoire sont des \u00e9tudiants s\u2019identifiant comme Autochtones, soit environ 40 par ann\u00e9e. Nous avons \u00e9galement \u00e9labor\u00e9 une \u00e9tude sur l&rsquo;exp\u00e9rience des professeurs qui offrent des cours de l&rsquo;ICR en 2016-2017. Cette \u00e9tude permettra \u00e0 la fois de documenter ce moment historique et de formuler des commentaires, des pr\u00e9occupations et des conseils du point de vue de sp\u00e9cialistes de l&rsquo;histoire autochtone.<\/p>\n<p>Faire partie de ce comit\u00e9 a encourag\u00e9 ceux d&rsquo;entre nous qui n&rsquo;enseignent pas de cours ou ne font pas de recherche en histoire autochtone ou canadienne \u00e0 r\u00e9fl\u00e9chir \u00e0 la fa\u00e7on dont nous pourrions r\u00e9pondre aux appels \u00e0 l&rsquo;action de la CVR. D&rsquo;une part, elle nous a aussi incit\u00e9s \u00e0 incorporer un contenu autochtone dans notre enseignement et nos recherches. Cette participation a \u00e9galement acc\u00e9l\u00e9r\u00e9 et r\u00e9orient\u00e9 les efforts disciplinaires de longue date pour recadrer les r\u00e9cits \u00ab\u00a0occidentaux\u00a0\u00bb. Dans l&rsquo;histoire des sciences, par exemple, elle a fourni une nouvelle justification pour mettre en lumi\u00e8re les r\u00e9interpr\u00e9tations[7] et les d\u00e9fis r\u00e9cents de la notion de la \u00ab\u00a0r\u00e9volution scientifique\u00a0\u00bb occidentale et, surtout, a d\u00e9montr\u00e9 aux \u00e9tudiants le lien entre le colonialisme au Canada et des th\u00e8mes plus vastes de l&rsquo;histoire intellectuelle. Enfin, l&rsquo;un d&rsquo;entre nous a pris conscience de l&rsquo;importance d&rsquo;aller \u00e0 la rencontre des chercheurs qui travaillent sur l&rsquo;histoire et le savoir autochtones pour s&rsquo;assurer que ces sujets soient repr\u00e9sent\u00e9s au programme d&rsquo;une conf\u00e9rence nationale sur l&rsquo;histoire et la philosophie des sciences.<\/p>\n<p><strong>Conclusion<\/strong><\/p>\n<p>Pour que l&rsquo;indig\u00e9nisation ait lieu au sein de grandes institutions comme les universit\u00e9s, il faut qu&rsquo;il y ait des champions \u00e0 tous les niveaux qui travaillent avec l&rsquo;administration, les professeurs et les \u00e9tudiants pour cr\u00e9er ce changement de paradigme. Le corps professoral doit \u00eatre engag\u00e9 et enr\u00f4l\u00e9 parce que les \u00e9pist\u00e9mologies occidentales sont omnipr\u00e9sentes dans tous les aspects de l&rsquo;universit\u00e9. Le d\u00e9partement d&rsquo;histoire est extr\u00eamement fier d&rsquo;\u00eatre le chef de file dans l&rsquo;\u00e9limination de ces obstacles et de faire place \u00e0 des pratiques d&rsquo;enseignement nuanc\u00e9es qui reconnaissent les visions du monde et les p\u00e9dagogies autochtones dans le domaine de l&rsquo;histoire.<\/p>\n<p>[1] En fait, une grande partie de la couverture m\u00e9diatique de la question de l&rsquo;indig\u00e9nisation dans les universit\u00e9s canadiennes portait principalement sur les d\u00e9cisions et les politiques administratives, tandis que les travaux d&rsquo;\u00e9rudition ont tendance \u00e0 se concentrer sur le travail quotidien du corps professoral et du personnel pour produire du mat\u00e9riel p\u00e9dagogique, \u00e9laborer des programmes d&rsquo;\u00e9tudes et am\u00e9liorer les services aux \u00e9tudiants.\u00a0 Voir, par exemple, Catherine Porter, \u00a0\u00bb College Built for Canadian Settlers Envisions an Indigenous Future \u00ab\u00a0, New York Times, 21 juin 2017, p. A6 ; et 2017 Meeting of the Native American and Indigenous Studies Association Panel : Decolonizing Academia, pr\u00e9sident Robert Innes, Universit\u00e9 de la Saskatchewan, \u00ab\u00a0Politics of Place : Resurgence Pedagogy in the Post-Secondary Classroom \u00ab\u00a0, Lianne Marie Leda Charlie, Universit\u00e9 d&rsquo;Hawaii \u00e0 Manoa, \u00a0\u00bb Reflections on the Implications of Wahkohtowin for Research and Teaching \u00ab\u00a0, Robert Hancock, University of Victoria\u00a0 et \u00a0\u00bb Circular constructions of land and property in the Quebec Education Program : Implications for decolonization \u00ab\u00a0, Christopher Reid, Universit\u00e9 McGill.<br \/>\n[2] Voir par exemple, Adam Gaudry, \u00ab\u00a0Paved with Good Intentions : Simply Requiring Indigenous Content is Not Enough \u00ab\u00a0, 13 janvier 2016, voir le site Web d\u2019ActiveHistory : <a href=\"http:\/\/activehistory.ca\/2016\/01\/paved-with-good-intentions-simply-requiring-indigenous-content-is-not-enough\/\">http:\/\/activehistory.ca\/2016\/01\/paved-with-good-intentions-simply-requiring-indigenous-content-is-not-enough\/<\/a> ; Rauna Kuokkanen, \u00a0\u00bb Mandatory Indigenous Studies course are not reconciliation, they&rsquo;re an easy way out \u00ab\u00a0, 18 mars 2016, voir le site Rabble.ca : <a href=\"http:\/\/rabble.ca\/blogs\/bloggers\/campus-notes\/2016\/03\/mandatory-indigenous-studies-courses-arent-reconciliation-theyre\">http:\/\/rabble.ca\/blogs\/bloggers\/campus-notes\/2016\/03\/mandatory-indigenous-studies-courses-arent-reconciliation-theyre<\/a> ; il y avait \u00e9galement un commentaire motivant sur Facebook de Daniel Health Justice qui n&rsquo;est plus disponible en ligne.<br \/>\n[3] Sept membres r\u00e9guliers du corps professoral donnent des cours d&rsquo;histoire autochtone, dont deux professeurs autochtones titulaires et un professeur autochtone \u00e0 contrat depuis de nombreuses ann\u00e9es. Il est important de savoir le nombre de professeurs autochtones qui s&rsquo;occupent de ces questions &#8211; cela a de l&rsquo;importance dans le processus de prise de d\u00e9cision, cela a de l&rsquo;importance pour nos \u00e9tudiants et cela a de l&rsquo;importance dans la philosophie et la politique de notre campus.<br \/>\n[4] Pour un aper\u00e7u des programmes d&rsquo;histoire autochtone offerts par le D\u00e9partement d&rsquo;histoire, voir : <a href=\"http:\/\/www.uwinnipeg.ca\/history\/indigenous-history.html\">http:\/\/www.uwinnipeg.ca\/history\/indigenous-history.html<\/a><br \/>\n[5] \u00c0 l&rsquo;automne 2016, l&rsquo;universit\u00e9 a mis en \u0153uvre l&rsquo;exigence selon laquelle tous les nouveaux \u00e9tudiants au baccalaur\u00e9at doivent suivre un cours portant sur le contenu autochtone, \u00e9galement connu sous le nom de \u00ab\u00a0cours obligatoire sur les Autochtones\u00a0\u00bb, ou son acronyme anglais ICR. Ces cours peuvent \u00eatre choisis \u00e0 partir d&rsquo;une liste \u00e9volutive d&rsquo;offres provenant de diff\u00e9rents d\u00e9partements, y compris des cours d&rsquo;histoire \u00e0 tous les niveaux. Pour plus d&rsquo;informations sur les cours obligatoires sur les Autochtones, voir : <a href=\"http:\/\/uwinnipeg.ca\/indigenous-course-requirement\/\">http:\/\/uwinnipeg.ca\/indigenous-course-requirement\/<\/a>.<br \/>\n[6] Suite \u00e0 la D\u00e9claration, le comit\u00e9 d&rsquo;indig\u00e9nisation\/de d\u00e9colonisation a pr\u00e9vu deux sessions sur la D\u00e9claration dans le cadre de notre s\u00e9rie \u00ab\u00a0Parlons d&rsquo;enseignement\u00a0\u00bb (son acronyme anglais TAT) durant l&rsquo;ann\u00e9e 2016-2017. Ici, nous avons demand\u00e9 aux membres du corps professoral de discuter de l&rsquo;endroit o\u00f9 ils avaient plac\u00e9 l&rsquo;\u00e9nonc\u00e9 dans leur plan de cours, et de la fa\u00e7on dont l&rsquo;\u00e9nonc\u00e9 a \u00e9t\u00e9 pr\u00e9sent\u00e9 et discut\u00e9 dans leurs cours.\u00a0 Ces s\u00e9ances ont \u00e9t\u00e9 incroyablement productives, car l&rsquo;adoption de la d\u00e9claration et ses discussions ont \u00e9t\u00e9 tr\u00e8s vari\u00e9es.\u00a0 Par exemple, plusieurs ont choisi de placer l&rsquo;\u00e9nonc\u00e9 en haut de leur programme de cours, d&rsquo;autres ont choisi de l&rsquo;introduire dans le contexte de l&rsquo;information g\u00e9n\u00e9rale du cours.\u00a0 Dans un cours, les \u00e9tudiants ont abord\u00e9 l&rsquo;\u00e9nonc\u00e9 comme une source primaire de preuves historiques et, \u00e0 ce titre, ont fait une analyse critique de la source, de l&rsquo;intention et du contexte de l&rsquo;\u00e9nonc\u00e9.<br \/>\n[7] Voir, par exemple, Rivka Feldhay &amp; F Jamil Ragep, eds., Before Copernicus: The Cultures and Contexts of Scientific Learning in the Fifteenth Century (Montreal and Kingston: McGill-Queen\u2019s University Press, 2017).<\/p>\n","protected":false},"excerpt":{"rendered":"<p>Mary Jane Logan McCallum, Julie Nagam, James Hanley, Anne-Laurence Caudano and Delia Gavrus PDF Ce texte a pr\u00e9alablement \u00e9t\u00e9 publi\u00e9 dans le #43.2 du Bulletin de la SHC, pp. 32-33 (en anglais seulement) et sur le site d&rsquo;ActiveHistory le 15 septembre 2017 (en anglais seulement). Introduction Le but de cet article est de documenter certaines [&hellip;]<\/p>\n","protected":false},"author":1,"featured_media":0,"parent":14530,"menu_order":2,"comment_status":"closed","ping_status":"closed","template":"","meta":{"_acf_changed":false,"_seopress_robots_primary_cat":"","_seopress_titles_title":"D\u00e9colonisation, l\u2019indig\u00e9nisation et d\u00e9partements d\u2019histoire | Historique du Canada | Soci\u00e9t\u00e9 historique du Canada","_seopress_titles_desc":"Le but est de documenter les activit\u00e9s r\u00e9centes sur la colonisation et la d\u00e9colonisation que nous avons entreprises dans le d\u00e9partement de l&#039;histoire. ","_seopress_robots_index":"","_exactmetrics_skip_tracking":false,"_exactmetrics_sitenote_active":false,"_exactmetrics_sitenote_note":"","_exactmetrics_sitenote_category":0,"site-sidebar-layout":"default","site-content-layout":"default","ast-site-content-layout":"default","site-content-style":"default","site-sidebar-style":"default","ast-global-header-display":"","ast-banner-title-visibility":"","ast-main-header-display":"","ast-hfb-above-header-display":"","ast-hfb-below-header-display":"","ast-hfb-mobile-header-display":"","site-post-title":"","ast-breadcrumbs-content":"","ast-featured-img":"","footer-sml-layout":"","ast-disable-related-posts":"","theme-transparent-header-meta":"default","adv-header-id-meta":"","stick-header-meta":"","header-above-stick-meta":"","header-main-stick-meta":"","header-below-stick-meta":"","astra-migrate-meta-layouts":"default","ast-page-background-enabled":"default","ast-page-background-meta":{"desktop":{"background-color":"var(--ast-global-color-4)","background-image":"","background-repeat":"repeat","background-position":"center center","background-size":"auto","background-attachment":"scroll","background-type":"","background-media":"","overlay-type":"","overlay-color":"","overlay-opacity":"","overlay-gradient":""},"tablet":{"background-color":"","background-image":"","background-repeat":"repeat","background-position":"center center","background-size":"auto","background-attachment":"scroll","background-type":"","background-media":"","overlay-type":"","overlay-color":"","overlay-opacity":"","overlay-gradient":""},"mobile":{"background-color":"","background-image":"","background-repeat":"repeat","background-position":"center center","background-size":"auto","background-attachment":"scroll","background-type":"","background-media":"","overlay-type":"","overlay-color":"","overlay-opacity":"","overlay-gradient":""}},"ast-content-background-meta":{"desktop":{"background-color":"var(--ast-global-color-5)","background-image":"","background-repeat":"repeat","background-position":"center center","background-size":"auto","background-attachment":"scroll","background-type":"","background-media":"","overlay-type":"","overlay-color":"","overlay-opacity":"","overlay-gradient":""},"tablet":{"background-color":"var(--ast-global-color-5)","background-image":"","background-repeat":"repeat","background-position":"center center","background-size":"auto","background-attachment":"scroll","background-type":"","background-media":"","overlay-type":"","overlay-color":"","overlay-opacity":"","overlay-gradient":""},"mobile":{"background-color":"var(--ast-global-color-5)","background-image":"","background-repeat":"repeat","background-position":"center center","background-size":"auto","background-attachment":"scroll","background-type":"","background-media":"","overlay-type":"","overlay-color":"","overlay-opacity":"","overlay-gradient":""}},"footnotes":""},"page_template":[239],"class_list":["post-14536","page","type-page","status-publish","hentry","page_template-sidebar-fr"],"acf":[],"publishpress_future_action":{"enabled":false,"date":"2026-05-04 13:48:03","action":"change-status","newStatus":"draft","terms":[],"taxonomy":"page_template","extraData":[]},"publishpress_future_workflow_manual_trigger":{"enabledWorkflows":[]},"_links":{"self":[{"href":"https:\/\/cha-shc.ca\/fr\/wp-json\/wp\/v2\/pages\/14536","targetHints":{"allow":["GET"]}}],"collection":[{"href":"https:\/\/cha-shc.ca\/fr\/wp-json\/wp\/v2\/pages"}],"about":[{"href":"https:\/\/cha-shc.ca\/fr\/wp-json\/wp\/v2\/types\/page"}],"author":[{"embeddable":true,"href":"https:\/\/cha-shc.ca\/fr\/wp-json\/wp\/v2\/users\/1"}],"replies":[{"embeddable":true,"href":"https:\/\/cha-shc.ca\/fr\/wp-json\/wp\/v2\/comments?post=14536"}],"version-history":[{"count":3,"href":"https:\/\/cha-shc.ca\/fr\/wp-json\/wp\/v2\/pages\/14536\/revisions"}],"predecessor-version":[{"id":40172,"href":"https:\/\/cha-shc.ca\/fr\/wp-json\/wp\/v2\/pages\/14536\/revisions\/40172"}],"up":[{"embeddable":true,"href":"https:\/\/cha-shc.ca\/fr\/wp-json\/wp\/v2\/pages\/14530"}],"wp:attachment":[{"href":"https:\/\/cha-shc.ca\/fr\/wp-json\/wp\/v2\/media?parent=14536"}],"wp:term":[{"taxonomy":"page_template","embeddable":true,"href":"https:\/\/cha-shc.ca\/fr\/wp-json\/wp\/v2\/page_template?post=14536"}],"curies":[{"name":"wp","href":"https:\/\/api.w.org\/{rel}","templated":true}]}}