{"id":14542,"date":"2022-07-08T15:14:15","date_gmt":"2022-07-08T19:14:15","guid":{"rendered":"https:\/\/cha-shc.ca\/?page_id=14542"},"modified":"2023-06-30T10:01:24","modified_gmt":"2023-06-30T14:01:24","slug":"engaged-engages-une-serie-de-webinaires-de-la-shc","status":"publish","type":"page","link":"https:\/\/cha-shc.ca\/fr\/cvr\/engaged-engages-une-serie-de-webinaires-de-la-shc\/","title":{"rendered":"Engaged | Engag\u00e9s &#8211; une s\u00e9rie de webinaires de la SHC"},"content":{"rendered":"<p><img fetchpriority=\"high\" decoding=\"async\" src=\"https:\/\/cha-shc.ca\/wp-content\/uploads\/2022\/08\/5ef9f0c93094e.jpg\" alt=\"Engaged-Engag\u00e9s\" width=\"400\" height=\"194\" \/><br \/>\nLa SHC a organis\u00e9 une s\u00e9rie de webinaires afin d&rsquo;offrir un forum de discussion virtuel pour les historien.ne.s.\u00a0 Nous esp\u00e9rons que la s\u00e9rie deviendra petit \u00e0 petit un v\u00e9ritable lieu d&rsquo;\u00e9changes.<\/p>\n<p>Vous pouvez voir la s\u00e9rie sur la <a title=\"CHA Affiliates\" href=\"https:\/\/www.youtube.com\/channel\/UCu9Wr3ur_ApQI1mUOFrYQGQ\" target=\"_blank\" rel=\"noopener\">cha\u00eene YouTube de la SHC<\/a>.<\/p>\n<p><strong>Engaged | Engag\u00e9s \u2013 une s\u00e9rie de webinaires de la SHC<\/strong><\/p>\n<p>la d\u00e9colonisation I : <a href=\"https:\/\/cha-shc.ca\/fr\/publications\/engaged-engages-une-serie-de-webinaires-de-la-shc\/engaged-engages-une-serie-de-webinaires-de-la-shc-la-decolonisation-i-lautochtonisation-de-lenseignement-de-lhistoire\/\">l\u2019autochtonisation de l\u2019enseignement de l\u2019histoire\u00a0<\/a><\/p>\n<p>la d\u00e9colonisation II : <a href=\"https:\/\/cha-shc.ca\/fr\/publications\/engaged-engages-une-serie-de-webinaires-de-la-shc\/engaged-engages-une-serie-de-webinaires-de-la-shc-la-decolonisation-ii-lautochtonisation-de-lenseignement-de-lhistoire-de-lamerique-du-nord\/\">l\u2019autochtonisation de l\u2019enseignement de l\u2019histoire de l\u2019Am\u00e9rique du Nord<\/a><\/p>\n<p>la pr\u00e9carit\u00e9 I : l<a href=\"https:\/\/cha-shc.ca\/fr\/publications\/engaged-engages-une-serie-de-webinaires-de-la-shc\/engaged-engages-une-serie-de-webinaires-de-la-shc-la-precarite-i-les-historiens-en-situation-precaire-diversite-inclusion-et-les-departements-dhistoire\/\">es historiens en situation pr\u00e9caire, diversit\u00e9 &amp; inclusion, et les d\u00e9partements d\u2019histoire<\/a><\/p>\n<p>la pr\u00e9carit\u00e9 II : <a href=\"https:\/\/cha-shc.ca\/fr\/publications\/engaged-engages-une-serie-de-webinaires-de-la-shc\/engaged-engages-une-serie-de-webinaires-de-la-shc-la-precarite-ii-les-historiens-en-situation-precaire-les-syndicats-les-universites-neo-liberales\/\">les historiens en situation pr\u00e9caire, les syndicats &amp; les universit\u00e9s n\u00e9o-lib\u00e9rales<\/a><\/p>\n<p>la pr\u00e9carit\u00e9 III : <a href=\"https:\/\/cha-shc.ca\/fr\/publications\/engaged-engages-une-serie-de-webinaires-de-la-shc\/engaged-engages-une-serie-de-webinaires-de-la-shc-la-precarite-iii-les-historiens-en-situation-precaire-bienveillance-disciplinaire-la-shc-que-peut-elle-faire\/\">les historiens en situation pr\u00e9caire &amp; bienveillance disciplinaire. La SHC : que peut-elle faire ?<\/a><\/p>\n<p>S\u00e9rie de tables rondes Repenser l\u2019histoire au Canada I : <a href=\"https:\/\/cha-shc.ca\/fr\/publications\/engaged-engages-une-serie-de-webinaires-de-la-shc\/engaged-engages-une-serie-de-webinaires-de-la-shc-serie-de-tables-rondes-repenser-lhistoire-au-canada-i-les-femmes-le-genre-et-la-sexualite\/\">les femmes, le genre et la sexualit\u00e9<\/a><\/p>\n<p>Repenser l\u2019histoire au Canada II :<a href=\"https:\/\/cha-shc.ca\/fr\/publications\/engaged-engages-une-serie-de-webinaires-de-la-shc\/engaged-engages-une-serie-de-tables-rondes-de-la-shc-repenser-lhistoire-au-canada-ii-experiences-autochtones-et-decolonisation\/\"> exp\u00e9riences autochtones et d\u00e9colonisation<\/a><\/p>\n<p><a href=\"https:\/\/cha-shc.ca\/fr\/publications\/engaged-engages-une-serie-de-webinaires-de-la-shc\/engaged-engages-une-serie-de-webinaires-de-la-shc-repenser-lhistoire-au-canada-iii-experiences-de-personnes-pandc\/\">Repenser l\u2019histoire au Canada III \u2013 Exp\u00e9riences de personnes PANDC<\/a><\/p>\n<p><a href=\"https:\/\/cha-shc.ca\/fr\/publications\/engaged-engages-une-serie-de-webinaires-de-la-shc\/engaged-engages-une-serie-de-webinaires-de-la-shc-les-historien-ne-s-au-travail-i-le-secteur-prive\/\">Les historien.ne.s au travail I \u2013 le secteur priv\u00e9<\/a><\/p>\n<p><em>Seen but Not Seen: Influential Canadians and the First Nations from the 1840s to Today <\/em>: <a href=\"https:\/\/www.youtube.com\/watch?v=6F-bDKu7FDg&amp;t=14s\">une table ronde virtuelle<\/a><\/p>\n","protected":false},"excerpt":{"rendered":"<p>La SHC a organis\u00e9 une s\u00e9rie de webinaires afin d&rsquo;offrir un forum de discussion virtuel pour les historien.ne.s.\u00a0 Nous esp\u00e9rons que la s\u00e9rie deviendra petit \u00e0 petit un v\u00e9ritable lieu d&rsquo;\u00e9changes. Vous pouvez voir la s\u00e9rie sur la cha\u00eene YouTube de la SHC. Engaged | Engag\u00e9s \u2013 une s\u00e9rie de webinaires de la SHC la [&hellip;]<\/p>\n","protected":false},"author":1,"featured_media":0,"parent":14530,"menu_order":5,"comment_status":"closed","ping_status":"closed","template":"","meta":{"_acf_changed":false,"_seopress_robots_primary_cat":"","_seopress_titles_title":"Une s\u00e9rie de webinaires de la SHC | Historique du Canada | Soci\u00e9t\u00e9 historique du Canada","_seopress_titles_desc":"Une s\u00e9rie de webinaires afin d\u2019offrir un forum de discussion virtuel pour les historien.ne.s.  Un v\u00e9ritable lieu d\u2019\u00e9changes.","_seopress_robots_index":"","_exactmetrics_skip_tracking":false,"_exactmetrics_sitenote_active":false,"_exactmetrics_sitenote_note":"","_exactmetrics_sitenote_category":0,"site-sidebar-layout":"default","site-content-layout":"default","ast-site-content-layout":"default","site-content-style":"default","site-sidebar-style":"default","ast-global-header-display":"","ast-banner-title-visibility":"","ast-main-header-display":"","ast-hfb-above-header-display":"","ast-hfb-below-header-display":"","ast-hfb-mobile-header-display":"","site-post-title":"","ast-breadcrumbs-content":"","ast-featured-img":"","footer-sml-layout":"","ast-disable-related-posts":"","theme-transparent-header-meta":"default","adv-header-id-meta":"","stick-header-meta":"","header-above-stick-meta":"","header-main-stick-meta":"","header-below-stick-meta":"","astra-migrate-meta-layouts":"default","ast-page-background-enabled":"default","ast-page-background-meta":{"desktop":{"background-color":"var(--ast-global-color-4)","background-image":"","background-repeat":"repeat","background-position":"center center","background-size":"auto","background-attachment":"scroll","background-type":"","background-media":"","overlay-type":"","overlay-color":"","overlay-opacity":"","overlay-gradient":""},"tablet":{"background-color":"","background-image":"","background-repeat":"repeat","background-position":"center center","background-size":"auto","background-attachment":"scroll","background-type":"","background-media":"","overlay-type":"","overlay-color":"","overlay-opacity":"","overlay-gradient":""},"mobile":{"background-color":"","background-image":"","background-repeat":"repeat","background-position":"center center","background-size":"auto","background-attachment":"scroll","background-type":"","background-media":"","overlay-type":"","overlay-color":"","overlay-opacity":"","overlay-gradient":""}},"ast-content-background-meta":{"desktop":{"background-color":"var(--ast-global-color-5)","background-image":"","background-repeat":"repeat","background-position":"center center","background-size":"auto","background-attachment":"scroll","background-type":"","background-media":"","overlay-type":"","overlay-color":"","overlay-opacity":"","overlay-gradient":""},"tablet":{"background-color":"var(--ast-global-color-5)","background-image":"","background-repeat":"repeat","background-position":"center center","background-size":"auto","background-attachment":"scroll","background-type":"","background-media":"","overlay-type":"","overlay-color":"","overlay-opacity":"","overlay-gradient":""},"mobile":{"background-color":"var(--ast-global-color-5)","background-image":"","background-repeat":"repeat","background-position":"center center","background-size":"auto","background-attachment":"scroll","background-type":"","background-media":"","overlay-type":"","overlay-color":"","overlay-opacity":"","overlay-gradient":""}},"footnotes":""},"page_template":[239],"class_list":["post-14542","page","type-page","status-publish","hentry","page_template-sidebar-fr"],"acf":[],"publishpress_future_action":{"enabled":false,"date":"2026-05-04 13:48:01","action":"change-status","newStatus":"draft","terms":[],"taxonomy":"page_template","extraData":[]},"publishpress_future_workflow_manual_trigger":{"enabledWorkflows":[]},"_links":{"self":[{"href":"https:\/\/cha-shc.ca\/fr\/wp-json\/wp\/v2\/pages\/14542","targetHints":{"allow":["GET"]}}],"collection":[{"href":"https:\/\/cha-shc.ca\/fr\/wp-json\/wp\/v2\/pages"}],"about":[{"href":"https:\/\/cha-shc.ca\/fr\/wp-json\/wp\/v2\/types\/page"}],"author":[{"embeddable":true,"href":"https:\/\/cha-shc.ca\/fr\/wp-json\/wp\/v2\/users\/1"}],"replies":[{"embeddable":true,"href":"https:\/\/cha-shc.ca\/fr\/wp-json\/wp\/v2\/comments?post=14542"}],"version-history":[{"count":6,"href":"https:\/\/cha-shc.ca\/fr\/wp-json\/wp\/v2\/pages\/14542\/revisions"}],"predecessor-version":[{"id":44016,"href":"https:\/\/cha-shc.ca\/fr\/wp-json\/wp\/v2\/pages\/14542\/revisions\/44016"}],"up":[{"embeddable":true,"href":"https:\/\/cha-shc.ca\/fr\/wp-json\/wp\/v2\/pages\/14530"}],"wp:attachment":[{"href":"https:\/\/cha-shc.ca\/fr\/wp-json\/wp\/v2\/media?parent=14542"}],"wp:term":[{"taxonomy":"page_template","embeddable":true,"href":"https:\/\/cha-shc.ca\/fr\/wp-json\/wp\/v2\/page_template?post=14542"}],"curies":[{"name":"wp","href":"https:\/\/api.w.org\/{rel}","templated":true}]}}