{"id":14544,"date":"2022-07-08T15:14:30","date_gmt":"2022-07-08T19:14:30","guid":{"rendered":"https:\/\/cha-shc.ca\/?page_id=14544"},"modified":"2023-06-30T10:01:39","modified_gmt":"2023-06-30T14:01:39","slug":"images-dhistoires-autochtones-marginalisees","status":"publish","type":"page","link":"https:\/\/cha-shc.ca\/fr\/cvr\/images-dhistoires-autochtones-marginalisees\/","title":{"rendered":"Images d&rsquo;histoires autochtones marginalis\u00e9es"},"content":{"rendered":"<p>Depuis une dizaine d&rsquo;ann\u00e9es, dans le sillage du \u00ab\u00a0tournant visuel\u00a0\u00bb, de plus en plus d&rsquo;historiens analysent les m\u00e9dias visuels dans leurs recherches et en classe avec leurs \u00e9tudiants. Durant la m\u00eame p\u00e9riode, les historiens ont accord\u00e9 une plus grande attention aux groupes jusqu&rsquo;alors marginalis\u00e9s. Cet effort a encore gagn\u00e9 en importance r\u00e9cemment, car la visualisation et l&rsquo;analyse des repr\u00e9sentations historiques permettent aux historiens de brosser un tableau plus nuanc\u00e9 et plus complexe du pass\u00e9.<\/p>\n<p>La capacit\u00e9 de faire une analyse visuelle critique est une comp\u00e9tence essentielle pour vivre dans notre univers m\u00e9diatis\u00e9. Cela joue en notre d\u00e9faveur lorsque les gens regardent les images qu&rsquo;ils voient sans poser de questions, que ce soit dans les publicit\u00e9s, sur les sites web, dans les films, \u00e0 la t\u00e9l\u00e9vision et dans les photographies. Images qui semblent avoir des pr\u00e9tentions particuli\u00e8rement fortes de repr\u00e9sentation objective en raison de ce que Roland Barthes appelle \u00ab\u00a0l&rsquo;effet de r\u00e9el\u00a0\u00bb. Une telle attitude non critique \u00e0 l&rsquo;\u00e9gard du contenu visuel peut laisser le consommateur ouvert \u00e0 la d\u00e9sinformation, ce qui, en retour, peut affecter sa prise de d\u00e9cision.<\/p>\n<p>Les images et textes ci-dessous qui ont \u00e9t\u00e9 publi\u00e9es dans le num\u00e9ro 5.1 d&rsquo;<i>Intersections<\/i>, nous offre l\u2019occasion de mettre en valeur le pouvoir de l&rsquo;analyse visuelle critique. Nous avons invit\u00e9 des chercheurs \u00e0 nous soumettre des images, accompagn\u00e9es de courts essais, qui expliquent comment une analyse visuelle critique d&rsquo;images de ceux qui vivent en marge de la soci\u00e9t\u00e9 peut \u00e9norm\u00e9ment am\u00e9liorer notre compr\u00e9hension du pass\u00e9, y compris celle d&rsquo;histoires autochtones marginalis\u00e9es.<\/p>\n<p><a title=\"Marginalised Indigenous Histories\" href=\"https:\/\/cha-shc.ca\/wp-content\/uploads\/2022\/08\/6234aac618b2b.pdf\" target=\"_blank\" rel=\"noopener\">PDF<\/a><\/p>\n","protected":false},"excerpt":{"rendered":"<p>Depuis une dizaine d&rsquo;ann\u00e9es, dans le sillage du \u00ab\u00a0tournant visuel\u00a0\u00bb, de plus en plus d&rsquo;historiens analysent les m\u00e9dias visuels dans leurs recherches et en classe avec leurs \u00e9tudiants. Durant la m\u00eame p\u00e9riode, les historiens ont accord\u00e9 une plus grande attention aux groupes jusqu&rsquo;alors marginalis\u00e9s. Cet effort a encore gagn\u00e9 en importance r\u00e9cemment, car la visualisation [&hellip;]<\/p>\n","protected":false},"author":1,"featured_media":0,"parent":14530,"menu_order":6,"comment_status":"closed","ping_status":"closed","template":"","meta":{"_acf_changed":false,"_seopress_robots_primary_cat":"","_seopress_titles_title":"Images d\u2019histoires autochtones | Historique du Canada | Soci\u00e9t\u00e9 historique du Canada","_seopress_titles_desc":"De plus en plus d\u2019historiens analysent les m\u00e9dias visuels dans leurs recherches et en classe afin accord\u00e9 une attention aux groupes marginalis\u00e9s.","_seopress_robots_index":"","_exactmetrics_skip_tracking":false,"_exactmetrics_sitenote_active":false,"_exactmetrics_sitenote_note":"","_exactmetrics_sitenote_category":0,"site-sidebar-layout":"no-sidebar","site-content-layout":"page-builder","ast-site-content-layout":"default","site-content-style":"default","site-sidebar-style":"default","ast-global-header-display":"","ast-banner-title-visibility":"","ast-main-header-display":"","ast-hfb-above-header-display":"","ast-hfb-below-header-display":"","ast-hfb-mobile-header-display":"","site-post-title":"disabled","ast-breadcrumbs-content":"","ast-featured-img":"disabled","footer-sml-layout":"","ast-disable-related-posts":"","theme-transparent-header-meta":"default","adv-header-id-meta":"","stick-header-meta":"","header-above-stick-meta":"","header-main-stick-meta":"","header-below-stick-meta":"","astra-migrate-meta-layouts":"default","ast-page-background-enabled":"default","ast-page-background-meta":{"desktop":{"background-color":"var(--ast-global-color-4)","background-image":"","background-repeat":"repeat","background-position":"center center","background-size":"auto","background-attachment":"scroll","background-type":"","background-media":"","overlay-type":"","overlay-color":"","overlay-opacity":"","overlay-gradient":""},"tablet":{"background-color":"","background-image":"","background-repeat":"repeat","background-position":"center center","background-size":"auto","background-attachment":"scroll","background-type":"","background-media":"","overlay-type":"","overlay-color":"","overlay-opacity":"","overlay-gradient":""},"mobile":{"background-color":"","background-image":"","background-repeat":"repeat","background-position":"center center","background-size":"auto","background-attachment":"scroll","background-type":"","background-media":"","overlay-type":"","overlay-color":"","overlay-opacity":"","overlay-gradient":""}},"ast-content-background-meta":{"desktop":{"background-color":"var(--ast-global-color-5)","background-image":"","background-repeat":"repeat","background-position":"center center","background-size":"auto","background-attachment":"scroll","background-type":"","background-media":"","overlay-type":"","overlay-color":"","overlay-opacity":"","overlay-gradient":""},"tablet":{"background-color":"var(--ast-global-color-5)","background-image":"","background-repeat":"repeat","background-position":"center center","background-size":"auto","background-attachment":"scroll","background-type":"","background-media":"","overlay-type":"","overlay-color":"","overlay-opacity":"","overlay-gradient":""},"mobile":{"background-color":"var(--ast-global-color-5)","background-image":"","background-repeat":"repeat","background-position":"center center","background-size":"auto","background-attachment":"scroll","background-type":"","background-media":"","overlay-type":"","overlay-color":"","overlay-opacity":"","overlay-gradient":""}},"footnotes":""},"page_template":[239],"class_list":["post-14544","page","type-page","status-publish","hentry","page_template-sidebar-fr"],"acf":[],"publishpress_future_action":{"enabled":false,"date":"2026-05-04 13:49:28","action":"change-status","newStatus":"draft","terms":[],"taxonomy":"page_template","extraData":[]},"publishpress_future_workflow_manual_trigger":{"enabledWorkflows":[]},"_links":{"self":[{"href":"https:\/\/cha-shc.ca\/fr\/wp-json\/wp\/v2\/pages\/14544","targetHints":{"allow":["GET"]}}],"collection":[{"href":"https:\/\/cha-shc.ca\/fr\/wp-json\/wp\/v2\/pages"}],"about":[{"href":"https:\/\/cha-shc.ca\/fr\/wp-json\/wp\/v2\/types\/page"}],"author":[{"embeddable":true,"href":"https:\/\/cha-shc.ca\/fr\/wp-json\/wp\/v2\/users\/1"}],"replies":[{"embeddable":true,"href":"https:\/\/cha-shc.ca\/fr\/wp-json\/wp\/v2\/comments?post=14544"}],"version-history":[{"count":2,"href":"https:\/\/cha-shc.ca\/fr\/wp-json\/wp\/v2\/pages\/14544\/revisions"}],"predecessor-version":[{"id":16369,"href":"https:\/\/cha-shc.ca\/fr\/wp-json\/wp\/v2\/pages\/14544\/revisions\/16369"}],"up":[{"embeddable":true,"href":"https:\/\/cha-shc.ca\/fr\/wp-json\/wp\/v2\/pages\/14530"}],"wp:attachment":[{"href":"https:\/\/cha-shc.ca\/fr\/wp-json\/wp\/v2\/media?parent=14544"}],"wp:term":[{"taxonomy":"page_template","embeddable":true,"href":"https:\/\/cha-shc.ca\/fr\/wp-json\/wp\/v2\/page_template?post=14544"}],"curies":[{"name":"wp","href":"https:\/\/api.w.org\/{rel}","templated":true}]}}