{"id":14558,"date":"2022-07-08T15:21:40","date_gmt":"2022-07-08T19:21:40","guid":{"rendered":"https:\/\/cha-shc.ca\/?page_id=14558"},"modified":"2023-06-30T10:10:39","modified_gmt":"2023-06-30T14:10:39","slug":"guide-de-conversation-de-la-shc-sur-la-precarite","status":"publish","type":"page","link":"https:\/\/cha-shc.ca\/fr\/la-precarite\/guide-de-conversation-de-la-shc-sur-la-precarite\/","title":{"rendered":"Guide de conversation de la SHC sur la pr\u00e9carit\u00e9"},"content":{"rendered":"<p>Comment les professeur.e.s \u00e0 temps plein peuvent-ils promouvoir la justice et l&rsquo;\u00e9quit\u00e9 pour les instructeurs pr\u00e9caires, en histoire et ailleurs ? Quelles sont les responsabilit\u00e9s des professeur.es \u00e0 temps plein envers leurs coll\u00e8gues dont les conditions de travails sont pr\u00e9caires ? Quelles sont les pratiques prometteuses que votre d\u00e9partement peut envisager de mettre en \u0153uvre ? Le comit\u00e9 sur la pr\u00e9carit\u00e9 de la SHC a pr\u00e9par\u00e9 ce guide de conversation comme outil pour aider les d\u00e9partements \u00e0 discuter de ces questions essentielles.<\/p>\n<p><a href=\"https:\/\/cha-shc.ca\/wp-content\/uploads\/2022\/08\/619fa75d42731.pdf\">PDF<\/a><\/p>\n","protected":false},"excerpt":{"rendered":"<p>Comment les professeur.e.s \u00e0 temps plein peuvent-ils promouvoir la justice et l&rsquo;\u00e9quit\u00e9 pour les instructeurs pr\u00e9caires, en histoire et ailleurs ? Quelles sont les responsabilit\u00e9s des professeur.es \u00e0 temps plein envers leurs coll\u00e8gues dont les conditions de travails sont pr\u00e9caires ? Quelles sont les pratiques prometteuses que votre d\u00e9partement peut envisager de mettre en \u0153uvre [&hellip;]<\/p>\n","protected":false},"author":1,"featured_media":0,"parent":14546,"menu_order":5,"comment_status":"closed","ping_status":"closed","template":"","meta":{"_acf_changed":false,"_seopress_robots_primary_cat":"","_seopress_titles_title":"Guide sur la pr\u00e9carit\u00e9 | Historique du Canada | Soci\u00e9t\u00e9 historique du Canada","_seopress_titles_desc":"Le comit\u00e9 sur la pr\u00e9carit\u00e9 de la SHC a pr\u00e9par\u00e9 ce guide de conversation comme outil pour aider les d\u00e9partements \u00e0 discuter de ces questions essentielles.","_seopress_robots_index":"","_exactmetrics_skip_tracking":false,"_exactmetrics_sitenote_active":false,"_exactmetrics_sitenote_note":"","_exactmetrics_sitenote_category":0,"site-sidebar-layout":"default","site-content-layout":"default","ast-site-content-layout":"default","site-content-style":"default","site-sidebar-style":"default","ast-global-header-display":"","ast-banner-title-visibility":"","ast-main-header-display":"","ast-hfb-above-header-display":"","ast-hfb-below-header-display":"","ast-hfb-mobile-header-display":"","site-post-title":"","ast-breadcrumbs-content":"","ast-featured-img":"","footer-sml-layout":"","ast-disable-related-posts":"","theme-transparent-header-meta":"default","adv-header-id-meta":"","stick-header-meta":"","header-above-stick-meta":"","header-main-stick-meta":"","header-below-stick-meta":"","astra-migrate-meta-layouts":"default","ast-page-background-enabled":"default","ast-page-background-meta":{"desktop":{"background-color":"var(--ast-global-color-4)","background-image":"","background-repeat":"repeat","background-position":"center center","background-size":"auto","background-attachment":"scroll","background-type":"","background-media":"","overlay-type":"","overlay-color":"","overlay-opacity":"","overlay-gradient":""},"tablet":{"background-color":"","background-image":"","background-repeat":"repeat","background-position":"center center","background-size":"auto","background-attachment":"scroll","background-type":"","background-media":"","overlay-type":"","overlay-color":"","overlay-opacity":"","overlay-gradient":""},"mobile":{"background-color":"","background-image":"","background-repeat":"repeat","background-position":"center center","background-size":"auto","background-attachment":"scroll","background-type":"","background-media":"","overlay-type":"","overlay-color":"","overlay-opacity":"","overlay-gradient":""}},"ast-content-background-meta":{"desktop":{"background-color":"var(--ast-global-color-5)","background-image":"","background-repeat":"repeat","background-position":"center center","background-size":"auto","background-attachment":"scroll","background-type":"","background-media":"","overlay-type":"","overlay-color":"","overlay-opacity":"","overlay-gradient":""},"tablet":{"background-color":"var(--ast-global-color-5)","background-image":"","background-repeat":"repeat","background-position":"center center","background-size":"auto","background-attachment":"scroll","background-type":"","background-media":"","overlay-type":"","overlay-color":"","overlay-opacity":"","overlay-gradient":""},"mobile":{"background-color":"var(--ast-global-color-5)","background-image":"","background-repeat":"repeat","background-position":"center center","background-size":"auto","background-attachment":"scroll","background-type":"","background-media":"","overlay-type":"","overlay-color":"","overlay-opacity":"","overlay-gradient":""}},"footnotes":""},"page_template":[239],"class_list":["post-14558","page","type-page","status-publish","hentry","page_template-sidebar-fr"],"acf":[],"publishpress_future_action":{"enabled":false,"date":"2026-04-23 06:01:16","action":"change-status","newStatus":"draft","terms":[],"taxonomy":"page_template","extraData":[]},"publishpress_future_workflow_manual_trigger":{"enabledWorkflows":[]},"_links":{"self":[{"href":"https:\/\/cha-shc.ca\/fr\/wp-json\/wp\/v2\/pages\/14558","targetHints":{"allow":["GET"]}}],"collection":[{"href":"https:\/\/cha-shc.ca\/fr\/wp-json\/wp\/v2\/pages"}],"about":[{"href":"https:\/\/cha-shc.ca\/fr\/wp-json\/wp\/v2\/types\/page"}],"author":[{"embeddable":true,"href":"https:\/\/cha-shc.ca\/fr\/wp-json\/wp\/v2\/users\/1"}],"replies":[{"embeddable":true,"href":"https:\/\/cha-shc.ca\/fr\/wp-json\/wp\/v2\/comments?post=14558"}],"version-history":[{"count":2,"href":"https:\/\/cha-shc.ca\/fr\/wp-json\/wp\/v2\/pages\/14558\/revisions"}],"predecessor-version":[{"id":16389,"href":"https:\/\/cha-shc.ca\/fr\/wp-json\/wp\/v2\/pages\/14558\/revisions\/16389"}],"up":[{"embeddable":true,"href":"https:\/\/cha-shc.ca\/fr\/wp-json\/wp\/v2\/pages\/14546"}],"wp:attachment":[{"href":"https:\/\/cha-shc.ca\/fr\/wp-json\/wp\/v2\/media?parent=14558"}],"wp:term":[{"taxonomy":"page_template","embeddable":true,"href":"https:\/\/cha-shc.ca\/fr\/wp-json\/wp\/v2\/page_template?post=14558"}],"curies":[{"name":"wp","href":"https:\/\/api.w.org\/{rel}","templated":true}]}}