{"id":14562,"date":"2022-06-17T12:20:59","date_gmt":"2022-06-17T16:20:59","guid":{"rendered":"https:\/\/cha-shc.ca\/?page_id=14562"},"modified":"2023-06-30T10:12:40","modified_gmt":"2023-06-30T14:12:40","slug":"enseignement","status":"publish","type":"page","link":"https:\/\/cha-shc.ca\/fr\/enseignement\/","title":{"rendered":"L&rsquo;enseignement"},"content":{"rendered":"<p>La SHC favorise l&rsquo;\u00e9tude et la communication savantes de l&rsquo;histoire au Canada ; ce faisant, nous reconnaissons la centralit\u00e9 de l&rsquo;enseignement et des enseignant.e.s ainsi que de l&rsquo;apprentissage et des \u00e9tudiant.e.s. Nous voulons \u00e9galement mettre ces ressources \u00e0 la disposition des \u00e9ducateurs \/ \u00e9ducatrices et des \u00e9tudiant.e.s \u00e0 tous les niveaux. Nous vous invitons \u00e0 consulter la <a title=\"CHA Affiliates\" href=\"https:\/\/cha-shc.ca\/fr\/enseignement\/syllabus\/\">Banque de plans de cours<\/a>\u00a0pour vous inspirer dans la conception de vos cours et \u00e0 envisager de soumettre vos propres plans de cours. Notre <a href=\"https:\/\/cha-shc.ca\/fr\/enseignement\/le-blogue-apprendre-enseigner\/\">blogue sur l&rsquo;enseignement et l&rsquo;apprentissage<\/a> pr\u00e9sente les d\u00e9bats p\u00e9dagogiques et institutionnels en cours dans le domaine, les points de vue des \u00e9tudiant.e.s, des informations sur les ressources en ligne, les blogues d\u2019invit\u00e9s et les profils d&rsquo;\u00e9ducateurs\/\u00e9ducatrices exceptionnel.le.s.<\/p>\n","protected":false},"excerpt":{"rendered":"<p>La SHC favorise l&rsquo;\u00e9tude et la communication savantes de l&rsquo;histoire au Canada ; ce faisant, nous reconnaissons la centralit\u00e9 de l&rsquo;enseignement et des enseignant.e.s ainsi que de l&rsquo;apprentissage et des \u00e9tudiant.e.s. Nous voulons \u00e9galement mettre ces ressources \u00e0 la disposition des \u00e9ducateurs \/ \u00e9ducatrices et des \u00e9tudiant.e.s \u00e0 tous les niveaux. Nous vous invitons \u00e0 [&hellip;]<\/p>\n","protected":false},"author":1,"featured_media":0,"parent":0,"menu_order":12,"comment_status":"closed","ping_status":"closed","template":"","meta":{"_acf_changed":false,"_seopress_robots_primary_cat":"","_seopress_titles_title":"L\u2019enseignement | Historique du Canada | Soci\u00e9t\u00e9 historique du Canada","_seopress_titles_desc":"Nous publions \u00e9galement un guide-ressources pour aider les auxiliaires d\u2019enseignement en histoire dans leur travail.","_seopress_robots_index":"","_exactmetrics_skip_tracking":false,"_exactmetrics_sitenote_active":false,"_exactmetrics_sitenote_note":"","_exactmetrics_sitenote_category":0,"site-sidebar-layout":"no-sidebar","site-content-layout":"page-builder","ast-site-content-layout":"default","site-content-style":"default","site-sidebar-style":"default","ast-global-header-display":"","ast-banner-title-visibility":"","ast-main-header-display":"","ast-hfb-above-header-display":"","ast-hfb-below-header-display":"","ast-hfb-mobile-header-display":"","site-post-title":"disabled","ast-breadcrumbs-content":"","ast-featured-img":"disabled","footer-sml-layout":"","ast-disable-related-posts":"","theme-transparent-header-meta":"default","adv-header-id-meta":"","stick-header-meta":"","header-above-stick-meta":"","header-main-stick-meta":"","header-below-stick-meta":"","astra-migrate-meta-layouts":"default","ast-page-background-enabled":"default","ast-page-background-meta":{"desktop":{"background-color":"var(--ast-global-color-4)","background-image":"","background-repeat":"repeat","background-position":"center center","background-size":"auto","background-attachment":"scroll","background-type":"","background-media":"","overlay-type":"","overlay-color":"","overlay-opacity":"","overlay-gradient":""},"tablet":{"background-color":"","background-image":"","background-repeat":"repeat","background-position":"center center","background-size":"auto","background-attachment":"scroll","background-type":"","background-media":"","overlay-type":"","overlay-color":"","overlay-opacity":"","overlay-gradient":""},"mobile":{"background-color":"","background-image":"","background-repeat":"repeat","background-position":"center center","background-size":"auto","background-attachment":"scroll","background-type":"","background-media":"","overlay-type":"","overlay-color":"","overlay-opacity":"","overlay-gradient":""}},"ast-content-background-meta":{"desktop":{"background-color":"var(--ast-global-color-5)","background-image":"","background-repeat":"repeat","background-position":"center center","background-size":"auto","background-attachment":"scroll","background-type":"","background-media":"","overlay-type":"","overlay-color":"","overlay-opacity":"","overlay-gradient":""},"tablet":{"background-color":"var(--ast-global-color-5)","background-image":"","background-repeat":"repeat","background-position":"center center","background-size":"auto","background-attachment":"scroll","background-type":"","background-media":"","overlay-type":"","overlay-color":"","overlay-opacity":"","overlay-gradient":""},"mobile":{"background-color":"var(--ast-global-color-5)","background-image":"","background-repeat":"repeat","background-position":"center center","background-size":"auto","background-attachment":"scroll","background-type":"","background-media":"","overlay-type":"","overlay-color":"","overlay-opacity":"","overlay-gradient":""}},"footnotes":""},"page_template":[239],"class_list":["post-14562","page","type-page","status-publish","hentry","page_template-sidebar-fr"],"acf":[],"publishpress_future_action":{"enabled":false,"date":"2026-04-23 09:54:00","action":"change-status","newStatus":"draft","terms":[],"taxonomy":"page_template","extraData":[]},"publishpress_future_workflow_manual_trigger":{"enabledWorkflows":[]},"_links":{"self":[{"href":"https:\/\/cha-shc.ca\/fr\/wp-json\/wp\/v2\/pages\/14562","targetHints":{"allow":["GET"]}}],"collection":[{"href":"https:\/\/cha-shc.ca\/fr\/wp-json\/wp\/v2\/pages"}],"about":[{"href":"https:\/\/cha-shc.ca\/fr\/wp-json\/wp\/v2\/types\/page"}],"author":[{"embeddable":true,"href":"https:\/\/cha-shc.ca\/fr\/wp-json\/wp\/v2\/users\/1"}],"replies":[{"embeddable":true,"href":"https:\/\/cha-shc.ca\/fr\/wp-json\/wp\/v2\/comments?post=14562"}],"version-history":[{"count":6,"href":"https:\/\/cha-shc.ca\/fr\/wp-json\/wp\/v2\/pages\/14562\/revisions"}],"predecessor-version":[{"id":42339,"href":"https:\/\/cha-shc.ca\/fr\/wp-json\/wp\/v2\/pages\/14562\/revisions\/42339"}],"wp:attachment":[{"href":"https:\/\/cha-shc.ca\/fr\/wp-json\/wp\/v2\/media?parent=14562"}],"wp:term":[{"taxonomy":"page_template","embeddable":true,"href":"https:\/\/cha-shc.ca\/fr\/wp-json\/wp\/v2\/page_template?post=14562"}],"curies":[{"name":"wp","href":"https:\/\/api.w.org\/{rel}","templated":true}]}}