{"id":14564,"date":"2022-06-17T12:21:48","date_gmt":"2022-06-17T16:21:48","guid":{"rendered":"https:\/\/cha-shc.ca\/?page_id=14564"},"modified":"2023-06-30T10:13:08","modified_gmt":"2023-06-30T14:13:08","slug":"bienvenue-dans-la-section-enseignement-de-la-shc","status":"publish","type":"page","link":"https:\/\/cha-shc.ca\/fr\/enseignement\/bienvenue-dans-la-section-enseignement-de-la-shc\/","title":{"rendered":"Bienvenue dans la section Enseignement de la SHC"},"content":{"rendered":"<h2>Soutien \u00e0 l&rsquo;enseignement<\/h2>\n<p>La SHC a cr\u00e9\u00e9 une\u00a0<a title=\"CHA Affiliates\" href=\"https:\/\/cha-shc.ca\/francais\/syllabus\">Banque de plans de cours<\/a>\u00a0pour illustrer les diff\u00e9rentes m\u00e9thodes utilis\u00e9es par les membres pour enseigner l&rsquo;histoire. Nous vous encourageons \u00e0 envoyer votre plan de cours \u00e0 la SHC pour qu&rsquo;il soit affich\u00e9 sur son site Web.\u00a0\u00a0Nous avons aussi un\u00a0<a title=\"CHA Affiliates\" href=\"https:\/\/cha-shc.ca\/fr\/cvr\/un-plan-de-cours-pour-lhistoire-apres-la-cvr\">plan de cours sp\u00e9cial<\/a>\u00a0pour aider les historiens qui d\u00e9sirent r\u00e9pondre aux appels \u00e0 l&rsquo;action de la Commission de v\u00e9rit\u00e9 et de r\u00e9conciliation.\u00a0Nous publions \u00e9galement un\u00a0<a title=\"CHA Affiliates\" href=\"https:\/\/cha-shc.ca\/francais\/publications\/guide-ressources-des-auxiliaires-d039enseignement-en-histoire-shc-ced.html\">guide-ressources<\/a>\u00a0pour aider les auxiliaires d&rsquo;enseignement en histoire dans leur travail.<\/p>\n","protected":false},"excerpt":{"rendered":"<p>Soutien \u00e0 l&rsquo;enseignement La SHC a cr\u00e9\u00e9 une\u00a0Banque de plans de cours\u00a0pour illustrer les diff\u00e9rentes m\u00e9thodes utilis\u00e9es par les membres pour enseigner l&rsquo;histoire. Nous vous encourageons \u00e0 envoyer votre plan de cours \u00e0 la SHC pour qu&rsquo;il soit affich\u00e9 sur son site Web.\u00a0\u00a0Nous avons aussi un\u00a0plan de cours sp\u00e9cial\u00a0pour aider les historiens qui d\u00e9sirent r\u00e9pondre [&hellip;]<\/p>\n","protected":false},"author":1,"featured_media":0,"parent":14562,"menu_order":0,"comment_status":"closed","ping_status":"closed","template":"","meta":{"_acf_changed":false,"_seopress_robots_primary_cat":"","_seopress_titles_title":"Section Enseignement de la SHC | Historique du Canada | Soci\u00e9t\u00e9 historique du Canada","_seopress_titles_desc":"La SHC encourage l&#039;\u00e9tude scientifique et la communication de l&#039;histoire au Canada\u00a0; nous reconnaissons la centralit\u00e9 de l&#039;enseignement ainsi que de l&#039;apprentissage.","_seopress_robots_index":"","_exactmetrics_skip_tracking":false,"_exactmetrics_sitenote_active":false,"_exactmetrics_sitenote_note":"","_exactmetrics_sitenote_category":0,"site-sidebar-layout":"no-sidebar","site-content-layout":"page-builder","ast-site-content-layout":"default","site-content-style":"default","site-sidebar-style":"default","ast-global-header-display":"","ast-banner-title-visibility":"","ast-main-header-display":"","ast-hfb-above-header-display":"","ast-hfb-below-header-display":"","ast-hfb-mobile-header-display":"","site-post-title":"disabled","ast-breadcrumbs-content":"","ast-featured-img":"disabled","footer-sml-layout":"","ast-disable-related-posts":"","theme-transparent-header-meta":"default","adv-header-id-meta":"","stick-header-meta":"","header-above-stick-meta":"","header-main-stick-meta":"","header-below-stick-meta":"","astra-migrate-meta-layouts":"default","ast-page-background-enabled":"default","ast-page-background-meta":{"desktop":{"background-color":"var(--ast-global-color-4)","background-image":"","background-repeat":"repeat","background-position":"center center","background-size":"auto","background-attachment":"scroll","background-type":"","background-media":"","overlay-type":"","overlay-color":"","overlay-opacity":"","overlay-gradient":""},"tablet":{"background-color":"","background-image":"","background-repeat":"repeat","background-position":"center center","background-size":"auto","background-attachment":"scroll","background-type":"","background-media":"","overlay-type":"","overlay-color":"","overlay-opacity":"","overlay-gradient":""},"mobile":{"background-color":"","background-image":"","background-repeat":"repeat","background-position":"center center","background-size":"auto","background-attachment":"scroll","background-type":"","background-media":"","overlay-type":"","overlay-color":"","overlay-opacity":"","overlay-gradient":""}},"ast-content-background-meta":{"desktop":{"background-color":"var(--ast-global-color-5)","background-image":"","background-repeat":"repeat","background-position":"center center","background-size":"auto","background-attachment":"scroll","background-type":"","background-media":"","overlay-type":"","overlay-color":"","overlay-opacity":"","overlay-gradient":""},"tablet":{"background-color":"var(--ast-global-color-5)","background-image":"","background-repeat":"repeat","background-position":"center center","background-size":"auto","background-attachment":"scroll","background-type":"","background-media":"","overlay-type":"","overlay-color":"","overlay-opacity":"","overlay-gradient":""},"mobile":{"background-color":"var(--ast-global-color-5)","background-image":"","background-repeat":"repeat","background-position":"center center","background-size":"auto","background-attachment":"scroll","background-type":"","background-media":"","overlay-type":"","overlay-color":"","overlay-opacity":"","overlay-gradient":""}},"footnotes":""},"page_template":[239],"class_list":["post-14564","page","type-page","status-publish","hentry","page_template-sidebar-fr"],"acf":[],"publishpress_future_action":{"enabled":false,"date":"2026-05-04 13:48:03","action":"change-status","newStatus":"draft","terms":[],"taxonomy":"page_template","extraData":[]},"publishpress_future_workflow_manual_trigger":{"enabledWorkflows":[]},"_links":{"self":[{"href":"https:\/\/cha-shc.ca\/fr\/wp-json\/wp\/v2\/pages\/14564","targetHints":{"allow":["GET"]}}],"collection":[{"href":"https:\/\/cha-shc.ca\/fr\/wp-json\/wp\/v2\/pages"}],"about":[{"href":"https:\/\/cha-shc.ca\/fr\/wp-json\/wp\/v2\/types\/page"}],"author":[{"embeddable":true,"href":"https:\/\/cha-shc.ca\/fr\/wp-json\/wp\/v2\/users\/1"}],"replies":[{"embeddable":true,"href":"https:\/\/cha-shc.ca\/fr\/wp-json\/wp\/v2\/comments?post=14564"}],"version-history":[{"count":2,"href":"https:\/\/cha-shc.ca\/fr\/wp-json\/wp\/v2\/pages\/14564\/revisions"}],"predecessor-version":[{"id":40070,"href":"https:\/\/cha-shc.ca\/fr\/wp-json\/wp\/v2\/pages\/14564\/revisions\/40070"}],"up":[{"embeddable":true,"href":"https:\/\/cha-shc.ca\/fr\/wp-json\/wp\/v2\/pages\/14562"}],"wp:attachment":[{"href":"https:\/\/cha-shc.ca\/fr\/wp-json\/wp\/v2\/media?parent=14564"}],"wp:term":[{"taxonomy":"page_template","embeddable":true,"href":"https:\/\/cha-shc.ca\/fr\/wp-json\/wp\/v2\/page_template?post=14564"}],"curies":[{"name":"wp","href":"https:\/\/api.w.org\/{rel}","templated":true}]}}