{"id":14574,"date":"2022-07-08T15:55:33","date_gmt":"2022-07-08T19:55:33","guid":{"rendered":"https:\/\/cha-shc.ca\/?page_id=14574"},"modified":"2025-11-07T08:26:31","modified_gmt":"2025-11-07T13:26:31","slug":"publications","status":"publish","type":"page","link":"https:\/\/cha-shc.ca\/fr\/publications\/","title":{"rendered":"Publications"},"content":{"rendered":"\t\t<div data-elementor-type=\"wp-page\" data-elementor-id=\"14574\" class=\"elementor elementor-14574 elementor-3005\" data-elementor-post-type=\"page\">\n\t\t\t\t\t\t<section class=\"elementor-section elementor-top-section elementor-element elementor-element-da252a4 elementor-section-boxed elementor-section-height-default elementor-section-height-default\" data-id=\"da252a4\" data-element_type=\"section\" data-e-type=\"section\">\n\t\t\t\t\t\t<div class=\"elementor-container elementor-column-gap-default\">\n\t\t\t\t\t<div class=\"elementor-column elementor-col-100 elementor-top-column elementor-element elementor-element-21fcea5\" data-id=\"21fcea5\" data-element_type=\"column\" data-e-type=\"column\">\n\t\t\t<div class=\"elementor-widget-wrap elementor-element-populated\">\n\t\t\t\t\t\t<div class=\"elementor-element elementor-element-a10d96a elementor-widget elementor-widget-text-editor\" data-id=\"a10d96a\" data-element_type=\"widget\" data-e-type=\"widget\" data-widget_type=\"text-editor.default\">\n\t\t\t\t<div class=\"elementor-widget-container\">\n\t\t\t\t\t\t\t\t\t<p>La SHC publie une revue savante semestrielle, un bulletin trimestriel, un blogue d&rsquo;enseignement, des ouvrages historiques et des courts ouvrages sur des sujets sp\u00e9cialis\u00e9s, ainsi qu&rsquo;une brochure sur la fa\u00e7on de devenir historien.<\/p>\t\t\t\t\t\t\t\t<\/div>\n\t\t\t\t<\/div>\n\t\t\t\t\t<\/div>\n\t\t<\/div>\n\t\t\t\t\t<\/div>\n\t\t<\/section>\n\t\t\t\t<section class=\"elementor-section elementor-top-section elementor-element elementor-element-55aa677 db-column-wrap elementor-section-boxed elementor-section-height-default elementor-section-height-default\" data-id=\"55aa677\" data-element_type=\"section\" data-e-type=\"section\">\n\t\t\t\t\t\t<div class=\"elementor-container elementor-column-gap-default\">\n\t\t\t\t\t<div class=\"elementor-column elementor-col-11 elementor-top-column elementor-element elementor-element-af418b3\" data-id=\"af418b3\" data-element_type=\"column\" data-e-type=\"column\" data-settings=\"{&quot;background_background&quot;:&quot;classic&quot;}\">\n\t\t\t<div class=\"elementor-widget-wrap elementor-element-populated\">\n\t\t\t\t\t\t<div class=\"elementor-element elementor-element-02e1b31 elementor-widget elementor-widget-image\" data-id=\"02e1b31\" data-element_type=\"widget\" data-e-type=\"widget\" data-widget_type=\"image.default\">\n\t\t\t\t<div class=\"elementor-widget-container\">\n\t\t\t\t\t\t\t\t\t\t\t\t\t\t\t\t<a href=\"https:\/\/www.erudit.org\/fr\/revues\/jcha\/2019-v30-n1-jcha05408\/\" target=\"_blank\">\n\t\t\t\t\t\t\t<img fetchpriority=\"high\" decoding=\"async\" width=\"200\" height=\"300\" src=\"https:\/\/cha-shc.ca\/wp-content\/uploads\/2024\/08\/JCHA-34-1-cover-200x300.png\" class=\"attachment-medium size-medium wp-image-50025\" alt=\"\" srcset=\"https:\/\/cha-shc.ca\/wp-content\/uploads\/2024\/08\/JCHA-34-1-cover-200x300.png 200w, https:\/\/cha-shc.ca\/wp-content\/uploads\/2024\/08\/JCHA-34-1-cover.png 576w\" sizes=\"(max-width: 200px) 100vw, 200px\" \/>\t\t\t\t\t\t\t\t<\/a>\n\t\t\t\t\t\t\t\t\t\t\t\t\t\t\t<\/div>\n\t\t\t\t<\/div>\n\t\t\t\t<div class=\"elementor-element elementor-element-7831f6c elementor-widget elementor-widget-text-editor\" data-id=\"7831f6c\" data-element_type=\"widget\" data-e-type=\"widget\" data-widget_type=\"text-editor.default\">\n\t\t\t\t<div class=\"elementor-widget-container\">\n\t\t\t\t\t\t\t\t\t<p>La <em>Revue de la SHC<\/em> (connue pr\u00e9c\u00e9demment sous les noms des <em>Rapports annuels<\/em> et des <em>Communications historiques<\/em>) sont disponibles dans le site d&rsquo;<a title=\"CHA Affiliates\" href=\"https:\/\/www.erudit.org\/fr\/revues\/jcha\/\">\u00c9rudit<\/a>.<\/p>\t\t\t\t\t\t\t\t<\/div>\n\t\t\t\t<\/div>\n\t\t\t\t\t<\/div>\n\t\t<\/div>\n\t\t\t\t<div class=\"elementor-column elementor-col-11 elementor-top-column elementor-element elementor-element-f7fac6a\" data-id=\"f7fac6a\" data-element_type=\"column\" data-e-type=\"column\" data-settings=\"{&quot;background_background&quot;:&quot;classic&quot;}\">\n\t\t\t<div class=\"elementor-widget-wrap elementor-element-populated\">\n\t\t\t\t\t\t<div class=\"elementor-element elementor-element-d7bf750 elementor-widget elementor-widget-image\" data-id=\"d7bf750\" data-element_type=\"widget\" data-e-type=\"widget\" data-widget_type=\"image.default\">\n\t\t\t\t<div class=\"elementor-widget-container\">\n\t\t\t\t\t\t\t\t\t\t\t\t\t\t\t\t<a href=\"https:\/\/cha-shc.ca\/fr\/publications\/intersections\/\">\n\t\t\t\t\t\t\t<img decoding=\"async\" width=\"229\" height=\"300\" src=\"https:\/\/cha-shc.ca\/wp-content\/uploads\/2025\/11\/Intersections-8.3-Cover-229x300.png\" class=\"attachment-medium size-medium wp-image-54318\" alt=\"\" srcset=\"https:\/\/cha-shc.ca\/wp-content\/uploads\/2025\/11\/Intersections-8.3-Cover-229x300.png 229w, https:\/\/cha-shc.ca\/wp-content\/uploads\/2025\/11\/Intersections-8.3-Cover.png 731w\" sizes=\"(max-width: 229px) 100vw, 229px\" \/>\t\t\t\t\t\t\t\t<\/a>\n\t\t\t\t\t\t\t\t\t\t\t\t\t\t\t<\/div>\n\t\t\t\t<\/div>\n\t\t\t\t<div class=\"elementor-element elementor-element-83857f4 elementor-widget elementor-widget-text-editor\" data-id=\"83857f4\" data-element_type=\"widget\" data-e-type=\"widget\" data-widget_type=\"text-editor.default\">\n\t\t\t\t<div class=\"elementor-widget-container\">\n\t\t\t\t\t\t\t\t\t<p>Le magazine de la SHC\u00a0<em><a title=\"Intersections (formerly the Bulletin)\" href=\"https:\/\/cha-shc.ca\/fr\/publications\/intersections\/\" data-cms=\"1745\" data-wplink-edit=\"true\">Intersections<\/a><\/em><\/p>\t\t\t\t\t\t\t\t<\/div>\n\t\t\t\t<\/div>\n\t\t\t\t\t<\/div>\n\t\t<\/div>\n\t\t\t\t<div class=\"elementor-column elementor-col-11 elementor-top-column elementor-element elementor-element-57ec54a\" data-id=\"57ec54a\" data-element_type=\"column\" data-e-type=\"column\" data-settings=\"{&quot;background_background&quot;:&quot;classic&quot;}\">\n\t\t\t<div class=\"elementor-widget-wrap elementor-element-populated\">\n\t\t\t\t\t\t<div class=\"elementor-element elementor-element-d643486 elementor-widget elementor-widget-image\" data-id=\"d643486\" data-element_type=\"widget\" data-e-type=\"widget\" data-widget_type=\"image.default\">\n\t\t\t\t<div class=\"elementor-widget-container\">\n\t\t\t\t\t\t\t\t\t\t\t\t\t\t\t<img decoding=\"async\" width=\"337\" height=\"381\" src=\"https:\/\/cha-shc.ca\/wp-content\/uploads\/2022\/07\/CHA_logo-Vertical.jpg\" class=\"attachment-large size-large wp-image-3290\" alt=\"\" srcset=\"https:\/\/cha-shc.ca\/wp-content\/uploads\/2022\/07\/CHA_logo-Vertical.jpg 337w, https:\/\/cha-shc.ca\/wp-content\/uploads\/2022\/07\/CHA_logo-Vertical-265x300.jpg 265w\" sizes=\"(max-width: 337px) 100vw, 337px\" \/>\t\t\t\t\t\t\t\t\t\t\t\t\t\t\t<\/div>\n\t\t\t\t<\/div>\n\t\t\t\t<div class=\"elementor-element elementor-element-e5552b6 elementor-widget elementor-widget-image\" data-id=\"e5552b6\" data-element_type=\"widget\" data-e-type=\"widget\" data-widget_type=\"image.default\">\n\t\t\t\t<div class=\"elementor-widget-container\">\n\t\t\t\t\t\t\t\t\t\t\t\t\t\t\t<img loading=\"lazy\" decoding=\"async\" width=\"300\" height=\"43\" src=\"https:\/\/cha-shc.ca\/wp-content\/uploads\/2022\/08\/5eb589c77d4ee-1-300x43.png\" class=\"attachment-medium size-medium wp-image-14678\" alt=\"\" srcset=\"https:\/\/cha-shc.ca\/wp-content\/uploads\/2022\/08\/5eb589c77d4ee-1-300x43.png 300w, https:\/\/cha-shc.ca\/wp-content\/uploads\/2022\/08\/5eb589c77d4ee-1-1024x148.png 1024w, https:\/\/cha-shc.ca\/wp-content\/uploads\/2022\/08\/5eb589c77d4ee-1-768x111.png 768w, https:\/\/cha-shc.ca\/wp-content\/uploads\/2022\/08\/5eb589c77d4ee-1.png 1440w\" sizes=\"(max-width: 300px) 100vw, 300px\" \/>\t\t\t\t\t\t\t\t\t\t\t\t\t\t\t<\/div>\n\t\t\t\t<\/div>\n\t\t\t\t<div class=\"elementor-element elementor-element-60a0afa elementor-widget elementor-widget-text-editor\" data-id=\"60a0afa\" data-element_type=\"widget\" data-e-type=\"widget\" data-widget_type=\"text-editor.default\">\n\t\t\t\t<div class=\"elementor-widget-container\">\n\t\t\t\t\t\t\t\t\t<p>Le bulletin de nouvelles num\u00e9rique de la SHC &#8211; <em><a title=\"CHA Affiliates\" href=\"https:\/\/cha-shc.ca\/fr\/publications\/la-rubrique-histoire-le-bulletin-dinformation-numerique-de-la-shc\/\">La rubrique Histoire<\/a><\/em><\/p>\t\t\t\t\t\t\t\t<\/div>\n\t\t\t\t<\/div>\n\t\t\t\t\t<\/div>\n\t\t<\/div>\n\t\t\t\t<div class=\"elementor-column elementor-col-11 elementor-top-column elementor-element elementor-element-5320715\" data-id=\"5320715\" data-element_type=\"column\" data-e-type=\"column\" data-settings=\"{&quot;background_background&quot;:&quot;classic&quot;}\">\n\t\t\t<div class=\"elementor-widget-wrap elementor-element-populated\">\n\t\t\t\t\t\t<div class=\"elementor-element elementor-element-cda6c05 elementor-widget elementor-widget-image\" data-id=\"cda6c05\" data-element_type=\"widget\" data-e-type=\"widget\" data-widget_type=\"image.default\">\n\t\t\t\t<div class=\"elementor-widget-container\">\n\t\t\t\t\t\t\t\t\t\t\t\t\t\t\t<img loading=\"lazy\" decoding=\"async\" width=\"194\" height=\"300\" src=\"https:\/\/cha-shc.ca\/wp-content\/uploads\/2024\/08\/Camps-Cover-194x300.jpeg\" class=\"attachment-medium size-medium wp-image-50032\" alt=\"\" srcset=\"https:\/\/cha-shc.ca\/wp-content\/uploads\/2024\/08\/Camps-Cover-194x300.jpeg 194w, https:\/\/cha-shc.ca\/wp-content\/uploads\/2024\/08\/Camps-Cover.jpeg 271w\" sizes=\"(max-width: 194px) 100vw, 194px\" \/>\t\t\t\t\t\t\t\t\t\t\t\t\t\t\t<\/div>\n\t\t\t\t<\/div>\n\t\t\t\t<div class=\"elementor-element elementor-element-021d473 elementor-widget elementor-widget-text-editor\" data-id=\"021d473\" data-element_type=\"widget\" data-e-type=\"widget\" data-widget_type=\"text-editor.default\">\n\t\t\t\t<div class=\"elementor-widget-container\">\n\t\t\t\t\t\t\t\t\t<p>La s\u00e9rie de <a title=\"CHA Affiliates\" href=\"https:\/\/cha-shc.ca\/fr\/publications\/serie-de-courts-ouvrages\/\"><em>Courts ouvrages\u00a0de la SHC<\/em><\/a><br \/>Th\u00e8mes et enjeux internationaux<\/p>\t\t\t\t\t\t\t\t<\/div>\n\t\t\t\t<\/div>\n\t\t\t\t\t<\/div>\n\t\t<\/div>\n\t\t\t\t<div class=\"elementor-column elementor-col-11 elementor-top-column elementor-element elementor-element-ab6481b\" data-id=\"ab6481b\" data-element_type=\"column\" data-e-type=\"column\" data-settings=\"{&quot;background_background&quot;:&quot;classic&quot;}\">\n\t\t\t<div class=\"elementor-widget-wrap elementor-element-populated\">\n\t\t\t\t\t\t<div class=\"elementor-element elementor-element-d7c126b elementor-widget elementor-widget-image\" data-id=\"d7c126b\" data-element_type=\"widget\" data-e-type=\"widget\" data-widget_type=\"image.default\">\n\t\t\t\t<div class=\"elementor-widget-container\">\n\t\t\t\t\t\t\t\t\t\t\t\t\t\t\t<img loading=\"lazy\" decoding=\"async\" width=\"300\" height=\"150\" src=\"https:\/\/cha-shc.ca\/wp-content\/uploads\/2022\/08\/5e14a053c8372-1-300x150.png\" class=\"attachment-medium size-medium wp-image-14687\" alt=\"\" srcset=\"https:\/\/cha-shc.ca\/wp-content\/uploads\/2022\/08\/5e14a053c8372-1-300x150.png 300w, https:\/\/cha-shc.ca\/wp-content\/uploads\/2022\/08\/5e14a053c8372-1-1024x512.png 1024w, https:\/\/cha-shc.ca\/wp-content\/uploads\/2022\/08\/5e14a053c8372-1-768x384.png 768w, https:\/\/cha-shc.ca\/wp-content\/uploads\/2022\/08\/5e14a053c8372-1.png 1280w\" sizes=\"(max-width: 300px) 100vw, 300px\" \/>\t\t\t\t\t\t\t\t\t\t\t\t\t\t\t<\/div>\n\t\t\t\t<\/div>\n\t\t\t\t<div class=\"elementor-element elementor-element-4ba2b26 elementor-widget elementor-widget-text-editor\" data-id=\"4ba2b26\" data-element_type=\"widget\" data-e-type=\"widget\" data-widget_type=\"text-editor.default\">\n\t\t\t\t<div class=\"elementor-widget-container\">\n\t\t\t\t\t\t\t\t\t<p><strong>Le <a title=\"CHA Affiliates\" href=\"https:\/\/cha-shc.ca\/fr\/repertoire-de-theses\/\">R\u00e9pertoire de th\u00e8ses <\/a><\/strong><\/p>\t\t\t\t\t\t\t\t<\/div>\n\t\t\t\t<\/div>\n\t\t\t\t\t<\/div>\n\t\t<\/div>\n\t\t\t\t<div class=\"elementor-column elementor-col-11 elementor-top-column elementor-element elementor-element-7e51ee5\" data-id=\"7e51ee5\" data-element_type=\"column\" data-e-type=\"column\" data-settings=\"{&quot;background_background&quot;:&quot;classic&quot;}\">\n\t\t\t<div class=\"elementor-widget-wrap elementor-element-populated\">\n\t\t\t\t\t\t<div class=\"elementor-element elementor-element-41db55d elementor-widget elementor-widget-image\" data-id=\"41db55d\" data-element_type=\"widget\" data-e-type=\"widget\" data-widget_type=\"image.default\">\n\t\t\t\t<div class=\"elementor-widget-container\">\n\t\t\t\t\t\t\t\t\t\t\t\t\t\t\t\t<a href=\"https:\/\/cha-shc.ca\/fr\/publications\/brochures-historiques\/\">\n\t\t\t\t\t\t\t<img loading=\"lazy\" decoding=\"async\" width=\"191\" height=\"300\" src=\"https:\/\/cha-shc.ca\/wp-content\/uploads\/2023\/12\/Les-femmes-191x300.jpg\" class=\"attachment-medium size-medium wp-image-47356\" alt=\"Les femmes\" srcset=\"https:\/\/cha-shc.ca\/wp-content\/uploads\/2023\/12\/Les-femmes-191x300.jpg 191w, https:\/\/cha-shc.ca\/wp-content\/uploads\/2023\/12\/Les-femmes-653x1024.jpg 653w, https:\/\/cha-shc.ca\/wp-content\/uploads\/2023\/12\/Les-femmes-768x1205.jpg 768w, https:\/\/cha-shc.ca\/wp-content\/uploads\/2023\/12\/Les-femmes-979x1536.jpg 979w, https:\/\/cha-shc.ca\/wp-content\/uploads\/2023\/12\/Les-femmes.jpg 1000w\" sizes=\"(max-width: 191px) 100vw, 191px\" \/>\t\t\t\t\t\t\t\t<\/a>\n\t\t\t\t\t\t\t\t\t\t\t\t\t\t\t<\/div>\n\t\t\t\t<\/div>\n\t\t\t\t<div class=\"elementor-element elementor-element-50688ed elementor-widget elementor-widget-text-editor\" data-id=\"50688ed\" data-element_type=\"widget\" data-e-type=\"widget\" data-widget_type=\"text-editor.default\">\n\t\t\t\t<div class=\"elementor-widget-container\">\n\t\t\t\t\t\t\t\t\t<p>La s\u00e9rie de <em><a title=\"CHA Affiliates\" href=\"https:\/\/cha-shc.ca\/fr\/publications\/brochures-historiques\/\">Brochures Historiques<\/a><\/em><\/p>\t\t\t\t\t\t\t\t<\/div>\n\t\t\t\t<\/div>\n\t\t\t\t\t<\/div>\n\t\t<\/div>\n\t\t\t\t<div class=\"elementor-column elementor-col-11 elementor-top-column elementor-element elementor-element-8cafc2d\" data-id=\"8cafc2d\" data-element_type=\"column\" data-e-type=\"column\" data-settings=\"{&quot;background_background&quot;:&quot;classic&quot;}\">\n\t\t\t<div class=\"elementor-widget-wrap elementor-element-populated\">\n\t\t\t\t\t\t<div class=\"elementor-element elementor-element-4c3e0c1 elementor-widget elementor-widget-image\" data-id=\"4c3e0c1\" data-element_type=\"widget\" data-e-type=\"widget\" data-widget_type=\"image.default\">\n\t\t\t\t<div class=\"elementor-widget-container\">\n\t\t\t\t\t\t\t\t\t\t\t\t\t\t\t\t<a href=\"https:\/\/cha-shc.ca\/fr\/publications\/brochures-limmigration-et-lethnicite-au-canada\/\">\n\t\t\t\t\t\t\t<img loading=\"lazy\" decoding=\"async\" width=\"201\" height=\"300\" src=\"https:\/\/cha-shc.ca\/wp-content\/uploads\/2023\/02\/Page-couverture-Afua-201x300.jpg\" class=\"attachment-medium size-medium wp-image-42690\" alt=\"Page couverture Afua\" srcset=\"https:\/\/cha-shc.ca\/wp-content\/uploads\/2023\/02\/Page-couverture-Afua-201x300.jpg 201w, https:\/\/cha-shc.ca\/wp-content\/uploads\/2023\/02\/Page-couverture-Afua-685x1024.jpg 685w, https:\/\/cha-shc.ca\/wp-content\/uploads\/2023\/02\/Page-couverture-Afua-768x1148.jpg 768w, https:\/\/cha-shc.ca\/wp-content\/uploads\/2023\/02\/Page-couverture-Afua-1028x1536.jpg 1028w, https:\/\/cha-shc.ca\/wp-content\/uploads\/2023\/02\/Page-couverture-Afua.jpg 1208w\" sizes=\"(max-width: 201px) 100vw, 201px\" \/>\t\t\t\t\t\t\t\t<\/a>\n\t\t\t\t\t\t\t\t\t\t\t\t\t\t\t<\/div>\n\t\t\t\t<\/div>\n\t\t\t\t<div class=\"elementor-element elementor-element-d822223 elementor-widget elementor-widget-text-editor\" data-id=\"d822223\" data-element_type=\"widget\" data-e-type=\"widget\" data-widget_type=\"text-editor.default\">\n\t\t\t\t<div class=\"elementor-widget-container\">\n\t\t\t\t\t\t\t\t\t<p>La s\u00e9rie <a href=\"https:\/\/cha-shc.ca\/fr\/publications\/brochures-limmigration-et-lethnicite-au-canada\/\"><em>L&rsquo;Immigration et l&rsquo;ethnicit\u00e9 au Canada<\/em><\/a><\/p><p>Publi\u00e9e par la SHC avec l&rsquo;aide financi\u00e8re du minist\u00e8re du Patrimoine canadien.<\/p>\t\t\t\t\t\t\t\t<\/div>\n\t\t\t\t<\/div>\n\t\t\t\t\t<\/div>\n\t\t<\/div>\n\t\t\t\t<div class=\"elementor-column elementor-col-11 elementor-top-column elementor-element elementor-element-decefab\" data-id=\"decefab\" data-element_type=\"column\" data-e-type=\"column\" data-settings=\"{&quot;background_background&quot;:&quot;classic&quot;}\">\n\t\t\t<div class=\"elementor-widget-wrap elementor-element-populated\">\n\t\t\t\t\t\t<div class=\"elementor-element elementor-element-396847a elementor-widget elementor-widget-image\" data-id=\"396847a\" data-element_type=\"widget\" data-e-type=\"widget\" data-widget_type=\"image.default\">\n\t\t\t\t<div class=\"elementor-widget-container\">\n\t\t\t\t\t\t\t\t\t\t\t\t\t\t\t\t<a href=\"https:\/\/cha-shc.ca\/fr\/publications\/tirer-profit-de-lhistoire-un-guide-pour-les-etudes-superieures-et-la-recherche-demploi\/\">\n\t\t\t\t\t\t\t<img loading=\"lazy\" decoding=\"async\" width=\"194\" height=\"300\" src=\"https:\/\/cha-shc.ca\/wp-content\/uploads\/2023\/02\/TPH-couverture-livre-194x300.jpg\" class=\"attachment-medium size-medium wp-image-42692\" alt=\"TPH couverture livre\" srcset=\"https:\/\/cha-shc.ca\/wp-content\/uploads\/2023\/02\/TPH-couverture-livre-194x300.jpg 194w, https:\/\/cha-shc.ca\/wp-content\/uploads\/2023\/02\/TPH-couverture-livre-661x1024.jpg 661w, https:\/\/cha-shc.ca\/wp-content\/uploads\/2023\/02\/TPH-couverture-livre-768x1189.jpg 768w, https:\/\/cha-shc.ca\/wp-content\/uploads\/2023\/02\/TPH-couverture-livre-992x1536.jpg 992w, https:\/\/cha-shc.ca\/wp-content\/uploads\/2023\/02\/TPH-couverture-livre-1323x2048.jpg 1323w, https:\/\/cha-shc.ca\/wp-content\/uploads\/2023\/02\/TPH-couverture-livre.jpg 1644w\" sizes=\"(max-width: 194px) 100vw, 194px\" \/>\t\t\t\t\t\t\t\t<\/a>\n\t\t\t\t\t\t\t\t\t\t\t\t\t\t\t<\/div>\n\t\t\t\t<\/div>\n\t\t\t\t<div class=\"elementor-element elementor-element-2b58379 elementor-widget elementor-widget-text-editor\" data-id=\"2b58379\" data-element_type=\"widget\" data-e-type=\"widget\" data-widget_type=\"text-editor.default\">\n\t\t\t\t<div class=\"elementor-widget-container\">\n\t\t\t\t\t\t\t\t\t<p><em>Tirer profit de l&rsquo;histoire : un guide pour les \u00e9tudes sup\u00e9rieures et la recherche d&#8217;emploi<\/em><\/p>\t\t\t\t\t\t\t\t<\/div>\n\t\t\t\t<\/div>\n\t\t\t\t\t<\/div>\n\t\t<\/div>\n\t\t\t\t<div class=\"elementor-column elementor-col-11 elementor-top-column elementor-element elementor-element-56bfdca\" data-id=\"56bfdca\" data-element_type=\"column\" data-e-type=\"column\" data-settings=\"{&quot;background_background&quot;:&quot;classic&quot;}\">\n\t\t\t<div class=\"elementor-widget-wrap elementor-element-populated\">\n\t\t\t\t\t\t<div class=\"elementor-element elementor-element-b2d84c0 elementor-widget elementor-widget-image\" data-id=\"b2d84c0\" data-element_type=\"widget\" data-e-type=\"widget\" data-widget_type=\"image.default\">\n\t\t\t\t<div class=\"elementor-widget-container\">\n\t\t\t\t\t\t\t\t\t\t\t\t\t\t\t\t<a href=\"https:\/\/cha-shc.ca\/fr\/enseignement\/guide-ressources-des-auxiliaires-denseignement-en-histoire-shc-ced\/\">\n\t\t\t\t\t\t\t<img loading=\"lazy\" decoding=\"async\" width=\"232\" height=\"300\" src=\"https:\/\/cha-shc.ca\/wp-content\/uploads\/2023\/12\/Guide-Ressources-232x300.jpg\" class=\"attachment-medium size-medium wp-image-47358\" alt=\"Guide Ressources\" srcset=\"https:\/\/cha-shc.ca\/wp-content\/uploads\/2023\/12\/Guide-Ressources-232x300.jpg 232w, https:\/\/cha-shc.ca\/wp-content\/uploads\/2023\/12\/Guide-Ressources-791x1024.jpg 791w, https:\/\/cha-shc.ca\/wp-content\/uploads\/2023\/12\/Guide-Ressources-768x994.jpg 768w, https:\/\/cha-shc.ca\/wp-content\/uploads\/2023\/12\/Guide-Ressources-1187x1536.jpg 1187w, https:\/\/cha-shc.ca\/wp-content\/uploads\/2023\/12\/Guide-Ressources-1583x2048.jpg 1583w, https:\/\/cha-shc.ca\/wp-content\/uploads\/2023\/12\/Guide-Ressources-scaled.jpg 1978w\" sizes=\"(max-width: 232px) 100vw, 232px\" \/>\t\t\t\t\t\t\t\t<\/a>\n\t\t\t\t\t\t\t\t\t\t\t\t\t\t\t<\/div>\n\t\t\t\t<\/div>\n\t\t\t\t<div class=\"elementor-element elementor-element-b2a4b2a elementor-widget elementor-widget-text-editor\" data-id=\"b2a4b2a\" data-element_type=\"widget\" data-e-type=\"widget\" data-widget_type=\"text-editor.default\">\n\t\t\t\t<div class=\"elementor-widget-container\">\n\t\t\t\t\t\t\t\t\t<p>Guide to Teaching Assistants <br \/>in History<br \/><a href=\"https:\/\/cha-shc.ca\/wp-content\/uploads\/2022\/08\/4wihgc8lp.pdf\" target=\"_blank\" rel=\"noopener\">pdf<\/a>,\u00a0<a href=\"http:\/\/www.chashcacommittees-comitesa.ca\/gsc-ced\/en\/taguide\/\">html<\/a><\/p>\t\t\t\t\t\t\t\t<\/div>\n\t\t\t\t<\/div>\n\t\t\t\t\t<\/div>\n\t\t<\/div>\n\t\t\t\t\t<\/div>\n\t\t<\/section>\n\t\t\t\t<\/div>\n\t\t","protected":false},"excerpt":{"rendered":"<p>La SHC publie une revue savante semestrielle, un bulletin trimestriel, un blogue d&rsquo;enseignement, des ouvrages historiques et des courts ouvrages sur des sujets sp\u00e9cialis\u00e9s, ainsi qu&rsquo;une brochure sur la fa\u00e7on de devenir historien. La Revue de la SHC (connue pr\u00e9c\u00e9demment sous les noms des Rapports annuels et des Communications historiques) sont disponibles dans le site [&hellip;]<\/p>\n","protected":false},"author":1,"featured_media":0,"parent":0,"menu_order":13,"comment_status":"closed","ping_status":"closed","template":"","meta":{"_acf_changed":false,"_seopress_robots_primary_cat":"","_seopress_titles_title":"Publications | Historique du Canada | Soci\u00e9t\u00e9 historique du Canada","_seopress_titles_desc":"Une revue savante semestrielle, un bulletin trimestriel, un blogue, ouvrages historiques sur des sujets sp\u00e9cialis\u00e9s et beaucoup plus.","_seopress_robots_index":"","_exactmetrics_skip_tracking":false,"_exactmetrics_sitenote_active":false,"_exactmetrics_sitenote_note":"","_exactmetrics_sitenote_category":0,"site-sidebar-layout":"no-sidebar","site-content-layout":"page-builder","ast-site-content-layout":"default","site-content-style":"default","site-sidebar-style":"default","ast-global-header-display":"","ast-banner-title-visibility":"","ast-main-header-display":"","ast-hfb-above-header-display":"","ast-hfb-below-header-display":"","ast-hfb-mobile-header-display":"","site-post-title":"disabled","ast-breadcrumbs-content":"","ast-featured-img":"disabled","footer-sml-layout":"","ast-disable-related-posts":"","theme-transparent-header-meta":"default","adv-header-id-meta":"","stick-header-meta":"","header-above-stick-meta":"","header-main-stick-meta":"","header-below-stick-meta":"","astra-migrate-meta-layouts":"default","ast-page-background-enabled":"default","ast-page-background-meta":{"desktop":{"background-color":"var(--ast-global-color-4)","background-image":"","background-repeat":"repeat","background-position":"center center","background-size":"auto","background-attachment":"scroll","background-type":"","background-media":"","overlay-type":"","overlay-color":"","overlay-opacity":"","overlay-gradient":""},"tablet":{"background-color":"","background-image":"","background-repeat":"repeat","background-position":"center center","background-size":"auto","background-attachment":"scroll","background-type":"","background-media":"","overlay-type":"","overlay-color":"","overlay-opacity":"","overlay-gradient":""},"mobile":{"background-color":"","background-image":"","background-repeat":"repeat","background-position":"center center","background-size":"auto","background-attachment":"scroll","background-type":"","background-media":"","overlay-type":"","overlay-color":"","overlay-opacity":"","overlay-gradient":""}},"ast-content-background-meta":{"desktop":{"background-color":"var(--ast-global-color-5)","background-image":"","background-repeat":"repeat","background-position":"center center","background-size":"auto","background-attachment":"scroll","background-type":"","background-media":"","overlay-type":"","overlay-color":"","overlay-opacity":"","overlay-gradient":""},"tablet":{"background-color":"var(--ast-global-color-5)","background-image":"","background-repeat":"repeat","background-position":"center center","background-size":"auto","background-attachment":"scroll","background-type":"","background-media":"","overlay-type":"","overlay-color":"","overlay-opacity":"","overlay-gradient":""},"mobile":{"background-color":"var(--ast-global-color-5)","background-image":"","background-repeat":"repeat","background-position":"center center","background-size":"auto","background-attachment":"scroll","background-type":"","background-media":"","overlay-type":"","overlay-color":"","overlay-opacity":"","overlay-gradient":""}},"footnotes":""},"page_template":[239],"class_list":["post-14574","page","type-page","status-publish","hentry","page_template-sidebar-fr"],"acf":[],"publishpress_future_action":{"enabled":false,"date":"2026-05-04 13:48:03","action":"change-status","newStatus":"draft","terms":[],"taxonomy":"page_template","extraData":[]},"publishpress_future_workflow_manual_trigger":{"enabledWorkflows":[]},"_links":{"self":[{"href":"https:\/\/cha-shc.ca\/fr\/wp-json\/wp\/v2\/pages\/14574","targetHints":{"allow":["GET"]}}],"collection":[{"href":"https:\/\/cha-shc.ca\/fr\/wp-json\/wp\/v2\/pages"}],"about":[{"href":"https:\/\/cha-shc.ca\/fr\/wp-json\/wp\/v2\/types\/page"}],"author":[{"embeddable":true,"href":"https:\/\/cha-shc.ca\/fr\/wp-json\/wp\/v2\/users\/1"}],"replies":[{"embeddable":true,"href":"https:\/\/cha-shc.ca\/fr\/wp-json\/wp\/v2\/comments?post=14574"}],"version-history":[{"count":13,"href":"https:\/\/cha-shc.ca\/fr\/wp-json\/wp\/v2\/pages\/14574\/revisions"}],"predecessor-version":[{"id":54324,"href":"https:\/\/cha-shc.ca\/fr\/wp-json\/wp\/v2\/pages\/14574\/revisions\/54324"}],"wp:attachment":[{"href":"https:\/\/cha-shc.ca\/fr\/wp-json\/wp\/v2\/media?parent=14574"}],"wp:term":[{"taxonomy":"page_template","embeddable":true,"href":"https:\/\/cha-shc.ca\/fr\/wp-json\/wp\/v2\/page_template?post=14574"}],"curies":[{"name":"wp","href":"https:\/\/api.w.org\/{rel}","templated":true}]}}