{"id":14583,"date":"2022-07-08T15:55:53","date_gmt":"2022-07-08T19:55:53","guid":{"rendered":"https:\/\/cha-shc.ca\/?page_id=14583"},"modified":"2025-09-19T15:15:39","modified_gmt":"2025-09-19T19:15:39","slug":"la-revue-de-la-societe-historique-du-canada","status":"publish","type":"page","link":"https:\/\/cha-shc.ca\/fr\/publications\/la-revue-de-la-societe-historique-du-canada\/","title":{"rendered":"Revue de la Soci\u00e9t\u00e9 historique du Canada"},"content":{"rendered":"\t\t<div data-elementor-type=\"wp-page\" data-elementor-id=\"14583\" class=\"elementor elementor-14583 elementor-3007\" data-elementor-post-type=\"page\">\n\t\t\t\t\t\t<section class=\"elementor-section elementor-top-section elementor-element elementor-element-74c6673 elementor-section-boxed elementor-section-height-default elementor-section-height-default\" data-id=\"74c6673\" data-element_type=\"section\" data-e-type=\"section\">\n\t\t\t\t\t\t<div class=\"elementor-container elementor-column-gap-default\">\n\t\t\t\t\t<div class=\"elementor-column elementor-col-100 elementor-top-column elementor-element elementor-element-bece3e9\" data-id=\"bece3e9\" data-element_type=\"column\" data-e-type=\"column\">\n\t\t\t<div class=\"elementor-widget-wrap elementor-element-populated\">\n\t\t\t\t\t\t<div class=\"elementor-element elementor-element-84e6de6 elementor-widget elementor-widget-heading\" data-id=\"84e6de6\" data-element_type=\"widget\" data-e-type=\"widget\" data-widget_type=\"heading.default\">\n\t\t\t\t<div class=\"elementor-widget-container\">\n\t\t\t\t\t<h2 class=\"elementor-heading-title elementor-size-default\">Revue de la Soci\u00e9t\u00e9 historique du Canada\n<\/h2>\t\t\t\t<\/div>\n\t\t\t\t<\/div>\n\t\t\t\t\t<\/div>\n\t\t<\/div>\n\t\t\t\t\t<\/div>\n\t\t<\/section>\n\t\t\t\t<section class=\"elementor-section elementor-top-section elementor-element elementor-element-84bb9a0 elementor-section-boxed elementor-section-height-default elementor-section-height-default\" data-id=\"84bb9a0\" data-element_type=\"section\" data-e-type=\"section\">\n\t\t\t\t\t\t<div class=\"elementor-container elementor-column-gap-default\">\n\t\t\t\t\t<div class=\"elementor-column elementor-col-50 elementor-top-column elementor-element elementor-element-e7c2f65\" data-id=\"e7c2f65\" data-element_type=\"column\" data-e-type=\"column\" data-settings=\"{&quot;background_background&quot;:&quot;classic&quot;}\">\n\t\t\t<div class=\"elementor-widget-wrap elementor-element-populated\">\n\t\t\t\t\t\t<div class=\"elementor-element elementor-element-55408d6 elementor-widget elementor-widget-image\" data-id=\"55408d6\" data-element_type=\"widget\" data-e-type=\"widget\" data-widget_type=\"image.default\">\n\t\t\t\t<div class=\"elementor-widget-container\">\n\t\t\t\t\t\t\t\t\t\t\t\t\t\t\t\t<a href=\"https:\/\/www.erudit.org\/en\/journals\/jcha\/2024-v34-n2-jcha09739\/\" title=\"Volume 31\" number=\"\" 0=\"\">\n\t\t\t\t\t\t\t<img fetchpriority=\"high\" decoding=\"async\" width=\"200\" height=\"300\" src=\"https:\/\/cha-shc.ca\/wp-content\/uploads\/2024\/12\/coverpage-hd-200x300.jpg\" class=\"attachment-medium size-medium wp-image-51484\" alt=\"JCHA 2024 v.2\" srcset=\"https:\/\/cha-shc.ca\/wp-content\/uploads\/2024\/12\/coverpage-hd-200x300.jpg 200w, https:\/\/cha-shc.ca\/wp-content\/uploads\/2024\/12\/coverpage-hd-683x1024.jpg 683w, https:\/\/cha-shc.ca\/wp-content\/uploads\/2024\/12\/coverpage-hd-768x1152.jpg 768w, https:\/\/cha-shc.ca\/wp-content\/uploads\/2024\/12\/coverpage-hd-1024x1536.jpg 1024w, https:\/\/cha-shc.ca\/wp-content\/uploads\/2024\/12\/coverpage-hd.jpg 1200w\" sizes=\"(max-width: 200px) 100vw, 200px\" \/>\t\t\t\t\t\t\t\t<\/a>\n\t\t\t\t\t\t\t\t\t\t\t\t\t\t\t<\/div>\n\t\t\t\t<\/div>\n\t\t\t\t<div class=\"elementor-element elementor-element-a6b1b93 elementor-align-center elementor-tablet-align-center elementor-widget elementor-widget-button\" data-id=\"a6b1b93\" data-element_type=\"widget\" data-e-type=\"widget\" data-widget_type=\"button.default\">\n\t\t\t\t<div class=\"elementor-widget-container\">\n\t\t\t\t\t\t\t\t\t<div class=\"elementor-button-wrapper\">\n\t\t\t\t\t<a class=\"elementor-button elementor-button-link elementor-size-sm\" href=\"https:\/\/www.erudit.org\/fr\/revues\/jcha\/#back-issues\" target=\"_blank\">\n\t\t\t\t\t\t<span class=\"elementor-button-content-wrapper\">\n\t\t\t\t\t\t\t\t\t<span class=\"elementor-button-text\">LIRE LA REVUE EN LIGNE<\/span>\n\t\t\t\t\t<\/span>\n\t\t\t\t\t<\/a>\n\t\t\t\t<\/div>\n\t\t\t\t\t\t\t\t<\/div>\n\t\t\t\t<\/div>\n\t\t\t\t\t<\/div>\n\t\t<\/div>\n\t\t\t\t<div class=\"elementor-column elementor-col-50 elementor-top-column elementor-element elementor-element-34417c3\" data-id=\"34417c3\" data-element_type=\"column\" data-e-type=\"column\">\n\t\t\t<div class=\"elementor-widget-wrap elementor-element-populated\">\n\t\t\t\t\t\t<div class=\"elementor-element elementor-element-e8130a7 elementor-widget elementor-widget-text-editor\" data-id=\"e8130a7\" data-element_type=\"widget\" data-e-type=\"widget\" data-widget_type=\"text-editor.default\">\n\t\t\t\t<div class=\"elementor-widget-container\">\n\t\t\t\t\t\t\t\t\t<p><strong>R\u00e9dactrice en chef<\/strong><br \/><a href=\"mailto:dtrembin@stfx.ca\">Donna Trembinski<\/a>,\u00a0St. Francis Xavier University<\/p><p><strong>Cor\u00e9dactrices<br \/><\/strong><a href=\"mailto:Nicole.Neatby@smu.ca\" data-cke-saved-href=\"mailto:Nicole.Neatby@smu.ca\">Nicole Neatby<\/a>, St. Mary&rsquo;s University<br \/><a href=\"mailto:sbangar@uwo.ca\">Stephanie Bangarth<\/a>, King&rsquo;s University College<\/p><p><strong>R\u00e9dacteur num\u00e9rique<\/strong><br \/><a href=\"mailto:ben.bryce@ubc.ca\" data-cke-saved-href=\"mailto:ben.bryce@ubc.ca\">Benjamin Bryce<\/a>, University of British Columbia<\/p><p><strong>R\u00e9dacteur adjoint<br \/><\/strong><a href=\"mailto:jcha-rshc@jcha-rshc.ca\">Ryan Sun<\/a><\/p>\t\t\t\t\t\t\t\t<\/div>\n\t\t\t\t<\/div>\n\t\t\t\t\t<\/div>\n\t\t<\/div>\n\t\t\t\t\t<\/div>\n\t\t<\/section>\n\t\t\t\t<section class=\"elementor-section elementor-top-section elementor-element elementor-element-bed1b66 elementor-section-boxed elementor-section-height-default elementor-section-height-default\" data-id=\"bed1b66\" data-element_type=\"section\" data-e-type=\"section\">\n\t\t\t\t\t\t<div class=\"elementor-container elementor-column-gap-default\">\n\t\t\t\t\t<div class=\"elementor-column elementor-col-100 elementor-top-column elementor-element elementor-element-ed8c828\" data-id=\"ed8c828\" data-element_type=\"column\" data-e-type=\"column\">\n\t\t\t<div class=\"elementor-widget-wrap elementor-element-populated\">\n\t\t\t\t\t\t<div class=\"elementor-element elementor-element-68a90f1 elementor-widget elementor-widget-text-editor\" data-id=\"68a90f1\" data-element_type=\"widget\" data-e-type=\"widget\" data-widget_type=\"text-editor.default\">\n\t\t\t\t<div class=\"elementor-widget-container\">\n\t\t\t\t\t\t\t\t\t<p>La <em>Revue de la Soci\u00e9t\u00e9 historique du Canada \/ The Journal of the Canadian Historical Association<\/em> est publi\u00e9e par la Soci\u00e9t\u00e9 historique du Canada avec l&rsquo;aide financi\u00e8re du\u00a0 d\u00e9partement d&rsquo;histoire de\u00a0 l&rsquo;Universit\u00e9 de la Colombie-Britannique. Elle s&rsquo;appelait auparavant <em>Report of the Annual Meeting \/ Rapports annuels de la Soci\u00e9t\u00e9 historique du Canada<\/em>\u00a0(1922-1965) et\u00a0<em>Communications historiques<\/em>\u00a0(1966-1989). Depuis sa cr\u00e9ation, la\u00a0<em>Revue<\/em>\u00a0publie les meilleurs articles de fond sur des recherches historiques originales qui ont \u00e9t\u00e9 pr\u00e9sent\u00e9s \u00e0 la r\u00e9union annuelle de la Soci\u00e9t\u00e9 historique du Canada et soumis au comit\u00e9 de r\u00e9daction. Les r\u00e9dacteurs acceptent \u00e9galement les articles qui n&rsquo;ont pas \u00e9t\u00e9 pr\u00e9sent\u00e9s \u00e0 la r\u00e9union annuelle. La\u00a0<em>Revue<\/em>\u00a0publie des articles en anglais et en fran\u00e7ais, couvrant tous les domaines et toutes les m\u00e9thodes de la recherche historique.\u00a0<strong>Les auteur.es peuvent soumettre un article \u00e0 la\u00a0<em>RSHC<\/em>\u00a0\u00e0 tout moment\u00a0<a title=\"CHA Affiliates\" href=\"https:\/\/jcha-rshc.ca\/index.php\/jcha\/about\/submissions\" target=\"_blank\" rel=\"noopener\">ici.<\/a><\/strong>\u00a0<\/p><p>Visitez notre forum en ligne, <a href=\"http:\/\/www.HistoryJournal.ca\">www.HistoryJournal.ca<\/a>, pour en savoir plus sur nos articles et nos auteur.e.s et sur les activit\u00e9s des historien.ne.s du Canada !<\/p>\t\t\t\t\t\t\t\t<\/div>\n\t\t\t\t<\/div>\n\t\t\t\t<div class=\"elementor-element elementor-element-b8af101 elementor-widget elementor-widget-text-editor\" data-id=\"b8af101\" data-element_type=\"widget\" data-e-type=\"widget\" data-widget_type=\"text-editor.default\">\n\t\t\t\t<div class=\"elementor-widget-container\">\n\t\t\t\t\t\t\t\t\t<p><strong>Comit\u00e9 de r\u00e9daction<\/strong><\/p><p><strong>2022-2025<\/strong><br \/>Crystal Gail Fraser, University of Alberta<br \/>Cheryl Thompson, Toronto Metropolitain University<br \/>Funk\u00e9 Aladejebi, University of Toronto<br \/>Jeremy Maron, Canadian Museum for Human Rights<br \/>Anthony Steinhoff, Universit\u00e9 du Qu\u00e9bec \u00e0 Montr\u00e9al<\/p><p><strong>2023-2026<\/strong><br \/>Daniel Ross,\u00a0Universit\u00e9 du Qu\u00e9bec \u00e0 Montr\u00e9al<br \/>Laila Haidarali, Queen\u2019s University<br \/>Stephanie Bangarth, King\u2019s University College<br \/>Helen Dewar, Universit\u00e9 de Montr\u00e9al<\/p><p><strong>2024-2027<\/strong><br \/>Matthew Hayday, University of Guelph<br \/>Sophie Abdela, Universit\u00e9 de Sherbrooke<br \/>Marcel Martel, York University<br \/>Chelsea Davis, Missouri State University<br \/>Marie-Mich\u00e8le Doucet, Coll\u00e8ge militaire royal du Canada<\/p><p><strong>2025-2028<\/strong><br \/>Angela Tozer, University of New Brunswick<br \/>Greg Robinson, Universit\u00e9 du Qu\u00e9bec \u00e0 Montr\u00e9al<\/p>\t\t\t\t\t\t\t\t<\/div>\n\t\t\t\t<\/div>\n\t\t\t\t<div class=\"elementor-element elementor-element-366c449 elementor-widget elementor-widget-text-editor\" data-id=\"366c449\" data-element_type=\"widget\" data-e-type=\"widget\" data-widget_type=\"text-editor.default\">\n\t\t\t\t<div class=\"elementor-widget-container\">\n\t\t\t\t\t\t\t\t\t<p>Toutes les soumissions peuvent \u00eatre faites en ligne @\u00a0<a href=\"https:\/\/jcha-rshc.ca\/index.php\/jcha\/about\/submissions\">https:\/\/jcha-rshc.ca\/index.php\/jcha\/about\/submissions<\/a>. Toutes les questions peuvent \u00eatre envoy\u00e9es \u00e0 la r\u00e9dactrice en chef de la revue, <a href=\"mailto:dtrembin@stfx.ca\">Donna Trembinski<\/a>.<\/p><p><a href=\"https:\/\/cha-shc.ca\/wp-content\/uploads\/2022\/08\/4zktsz7xp.pdf\">Table des mati\u00e8res<\/a>\u00a0de la\u00a0<em>RSHC<\/em>\u00a0:1922-1994<\/p><p><a href=\"https:\/\/cha-shc.ca\/wp-content\/uploads\/2022\/08\/4zktsvgfw.pdf\">Index des sujets<\/a>\u00a0de la\u00a0<em>RSHC<\/em>\u00a0:1922-1994<\/p>\t\t\t\t\t\t\t\t<\/div>\n\t\t\t\t<\/div>\n\t\t\t\t\t<\/div>\n\t\t<\/div>\n\t\t\t\t\t<\/div>\n\t\t<\/section>\n\t\t\t\t<\/div>\n\t\t","protected":false},"excerpt":{"rendered":"<p>Revue de la Soci\u00e9t\u00e9 historique du Canada LIRE LA REVUE EN LIGNE R\u00e9dactrice en chefDonna Trembinski,\u00a0St. Francis Xavier University Cor\u00e9dactricesNicole Neatby, St. Mary&rsquo;s UniversityStephanie Bangarth, King&rsquo;s University College R\u00e9dacteur num\u00e9riqueBenjamin Bryce, University of British Columbia R\u00e9dacteur adjointRyan Sun La Revue de la Soci\u00e9t\u00e9 historique du Canada \/ The Journal of the Canadian Historical Association est [&hellip;]<\/p>\n","protected":false},"author":1,"featured_media":0,"parent":14574,"menu_order":0,"comment_status":"closed","ping_status":"closed","template":"","meta":{"_acf_changed":false,"_seopress_robots_primary_cat":"","_seopress_titles_title":"Revue de la Soci\u00e9t\u00e9 | Historique du Canada | Soci\u00e9t\u00e9 historique du Canada","_seopress_titles_desc":"Le Journal a publi\u00e9 les meilleurs articles sur la recherche historique originale qui ont \u00e9t\u00e9 pr\u00e9sent\u00e9s \u00e0 l&#039;assembl\u00e9e annuelle de la SHC.","_seopress_robots_index":"","_exactmetrics_skip_tracking":false,"_exactmetrics_sitenote_active":false,"_exactmetrics_sitenote_note":"","_exactmetrics_sitenote_category":0,"site-sidebar-layout":"no-sidebar","site-content-layout":"page-builder","ast-site-content-layout":"default","site-content-style":"default","site-sidebar-style":"default","ast-global-header-display":"","ast-banner-title-visibility":"","ast-main-header-display":"","ast-hfb-above-header-display":"","ast-hfb-below-header-display":"","ast-hfb-mobile-header-display":"","site-post-title":"disabled","ast-breadcrumbs-content":"","ast-featured-img":"disabled","footer-sml-layout":"","ast-disable-related-posts":"","theme-transparent-header-meta":"default","adv-header-id-meta":"","stick-header-meta":"","header-above-stick-meta":"","header-main-stick-meta":"","header-below-stick-meta":"","astra-migrate-meta-layouts":"default","ast-page-background-enabled":"default","ast-page-background-meta":{"desktop":{"background-color":"var(--ast-global-color-4)","background-image":"","background-repeat":"repeat","background-position":"center center","background-size":"auto","background-attachment":"scroll","background-type":"","background-media":"","overlay-type":"","overlay-color":"","overlay-opacity":"","overlay-gradient":""},"tablet":{"background-color":"","background-image":"","background-repeat":"repeat","background-position":"center center","background-size":"auto","background-attachment":"scroll","background-type":"","background-media":"","overlay-type":"","overlay-color":"","overlay-opacity":"","overlay-gradient":""},"mobile":{"background-color":"","background-image":"","background-repeat":"repeat","background-position":"center center","background-size":"auto","background-attachment":"scroll","background-type":"","background-media":"","overlay-type":"","overlay-color":"","overlay-opacity":"","overlay-gradient":""}},"ast-content-background-meta":{"desktop":{"background-color":"var(--ast-global-color-5)","background-image":"","background-repeat":"repeat","background-position":"center center","background-size":"auto","background-attachment":"scroll","background-type":"","background-media":"","overlay-type":"","overlay-color":"","overlay-opacity":"","overlay-gradient":""},"tablet":{"background-color":"var(--ast-global-color-5)","background-image":"","background-repeat":"repeat","background-position":"center center","background-size":"auto","background-attachment":"scroll","background-type":"","background-media":"","overlay-type":"","overlay-color":"","overlay-opacity":"","overlay-gradient":""},"mobile":{"background-color":"var(--ast-global-color-5)","background-image":"","background-repeat":"repeat","background-position":"center center","background-size":"auto","background-attachment":"scroll","background-type":"","background-media":"","overlay-type":"","overlay-color":"","overlay-opacity":"","overlay-gradient":""}},"footnotes":""},"page_template":[239],"class_list":["post-14583","page","type-page","status-publish","hentry","page_template-sidebar-fr"],"acf":[],"publishpress_future_action":{"enabled":false,"date":"2026-04-25 05:08:48","action":"change-status","newStatus":"draft","terms":[],"taxonomy":"page_template","extraData":[]},"publishpress_future_workflow_manual_trigger":{"enabledWorkflows":[]},"_links":{"self":[{"href":"https:\/\/cha-shc.ca\/fr\/wp-json\/wp\/v2\/pages\/14583","targetHints":{"allow":["GET"]}}],"collection":[{"href":"https:\/\/cha-shc.ca\/fr\/wp-json\/wp\/v2\/pages"}],"about":[{"href":"https:\/\/cha-shc.ca\/fr\/wp-json\/wp\/v2\/types\/page"}],"author":[{"embeddable":true,"href":"https:\/\/cha-shc.ca\/fr\/wp-json\/wp\/v2\/users\/1"}],"replies":[{"embeddable":true,"href":"https:\/\/cha-shc.ca\/fr\/wp-json\/wp\/v2\/comments?post=14583"}],"version-history":[{"count":19,"href":"https:\/\/cha-shc.ca\/fr\/wp-json\/wp\/v2\/pages\/14583\/revisions"}],"predecessor-version":[{"id":53619,"href":"https:\/\/cha-shc.ca\/fr\/wp-json\/wp\/v2\/pages\/14583\/revisions\/53619"}],"up":[{"embeddable":true,"href":"https:\/\/cha-shc.ca\/fr\/wp-json\/wp\/v2\/pages\/14574"}],"wp:attachment":[{"href":"https:\/\/cha-shc.ca\/fr\/wp-json\/wp\/v2\/media?parent=14583"}],"wp:term":[{"taxonomy":"page_template","embeddable":true,"href":"https:\/\/cha-shc.ca\/fr\/wp-json\/wp\/v2\/page_template?post=14583"}],"curies":[{"name":"wp","href":"https:\/\/api.w.org\/{rel}","templated":true}]}}