{"id":14585,"date":"2022-07-08T16:00:10","date_gmt":"2022-07-08T20:00:10","guid":{"rendered":"https:\/\/cha-shc.ca\/?page_id=14585"},"modified":"2023-06-30T10:23:52","modified_gmt":"2023-06-30T14:23:52","slug":"le-bulletin-de-la-shc-1975-2017","status":"publish","type":"page","link":"https:\/\/cha-shc.ca\/fr\/publications\/le-bulletin-de-la-shc-1975-2017\/","title":{"rendered":"Le Bulletin de la SHC (1975-2017)"},"content":{"rendered":"<div class=\"col-sm-8 col-sm-offset-0 col-xs-10 col-xs-offset-1\">\n<p>Toute personne int\u00e9ress\u00e9e peut lire les anciens num\u00e9ros du <em>Bulletin de la SHC<\/em>, le pr\u00e9d\u00e9cesseur de son magazine\u00a0<em>Intersections<\/em>, sur le site <a title=\"CHA Affiliates\" href=\"https:\/\/depot.erudit.org\/handle\/004524dd?locale=fr\" target=\"_blank\" rel=\"noopener\">web d&rsquo;\u00c9rudit<\/a>.<\/p>\n<\/div>\n","protected":false},"excerpt":{"rendered":"<p>Toute personne int\u00e9ress\u00e9e peut lire les anciens num\u00e9ros du Bulletin de la SHC, le pr\u00e9d\u00e9cesseur de son magazine\u00a0Intersections, sur le site web d&rsquo;\u00c9rudit.<\/p>\n","protected":false},"author":1,"featured_media":0,"parent":14574,"menu_order":13,"comment_status":"closed","ping_status":"closed","template":"","meta":{"_acf_changed":false,"_seopress_robots_primary_cat":"","_seopress_titles_title":"Bulletin de la SHC | Historique du Canada | Soci\u00e9t\u00e9 historique du Canada","_seopress_titles_desc":"Toute personne int\u00e9ress\u00e9e peut lire les anciens num\u00e9ros du Bulletin de la SHC, le pr\u00e9d\u00e9cesseur de son magazine Intersections, sur le site web d\u2019\u00c9rudit.","_seopress_robots_index":"","_exactmetrics_skip_tracking":false,"_exactmetrics_sitenote_active":false,"_exactmetrics_sitenote_note":"","_exactmetrics_sitenote_category":0,"site-sidebar-layout":"default","site-content-layout":"default","ast-site-content-layout":"default","site-content-style":"default","site-sidebar-style":"default","ast-global-header-display":"","ast-banner-title-visibility":"","ast-main-header-display":"","ast-hfb-above-header-display":"","ast-hfb-below-header-display":"","ast-hfb-mobile-header-display":"","site-post-title":"","ast-breadcrumbs-content":"","ast-featured-img":"","footer-sml-layout":"","ast-disable-related-posts":"","theme-transparent-header-meta":"default","adv-header-id-meta":"","stick-header-meta":"","header-above-stick-meta":"","header-main-stick-meta":"","header-below-stick-meta":"","astra-migrate-meta-layouts":"default","ast-page-background-enabled":"default","ast-page-background-meta":{"desktop":{"background-color":"var(--ast-global-color-4)","background-image":"","background-repeat":"repeat","background-position":"center center","background-size":"auto","background-attachment":"scroll","background-type":"","background-media":"","overlay-type":"","overlay-color":"","overlay-opacity":"","overlay-gradient":""},"tablet":{"background-color":"","background-image":"","background-repeat":"repeat","background-position":"center center","background-size":"auto","background-attachment":"scroll","background-type":"","background-media":"","overlay-type":"","overlay-color":"","overlay-opacity":"","overlay-gradient":""},"mobile":{"background-color":"","background-image":"","background-repeat":"repeat","background-position":"center center","background-size":"auto","background-attachment":"scroll","background-type":"","background-media":"","overlay-type":"","overlay-color":"","overlay-opacity":"","overlay-gradient":""}},"ast-content-background-meta":{"desktop":{"background-color":"var(--ast-global-color-5)","background-image":"","background-repeat":"repeat","background-position":"center center","background-size":"auto","background-attachment":"scroll","background-type":"","background-media":"","overlay-type":"","overlay-color":"","overlay-opacity":"","overlay-gradient":""},"tablet":{"background-color":"var(--ast-global-color-5)","background-image":"","background-repeat":"repeat","background-position":"center center","background-size":"auto","background-attachment":"scroll","background-type":"","background-media":"","overlay-type":"","overlay-color":"","overlay-opacity":"","overlay-gradient":""},"mobile":{"background-color":"var(--ast-global-color-5)","background-image":"","background-repeat":"repeat","background-position":"center center","background-size":"auto","background-attachment":"scroll","background-type":"","background-media":"","overlay-type":"","overlay-color":"","overlay-opacity":"","overlay-gradient":""}},"footnotes":""},"page_template":[239],"class_list":["post-14585","page","type-page","status-publish","hentry","page_template-sidebar-fr"],"acf":[],"publishpress_future_action":{"enabled":false,"date":"2026-05-04 13:48:06","action":"change-status","newStatus":"draft","terms":[],"taxonomy":"page_template","extraData":[]},"publishpress_future_workflow_manual_trigger":{"enabledWorkflows":[]},"_links":{"self":[{"href":"https:\/\/cha-shc.ca\/fr\/wp-json\/wp\/v2\/pages\/14585","targetHints":{"allow":["GET"]}}],"collection":[{"href":"https:\/\/cha-shc.ca\/fr\/wp-json\/wp\/v2\/pages"}],"about":[{"href":"https:\/\/cha-shc.ca\/fr\/wp-json\/wp\/v2\/types\/page"}],"author":[{"embeddable":true,"href":"https:\/\/cha-shc.ca\/fr\/wp-json\/wp\/v2\/users\/1"}],"replies":[{"embeddable":true,"href":"https:\/\/cha-shc.ca\/fr\/wp-json\/wp\/v2\/comments?post=14585"}],"version-history":[{"count":2,"href":"https:\/\/cha-shc.ca\/fr\/wp-json\/wp\/v2\/pages\/14585\/revisions"}],"predecessor-version":[{"id":15305,"href":"https:\/\/cha-shc.ca\/fr\/wp-json\/wp\/v2\/pages\/14585\/revisions\/15305"}],"up":[{"embeddable":true,"href":"https:\/\/cha-shc.ca\/fr\/wp-json\/wp\/v2\/pages\/14574"}],"wp:attachment":[{"href":"https:\/\/cha-shc.ca\/fr\/wp-json\/wp\/v2\/media?parent=14585"}],"wp:term":[{"taxonomy":"page_template","embeddable":true,"href":"https:\/\/cha-shc.ca\/fr\/wp-json\/wp\/v2\/page_template?post=14585"}],"curies":[{"name":"wp","href":"https:\/\/api.w.org\/{rel}","templated":true}]}}