{"id":14609,"date":"2022-07-08T16:05:42","date_gmt":"2022-07-08T20:05:42","guid":{"rendered":"https:\/\/cha-shc.ca\/?page_id=14609"},"modified":"2023-06-30T10:28:49","modified_gmt":"2023-06-30T14:28:49","slug":"le-programme-contacts-de-carriere-de-la-shc","status":"publish","type":"page","link":"https:\/\/cha-shc.ca\/fr\/carrieres-et-debouches\/le-programme-contacts-de-carriere-de-la-shc\/","title":{"rendered":"Le programme Contacts de carri\u00e8re de la SHC"},"content":{"rendered":"<p><img decoding=\"async\" class=\"alignleft\" src=\"https:\/\/cha-shc.ca\/wp-content\/uploads\/2022\/08\/5d14fa9b9ea09.png\" alt=\"Career Contact \" width=\"250\" height=\"152\" \/>La SHC est toujours \u00e0 la recherche d\u2019outils pour appuyer la carri\u00e8re des historiens et, bien que plusieurs de nos membres oeuvrent au sein des universit\u00e9s, nous poursuivons notre travail pour mieux soutenir ceux qui travaillent \u00e0 l\u2019ext\u00e9rieur de l\u2019universit\u00e9, en tant qu\u2019historiens ou dans d\u2019autres fonctions.<\/p>\n<p>\u00c0 cette fin, nous avons cr\u00e9\u00e9 un nouveau poste sur le Conseil d\u2019administration, dont je suis pr\u00e9sentement responsable, <strong>Historiens et historiennes en marge de la permanence<\/strong>. Nous bonifions constamment notre site Web, source principale d\u2019informations pour nos membres. De plus, nous avons ajout\u00e9 un autre site Internet l\u2019ann\u00e9e derni\u00e8re, Que faire avec un dipl\u00f4me en histoire ? Il regroupe d\u00e9sormais non seulement les dipl\u00f4m\u00e9s de premier cycle en histoire, mais \u00e9galement les \u00e9tudiants titulaires\u00a0de\u00a0dipl\u00f4mes\u00a0aux\u00a0cycles sup\u00e9rieurs. Ces profils d\u00e9montrent que les \u00e9tudiants qui suivent une formation en histoire acqui\u00e8rent des comp\u00e9tences en mati\u00e8re de pens\u00e9e critique, de communication, d&rsquo;\u00e9criture et de cr\u00e9ativit\u00e9 utiles \u00e0 de nombreux m\u00e9tiers qui valorisent un dipl\u00f4me d\u2019histoire.<\/p>\n<p>Pour notre noveau projet, nous avons \u00e9t\u00e9 inspir\u00e9s par le programme de contacts de l\u2019American Historical Association, qui permet aux \u00ab contacts juniors \u00bb et aux \u00ab contacts s\u00e9niors \u00bb de s\u2019inscrire et d\u2019entrer en communication. Les dipl\u00f4m\u00e9s en histoire qui travaillent \u00e0 l\u2019ext\u00e9rieur du milieu universitaire sont jumel\u00e9s \u00e0 ceux qui recherchent un tel travail ou qui d\u00e9sirent en savoir plus sur un domaine ou une carri\u00e8re en particulier. Pour ceux qui trouvent des emplois dans l&rsquo;industrie, le gouvernement, le secteur du patrimoine ou ailleurs, \u00e9tablir des liens avec d&rsquo;autres qui sont d\u00e9j\u00e0 sur le terrain est l&rsquo;un des moyens les plus importants d\u2019en savoir plus sur le type d&#8217;emplois existants, sur ce \u00e0 quoi resemble un tel travail dans ces domaines, comment les emplois sont affich\u00e9s et comment obtenir un poste. Les entrevues d\u2019information avec des personnes qui oeuvrent dans le domaine que vous \u00e9tudiez sont souvent n\u00e9cessaires dans le cadre d\u2019une recherche d\u2019emplois non universitaires. Le nouveau programme de contacts de carri\u00e8re de la Soci\u00e9t\u00e9 historique du Canada vise \u00e0 faciliter les rencontres et les discussions entre les personnes ayant un emploi et celles qui sont \u00e0 la recherche d\u2019un poste.<\/p>\n<p>Les historiens peuvent remplir soit le <a title=\"Canadian Historical Association\" href=\"https:\/\/docs.google.com\/forms\/d\/e\/1FAIpQLSc_AXpQEvcGYUJmd7VKqMcNpEMhN2EuGXbGkYIDAq_oP6zOdA\/viewform?vc=0&amp;c=0&amp;w=1\" target=\"_blank\" rel=\"noopener\"><strong>formulaire des chercheurs juniors<\/strong><\/a>, soit le <a title=\"Canadian Historical Association\" href=\"https:\/\/docs.google.com\/forms\/d\/e\/1FAIpQLSffhZG603tnig6Xa-IW9CUpM5WQLdvWCBqQj7bZX09IBYkYUw\/viewform?vc=0&amp;c=0&amp;w=1\" target=\"_blank\" rel=\"noopener\"><strong>formulaire des chercheurs s\u00e9niors<\/strong><\/a>, et cette information sera utilis\u00e9e pour apparier ces personnes. Les contacts s\u00e9niors indiquent leurs dipl\u00f4mes, leur pr\u00e9sent emploi, la nature de leur travail et l\u2019endroit o\u00f9 ils sont situ\u00e9s au pays. Les chercheurs juniors sont invit\u00e9s \u00e0 fournir des informations sur leurs dipl\u00f4mes et leurs domaines d\u2019activit\u00e9, les secteurs dans lesquels ils cherchent du travail et les caract\u00e9ristiques professionnelles qu\u2019ils souhaitent. Un appariement sera fait par le personnel de la SHC et les chercheurs s\u00e9niors et juniors seront mis en contact afin qu\u2019ils puissent fixer une entrevue d&rsquo;information par t\u00e9l\u00e9phone, courrier \u00e9lectronique, Skype ou en personne.<\/p>\n<p>Nous vous demandons de\u00a0bien\u00a0vouloir envisager devenir une personne contact s\u00e9nior si vous avez une carri\u00e8re \u00e0 l\u2019ext\u00e9rieur du milieu universitaire et souhaitez partager vos connaissances et votre exp\u00e9rience. Doctorants et r\u00e9cents dipl\u00f4m\u00e9s, nous esp\u00e9rons que cette initiative vous mettra en relation avec des professionnels que vous n&rsquo;auriez peut-\u00eatre pas pu rencontr\u00e9s autrement et que ce contact vous sera b\u00e9n\u00e9fique.<\/p>\n","protected":false},"excerpt":{"rendered":"<p>La SHC est toujours \u00e0 la recherche d\u2019outils pour appuyer la carri\u00e8re des historiens et, bien que plusieurs de nos membres oeuvrent au sein des universit\u00e9s, nous poursuivons notre travail pour mieux soutenir ceux qui travaillent \u00e0 l\u2019ext\u00e9rieur de l\u2019universit\u00e9, en tant qu\u2019historiens ou dans d\u2019autres fonctions. \u00c0 cette fin, nous avons cr\u00e9\u00e9 un nouveau [&hellip;]<\/p>\n","protected":false},"author":1,"featured_media":0,"parent":14607,"menu_order":0,"comment_status":"closed","ping_status":"closed","template":"","meta":{"_acf_changed":false,"_seopress_robots_primary_cat":"","_seopress_titles_title":"Programme Contacts de carri\u00e8re | Historique du Canada | Soci\u00e9t\u00e9 historique du Canada","_seopress_titles_desc":"Nous sommes \u00e0 la recherche d\u2019outils pour appuyer la carri\u00e8re des historiens, nous poursuivons notre travail pour soutenir ceux qui travaillent \u00e0 l\u2019ext\u00e9rieur.","_seopress_robots_index":"","_exactmetrics_skip_tracking":false,"_exactmetrics_sitenote_active":false,"_exactmetrics_sitenote_note":"","_exactmetrics_sitenote_category":0,"site-sidebar-layout":"default","site-content-layout":"default","ast-site-content-layout":"default","site-content-style":"default","site-sidebar-style":"default","ast-global-header-display":"","ast-banner-title-visibility":"","ast-main-header-display":"","ast-hfb-above-header-display":"","ast-hfb-below-header-display":"","ast-hfb-mobile-header-display":"","site-post-title":"","ast-breadcrumbs-content":"","ast-featured-img":"","footer-sml-layout":"","ast-disable-related-posts":"","theme-transparent-header-meta":"default","adv-header-id-meta":"","stick-header-meta":"","header-above-stick-meta":"","header-main-stick-meta":"","header-below-stick-meta":"","astra-migrate-meta-layouts":"default","ast-page-background-enabled":"default","ast-page-background-meta":{"desktop":{"background-color":"var(--ast-global-color-4)","background-image":"","background-repeat":"repeat","background-position":"center center","background-size":"auto","background-attachment":"scroll","background-type":"","background-media":"","overlay-type":"","overlay-color":"","overlay-opacity":"","overlay-gradient":""},"tablet":{"background-color":"","background-image":"","background-repeat":"repeat","background-position":"center center","background-size":"auto","background-attachment":"scroll","background-type":"","background-media":"","overlay-type":"","overlay-color":"","overlay-opacity":"","overlay-gradient":""},"mobile":{"background-color":"","background-image":"","background-repeat":"repeat","background-position":"center center","background-size":"auto","background-attachment":"scroll","background-type":"","background-media":"","overlay-type":"","overlay-color":"","overlay-opacity":"","overlay-gradient":""}},"ast-content-background-meta":{"desktop":{"background-color":"var(--ast-global-color-5)","background-image":"","background-repeat":"repeat","background-position":"center center","background-size":"auto","background-attachment":"scroll","background-type":"","background-media":"","overlay-type":"","overlay-color":"","overlay-opacity":"","overlay-gradient":""},"tablet":{"background-color":"var(--ast-global-color-5)","background-image":"","background-repeat":"repeat","background-position":"center center","background-size":"auto","background-attachment":"scroll","background-type":"","background-media":"","overlay-type":"","overlay-color":"","overlay-opacity":"","overlay-gradient":""},"mobile":{"background-color":"var(--ast-global-color-5)","background-image":"","background-repeat":"repeat","background-position":"center center","background-size":"auto","background-attachment":"scroll","background-type":"","background-media":"","overlay-type":"","overlay-color":"","overlay-opacity":"","overlay-gradient":""}},"footnotes":""},"page_template":[239],"class_list":["post-14609","page","type-page","status-publish","hentry","page_template-sidebar-fr"],"acf":[],"publishpress_future_action":{"enabled":false,"date":"2026-05-24 06:02:06","action":"change-status","newStatus":"draft","terms":[],"taxonomy":"page_template","extraData":[]},"publishpress_future_workflow_manual_trigger":{"enabledWorkflows":[]},"_links":{"self":[{"href":"https:\/\/cha-shc.ca\/fr\/wp-json\/wp\/v2\/pages\/14609","targetHints":{"allow":["GET"]}}],"collection":[{"href":"https:\/\/cha-shc.ca\/fr\/wp-json\/wp\/v2\/pages"}],"about":[{"href":"https:\/\/cha-shc.ca\/fr\/wp-json\/wp\/v2\/types\/page"}],"author":[{"embeddable":true,"href":"https:\/\/cha-shc.ca\/fr\/wp-json\/wp\/v2\/users\/1"}],"replies":[{"embeddable":true,"href":"https:\/\/cha-shc.ca\/fr\/wp-json\/wp\/v2\/comments?post=14609"}],"version-history":[{"count":3,"href":"https:\/\/cha-shc.ca\/fr\/wp-json\/wp\/v2\/pages\/14609\/revisions"}],"predecessor-version":[{"id":14666,"href":"https:\/\/cha-shc.ca\/fr\/wp-json\/wp\/v2\/pages\/14609\/revisions\/14666"}],"up":[{"embeddable":true,"href":"https:\/\/cha-shc.ca\/fr\/wp-json\/wp\/v2\/pages\/14607"}],"wp:attachment":[{"href":"https:\/\/cha-shc.ca\/fr\/wp-json\/wp\/v2\/media?parent=14609"}],"wp:term":[{"taxonomy":"page_template","embeddable":true,"href":"https:\/\/cha-shc.ca\/fr\/wp-json\/wp\/v2\/page_template?post=14609"}],"curies":[{"name":"wp","href":"https:\/\/api.w.org\/{rel}","templated":true}]}}