{"id":14708,"date":"2022-08-16T17:04:31","date_gmt":"2022-08-16T21:04:31","guid":{"rendered":"https:\/\/cha-shc.ca\/?page_id=14708"},"modified":"2022-08-16T17:08:21","modified_gmt":"2022-08-16T21:08:21","slug":"guide-ressources-des-auxiliaires-denseignement-en-histoire-shc-ced","status":"publish","type":"page","link":"https:\/\/cha-shc.ca\/fr\/enseignement\/guide-ressources-des-auxiliaires-denseignement-en-histoire-shc-ced\/","title":{"rendered":"Guide-ressources des auxiliaires d&rsquo;enseignement en histoire &#8211; SHC-CED"},"content":{"rendered":"<p><a href=\"http:\/\/www.chashcacommittees-comitesa.ca\/gsc-ced\/fr\/guide-aux\/\"><img decoding=\"async\" class=\"alignleft\" title=\"fr_ta_guide_cover.jpg\" src=\"https:\/\/cha-shc.ca\/wp-content\/uploads\/2022\/08\/4ykb78xwg.jpg\" alt=\"fr_ta_guide_cover.jpg\" width=\"150\" height=\"194\" \/><\/a>Bienvenue \u00e0 la nouvelle version\u00a0fran\u00e7aise du guide<\/p>\n<p><span class=\"itemTitle_text\"><strong>Remerciements<\/strong><\/span><\/p>\n<p>Le Comit\u00e9 des \u00e9tudiants dipl\u00f4m\u00e9s de la Soci\u00e9t\u00e9 historique du Canada tient \u00e0 remercier les auteurs, compilateurs, r\u00e9viseurs, dactylographes et concepteurs graphiques qui ont contribu\u00e9 au pr\u00e9sent document au fil des ans. John Lutz, George Young, Jenny Cook et Peter MacLeod ont r\u00e9dig\u00e9 la version originale, publi\u00e9e en 1992. Pour constituer la documentation, ils ont compt\u00e9 sur l\u2019aide de nombreux centres d\u2019enseignement et bon nombre de personnes dans les universit\u00e9s des quatre coins de l\u2019Am\u00e9rique du Nord. De plus, Andy Farquharson, Ph.D., du Learning and Teaching Centre de l\u2019University of Victoria, a g\u00e9n\u00e9reusement donn\u00e9 de son temps et de ses ressources. La nouvelle \u00e9dition a \u00e9t\u00e9 coordonn\u00e9e et r\u00e9vis\u00e9e par Lesley Erickson de l\u2019University of Calgary. Lesley Erickson et Roland Longpr\u00e9 se sont charg\u00e9s de la mise en page et de la conception graphique, et Tammy Nemeth s\u2019est occup\u00e9e de l\u2019impression et de la distribution \u00e0 Ottawa. En plus de son aide financi\u00e8re, la Soci\u00e9t\u00e9 historique du Canada, par l\u2019interm\u00e9diaire de son personnel et de son conseil, nous a g\u00e9n\u00e9reusement permis d\u2019utiliser ses installations. Merci \u00e0 toutes les personnes qui ont fourni des id\u00e9es, des critiques et des remarques. L\u2019\u00e9dition de 2009 a \u00e9t\u00e9 revue par Heather Steel, Jenny Ellison, Nathan Smith, Matt Trudgen, Julie Perrone et Olivier C\u00f4t\u00e9, et mise en ligne par Jonathan Crossen. Robert Ramsay est responsable de la conception graphique de cette derni\u00e8re \u00e9dition. Nous remercions SMART Communication enr. qui a pr\u00e9par\u00e9 la version fran\u00e7aise du guide. Merci \u00e9galement \u00e0 Mich\u00e8le Dagenais pour avoir assur\u00e9 la r\u00e9vision linguistique de cette traduction.<\/p>\n<p><strong>Votre opinion est inportante<\/strong><\/p>\n<p>Le pr\u00e9sent document est en constante \u00e9volution. Il est la somme des contributions d\u2019auxiliaires d&rsquo;enseignement, de professeurs et d\u2019\u00e9tudiants. Vos suggestions et vos remarques sont pr\u00e9cieuses et nous en tiendrons compte dans les prochaines \u00e9ditions. Veuillez faire part de vos commentaires au <a href=\"mailto:cha-shc@cha-shc.ca\">bureau de la SHC<\/a>.<br \/>\nISBN : 978-0-88798-272-9<\/p>\n<p>\u00a9 1992, deuxi\u00e8me \u00e9dition 2002, troisi\u00e8me \u00e9dition 2009, Comit\u00e9 des \u00e9tudiant(e)s dipl\u00f4m\u00e9(e)s de la Soci\u00e9t\u00e9 historique du Canada \u2013 Graduate Students\u2019 Committee of the Canadian Historical Association<\/p>\n<p><em>N.B.\u00a0: Dans le pr\u00e9sent document, le masculin fait office de genre neutre.<\/em><br \/>\n<em>Notons d&#8217;embl\u00e9e que l&rsquo;usage n&rsquo;est pas uniforme : alors que le titre d&rsquo;auxiliaires d&rsquo;enseignement pr\u00e9vaut dans la plupart des universit\u00e9s francophones, le terme d&rsquo;assistants \u00e0 l&rsquo;enseignement ou d&rsquo;enseignement est aussi usit\u00e9. C&rsquo;est le premier de ces titres qui a \u00e9t\u00e9 retenu lors de la pr\u00e9paration de ce guide.<\/em><br \/>\nNous reconnaissons l&rsquo;appui financier du gouvernement du Canada par l&rsquo;entremise du Minist\u00e8re du Patrimoine canadien.<\/p>\n<p>Guide-ressources\u00a0des auxiliaires d&rsquo;enseignement, <a href=\"https:\/\/cha-shc.ca\/wp-content\/uploads\/2022\/08\/4wlbc9oel.pdf\" target=\"_blank\" rel=\"noopener\"><span class=\"rtflink\">pdf<\/span><\/a>, <a href=\"http:\/\/www.chashcacommittees-comitesa.ca\/gsc-ced\/fr\/guide-aux\/\">html<\/a><\/p>\n","protected":false},"excerpt":{"rendered":"<p>Bienvenue \u00e0 la nouvelle version\u00a0fran\u00e7aise du guide Remerciements Le Comit\u00e9 des \u00e9tudiants dipl\u00f4m\u00e9s de la Soci\u00e9t\u00e9 historique du Canada tient \u00e0 remercier les auteurs, compilateurs, r\u00e9viseurs, dactylographes et concepteurs graphiques qui ont contribu\u00e9 au pr\u00e9sent document au fil des ans. John Lutz, George Young, Jenny Cook et Peter MacLeod ont r\u00e9dig\u00e9 la version originale, publi\u00e9e [&hellip;]<\/p>\n","protected":false},"author":1,"featured_media":0,"parent":14562,"menu_order":2,"comment_status":"closed","ping_status":"closed","template":"","meta":{"_acf_changed":false,"_seopress_robots_primary_cat":"","_seopress_titles_title":"","_seopress_titles_desc":"","_seopress_robots_index":"","_exactmetrics_skip_tracking":false,"_exactmetrics_sitenote_active":false,"_exactmetrics_sitenote_note":"","_exactmetrics_sitenote_category":0,"site-sidebar-layout":"default","site-content-layout":"default","ast-site-content-layout":"default","site-content-style":"default","site-sidebar-style":"default","ast-global-header-display":"","ast-banner-title-visibility":"","ast-main-header-display":"","ast-hfb-above-header-display":"","ast-hfb-below-header-display":"","ast-hfb-mobile-header-display":"","site-post-title":"","ast-breadcrumbs-content":"","ast-featured-img":"","footer-sml-layout":"","ast-disable-related-posts":"","theme-transparent-header-meta":"default","adv-header-id-meta":"","stick-header-meta":"","header-above-stick-meta":"","header-main-stick-meta":"","header-below-stick-meta":"","astra-migrate-meta-layouts":"default","ast-page-background-enabled":"default","ast-page-background-meta":{"desktop":{"background-color":"var(--ast-global-color-4)","background-image":"","background-repeat":"repeat","background-position":"center center","background-size":"auto","background-attachment":"scroll","background-type":"","background-media":"","overlay-type":"","overlay-color":"","overlay-opacity":"","overlay-gradient":""},"tablet":{"background-color":"","background-image":"","background-repeat":"repeat","background-position":"center center","background-size":"auto","background-attachment":"scroll","background-type":"","background-media":"","overlay-type":"","overlay-color":"","overlay-opacity":"","overlay-gradient":""},"mobile":{"background-color":"","background-image":"","background-repeat":"repeat","background-position":"center center","background-size":"auto","background-attachment":"scroll","background-type":"","background-media":"","overlay-type":"","overlay-color":"","overlay-opacity":"","overlay-gradient":""}},"ast-content-background-meta":{"desktop":{"background-color":"var(--ast-global-color-5)","background-image":"","background-repeat":"repeat","background-position":"center center","background-size":"auto","background-attachment":"scroll","background-type":"","background-media":"","overlay-type":"","overlay-color":"","overlay-opacity":"","overlay-gradient":""},"tablet":{"background-color":"var(--ast-global-color-5)","background-image":"","background-repeat":"repeat","background-position":"center center","background-size":"auto","background-attachment":"scroll","background-type":"","background-media":"","overlay-type":"","overlay-color":"","overlay-opacity":"","overlay-gradient":""},"mobile":{"background-color":"var(--ast-global-color-5)","background-image":"","background-repeat":"repeat","background-position":"center center","background-size":"auto","background-attachment":"scroll","background-type":"","background-media":"","overlay-type":"","overlay-color":"","overlay-opacity":"","overlay-gradient":""}},"footnotes":""},"page_template":[239],"class_list":["post-14708","page","type-page","status-publish","hentry","page_template-sidebar-fr"],"acf":[],"publishpress_future_action":{"enabled":false,"date":"2026-05-14 21:25:55","action":"change-status","newStatus":"draft","terms":[],"taxonomy":"page_template","extraData":[]},"publishpress_future_workflow_manual_trigger":{"enabledWorkflows":[]},"_links":{"self":[{"href":"https:\/\/cha-shc.ca\/fr\/wp-json\/wp\/v2\/pages\/14708","targetHints":{"allow":["GET"]}}],"collection":[{"href":"https:\/\/cha-shc.ca\/fr\/wp-json\/wp\/v2\/pages"}],"about":[{"href":"https:\/\/cha-shc.ca\/fr\/wp-json\/wp\/v2\/types\/page"}],"author":[{"embeddable":true,"href":"https:\/\/cha-shc.ca\/fr\/wp-json\/wp\/v2\/users\/1"}],"replies":[{"embeddable":true,"href":"https:\/\/cha-shc.ca\/fr\/wp-json\/wp\/v2\/comments?post=14708"}],"version-history":[{"count":4,"href":"https:\/\/cha-shc.ca\/fr\/wp-json\/wp\/v2\/pages\/14708\/revisions"}],"predecessor-version":[{"id":14714,"href":"https:\/\/cha-shc.ca\/fr\/wp-json\/wp\/v2\/pages\/14708\/revisions\/14714"}],"up":[{"embeddable":true,"href":"https:\/\/cha-shc.ca\/fr\/wp-json\/wp\/v2\/pages\/14562"}],"wp:attachment":[{"href":"https:\/\/cha-shc.ca\/fr\/wp-json\/wp\/v2\/media?parent=14708"}],"wp:term":[{"taxonomy":"page_template","embeddable":true,"href":"https:\/\/cha-shc.ca\/fr\/wp-json\/wp\/v2\/page_template?post=14708"}],"curies":[{"name":"wp","href":"https:\/\/api.w.org\/{rel}","templated":true}]}}