{"id":15144,"date":"2022-08-18T14:52:11","date_gmt":"2022-08-18T18:52:11","guid":{"rendered":"https:\/\/cha-shc.ca\/?page_id=15144"},"modified":"2024-03-20T10:45:36","modified_gmt":"2024-03-20T14:45:36","slug":"ressources-sur-la-lutte-contre-le-harcelement-et-la-discrimination","status":"publish","type":"page","link":"https:\/\/cha-shc.ca\/fr\/publications\/tirer-profit-de-lhistoire-un-guide-pour-les-etudes-superieures-et-la-recherche-demploi\/ressources-sur-la-lutte-contre-le-harcelement-et-la-discrimination\/","title":{"rendered":"Ressources sur la lutte contre le harc\u00e8lement et la discrimination"},"content":{"rendered":"<h2>Ressources sur la lutte contre le harc\u00e8lement et la discrimination<\/h2>\n<p><em>Revu et augment\u00e9 par Lindsay Bilodeau, candidate au doctorat, Victoria University of Wellington et Michel Duquet, bureau de la SHC<\/em><\/p>\n<p><a title=\"Ressources sur la lutte contre le harc\u00e8lement et la discrimination\" href=\"https:\/\/cha-shc.ca\/wp-content\/uploads\/2022\/08\/5f932339731f8.pdf\">PDF<\/a><\/p>\n<p><span style=\"color: #ff0000;\"><strong><em>Avertissement sur le contenu\u00a0: harc\u00e8lement, discrimination et maltraitance<\/em><\/strong><\/span><\/p>\n<p>Tous les \u00e9tudiants, les professeurs et le personnel de l\u2019universit\u00e9 ont le droit de travailler et d\u2019\u00e9tudier dans un environnement s\u00fbr et accueillant. La discrimination et le harc\u00e8lement bas\u00e9s sur le sexe, le genre, l\u2019orientation sexuelle, l\u2019\u00e2ge, la race, la religion ou le handicap cr\u00e9ent un obstacle \u00e0 l\u2019\u00e9galit\u00e9 et \u00e0 l\u2019\u00e9quit\u00e9, et sont consid\u00e9r\u00e9s comme discriminants par la Loi canadienne sur les droits de la personne. Les proc\u00e9dures diff\u00e8rent en fonction des universit\u00e9s, mais chaque \u00e9tablissement d\u2019enseignement a un bureau d\u00e9di\u00e9 \u00e0 l\u2019\u00e9quit\u00e9 et aux droits de la personne. Si vous avez \u00e9t\u00e9 victime de harc\u00e8lement, cherchez \u00e0 obtenir r\u00e9paration d\u00e8s que vous vous en sentez capable, par n\u2019importe quel canal qui vous semble vous convenir le mieux.<\/p>\n<p>Le harc\u00e8lement peut prendre de multiples formes, y compris celles de remarques d\u00e9plac\u00e9es \u2013 qu\u2019elles soient de nature sexuelle, raciste, fond\u00e9es sur la capacit\u00e9 physique, etc., qu\u2019il s\u2019agisse de blagues \u00e0 r\u00e9p\u00e9tition ou de commentaires sur votre \u00e2ge ou votre apparence, de coups de t\u00e9l\u00e9phone importuns, de l\u2019exhibition d\u2019images sexistes ou racistes, de contacts physiques inappropri\u00e9s ou d\u2019agression. Les personnes ayant subi ces formes de maltraitance ou de harc\u00e8lement peuvent \u00eatre de n\u2019importe quel \u00e2ge, sexualit\u00e9, genre, ethnicit\u00e9 ou avoir n\u2019importe quel niveau de handicap. Les gens qui harc\u00e8lent peuvent \u00eatre dans la m\u00eame position, ou dans une position diff\u00e9rente, au sein de l\u2019institution, que la personne harcel\u00e9e. Le harc\u00e8lement peut \u00eatre ponctuel ou se d\u00e9rouler sur une longue p\u00e9riode de temps. Puisque le harc\u00e8lement cr\u00e9e un environnement mauvais ou hostile qui peut faire beaucoup de mal, y compris en interf\u00e9rant avec vos performances au travail et votre r\u00e9ussite \u00e0 l\u2019universit\u00e9, toutes les formes qu\u2019il peut prendre devraient \u00eatre prises tr\u00e8s au s\u00e9rieux.<\/p>\n<p>Cependant, il n\u2019est pas toujours facile de d\u00e9terminer ce qui constitue du harc\u00e8lement \u2013 ou que faire \u00e0 ce sujet. Les gens qui s\u2019opposent aux blagues ethniques ou aux remarques sexuellement suggestives peuvent se voir dire qu\u2019ils devraient \u00ab\u00a0relativiser\u00a0\u00bb, ou bien on leur fait sentir qu\u2019ils \u00ab\u00a0dramatisent\u00a0\u00bb. Si vous \u00eates harcel\u00e9 ou discrimin\u00e9, vous avez tout \u00e0 fait le droit de chercher de l\u2019aide, un soutien et une r\u00e9paration. Si quelqu\u2019un vous harc\u00e8le ou vous discrimine, ce n\u2019est pas votre faute, et vous n\u2019avez pas \u00e0 tout subir \u00e0 vous tout seul. La plupart des universit\u00e9s d\u00e9livrent gratuitement des services de conseil\u00a0; votre directeur d\u2019\u00e9tudes, les repr\u00e9sentants des \u00e9tudiants des cycles sup\u00e9rieurs ou les d\u00e9l\u00e9gu\u00e9s syndicaux peuvent vous orienter vers les services universitaires appropri\u00e9s \u00e0 votre situation. Si chercher de l\u2019aide aupr\u00e8s de votre universit\u00e9 vous met mal \u00e0 l\u2019aise, ou si votre institution ne fournit pas le soutien et l\u2019action qui conviennent pour vous aider, il existe d\u2019autres ressources vers lesquelles vous tourner. Ci-dessous, nous avons dress\u00e9 la liste des recours possibles pour les personnes victimes de discrimination en raison de leur sexe, leur genre, leur sexualit\u00e9, leur ethnicit\u00e9, leur religion, leur situation financi\u00e8re et\/ou leur sant\u00e9 mentale.<\/p>\n<p>Ressources g\u00e9n\u00e9rales<\/p>\n<p>\u00b7\u00a0\u00a0\u00a0\u00a0\u00a0 Informations g\u00e9n\u00e9rales sur la discrimination au Canada\u00a0: <a href=\"https:\/\/www.chrc-ccdp.gc.ca\/fra\/contenu\/quest-ce-que-la-discrimination\">https:\/\/www.chrc-ccdp.gc.ca\/fra\/contenu\/quest-ce-que-la-discrimination<\/a><\/p>\n<p>\u00b7\u00a0\u00a0\u00a0\u00a0\u00a0 Ressources pour l\u2019aide juridique\u00a0: <a href=\"https:\/\/www.hrlsc.on.ca\/fr\/contactez-le-cajdp\/avant-de-nous-contacter\">https:\/\/www.hrlsc.on.ca\/fr\/contactez-le-cajdp\/avant-de-nous-contacter<\/a><\/p>\n<p>\u00b7\u00a0\u00a0\u00a0\u00a0\u00a0 Centre canadien de ressources pour les victimes de crimes\u00a0: <a href=\"https:\/\/crcvc.ca\/fr\/links\/\">https:\/\/crcvc.ca\/fr\/links\/<\/a><\/p>\n<p><strong>Racisme anti-BIPOC<\/strong><\/p>\n<p>\u00b7\u00a0\u00a0\u00a0\u00a0\u00a0 Patrimoine canadien, les ressources de lutte contre le racisme\u00a0: <a href=\"https:\/\/www.canada.ca\/fr\/patrimoine-canadien\/campagnes\/mobilisation-contre-racisme\/ressources.html\">https:\/\/www.canada.ca\/fr\/patrimoine-canadien\/campagnes\/mobilisation-contre-racisme\/ressources.html<\/a><\/p>\n<p>\u00b7\u00a0\u00a0\u00a0\u00a0\u00a0 Commission ontarienne des droits de la personne\u00a0:\u00a0 <a href=\"http:\/\/www.ohrc.on.ca\/fr\/la-discrimination-raciale-brochure\">http:\/\/www.ohrc.on.ca\/fr\/la-discrimination-raciale-brochure<\/a><\/p>\n<p>\u00b7\u00a0\u00a0\u00a0\u00a0\u00a0 Black Legal Action Centre\u00a0: <a href=\"https:\/\/www.blacklegalactioncentre.ca\/french\/\">https:\/\/www.blacklegalactioncentre.ca\/french\/<\/a><\/p>\n<p>\u00b7\u00a0\u00a0\u00a0\u00a0\u00a0 Guide sur la discrimination raciale et le harc\u00e8lement\u00a0: <a href=\"http:\/\/www.ohrc.on.ca\/fr\/le-harc%C3%A8lement-racial-connaissez-vos-droits-brochure\">http:\/\/www.ohrc.on.ca\/fr\/le-harc%C3%A8lement-racial-connaissez-vos-droits-brochure<\/a><\/p>\n<p>\u00b7\u00a0\u00a0\u00a0\u00a0\u00a0 Institut de recherche et d\u2019\u00e9ducation sur les relations raciales\u00a0: <a href=\"https:\/\/www.canadahelps.org\/fr\/organismesdebienfaisance\/institut-de-recherche-et-deducation-sur-les-relations-racia\/?v2=true&amp;utm_expid=.Zw6wDABWRgyB0oPClDzoRg.1&amp;utm_referrer=https%3A%2F%2Fwww.google.com%2F\">https:\/\/www.canadahelps.org\/fr\/organismesdebienfaisance\/institut-de-recherche-et-deducation-sur-les-relations-racia\/?v2=true&amp;utm_expid=.Zw6wDABWRgyB0oPClDzoRg.1&amp;utm_referrer=https%3A%2F%2Fwww.google.com%2F<\/a><\/p>\n<p><strong>Les Autochtones en particulier<\/strong><\/p>\n<p>\u00b7\u00a0\u00a0\u00a0\u00a0\u00a0 Centre de collaboration nationale de la sant\u00e9 autochtone\u00a0: <a href=\"https:\/\/www.ccnsa.ca\/fr\/ListingIndex.aspx?sortcode=1.7.10&amp;id=338\">https:\/\/www.ccnsa.ca\/fr\/ListingIndex.aspx?sortcode=1.7.10&amp;id=338<\/a><\/p>\n<p>\u00b7\u00a0\u00a0\u00a0\u00a0\u00a0 Services aux Autochtones du Canada\u00a0: <a href=\"https:\/\/www.canada.ca\/fr\/services-autochtones-canada.html\">https:\/\/www.canada.ca\/fr\/services-autochtones-canada.html<\/a><\/p>\n<p>\u00b7\u00a0\u00a0\u00a0\u00a0\u00a0 Regroupement des centres d\u2019amiti\u00e9 autochtones du Qu\u00e9bec\u00a0: <a href=\"http:\/\/www.rcaaq.info\/\">http:\/\/www.rcaaq.info\/<\/a><\/p>\n<p>\u00b7\u00a0\u00a0\u00a0\u00a0\u00a0 Association nationale des centres d\u2019amiti\u00e9\u00a0: <a href=\"https:\/\/www.nafc.ca\/fr\">https:\/\/www.nafc.ca\/fr<\/a><\/p>\n<p><strong>Le capacitisme\/la capacit\u00e9<\/strong><\/p>\n<p>\u00b7\u00a0\u00a0\u00a0\u00a0\u00a0 Commission canadienne des droits de la personne, droits des personnes handicap\u00e9es\u00a0: <a href=\"https:\/\/www.chrc-ccdp.gc.ca\/fra\/content\/deficience\">https:\/\/www.chrc-ccdp.gc.ca\/fra\/content\/deficience<\/a><\/p>\n<p>\u00b7\u00a0\u00a0\u00a0\u00a0\u00a0 Association canadienne des libert\u00e9s civiles, ressources pour les personnes handicap\u00e9es\u00a0:\u00a0 <a href=\"https:\/\/ccla.org\/fr\/ressources-utiles-pour-les-personnes-handicapees-en-matiere-demploi-et-dacces\/\">https:\/\/ccla.org\/fr\/ressources-utiles-pour-les-personnes-handicapees-en-matiere-demploi-et-dacces\/<\/a><\/p>\n<p><strong>Sant\u00e9 mentale<\/strong><\/p>\n<p>\u00b7\u00a0\u00a0\u00a0\u00a0\u00a0 Soutien en sant\u00e9 mentale du Gouvernement du Canada\u00a0:\u00a0 <a href=\"https:\/\/www.canada.ca\/fr\/sante-publique\/services\/services-sante-mentale\/sante-mentale-obtenir-aide.html\">https:\/\/www.canada.ca\/fr\/sante-publique\/services\/services-sante-mentale\/sante-mentale-obtenir-aide.html<\/a><\/p>\n<p>\u00b7\u00a0\u00a0\u00a0\u00a0\u00a0 Site Internet de l\u2019Association canadienne pour la sant\u00e9 mentale (qui vous aide \u00e0 trouver de l\u2019aide au niveau r\u00e9gional)\u00a0: <a href=\"https:\/\/cmha.ca\/fr\/trouvez-votre-acsm-locale\">https:\/\/cmha.ca\/fr\/trouvez-votre-acsm-locale<\/a><\/p>\n<p>\u00b7\u00a0\u00a0\u00a0\u00a0\u00a0 Centre canadien de la sant\u00e9 mentale et du sport\u00a0: <a href=\"https:\/\/www.ccmhs-ccsms.ca\/nos-piliers-du-succes#:~:text=Bienvenue%20au%20Centre%20canadien%20de,mentale%20et%20du%20sport%20(CCSMS)&amp;text=Le%20CCSMS%20est%20un%20organisme,comp%C3%A9titifs%20et%20de%20haut%20niveau\">https:\/\/www.ccmhs-ccsms.ca\/nos-piliers-du-succes#:~:text=Bienvenue%20au%20Centre%20canadien%20de,mentale%20et%20du%20sport%20(CCSMS)&amp;text=Le%20CCSMS%20est%20un%20organisme,comp%C3%A9titifs%20et%20de%20haut%20niveau<\/a>.<\/p>\n<p>\u00b7\u00a0\u00a0\u00a0\u00a0\u00a0 Centres de collaboration nationale en sant\u00e9 publique\u00a0: <a href=\"https:\/\/ccnsp.ca\/projects\/mentalhealth\">https:\/\/ccnsp.ca\/projects\/mentalhealth<\/a><\/p>\n<p>\u00b7\u00a0\u00a0\u00a0\u00a0\u00a0 Ligne de crise de la ville d\u2019Ottawa et des environs\u00a0: <a href=\"https:\/\/crisisline.ca\/?lang=fr\">https:\/\/crisisline.ca\/?lang=fr<\/a><\/p>\n<p>\u00b7\u00a0\u00a0\u00a0\u00a0\u00a0 Aide pour les personnes qui souffrent d\u2019anxi\u00e9t\u00e9\u00a0: <a href=\"https:\/\/www.revivre.org\/\">https:\/\/www.revivre.org\/<\/a><\/p>\n<p>\u00b7\u00a0\u00a0\u00a0\u00a0\u00a0 La pr\u00e9vention du suicide et le soutien\u00a0: <a href=\"https:\/\/www.crisisservicescanada.ca\/fr\/\">https:\/\/www.crisisservicescanada.ca\/fr\/<\/a> et 1.866.277.3553<\/p>\n<p>\u00b7\u00a0\u00a0\u00a0\u00a0\u00a0 Faire face \u00e0 la d\u00e9pression\u00a0: <a href=\"https:\/\/www.aide.ulaval.ca\/psychologie\/textes-et-outils\/difficultes-frequentes\/la-depression-mieux-la-connaitre-pour-y-faire-face\/\">https:\/\/www.aide.ulaval.ca\/psychologie\/textes-et-outils\/difficultes-frequentes\/la-depression-mieux-la-connaitre-pour-y-faire-face\/<\/a><\/p>\n<p><strong>Agression\/violence sexuelle<\/strong><\/p>\n<p>\u00b7\u00a0\u00a0\u00a0\u00a0\u00a0 Outil de recherche de ressources de soutien sur l\u2019inconduite sexuelle du Gouvernement du Canada\u00a0: <a href=\"https:\/\/www.canada.ca\/fr\/ministere-defense-nationale\/services\/avantages-militaires\/conflits-inconduite\/operation-honour\/centre-intervention-inconduite-sexuelle\/outil-recherche-ressources.html\">https:\/\/www.canada.ca\/fr\/ministere-defense-nationale\/services\/avantages-militaires\/conflits-inconduite\/operation-honour\/centre-intervention-inconduite-sexuelle\/outil-recherche-ressources.html<\/a><\/p>\n<p>\u00b7\u00a0\u00a0\u00a0\u00a0\u00a0 Fondation canadienne des femmes\u00a0: <a href=\"https:\/\/canadianwomen.org\/fr\/les-faits\/\">https:\/\/canadianwomen.org\/fr\/les-faits\/<\/a><\/p>\n<p>\u00b7\u00a0\u00a0\u00a0\u00a0\u00a0 Action ontarienne contre la violence faite aux femmes\u00a0: <a href=\"https:\/\/aocvf.ca\/\">https:\/\/aocvf.ca\/<\/a><\/p>\n<p>\u00b7\u00a0\u00a0\u00a0\u00a0\u00a0 Centre d\u2019intervention en abus sexuels pour la famille\u00a0: <a href=\"https:\/\/www.ciasf.org\/\">https:\/\/www.ciasf.org\/<\/a><\/p>\n<p>\u00b7\u00a0\u00a0\u00a0\u00a0\u00a0 Condition f\u00e9minine Canada \u2013 liste de ressources, de province \u00e0 province\u00a0: <a href=\"https:\/\/cfc-swc.gc.ca\/violence\/knowledge-connaissance\/canada-fr.html?wbdisable=true\">https:\/\/cfc-swc.gc.ca\/violence\/knowledge-connaissance\/canada-fr.html?wbdisable=true<\/a><\/p>\n<p><strong>LGBTQIA+<\/strong><\/p>\n<p>\u00b7\u00a0 \u00a0 \u00a0Guide pour la s\u00e9curit\u00e9 des LGBTQIA+ en ligne\u00a0<a href=\"https:\/\/fr.vpnmentor.com\/blog\/la-plupart-des-lgbtq-se-font-harceler-en-ligne-voici-comment-rester-en-securite\/\"><strong>https:\/\/fr.vpnmentor.com\/blog\/la-plupart-des-lgbtq-se-font-harceler-en-ligne-voici-comment-rester-en-securite\/<\/strong><\/a><\/p>\n<p>Pflag\u00a0: <a href=\"https:\/\/pflagcanada.ca\/french\/\">https:\/\/pflagcanada.ca\/french\/<\/a><\/p>\n<p>Sections provinciales de Pflag\u00a0: <a href=\"https:\/\/pflagcanada.ca\/pflag-chapters\/\">https:\/\/pflagcanada.ca\/pflag-chapters\/<\/a><\/p>\n<p>\u00b7\u00a0\u00a0\u00a0\u00a0\u00a0 LGBTQ + et Services de sant\u00e9 trans\u00a0: <a href=\"https:\/\/www.centretownchc.org\/fr\/programmes-et-services\/lgbtq-et-services-de-sante-trans\/\">https:\/\/www.centretownchc.org\/fr\/programmes-et-services\/lgbtq-et-services-de-sante-trans\/<\/a><\/p>\n<p>\u00b7\u00a0\u00a0\u00a0\u00a0\u00a0 Centre de collaboration nationale de la sant\u00e9 autochtone, \u00ab\u00a0La bispiritualit\u00e9\u00a0: Parlons-en\u00a0! Introduction \u00e0 la sant\u00e9 bispirituelle\u00a0\u00bb\u00a0: <a href=\"https:\/\/www.ccnsa.ca\/docs\/emerging\/WEBINAR-TwoSpiritHealth-Hunt-FR.pdf\">https:\/\/www.ccnsa.ca\/docs\/emerging\/WEBINAR-TwoSpiritHealth-Hunt-FR.pdf<\/a><\/p>\n<p>\u00b7\u00a0\u00a0\u00a0\u00a0\u00a0 La Fondation Lifeline Canada\u00a0: <a href=\"https:\/\/thelifelinecanada.ca\/fr\/resources\/\">https:\/\/thelifelinecanada.ca\/fr\/resources\/<\/a><\/p>\n<p>\u00b7\u00a0\u00a0\u00a0\u00a0\u00a0 Sant\u00e9 mentale, Nouveau d\u00e9part EHN Canada\u00a0: <a href=\"https:\/\/www.cliniquenouveaudepart.com\/blog\/le-besoin-de-soins-en-sante-mentale-pour-les-lgbtq\/\">https:\/\/www.cliniquenouveaudepart.com\/blog\/le-besoin-de-soins-en-sante-mentale-pour-les-lgbtq\/<\/a><\/p>\n<p>\u00b7\u00a0\u00a0\u00a0\u00a0\u00a0 Centre communautaire LGBTQ+ de Montr\u00e9al\u00a0: <a href=\"https:\/\/ccglm.org\/nos-services\/ressources\/\">https:\/\/ccglm.org\/nos-services\/ressources\/<\/a><\/p>\n<p>\u00b7\u00a0\u00a0\u00a0\u00a0\u00a0 Alliance arc-en-ciel : <a href=\"https:\/\/arcencielquebec.ca\/atteinte-a-vos-droits\/\">https:\/\/arcencielquebec.ca\/atteinte-a-vos-droits\/<\/a><\/p>\n<p>\u00b7\u00a0 \u00a0 \u00a0 Ressources financi\u00e8res pour les \u00e9tudiants LGBTQIA+ (\u00e9tudier aux \u00c9tats-Unis &#8211; en anglais) : <a href=\"https:\/\/www.creditdonkey.com\/resources-lgbtq-students.html\">https:\/\/www.creditdonkey.com\/resources-lgbtq-students.html\u00a0<\/a><\/p>\n<p><strong>Questions socio-\u00e9conomiques<\/strong><\/p>\n<p>\u00b7\u00a0\u00a0\u00a0\u00a0\u00a0 Homeless Hub\u00a0: <a href=\"https:\/\/www.rondpointdelitinerance.ca\/solutions\/pr%C3%A9vention\">https:\/\/www.rondpointdelitinerance.ca\/solutions\/pr%C3%A9vention<\/a><\/p>\n<p>\u00b7\u00a0\u00a0\u00a0\u00a0\u00a0 L\u2019itin\u00e9rance chez les Autochtones\u00a0: <a href=\"https:\/\/www.rondpointdelitinerance.ca\/solutions\/peuples-autochtones\">https:\/\/www.rondpointdelitinerance.ca\/solutions\/peuples-autochtones<\/a><\/p>\n","protected":false},"excerpt":{"rendered":"<p>Ressources sur la lutte contre le harc\u00e8lement et la discrimination Revu et augment\u00e9 par Lindsay Bilodeau, candidate au doctorat, Victoria University of Wellington et Michel Duquet, bureau de la SHC PDF Avertissement sur le contenu\u00a0: harc\u00e8lement, discrimination et maltraitance Tous les \u00e9tudiants, les professeurs et le personnel de l\u2019universit\u00e9 ont le droit de travailler et [&hellip;]<\/p>\n","protected":false},"author":1,"featured_media":0,"parent":14579,"menu_order":10,"comment_status":"closed","ping_status":"closed","template":"","meta":{"_acf_changed":false,"_seopress_robots_primary_cat":"","_seopress_titles_title":"","_seopress_titles_desc":"","_seopress_robots_index":"","_exactmetrics_skip_tracking":false,"_exactmetrics_sitenote_active":false,"_exactmetrics_sitenote_note":"","_exactmetrics_sitenote_category":0,"site-sidebar-layout":"default","site-content-layout":"default","ast-site-content-layout":"default","site-content-style":"default","site-sidebar-style":"default","ast-global-header-display":"","ast-banner-title-visibility":"","ast-main-header-display":"","ast-hfb-above-header-display":"","ast-hfb-below-header-display":"","ast-hfb-mobile-header-display":"","site-post-title":"","ast-breadcrumbs-content":"","ast-featured-img":"","footer-sml-layout":"","ast-disable-related-posts":"","theme-transparent-header-meta":"default","adv-header-id-meta":"","stick-header-meta":"","header-above-stick-meta":"","header-main-stick-meta":"","header-below-stick-meta":"","astra-migrate-meta-layouts":"set","ast-page-background-enabled":"default","ast-page-background-meta":{"desktop":{"background-color":"var(--ast-global-color-4)","background-image":"","background-repeat":"repeat","background-position":"center center","background-size":"auto","background-attachment":"scroll","background-type":"","background-media":"","overlay-type":"","overlay-color":"","overlay-opacity":"","overlay-gradient":""},"tablet":{"background-color":"","background-image":"","background-repeat":"repeat","background-position":"center center","background-size":"auto","background-attachment":"scroll","background-type":"","background-media":"","overlay-type":"","overlay-color":"","overlay-opacity":"","overlay-gradient":""},"mobile":{"background-color":"","background-image":"","background-repeat":"repeat","background-position":"center center","background-size":"auto","background-attachment":"scroll","background-type":"","background-media":"","overlay-type":"","overlay-color":"","overlay-opacity":"","overlay-gradient":""}},"ast-content-background-meta":{"desktop":{"background-color":"var(--ast-global-color-5)","background-image":"","background-repeat":"repeat","background-position":"center center","background-size":"auto","background-attachment":"scroll","background-type":"","background-media":"","overlay-type":"","overlay-color":"","overlay-opacity":"","overlay-gradient":""},"tablet":{"background-color":"var(--ast-global-color-5)","background-image":"","background-repeat":"repeat","background-position":"center center","background-size":"auto","background-attachment":"scroll","background-type":"","background-media":"","overlay-type":"","overlay-color":"","overlay-opacity":"","overlay-gradient":""},"mobile":{"background-color":"var(--ast-global-color-5)","background-image":"","background-repeat":"repeat","background-position":"center center","background-size":"auto","background-attachment":"scroll","background-type":"","background-media":"","overlay-type":"","overlay-color":"","overlay-opacity":"","overlay-gradient":""}},"footnotes":""},"page_template":[239],"class_list":["post-15144","page","type-page","status-publish","hentry","page_template-sidebar-fr"],"acf":[],"publishpress_future_action":{"enabled":false,"date":"2026-05-04 15:02:05","action":"change-status","newStatus":"draft","terms":[],"taxonomy":"page_template","extraData":[]},"publishpress_future_workflow_manual_trigger":{"enabledWorkflows":[]},"_links":{"self":[{"href":"https:\/\/cha-shc.ca\/fr\/wp-json\/wp\/v2\/pages\/15144","targetHints":{"allow":["GET"]}}],"collection":[{"href":"https:\/\/cha-shc.ca\/fr\/wp-json\/wp\/v2\/pages"}],"about":[{"href":"https:\/\/cha-shc.ca\/fr\/wp-json\/wp\/v2\/types\/page"}],"author":[{"embeddable":true,"href":"https:\/\/cha-shc.ca\/fr\/wp-json\/wp\/v2\/users\/1"}],"replies":[{"embeddable":true,"href":"https:\/\/cha-shc.ca\/fr\/wp-json\/wp\/v2\/comments?post=15144"}],"version-history":[{"count":3,"href":"https:\/\/cha-shc.ca\/fr\/wp-json\/wp\/v2\/pages\/15144\/revisions"}],"predecessor-version":[{"id":48300,"href":"https:\/\/cha-shc.ca\/fr\/wp-json\/wp\/v2\/pages\/15144\/revisions\/48300"}],"up":[{"embeddable":true,"href":"https:\/\/cha-shc.ca\/fr\/wp-json\/wp\/v2\/pages\/14579"}],"wp:attachment":[{"href":"https:\/\/cha-shc.ca\/fr\/wp-json\/wp\/v2\/media?parent=15144"}],"wp:term":[{"taxonomy":"page_template","embeddable":true,"href":"https:\/\/cha-shc.ca\/fr\/wp-json\/wp\/v2\/page_template?post=15144"}],"curies":[{"name":"wp","href":"https:\/\/api.w.org\/{rel}","templated":true}]}}