{"id":15179,"date":"2022-08-18T15:33:43","date_gmt":"2022-08-18T19:33:43","guid":{"rendered":"https:\/\/cha-shc.ca\/?page_id=15179"},"modified":"2022-08-18T15:46:22","modified_gmt":"2022-08-18T19:46:22","slug":"engaged-engages-une-serie-de-webinaires-de-la-shc-la-decolonisation-i-lautochtonisation-de-lenseignement-de-lhistoire","status":"publish","type":"page","link":"https:\/\/cha-shc.ca\/fr\/publications\/engaged-engages-une-serie-de-webinaires-de-la-shc\/engaged-engages-une-serie-de-webinaires-de-la-shc-la-decolonisation-i-lautochtonisation-de-lenseignement-de-lhistoire\/","title":{"rendered":"Engaged | Engag\u00e9s &#8211; une s\u00e9rie de webinaires de la SHC : la d\u00e9colonisation I : l\u2019autochtonisation de l\u2019enseignement de l\u2019histoire"},"content":{"rendered":"<p><img fetchpriority=\"high\" decoding=\"async\" src=\"https:\/\/cha-shc.ca\/wp-content\/uploads\/2022\/08\/5ef9f0c93094e.jpg\" alt=\"Engaged-Engag\u00e9s\" width=\"400\" height=\"194\" \/><br \/>\nLa SHC a organis\u00e9 une s\u00e9rie de webinaires afin d&rsquo;offrir un forum de discussion virtuel pour les historien.ne.s.\u00a0 Nous esp\u00e9rons que la s\u00e9rie deviendra petit \u00e0 petit un v\u00e9ritable lieu d&rsquo;\u00e9changes.<\/p>\n<p><strong>Vous pouvez voir la s\u00e9rie sur la <a title=\"CHA Affiliates\" href=\"https:\/\/www.youtube.com\/channel\/UCu9Wr3ur_ApQI1mUOFrYQGQ\" target=\"_blank\" rel=\"noopener\">cha\u00eene YouTube de la SHC<\/a>.<\/strong><\/p>\n<p>Cette ann\u00e9e, la Soci\u00e9t\u00e9 historique du Canada planifie un certain nombre d&rsquo;activit\u00e9s, des conversations, des webinaires, \u00e0 l\u2019occasion de son 100e anniversaire. Sans oublier sa r\u00e9union annuelle qui aura lieu du 16 au 18 mai 2002 et qui comprendra jusqu&rsquo;\u00e0 huit s\u00e9ances simultan\u00e9es sur trois jours de communications, de panels et de pr\u00e9sentations qui seront h\u00e9berg\u00e9s en ligne.\u00a0 Le programme pr\u00e9liminaire de \u00ab\u00a0Repenser l&rsquo;histoire\u00a0\u00bb est maintenant disponible :\u00a0<a href=\"https:\/\/cha-shc.ca\/francais\/ce-que-nous-faisons\/reunion-annuelle\/reunion-annuelle.html\">https:\/\/cha-shc.ca\/francais\/ce-que-nous-faisons\/reunion-annuelle\/reunion-annuelle.html<\/a>.<\/p>\n","protected":false},"excerpt":{"rendered":"<p>La SHC a organis\u00e9 une s\u00e9rie de webinaires afin d&rsquo;offrir un forum de discussion virtuel pour les historien.ne.s.\u00a0 Nous esp\u00e9rons que la s\u00e9rie deviendra petit \u00e0 petit un v\u00e9ritable lieu d&rsquo;\u00e9changes. Vous pouvez voir la s\u00e9rie sur la cha\u00eene YouTube de la SHC. Cette ann\u00e9e, la Soci\u00e9t\u00e9 historique du Canada planifie un certain nombre d&rsquo;activit\u00e9s, [&hellip;]<\/p>\n","protected":false},"author":1,"featured_media":0,"parent":15181,"menu_order":0,"comment_status":"closed","ping_status":"closed","template":"","meta":{"_acf_changed":false,"_seopress_robots_primary_cat":"","_seopress_titles_title":"","_seopress_titles_desc":"","_seopress_robots_index":"","_exactmetrics_skip_tracking":false,"_exactmetrics_sitenote_active":false,"_exactmetrics_sitenote_note":"","_exactmetrics_sitenote_category":0,"site-sidebar-layout":"default","site-content-layout":"default","ast-site-content-layout":"default","site-content-style":"default","site-sidebar-style":"default","ast-global-header-display":"","ast-banner-title-visibility":"","ast-main-header-display":"","ast-hfb-above-header-display":"","ast-hfb-below-header-display":"","ast-hfb-mobile-header-display":"","site-post-title":"","ast-breadcrumbs-content":"","ast-featured-img":"","footer-sml-layout":"","ast-disable-related-posts":"","theme-transparent-header-meta":"default","adv-header-id-meta":"","stick-header-meta":"","header-above-stick-meta":"","header-main-stick-meta":"","header-below-stick-meta":"","astra-migrate-meta-layouts":"default","ast-page-background-enabled":"default","ast-page-background-meta":{"desktop":{"background-color":"var(--ast-global-color-4)","background-image":"","background-repeat":"repeat","background-position":"center center","background-size":"auto","background-attachment":"scroll","background-type":"","background-media":"","overlay-type":"","overlay-color":"","overlay-opacity":"","overlay-gradient":""},"tablet":{"background-color":"","background-image":"","background-repeat":"repeat","background-position":"center center","background-size":"auto","background-attachment":"scroll","background-type":"","background-media":"","overlay-type":"","overlay-color":"","overlay-opacity":"","overlay-gradient":""},"mobile":{"background-color":"","background-image":"","background-repeat":"repeat","background-position":"center center","background-size":"auto","background-attachment":"scroll","background-type":"","background-media":"","overlay-type":"","overlay-color":"","overlay-opacity":"","overlay-gradient":""}},"ast-content-background-meta":{"desktop":{"background-color":"var(--ast-global-color-5)","background-image":"","background-repeat":"repeat","background-position":"center center","background-size":"auto","background-attachment":"scroll","background-type":"","background-media":"","overlay-type":"","overlay-color":"","overlay-opacity":"","overlay-gradient":""},"tablet":{"background-color":"var(--ast-global-color-5)","background-image":"","background-repeat":"repeat","background-position":"center center","background-size":"auto","background-attachment":"scroll","background-type":"","background-media":"","overlay-type":"","overlay-color":"","overlay-opacity":"","overlay-gradient":""},"mobile":{"background-color":"var(--ast-global-color-5)","background-image":"","background-repeat":"repeat","background-position":"center center","background-size":"auto","background-attachment":"scroll","background-type":"","background-media":"","overlay-type":"","overlay-color":"","overlay-opacity":"","overlay-gradient":""}},"footnotes":""},"page_template":[239],"class_list":["post-15179","page","type-page","status-publish","hentry","page_template-sidebar-fr"],"acf":[],"publishpress_future_action":{"enabled":false,"date":"2026-05-04 15:02:05","action":"change-status","newStatus":"draft","terms":[],"taxonomy":"page_template","extraData":[]},"publishpress_future_workflow_manual_trigger":{"enabledWorkflows":[]},"_links":{"self":[{"href":"https:\/\/cha-shc.ca\/fr\/wp-json\/wp\/v2\/pages\/15179","targetHints":{"allow":["GET"]}}],"collection":[{"href":"https:\/\/cha-shc.ca\/fr\/wp-json\/wp\/v2\/pages"}],"about":[{"href":"https:\/\/cha-shc.ca\/fr\/wp-json\/wp\/v2\/types\/page"}],"author":[{"embeddable":true,"href":"https:\/\/cha-shc.ca\/fr\/wp-json\/wp\/v2\/users\/1"}],"replies":[{"embeddable":true,"href":"https:\/\/cha-shc.ca\/fr\/wp-json\/wp\/v2\/comments?post=15179"}],"version-history":[{"count":3,"href":"https:\/\/cha-shc.ca\/fr\/wp-json\/wp\/v2\/pages\/15179\/revisions"}],"predecessor-version":[{"id":15187,"href":"https:\/\/cha-shc.ca\/fr\/wp-json\/wp\/v2\/pages\/15179\/revisions\/15187"}],"up":[{"embeddable":true,"href":"https:\/\/cha-shc.ca\/fr\/wp-json\/wp\/v2\/pages\/15181"}],"wp:attachment":[{"href":"https:\/\/cha-shc.ca\/fr\/wp-json\/wp\/v2\/media?parent=15179"}],"wp:term":[{"taxonomy":"page_template","embeddable":true,"href":"https:\/\/cha-shc.ca\/fr\/wp-json\/wp\/v2\/page_template?post=15179"}],"curies":[{"name":"wp","href":"https:\/\/api.w.org\/{rel}","templated":true}]}}