{"id":15201,"date":"2022-08-18T15:33:43","date_gmt":"2022-08-18T19:33:43","guid":{"rendered":"https:\/\/cha-shc.ca\/?page_id=15201"},"modified":"2022-08-18T15:55:04","modified_gmt":"2022-08-18T19:55:04","slug":"engaged-engages-une-serie-de-webinaires-de-la-shc-la-precarite-iii-les-historiens-en-situation-precaire-bienveillance-disciplinaire-la-shc-que-peut-elle-faire","status":"publish","type":"page","link":"https:\/\/cha-shc.ca\/fr\/publications\/engaged-engages-une-serie-de-webinaires-de-la-shc\/engaged-engages-une-serie-de-webinaires-de-la-shc-la-precarite-iii-les-historiens-en-situation-precaire-bienveillance-disciplinaire-la-shc-que-peut-elle-faire\/","title":{"rendered":"Engaged | Engag\u00e9s &#8211; une s\u00e9rie de webinaires de la SHC : la pr\u00e9carit\u00e9 III : les historiens en situation pr\u00e9caire &#038; bienveillance disciplinaire. La SHC : que peut-elle faire ?"},"content":{"rendered":"<p><img fetchpriority=\"high\" decoding=\"async\" src=\"https:\/\/cha-shc.ca\/wp-content\/uploads\/2022\/08\/5ef9f0c93094e.jpg\" alt=\"Engaged-Engag\u00e9s\" width=\"400\" height=\"194\" \/><\/p>\n<p>Ceci est le troisi\u00e8me d&rsquo;une s\u00e9rie de webinaires Zoom de la SHC inspir\u00e9e du <a title=\"CHA Affiliates\" href=\"https:\/\/activehistory.ca\/2020\/02\/precarious-historical-instructors-manifesto\/\">Precarious Historical Instructors&rsquo; Manifesto <\/a>qui s&rsquo;est d\u00e9roul\u00e9 le vendredi 19 mars 2021 (13h00 heure de l\u2019Est)<\/p>\n<p>Animateur : Barrington Walker<\/p>\n<p>Participants : Ele Chenier ; Laura Madokoro ; Andrea Eidinger ; Harold B\u00e9rub\u00e9 ; David Tough ; Letitia Johnson.<\/p>\n<p>Ressources : les femmes en milieu universitaire (Ele Chenier). <a title=\"CHA Affiliates\" href=\"https:\/\/www.sfu.ca\/content\/dam\/sfu\/academicwomen\/RadicalInclusionReportAug2020\/Radical%20Inclusion%20Aug%2031%202020.pdf#main_content_image_892471735\">Radical Inclusion: Equity and Diversity Among Female Faculty at Simon Fraser University<\/a>.<\/p>\n<p>Vous pouvez visionner le webinaire sur la cha\u00eene\u00a0<a title=\"CHA Affiliates\" href=\"https:\/\/www.youtube.com\/watch?v=ym_uqt1S1_s&amp;ab_channel=CHASHC\">YouTube<\/a>\u00a0de la SHC.<\/p>\n","protected":false},"excerpt":{"rendered":"<p>Ceci est le troisi\u00e8me d&rsquo;une s\u00e9rie de webinaires Zoom de la SHC inspir\u00e9e du Precarious Historical Instructors&rsquo; Manifesto qui s&rsquo;est d\u00e9roul\u00e9 le vendredi 19 mars 2021 (13h00 heure de l\u2019Est) Animateur : Barrington Walker Participants : Ele Chenier ; Laura Madokoro ; Andrea Eidinger ; Harold B\u00e9rub\u00e9 ; David Tough ; Letitia Johnson. Ressources : [&hellip;]<\/p>\n","protected":false},"author":1,"featured_media":0,"parent":15181,"menu_order":4,"comment_status":"closed","ping_status":"closed","template":"","meta":{"_acf_changed":false,"_seopress_robots_primary_cat":"","_seopress_titles_title":"","_seopress_titles_desc":"","_seopress_robots_index":"","_exactmetrics_skip_tracking":false,"_exactmetrics_sitenote_active":false,"_exactmetrics_sitenote_note":"","_exactmetrics_sitenote_category":0,"site-sidebar-layout":"default","site-content-layout":"default","ast-site-content-layout":"default","site-content-style":"default","site-sidebar-style":"default","ast-global-header-display":"","ast-banner-title-visibility":"","ast-main-header-display":"","ast-hfb-above-header-display":"","ast-hfb-below-header-display":"","ast-hfb-mobile-header-display":"","site-post-title":"","ast-breadcrumbs-content":"","ast-featured-img":"","footer-sml-layout":"","ast-disable-related-posts":"","theme-transparent-header-meta":"default","adv-header-id-meta":"","stick-header-meta":"","header-above-stick-meta":"","header-main-stick-meta":"","header-below-stick-meta":"","astra-migrate-meta-layouts":"default","ast-page-background-enabled":"default","ast-page-background-meta":{"desktop":{"background-color":"var(--ast-global-color-4)","background-image":"","background-repeat":"repeat","background-position":"center center","background-size":"auto","background-attachment":"scroll","background-type":"","background-media":"","overlay-type":"","overlay-color":"","overlay-opacity":"","overlay-gradient":""},"tablet":{"background-color":"","background-image":"","background-repeat":"repeat","background-position":"center center","background-size":"auto","background-attachment":"scroll","background-type":"","background-media":"","overlay-type":"","overlay-color":"","overlay-opacity":"","overlay-gradient":""},"mobile":{"background-color":"","background-image":"","background-repeat":"repeat","background-position":"center center","background-size":"auto","background-attachment":"scroll","background-type":"","background-media":"","overlay-type":"","overlay-color":"","overlay-opacity":"","overlay-gradient":""}},"ast-content-background-meta":{"desktop":{"background-color":"var(--ast-global-color-5)","background-image":"","background-repeat":"repeat","background-position":"center center","background-size":"auto","background-attachment":"scroll","background-type":"","background-media":"","overlay-type":"","overlay-color":"","overlay-opacity":"","overlay-gradient":""},"tablet":{"background-color":"var(--ast-global-color-5)","background-image":"","background-repeat":"repeat","background-position":"center center","background-size":"auto","background-attachment":"scroll","background-type":"","background-media":"","overlay-type":"","overlay-color":"","overlay-opacity":"","overlay-gradient":""},"mobile":{"background-color":"var(--ast-global-color-5)","background-image":"","background-repeat":"repeat","background-position":"center center","background-size":"auto","background-attachment":"scroll","background-type":"","background-media":"","overlay-type":"","overlay-color":"","overlay-opacity":"","overlay-gradient":""}},"footnotes":""},"page_template":[239],"class_list":["post-15201","page","type-page","status-publish","hentry","page_template-sidebar-fr"],"acf":[],"publishpress_future_action":{"enabled":false,"date":"2026-05-04 13:48:06","action":"change-status","newStatus":"draft","terms":[],"taxonomy":"page_template","extraData":[]},"publishpress_future_workflow_manual_trigger":{"enabledWorkflows":[]},"_links":{"self":[{"href":"https:\/\/cha-shc.ca\/fr\/wp-json\/wp\/v2\/pages\/15201","targetHints":{"allow":["GET"]}}],"collection":[{"href":"https:\/\/cha-shc.ca\/fr\/wp-json\/wp\/v2\/pages"}],"about":[{"href":"https:\/\/cha-shc.ca\/fr\/wp-json\/wp\/v2\/types\/page"}],"author":[{"embeddable":true,"href":"https:\/\/cha-shc.ca\/fr\/wp-json\/wp\/v2\/users\/1"}],"replies":[{"embeddable":true,"href":"https:\/\/cha-shc.ca\/fr\/wp-json\/wp\/v2\/comments?post=15201"}],"version-history":[{"count":1,"href":"https:\/\/cha-shc.ca\/fr\/wp-json\/wp\/v2\/pages\/15201\/revisions"}],"predecessor-version":[{"id":15202,"href":"https:\/\/cha-shc.ca\/fr\/wp-json\/wp\/v2\/pages\/15201\/revisions\/15202"}],"up":[{"embeddable":true,"href":"https:\/\/cha-shc.ca\/fr\/wp-json\/wp\/v2\/pages\/15181"}],"wp:attachment":[{"href":"https:\/\/cha-shc.ca\/fr\/wp-json\/wp\/v2\/media?parent=15201"}],"wp:term":[{"taxonomy":"page_template","embeddable":true,"href":"https:\/\/cha-shc.ca\/fr\/wp-json\/wp\/v2\/page_template?post=15201"}],"curies":[{"name":"wp","href":"https:\/\/api.w.org\/{rel}","templated":true}]}}