{"id":40222,"date":"2022-11-21T16:36:37","date_gmt":"2022-11-21T21:36:37","guid":{"rendered":"https:\/\/cha-shc.ca\/?page_id=40222"},"modified":"2022-11-30T15:05:59","modified_gmt":"2022-11-30T20:05:59","slug":"la-rubrique-histoire-octobre-2022","status":"publish","type":"page","link":"https:\/\/cha-shc.ca\/fr\/publications\/la-rubrique-histoire-le-bulletin-dinformation-numerique-de-la-shc\/la-rubrique-histoire-octobre-2022\/","title":{"rendered":"La rubrique Histoire \u2013 octobre 2022"},"content":{"rendered":"\t\t<div data-elementor-type=\"wp-page\" data-elementor-id=\"40222\" class=\"elementor elementor-40222 elementor-40190\" data-elementor-post-type=\"page\">\n\t\t\t\t\t\t<section class=\"elementor-section elementor-top-section elementor-element elementor-element-3dc4922 elementor-section-boxed elementor-section-height-default elementor-section-height-default\" data-id=\"3dc4922\" data-element_type=\"section\" data-e-type=\"section\">\n\t\t\t\t\t\t<div class=\"elementor-container elementor-column-gap-default\">\n\t\t\t\t\t<div class=\"elementor-column elementor-col-100 elementor-top-column elementor-element elementor-element-c2b8e55\" data-id=\"c2b8e55\" data-element_type=\"column\" data-e-type=\"column\">\n\t\t\t<div class=\"elementor-widget-wrap elementor-element-populated\">\n\t\t\t\t\t\t<div class=\"elementor-element elementor-element-3911f9e elementor-widget elementor-widget-image\" data-id=\"3911f9e\" data-element_type=\"widget\" data-e-type=\"widget\" data-widget_type=\"image.default\">\n\t\t\t\t<div class=\"elementor-widget-container\">\n\t\t\t\t\t\t\t\t\t\t\t\t\t\t\t<img fetchpriority=\"high\" decoding=\"async\" width=\"1024\" height=\"241\" src=\"https:\/\/cha-shc.ca\/wp-content\/uploads\/2022\/11\/Issue-3.5-Header-1024x241.jpg\" class=\"attachment-large size-large wp-image-40963\" alt=\"\" srcset=\"https:\/\/cha-shc.ca\/wp-content\/uploads\/2022\/11\/Issue-3.5-Header-1024x241.jpg 1024w, https:\/\/cha-shc.ca\/wp-content\/uploads\/2022\/11\/Issue-3.5-Header-300x71.jpg 300w, https:\/\/cha-shc.ca\/wp-content\/uploads\/2022\/11\/Issue-3.5-Header-768x181.jpg 768w, https:\/\/cha-shc.ca\/wp-content\/uploads\/2022\/11\/Issue-3.5-Header-1536x361.jpg 1536w, https:\/\/cha-shc.ca\/wp-content\/uploads\/2022\/11\/Issue-3.5-Header.jpg 1713w\" sizes=\"(max-width: 1024px) 100vw, 1024px\" \/>\t\t\t\t\t\t\t\t\t\t\t\t\t\t\t<\/div>\n\t\t\t\t<\/div>\n\t\t\t\t\t<\/div>\n\t\t<\/div>\n\t\t\t\t\t<\/div>\n\t\t<\/section>\n\t\t\t\t<section class=\"elementor-section elementor-top-section elementor-element elementor-element-4fd67264 elementor-section-boxed elementor-section-height-default elementor-section-height-default\" data-id=\"4fd67264\" data-element_type=\"section\" data-e-type=\"section\">\n\t\t\t\t\t\t<div class=\"elementor-container elementor-column-gap-default\">\n\t\t\t\t\t<div class=\"elementor-column elementor-col-100 elementor-top-column elementor-element elementor-element-6e1157df\" data-id=\"6e1157df\" data-element_type=\"column\" data-e-type=\"column\">\n\t\t\t<div class=\"elementor-widget-wrap elementor-element-populated\">\n\t\t\t\t\t\t<div class=\"elementor-element elementor-element-6afcfbe4 elementor-widget elementor-widget-heading\" data-id=\"6afcfbe4\" data-element_type=\"widget\" data-e-type=\"widget\" data-widget_type=\"heading.default\">\n\t\t\t\t<div class=\"elementor-widget-container\">\n\t\t\t\t\t<h4 class=\"elementor-heading-title elementor-size-default\"><a href=\"https:\/\/cha-shc.ca\/wp-content\/uploads\/2022\/11\/6340333062b42.pdf\" target=\"_blank\">PDF<\/a><\/h4>\t\t\t\t<\/div>\n\t\t\t\t<\/div>\n\t\t\t\t<div class=\"elementor-element elementor-element-76638ece elementor-widget elementor-widget-heading\" data-id=\"76638ece\" data-element_type=\"widget\" data-e-type=\"widget\" data-widget_type=\"heading.default\">\n\t\t\t\t<div class=\"elementor-widget-container\">\n\t\t\t\t\t<span class=\"elementor-heading-title elementor-size-default\">ACTUALIT\u00c9S<\/span>\t\t\t\t<\/div>\n\t\t\t\t<\/div>\n\t\t\t\t\t<\/div>\n\t\t<\/div>\n\t\t\t\t\t<\/div>\n\t\t<\/section>\n\t\t\t\t<section class=\"elementor-section elementor-top-section elementor-element elementor-element-75efcc33 elementor-section-boxed elementor-section-height-default elementor-section-height-default\" data-id=\"75efcc33\" data-element_type=\"section\" data-e-type=\"section\">\n\t\t\t\t\t\t<div class=\"elementor-container elementor-column-gap-default\">\n\t\t\t\t\t<div class=\"elementor-column elementor-col-33 elementor-top-column elementor-element elementor-element-6833016b\" data-id=\"6833016b\" data-element_type=\"column\" data-e-type=\"column\">\n\t\t\t<div class=\"elementor-widget-wrap elementor-element-populated\">\n\t\t\t\t\t\t<div class=\"elementor-element elementor-element-108856b elementor-widget elementor-widget-image\" data-id=\"108856b\" data-element_type=\"widget\" data-e-type=\"widget\" data-widget_type=\"image.default\">\n\t\t\t\t<div class=\"elementor-widget-container\">\n\t\t\t\t\t\t\t\t\t\t\t\t\t\t\t<img decoding=\"async\" width=\"300\" height=\"53\" src=\"https:\/\/cha-shc.ca\/wp-content\/uploads\/2022\/11\/62434fdb014c6-1-300x53.png\" class=\"attachment-medium size-medium wp-image-40227\" alt=\"62434fdb014c6 1\" srcset=\"https:\/\/cha-shc.ca\/wp-content\/uploads\/2022\/11\/62434fdb014c6-1-300x53.png 300w, https:\/\/cha-shc.ca\/wp-content\/uploads\/2022\/11\/62434fdb014c6-1.png 600w\" sizes=\"(max-width: 300px) 100vw, 300px\" \/>\t\t\t\t\t\t\t\t\t\t\t\t\t\t\t<\/div>\n\t\t\t\t<\/div>\n\t\t\t\t\t<\/div>\n\t\t<\/div>\n\t\t\t\t<div class=\"elementor-column elementor-col-66 elementor-top-column elementor-element elementor-element-69bf5fe\" data-id=\"69bf5fe\" data-element_type=\"column\" data-e-type=\"column\">\n\t\t\t<div class=\"elementor-widget-wrap elementor-element-populated\">\n\t\t\t\t\t\t<div class=\"elementor-element elementor-element-24d9cae elementor-widget elementor-widget-text-editor\" data-id=\"24d9cae\" data-element_type=\"widget\" data-e-type=\"widget\" data-widget_type=\"text-editor.default\">\n\t\t\t\t<div class=\"elementor-widget-container\">\n\t\t\t\t\t\t\t\t\t<p><strong><i><a title=\"CHA Affiliates\" href=\"https:\/\/actualites.uqam.ca\/2022\/cent-ans-de-sciences-au-quebec\/?utm_source=rss&amp;utm_medium=rss&amp;utm_campaign=cent-ans-de-sciences-au-quebec\" target=\"_blank\" rel=\"noopener\">Cent ans de sciences au Qu\u00e9bec<\/a>.\u00a0<\/i><\/strong>Quatre Uqamiens participent \u00e0\u00a0La fabuleuse histoire des sciences au Qu\u00e9bec, une s\u00e9rie de Savoir m\u00e9dia.<\/p>\t\t\t\t\t\t\t\t<\/div>\n\t\t\t\t<\/div>\n\t\t\t\t\t<\/div>\n\t\t<\/div>\n\t\t\t\t\t<\/div>\n\t\t<\/section>\n\t\t\t\t<section class=\"elementor-section elementor-top-section elementor-element elementor-element-60f6550b elementor-section-boxed elementor-section-height-default elementor-section-height-default\" data-id=\"60f6550b\" data-element_type=\"section\" data-e-type=\"section\">\n\t\t\t\t\t\t<div class=\"elementor-container elementor-column-gap-default\">\n\t\t\t\t\t<div class=\"elementor-column elementor-col-33 elementor-top-column elementor-element elementor-element-5c1fc11a\" data-id=\"5c1fc11a\" data-element_type=\"column\" data-e-type=\"column\">\n\t\t\t<div class=\"elementor-widget-wrap elementor-element-populated\">\n\t\t\t\t\t\t<div class=\"elementor-element elementor-element-2fff9afa elementor-widget elementor-widget-image\" data-id=\"2fff9afa\" data-element_type=\"widget\" data-e-type=\"widget\" data-widget_type=\"image.default\">\n\t\t\t\t<div class=\"elementor-widget-container\">\n\t\t\t\t\t\t\t\t\t\t\t\t\t\t\t<img decoding=\"async\" width=\"300\" height=\"160\" src=\"https:\/\/cha-shc.ca\/wp-content\/uploads\/2022\/11\/5efa1f3fb5f7b-1-300x160.png\" class=\"attachment-medium size-medium wp-image-40229\" alt=\"5efa1f3fb5f7b 1\" srcset=\"https:\/\/cha-shc.ca\/wp-content\/uploads\/2022\/11\/5efa1f3fb5f7b-1-300x160.png 300w, https:\/\/cha-shc.ca\/wp-content\/uploads\/2022\/11\/5efa1f3fb5f7b-1.png 307w\" sizes=\"(max-width: 300px) 100vw, 300px\" \/>\t\t\t\t\t\t\t\t\t\t\t\t\t\t\t<\/div>\n\t\t\t\t<\/div>\n\t\t\t\t\t<\/div>\n\t\t<\/div>\n\t\t\t\t<div class=\"elementor-column elementor-col-66 elementor-top-column elementor-element elementor-element-16d69058\" data-id=\"16d69058\" data-element_type=\"column\" data-e-type=\"column\">\n\t\t\t<div class=\"elementor-widget-wrap elementor-element-populated\">\n\t\t\t\t\t\t<div class=\"elementor-element elementor-element-3dbfcc4e elementor-widget elementor-widget-text-editor\" data-id=\"3dbfcc4e\" data-element_type=\"widget\" data-e-type=\"widget\" data-widget_type=\"text-editor.default\">\n\t\t\t\t<div class=\"elementor-widget-container\">\n\t\t\t\t\t\t\t\t\t<p>Professeure r\u00e9guli\u00e8re ou Professeur r\u00e9gulier en histoire sociale \u2013 D\u00e9partement des sciences humaines et sociales<br \/>Entr\u00e9e en fonction &#8211; le 1er juin 2023<br \/><a title=\"CHA Affiliates\" href=\"http:\/\/www.uqac.ca\/emploi\/emplois\/dad-688-professeur-e-regulier-e-en-histoire-sociale-aux-sciences-humaines-et-sociales\/\" target=\"_blank\" rel=\"noopener\"><strong>Date limite pour les candidatures<\/strong><\/a> &#8211; le 27 octobre 2022<\/p>\t\t\t\t\t\t\t\t<\/div>\n\t\t\t\t<\/div>\n\t\t\t\t\t<\/div>\n\t\t<\/div>\n\t\t\t\t\t<\/div>\n\t\t<\/section>\n\t\t\t\t<section class=\"elementor-section elementor-top-section elementor-element elementor-element-7d53a3c0 elementor-section-boxed elementor-section-height-default elementor-section-height-default\" data-id=\"7d53a3c0\" data-element_type=\"section\" data-e-type=\"section\">\n\t\t\t\t\t\t<div class=\"elementor-container elementor-column-gap-default\">\n\t\t\t\t\t<div class=\"elementor-column elementor-col-33 elementor-top-column elementor-element elementor-element-3b3d1d7c\" data-id=\"3b3d1d7c\" data-element_type=\"column\" data-e-type=\"column\">\n\t\t\t<div class=\"elementor-widget-wrap elementor-element-populated\">\n\t\t\t\t\t\t<div class=\"elementor-element elementor-element-60962d2d elementor-widget elementor-widget-image\" data-id=\"60962d2d\" data-element_type=\"widget\" data-e-type=\"widget\" data-widget_type=\"image.default\">\n\t\t\t\t<div class=\"elementor-widget-container\">\n\t\t\t\t\t\t\t\t\t\t\t\t\t\t\t<img decoding=\"async\" width=\"300\" height=\"53\" src=\"https:\/\/cha-shc.ca\/wp-content\/uploads\/2022\/11\/62434fdb014c6-1-300x53.png\" class=\"attachment-medium size-medium wp-image-40227\" alt=\"62434fdb014c6 1\" srcset=\"https:\/\/cha-shc.ca\/wp-content\/uploads\/2022\/11\/62434fdb014c6-1-300x53.png 300w, https:\/\/cha-shc.ca\/wp-content\/uploads\/2022\/11\/62434fdb014c6-1.png 600w\" sizes=\"(max-width: 300px) 100vw, 300px\" \/>\t\t\t\t\t\t\t\t\t\t\t\t\t\t\t<\/div>\n\t\t\t\t<\/div>\n\t\t\t\t\t<\/div>\n\t\t<\/div>\n\t\t\t\t<div class=\"elementor-column elementor-col-66 elementor-top-column elementor-element elementor-element-af9c344\" data-id=\"af9c344\" data-element_type=\"column\" data-e-type=\"column\">\n\t\t\t<div class=\"elementor-widget-wrap elementor-element-populated\">\n\t\t\t\t\t\t<div class=\"elementor-element elementor-element-1589b39e elementor-widget elementor-widget-text-editor\" data-id=\"1589b39e\" data-element_type=\"widget\" data-e-type=\"widget\" data-widget_type=\"text-editor.default\">\n\t\t\t\t<div class=\"elementor-widget-container\">\n\t\t\t\t\t\t\t\t\t<p>Professeur adjoint ou professeure adjointe en histoire de l\u2019Afrique<br \/>Entr\u00e9e en fonction &#8211; le 1er juin 2023<br \/><a href=\"https:\/\/cha-shc.ca\/_uploads\/6333312dd92aa.pdf\">Date limite des candidatures<\/a> &#8211; le 15 novembre 2022.<\/p>\t\t\t\t\t\t\t\t<\/div>\n\t\t\t\t<\/div>\n\t\t\t\t\t<\/div>\n\t\t<\/div>\n\t\t\t\t\t<\/div>\n\t\t<\/section>\n\t\t\t\t<section class=\"elementor-section elementor-top-section elementor-element elementor-element-1f247bab elementor-section-boxed elementor-section-height-default elementor-section-height-default\" data-id=\"1f247bab\" data-element_type=\"section\" data-e-type=\"section\">\n\t\t\t\t\t\t<div class=\"elementor-container elementor-column-gap-default\">\n\t\t\t\t\t<div class=\"elementor-column elementor-col-100 elementor-top-column elementor-element elementor-element-7a923a76\" data-id=\"7a923a76\" data-element_type=\"column\" data-e-type=\"column\">\n\t\t\t<div class=\"elementor-widget-wrap elementor-element-populated\">\n\t\t\t\t\t\t<div class=\"elementor-element elementor-element-4c9e2e4f elementor-widget elementor-widget-heading\" data-id=\"4c9e2e4f\" data-element_type=\"widget\" data-e-type=\"widget\" data-widget_type=\"heading.default\">\n\t\t\t\t<div class=\"elementor-widget-container\">\n\t\t\t\t\t<span class=\"elementor-heading-title elementor-size-default\">NOUVELLES PUBLICATIONS<\/span>\t\t\t\t<\/div>\n\t\t\t\t<\/div>\n\t\t\t\t\t<\/div>\n\t\t<\/div>\n\t\t\t\t\t<\/div>\n\t\t<\/section>\n\t\t\t\t<section class=\"elementor-section elementor-top-section elementor-element elementor-element-11d2e557 elementor-section-boxed elementor-section-height-default elementor-section-height-default\" data-id=\"11d2e557\" data-element_type=\"section\" data-e-type=\"section\">\n\t\t\t\t\t\t<div class=\"elementor-container elementor-column-gap-default\">\n\t\t\t\t\t<div class=\"elementor-column elementor-col-25 elementor-top-column elementor-element elementor-element-379acb47\" data-id=\"379acb47\" data-element_type=\"column\" data-e-type=\"column\">\n\t\t\t<div class=\"elementor-widget-wrap elementor-element-populated\">\n\t\t\t\t\t\t<div class=\"elementor-element elementor-element-4d90e35d elementor-widget elementor-widget-image\" data-id=\"4d90e35d\" data-element_type=\"widget\" data-e-type=\"widget\" data-widget_type=\"image.default\">\n\t\t\t\t<div class=\"elementor-widget-container\">\n\t\t\t\t\t\t\t\t\t\t\t\t\t\t\t\t<a href=\"https:\/\/www.editionsboreal.qc.ca\/catalogue\/livres\/mille-apres-mille-2847.html\" target=\"_blank\">\n\t\t\t\t\t\t\t<img loading=\"lazy\" decoding=\"async\" width=\"200\" height=\"300\" src=\"https:\/\/cha-shc.ca\/wp-content\/uploads\/2022\/11\/633479db2f70f-200x300.jpg\" class=\"attachment-medium size-medium wp-image-40231\" alt=\"633479db2f70f\" srcset=\"https:\/\/cha-shc.ca\/wp-content\/uploads\/2022\/11\/633479db2f70f-200x300.jpg 200w, https:\/\/cha-shc.ca\/wp-content\/uploads\/2022\/11\/633479db2f70f.jpg 220w\" sizes=\"(max-width: 200px) 100vw, 200px\" \/>\t\t\t\t\t\t\t\t<\/a>\n\t\t\t\t\t\t\t\t\t\t\t\t\t\t\t<\/div>\n\t\t\t\t<\/div>\n\t\t\t\t\t<\/div>\n\t\t<\/div>\n\t\t\t\t<div class=\"elementor-column elementor-col-25 elementor-top-column elementor-element elementor-element-5dacd50a\" data-id=\"5dacd50a\" data-element_type=\"column\" data-e-type=\"column\">\n\t\t\t<div class=\"elementor-widget-wrap elementor-element-populated\">\n\t\t\t\t\t\t<div class=\"elementor-element elementor-element-48ae0f1a elementor-widget elementor-widget-image\" data-id=\"48ae0f1a\" data-element_type=\"widget\" data-e-type=\"widget\" data-widget_type=\"image.default\">\n\t\t\t\t<div class=\"elementor-widget-container\">\n\t\t\t\t\t\t\t\t\t\t\t\t\t\t\t\t<a href=\"https:\/\/www.afpu-diffusion.fr\/ouvrage\/hospitalite-et-regulation-de-lalterite-dans-lantiquite-mediterraneenne\/\" target=\"_blank\">\n\t\t\t\t\t\t\t<img loading=\"lazy\" decoding=\"async\" width=\"209\" height=\"300\" src=\"https:\/\/cha-shc.ca\/wp-content\/uploads\/2022\/11\/63347a397e84c-209x300.jpg\" class=\"attachment-medium size-medium wp-image-40233\" alt=\"63347a397e84c\" srcset=\"https:\/\/cha-shc.ca\/wp-content\/uploads\/2022\/11\/63347a397e84c-209x300.jpg 209w, https:\/\/cha-shc.ca\/wp-content\/uploads\/2022\/11\/63347a397e84c-712x1024.jpg 712w, https:\/\/cha-shc.ca\/wp-content\/uploads\/2022\/11\/63347a397e84c-768x1105.jpg 768w, https:\/\/cha-shc.ca\/wp-content\/uploads\/2022\/11\/63347a397e84c-1068x1536.jpg 1068w, https:\/\/cha-shc.ca\/wp-content\/uploads\/2022\/11\/63347a397e84c-1424x2048.jpg 1424w, https:\/\/cha-shc.ca\/wp-content\/uploads\/2022\/11\/63347a397e84c.jpg 1780w\" sizes=\"(max-width: 209px) 100vw, 209px\" \/>\t\t\t\t\t\t\t\t<\/a>\n\t\t\t\t\t\t\t\t\t\t\t\t\t\t\t<\/div>\n\t\t\t\t<\/div>\n\t\t\t\t\t<\/div>\n\t\t<\/div>\n\t\t\t\t<div class=\"elementor-column elementor-col-25 elementor-top-column elementor-element elementor-element-5e9e73b5\" data-id=\"5e9e73b5\" data-element_type=\"column\" data-e-type=\"column\">\n\t\t\t<div class=\"elementor-widget-wrap\">\n\t\t\t\t\t\t\t<\/div>\n\t\t<\/div>\n\t\t\t\t<div class=\"elementor-column elementor-col-25 elementor-top-column elementor-element elementor-element-513d0063\" data-id=\"513d0063\" data-element_type=\"column\" data-e-type=\"column\">\n\t\t\t<div class=\"elementor-widget-wrap\">\n\t\t\t\t\t\t\t<\/div>\n\t\t<\/div>\n\t\t\t\t\t<\/div>\n\t\t<\/section>\n\t\t\t\t<section class=\"elementor-section elementor-top-section elementor-element elementor-element-55af4b36 elementor-section-boxed elementor-section-height-default elementor-section-height-default\" data-id=\"55af4b36\" data-element_type=\"section\" data-e-type=\"section\">\n\t\t\t\t\t\t<div class=\"elementor-container elementor-column-gap-default\">\n\t\t\t\t\t<div class=\"elementor-column elementor-col-100 elementor-top-column elementor-element elementor-element-2323340\" data-id=\"2323340\" data-element_type=\"column\" data-e-type=\"column\">\n\t\t\t<div class=\"elementor-widget-wrap elementor-element-populated\">\n\t\t\t\t\t\t<div class=\"elementor-element elementor-element-39f913a7 elementor-widget elementor-widget-text-editor\" data-id=\"39f913a7\" data-element_type=\"widget\" data-e-type=\"widget\" data-widget_type=\"text-editor.default\">\n\t\t\t\t<div class=\"elementor-widget-container\">\n\t\t\t\t\t\t\t\t\t<p><strong>Pierre Lavoie<\/strong><i>, <a title=\"CHA Affiliates\" href=\"https:\/\/www.editionsboreal.qc.ca\/catalogue\/livres\/mille-apres-mille-2847.html\" target=\"_blank\" rel=\"noopener\">Mille apr\u00e8s mille. C\u00e9l\u00e9brit\u00e9 et migrations dans le Nord-Est am\u00e9ricain<\/a>\u00a0<\/i>(Bor\u00e9al, 2022).<\/p><p><strong>C<\/strong>. <strong>Fauchon-Claudon, <\/strong>et M-<strong>A<\/strong>. <strong>Le Guennec<\/strong> (dir.).\u00a0<i><a title=\"CHA Affiliates\" href=\"https:\/\/www.afpu-diffusion.fr\/ouvrage\/hospitalite-et-regulation-de-lalterite-dans-lantiquite-mediterraneenne\/\" target=\"_blank\" rel=\"noopener\">Hospitalit\u00e9 et r\u00e9gulation de l\u2019alt\u00e9rit\u00e9 dans l\u2019Antiquit\u00e9 m\u00e9diterran\u00e9enne<\/a><\/i>. Ausonius, 2022.<\/p>\t\t\t\t\t\t\t\t<\/div>\n\t\t\t\t<\/div>\n\t\t\t\t\t<\/div>\n\t\t<\/div>\n\t\t\t\t\t<\/div>\n\t\t<\/section>\n\t\t\t\t<\/div>\n\t\t","protected":false},"excerpt":{"rendered":"<p>PDF ACTUALIT\u00c9S Cent ans de sciences au Qu\u00e9bec.\u00a0Quatre Uqamiens participent \u00e0\u00a0La fabuleuse histoire des sciences au Qu\u00e9bec, une s\u00e9rie de Savoir m\u00e9dia. Professeure r\u00e9guli\u00e8re ou Professeur r\u00e9gulier en histoire sociale \u2013 D\u00e9partement des sciences humaines et socialesEntr\u00e9e en fonction &#8211; le 1er juin 2023Date limite pour les candidatures &#8211; le 27 octobre 2022 Professeur adjoint [&hellip;]<\/p>\n","protected":false},"author":1,"featured_media":0,"parent":14581,"menu_order":14,"comment_status":"closed","ping_status":"closed","template":"","meta":{"_acf_changed":false,"_seopress_robots_primary_cat":"","_seopress_titles_title":"","_seopress_titles_desc":"","_seopress_robots_index":"","_exactmetrics_skip_tracking":false,"_exactmetrics_sitenote_active":false,"_exactmetrics_sitenote_note":"","_exactmetrics_sitenote_category":0,"site-sidebar-layout":"default","site-content-layout":"default","ast-site-content-layout":"default","site-content-style":"default","site-sidebar-style":"default","ast-global-header-display":"","ast-banner-title-visibility":"","ast-main-header-display":"","ast-hfb-above-header-display":"","ast-hfb-below-header-display":"","ast-hfb-mobile-header-display":"","site-post-title":"","ast-breadcrumbs-content":"","ast-featured-img":"","footer-sml-layout":"","ast-disable-related-posts":"","theme-transparent-header-meta":"default","adv-header-id-meta":"","stick-header-meta":"","header-above-stick-meta":"","header-main-stick-meta":"","header-below-stick-meta":"","astra-migrate-meta-layouts":"default","ast-page-background-enabled":"default","ast-page-background-meta":{"desktop":{"background-color":"var(--ast-global-color-4)","background-image":"","background-repeat":"repeat","background-position":"center center","background-size":"auto","background-attachment":"scroll","background-type":"","background-media":"","overlay-type":"","overlay-color":"","overlay-opacity":"","overlay-gradient":""},"tablet":{"background-color":"","background-image":"","background-repeat":"repeat","background-position":"center center","background-size":"auto","background-attachment":"scroll","background-type":"","background-media":"","overlay-type":"","overlay-color":"","overlay-opacity":"","overlay-gradient":""},"mobile":{"background-color":"","background-image":"","background-repeat":"repeat","background-position":"center center","background-size":"auto","background-attachment":"scroll","background-type":"","background-media":"","overlay-type":"","overlay-color":"","overlay-opacity":"","overlay-gradient":""}},"ast-content-background-meta":{"desktop":{"background-color":"var(--ast-global-color-5)","background-image":"","background-repeat":"repeat","background-position":"center center","background-size":"auto","background-attachment":"scroll","background-type":"","background-media":"","overlay-type":"","overlay-color":"","overlay-opacity":"","overlay-gradient":""},"tablet":{"background-color":"var(--ast-global-color-5)","background-image":"","background-repeat":"repeat","background-position":"center center","background-size":"auto","background-attachment":"scroll","background-type":"","background-media":"","overlay-type":"","overlay-color":"","overlay-opacity":"","overlay-gradient":""},"mobile":{"background-color":"var(--ast-global-color-5)","background-image":"","background-repeat":"repeat","background-position":"center center","background-size":"auto","background-attachment":"scroll","background-type":"","background-media":"","overlay-type":"","overlay-color":"","overlay-opacity":"","overlay-gradient":""}},"footnotes":""},"page_template":[239],"class_list":["post-40222","page","type-page","status-publish","hentry","page_template-sidebar-fr"],"acf":[],"publishpress_future_action":{"enabled":false,"date":"2026-05-04 15:02:06","action":"change-status","newStatus":"draft","terms":[],"taxonomy":"page_template","extraData":[]},"publishpress_future_workflow_manual_trigger":{"enabledWorkflows":[]},"_links":{"self":[{"href":"https:\/\/cha-shc.ca\/fr\/wp-json\/wp\/v2\/pages\/40222","targetHints":{"allow":["GET"]}}],"collection":[{"href":"https:\/\/cha-shc.ca\/fr\/wp-json\/wp\/v2\/pages"}],"about":[{"href":"https:\/\/cha-shc.ca\/fr\/wp-json\/wp\/v2\/types\/page"}],"author":[{"embeddable":true,"href":"https:\/\/cha-shc.ca\/fr\/wp-json\/wp\/v2\/users\/1"}],"replies":[{"embeddable":true,"href":"https:\/\/cha-shc.ca\/fr\/wp-json\/wp\/v2\/comments?post=40222"}],"version-history":[{"count":10,"href":"https:\/\/cha-shc.ca\/fr\/wp-json\/wp\/v2\/pages\/40222\/revisions"}],"predecessor-version":[{"id":40972,"href":"https:\/\/cha-shc.ca\/fr\/wp-json\/wp\/v2\/pages\/40222\/revisions\/40972"}],"up":[{"embeddable":true,"href":"https:\/\/cha-shc.ca\/fr\/wp-json\/wp\/v2\/pages\/14581"}],"wp:attachment":[{"href":"https:\/\/cha-shc.ca\/fr\/wp-json\/wp\/v2\/media?parent=40222"}],"wp:term":[{"taxonomy":"page_template","embeddable":true,"href":"https:\/\/cha-shc.ca\/fr\/wp-json\/wp\/v2\/page_template?post=40222"}],"curies":[{"name":"wp","href":"https:\/\/api.w.org\/{rel}","templated":true}]}}