{"id":40499,"date":"2022-11-25T13:44:15","date_gmt":"2022-11-25T18:44:15","guid":{"rendered":"https:\/\/cha-shc.ca\/?page_id=40499"},"modified":"2023-06-30T10:21:56","modified_gmt":"2023-06-30T14:21:56","slug":"serie-dateliers-et-tables-rondes-virtuels-de-la-shc","status":"publish","type":"page","link":"https:\/\/cha-shc.ca\/fr\/publications\/serie-dateliers-et-tables-rondes-virtuels-de-la-shc\/","title":{"rendered":"Engag\u00e9s | Engaged &#8211; S\u00e9rie d&rsquo;ateliers et tables rondes virtuels de la SHC"},"content":{"rendered":"\t\t<div data-elementor-type=\"wp-page\" data-elementor-id=\"40499\" class=\"elementor elementor-40499 elementor-40422\" data-elementor-post-type=\"page\">\n\t\t\t\t\t\t<section class=\"elementor-section elementor-top-section elementor-element elementor-element-dfe4607 elementor-section-boxed elementor-section-height-default elementor-section-height-default\" data-id=\"dfe4607\" data-element_type=\"section\" data-e-type=\"section\">\n\t\t\t\t\t\t<div class=\"elementor-container elementor-column-gap-default\">\n\t\t\t\t\t<div class=\"elementor-column elementor-col-100 elementor-top-column elementor-element elementor-element-77ab8d6\" data-id=\"77ab8d6\" data-element_type=\"column\" data-e-type=\"column\">\n\t\t\t<div class=\"elementor-widget-wrap elementor-element-populated\">\n\t\t\t\t\t\t<div class=\"elementor-element elementor-element-f7f3a89 elementor-widget elementor-widget-image\" data-id=\"f7f3a89\" data-element_type=\"widget\" data-e-type=\"widget\" data-widget_type=\"image.default\">\n\t\t\t\t<div class=\"elementor-widget-container\">\n\t\t\t\t\t\t\t\t\t\t\t\t\t\t\t<img fetchpriority=\"high\" decoding=\"async\" width=\"1024\" height=\"297\" src=\"https:\/\/cha-shc.ca\/wp-content\/uploads\/2022\/11\/631a0af00cfdb-1024x297.jpg\" class=\"attachment-large size-large wp-image-40502\" alt=\"631a0af00cfdb\" srcset=\"https:\/\/cha-shc.ca\/wp-content\/uploads\/2022\/11\/631a0af00cfdb-1024x297.jpg 1024w, https:\/\/cha-shc.ca\/wp-content\/uploads\/2022\/11\/631a0af00cfdb-300x87.jpg 300w, https:\/\/cha-shc.ca\/wp-content\/uploads\/2022\/11\/631a0af00cfdb-768x222.jpg 768w, https:\/\/cha-shc.ca\/wp-content\/uploads\/2022\/11\/631a0af00cfdb-1536x445.jpg 1536w, https:\/\/cha-shc.ca\/wp-content\/uploads\/2022\/11\/631a0af00cfdb.jpg 1592w\" sizes=\"(max-width: 1024px) 100vw, 1024px\" \/>\t\t\t\t\t\t\t\t\t\t\t\t\t\t\t<\/div>\n\t\t\t\t<\/div>\n\t\t\t\t\t<\/div>\n\t\t<\/div>\n\t\t\t\t\t<\/div>\n\t\t<\/section>\n\t\t\t\t<section class=\"elementor-section elementor-top-section elementor-element elementor-element-338bce0 elementor-section-boxed elementor-section-height-default elementor-section-height-default\" data-id=\"338bce0\" data-element_type=\"section\" data-e-type=\"section\">\n\t\t\t\t\t\t<div class=\"elementor-container elementor-column-gap-default\">\n\t\t\t\t\t<div class=\"elementor-column elementor-col-100 elementor-top-column elementor-element elementor-element-17ae19b\" data-id=\"17ae19b\" data-element_type=\"column\" data-e-type=\"column\">\n\t\t\t<div class=\"elementor-widget-wrap elementor-element-populated\">\n\t\t\t\t\t\t<div class=\"elementor-element elementor-element-0da412d elementor-widget elementor-widget-heading\" data-id=\"0da412d\" data-element_type=\"widget\" data-e-type=\"widget\" data-widget_type=\"heading.default\">\n\t\t\t\t<div class=\"elementor-widget-container\">\n\t\t\t\t\t<h2 class=\"elementor-heading-title elementor-size-default\">Tables Rondes<\/h2>\t\t\t\t<\/div>\n\t\t\t\t<\/div>\n\t\t\t\t<div class=\"elementor-element elementor-element-97ea25e elementor-widget elementor-widget-text-editor\" data-id=\"97ea25e\" data-element_type=\"widget\" data-e-type=\"widget\" data-widget_type=\"text-editor.default\">\n\t\t\t\t<div class=\"elementor-widget-container\">\n\t\t\t\t\t\t\t\t\t<ul>\n \t<li class=\"\"><a href=\"https:\/\/cha-shc.ca\/fr\/publications\/serie-dateliers-et-tables-rondes-virtuels-de-la-shc\/table-ronde-repenser-le-cours-dintroduction-a-lhistoire-canadienne-au-premier-cycle-universitaire\/\" target=\"_self\"><span class=\"nav-link-label\">Table ronde &#8211; Repenser le cours d&rsquo;introduction \u00e0 l&rsquo;histoire canadienne au premier cycle universitaire<\/span><\/a><\/li>\n \t<li class=\"\"><a href=\"https:\/\/cha-shc.ca\/fr\/publications\/serie-dateliers-et-tables-rondes-virtuels-de-la-shc\/table-ronde-lavenir-du-doctorat-en-histoire-au-canada\/\" target=\"_self\"><span class=\"nav-link-label\">Table ronde &#8211; L&rsquo;avenir du doctorat en histoire au Canada<\/span><\/a><\/li>\n \t<li class=\"\"><a href=\"https:\/\/cha-shc.ca\/fr\/publications\/serie-dateliers-et-tables-rondes-virtuels-de-la-shc\/table-ronde-au-dela-des-deux-solitudes-linguistiques\/\" target=\"_self\"><span class=\"nav-link-label\">Table ronde &#8211; Au-del\u00e0 des deux solitudes linguistiques<\/span><\/a><\/li>\n \t<li class=\"\"><a href=\"https:\/\/cha-shc.ca\/fr\/publications\/serie-dateliers-et-tables-rondes-virtuels-de-la-shc\/table-ronde-vers-une-shc-plus-globale\/\" target=\"_self\"><span class=\"nav-link-label\">Table ronde &#8211; Vers une SHC plus globale<\/span><\/a><\/li>\n \t<li class=\"\"><a href=\"https:\/\/cha-shc.ca\/fr\/publications\/serie-dateliers-et-tables-rondes-virtuels-de-la-shc\/table-ronde-les-societes-historiques-et-letude-du-passe\/\" target=\"_self\"><span class=\"nav-link-label\">Table ronde &#8211; Les soci\u00e9t\u00e9s historiques et l&rsquo;\u00e9tude du pass\u00e9<\/span><\/a><\/li>\n \t<li class=\"\"><a href=\"https:\/\/cha-shc.ca\/fr\/publications\/serie-dateliers-et-tables-rondes-virtuels-de-la-shc\/table-ronde-les-historien-ne-s-et-dans-les-medias\/\" target=\"_self\"><span class=\"nav-link-label\">Table ronde &#8211; Les historien.ne.s et\/dans les m\u00e9dias<\/span><\/a><\/li>\n<\/ul>\t\t\t\t\t\t\t\t<\/div>\n\t\t\t\t<\/div>\n\t\t\t\t<div class=\"elementor-element elementor-element-8fce8fa elementor-widget elementor-widget-image\" data-id=\"8fce8fa\" data-element_type=\"widget\" data-e-type=\"widget\" data-widget_type=\"image.default\">\n\t\t\t\t<div class=\"elementor-widget-container\">\n\t\t\t\t\t\t\t\t\t\t\t\t\t\t\t<img decoding=\"async\" width=\"1018\" height=\"1024\" src=\"https:\/\/cha-shc.ca\/wp-content\/uploads\/2022\/11\/6319fe2344d5a-1018x1024.jpg\" class=\"attachment-large size-large wp-image-40538\" alt=\"6319fe2344d5a\" srcset=\"https:\/\/cha-shc.ca\/wp-content\/uploads\/2022\/11\/6319fe2344d5a-1018x1024.jpg 1018w, https:\/\/cha-shc.ca\/wp-content\/uploads\/2022\/11\/6319fe2344d5a-298x300.jpg 298w, https:\/\/cha-shc.ca\/wp-content\/uploads\/2022\/11\/6319fe2344d5a-150x150.jpg 150w, https:\/\/cha-shc.ca\/wp-content\/uploads\/2022\/11\/6319fe2344d5a-768x772.jpg 768w, https:\/\/cha-shc.ca\/wp-content\/uploads\/2022\/11\/6319fe2344d5a.jpg 1388w\" sizes=\"(max-width: 1018px) 100vw, 1018px\" \/>\t\t\t\t\t\t\t\t\t\t\t\t\t\t\t<\/div>\n\t\t\t\t<\/div>\n\t\t\t\t\t<\/div>\n\t\t<\/div>\n\t\t\t\t\t<\/div>\n\t\t<\/section>\n\t\t\t\t<section class=\"elementor-section elementor-top-section elementor-element elementor-element-c34f859 elementor-section-boxed elementor-section-height-default elementor-section-height-default\" data-id=\"c34f859\" data-element_type=\"section\" data-e-type=\"section\">\n\t\t\t\t\t\t<div class=\"elementor-container elementor-column-gap-default\">\n\t\t\t\t\t<div class=\"elementor-column elementor-col-100 elementor-top-column elementor-element elementor-element-111077e\" data-id=\"111077e\" data-element_type=\"column\" data-e-type=\"column\">\n\t\t\t<div class=\"elementor-widget-wrap elementor-element-populated\">\n\t\t\t\t\t\t<div class=\"elementor-element elementor-element-bbab558 elementor-widget elementor-widget-heading\" data-id=\"bbab558\" data-element_type=\"widget\" data-e-type=\"widget\" data-widget_type=\"heading.default\">\n\t\t\t\t<div class=\"elementor-widget-container\">\n\t\t\t\t\t<h2 class=\"elementor-heading-title elementor-size-default\">Ateliers<\/h2>\t\t\t\t<\/div>\n\t\t\t\t<\/div>\n\t\t\t\t<div class=\"elementor-element elementor-element-96cc1a2 elementor-widget elementor-widget-text-editor\" data-id=\"96cc1a2\" data-element_type=\"widget\" data-e-type=\"widget\" data-widget_type=\"text-editor.default\">\n\t\t\t\t<div class=\"elementor-widget-container\">\n\t\t\t\t\t\t\t\t\t<ul>\n \t<li class=\"\"><a href=\"https:\/\/cha-shc.ca\/fr\/publications\/serie-dateliers-et-tables-rondes-virtuels-de-la-shc\/atelier-en-quoi-consiste-une-bonne-recension-de-livre\/\" target=\"_self\"><span class=\"nav-link-label\">Atelier &#8211; En quoi consiste une bonne recension de livre ?<\/span><\/a><\/li>\n \t<li class=\"\"><a href=\"https:\/\/cha-shc.ca\/fr\/publications\/serie-dateliers-et-tables-rondes-virtuels-de-la-shc\/atelier-subventions-pour-le-changement-social-comment-financer-un-projet-dhistoire-oriente-vers-la-communaute-pour-les-chercheur-e-s-individuel-le-s-et-les-organisations\/\" target=\"_self\"><span class=\"nav-link-label\">Atelier &#8211; Subventions pour le changement social : comment financer un projet d&rsquo;histoire orient\u00e9 vers la communaut\u00e9 pour les chercheur.e.s individuel.le.s et les organisations<\/span><\/a><\/li>\n \t<li class=\"\"><a href=\"https:\/\/cha-shc.ca\/fr\/publications\/serie-dateliers-et-tables-rondes-virtuels-de-la-shc\/atelier-la-redaction-dune-these-ou-dun-livre-echange-sur-la-gestion-dun-projet-denvergure\/\" target=\"_self\"><span class=\"nav-link-label\">Atelier &#8211; La r\u00e9daction d&rsquo;une th\u00e8se ou d&rsquo;un livre : \u00e9change sur la gestion d&rsquo;un projet d&rsquo;envergure<\/span><\/a><\/li>\n \t<li class=\"\"><a href=\"https:\/\/cha-shc.ca\/fr\/publications\/serie-dateliers-et-tables-rondes-virtuels-de-la-shc\/atelier-comment-rediger-une-evaluation-efficace-par-les-pairs-dune-revue-ou-de-manuscrit-de-livre-et-comment-eviter-detre-le-la-tristement-celebre-deuxieme-examinateur-trice\/\" target=\"_self\"><span class=\"nav-link-label\">Atelier &#8211; Comment r\u00e9diger une \u00e9valuation efficace par les pairs d&rsquo;une revue ou de manuscrit de livre ? Et comment \u00e9viter d&rsquo;\u00eatre le\/la tristement c\u00e9l\u00e8bre \u00ab deuxi\u00e8me examinateur\/trice \u00bb<\/span><\/a><\/li>\n \t<li class=\"\"><a href=\"https:\/\/cha-shc.ca\/fr\/publications\/serie-dateliers-et-tables-rondes-virtuels-de-la-shc\/atelier-apports-et-defis-de-la-pratique-de-lhistoire-orale\/\" target=\"_self\"><span class=\"nav-link-label\">Atelier &#8211; Apports et d\u00e9fis de la pratique de l&rsquo;histoire orale<\/span><\/a><\/li>\n \t<li class=\"\"><a href=\"https:\/\/cha-shc.ca\/fr\/publications\/serie-dateliers-et-tables-rondes-virtuels-de-la-shc\/atelier-la-preparation-de-rapports-historiques-a-utiliser-dans-le-cadre-dun-litige-ou-dautres-processus-de-reglement-de-differends\/\" target=\"_self\"><span class=\"nav-link-label\">Atelier &#8211; La pr\u00e9paration de rapports historiques \u00e0 utiliser dans le cadre d&rsquo;un litige ou d&rsquo;autres processus de r\u00e8glement de diff\u00e9rends<\/span><\/a><\/li>\n \t<li class=\"\"><a href=\"https:\/\/cha-shc.ca\/fr\/publications\/serie-dateliers-et-tables-rondes-virtuels-de-la-shc\/atelier-la-gestion-de-votre-recherche-numerique-devonthink-pour-les-historien-ne-s\/\" target=\"_self\"><span class=\"nav-link-label\">Atelier &#8211; La gestion de votre recherche num\u00e9rique: DEVONthink pour les historien.ne.s<\/span><\/a><\/li>\n \t<li class=\"\"><a href=\"https:\/\/cha-shc.ca\/fr\/publications\/serie-dateliers-et-tables-rondes-virtuels-de-la-shc\/atelier-la-conception-de-projets-de-recherche-en-partenariat-denvergure-en-histoire\/\" target=\"_self\"><span class=\"nav-link-label\">Atelier &#8211; La conception de projets de recherche en partenariat d\u2019envergure en histoire<\/span><\/a><\/li>\n<\/ul>\t\t\t\t\t\t\t\t<\/div>\n\t\t\t\t<\/div>\n\t\t\t\t<div class=\"elementor-element elementor-element-8cb281b elementor-widget elementor-widget-image\" data-id=\"8cb281b\" data-element_type=\"widget\" data-e-type=\"widget\" data-widget_type=\"image.default\">\n\t\t\t\t<div class=\"elementor-widget-container\">\n\t\t\t\t\t\t\t\t\t\t\t\t\t\t\t<img decoding=\"async\" width=\"809\" height=\"1024\" src=\"https:\/\/cha-shc.ca\/wp-content\/uploads\/2022\/11\/631a0112163f5-809x1024.jpg\" class=\"attachment-large size-large wp-image-40536\" alt=\"631a0112163f5\" srcset=\"https:\/\/cha-shc.ca\/wp-content\/uploads\/2022\/11\/631a0112163f5-809x1024.jpg 809w, https:\/\/cha-shc.ca\/wp-content\/uploads\/2022\/11\/631a0112163f5-237x300.jpg 237w, https:\/\/cha-shc.ca\/wp-content\/uploads\/2022\/11\/631a0112163f5-768x972.jpg 768w, https:\/\/cha-shc.ca\/wp-content\/uploads\/2022\/11\/631a0112163f5-1214x1536.jpg 1214w, https:\/\/cha-shc.ca\/wp-content\/uploads\/2022\/11\/631a0112163f5.jpg 1552w\" sizes=\"(max-width: 809px) 100vw, 809px\" \/>\t\t\t\t\t\t\t\t\t\t\t\t\t\t\t<\/div>\n\t\t\t\t<\/div>\n\t\t\t\t<div class=\"elementor-element elementor-element-c85c946 elementor-widget elementor-widget-text-editor\" data-id=\"c85c946\" data-element_type=\"widget\" data-e-type=\"widget\" data-widget_type=\"text-editor.default\">\n\t\t\t\t<div class=\"elementor-widget-container\">\n\t\t\t\t\t\t\t\t\t<p>This project has been made possible in part by the Government of Canada.<\/p>\t\t\t\t\t\t\t\t<\/div>\n\t\t\t\t<\/div>\n\t\t\t\t\t<\/div>\n\t\t<\/div>\n\t\t\t\t\t<\/div>\n\t\t<\/section>\n\t\t\t\t<\/div>\n\t\t","protected":false},"excerpt":{"rendered":"<p>Tables Rondes Table ronde &#8211; Repenser le cours d&rsquo;introduction \u00e0 l&rsquo;histoire canadienne au premier cycle universitaire Table ronde &#8211; L&rsquo;avenir du doctorat en histoire au Canada Table ronde &#8211; Au-del\u00e0 des deux solitudes linguistiques Table ronde &#8211; Vers une SHC plus globale Table ronde &#8211; Les soci\u00e9t\u00e9s historiques et l&rsquo;\u00e9tude du pass\u00e9 Table ronde &#8211; [&hellip;]<\/p>\n","protected":false},"author":1,"featured_media":0,"parent":14574,"menu_order":10,"comment_status":"closed","ping_status":"closed","template":"","meta":{"_acf_changed":false,"_seopress_robots_primary_cat":"","_seopress_titles_title":"Tables rondes | Historique du Canada | Soci\u00e9t\u00e9 historique du Canada","_seopress_titles_desc":"SHC a organis\u00e9 une s\u00e9rie de six tables rondes virtuelles sur certains des principaux d\u00e9fis et opportunit\u00e9s auxquelles sont confront\u00e9es les historiens.","_seopress_robots_index":"","_exactmetrics_skip_tracking":false,"_exactmetrics_sitenote_active":false,"_exactmetrics_sitenote_note":"","_exactmetrics_sitenote_category":0,"site-sidebar-layout":"no-sidebar","site-content-layout":"page-builder","ast-site-content-layout":"default","site-content-style":"default","site-sidebar-style":"default","ast-global-header-display":"","ast-banner-title-visibility":"","ast-main-header-display":"","ast-hfb-above-header-display":"","ast-hfb-below-header-display":"","ast-hfb-mobile-header-display":"","site-post-title":"disabled","ast-breadcrumbs-content":"","ast-featured-img":"disabled","footer-sml-layout":"","ast-disable-related-posts":"","theme-transparent-header-meta":"default","adv-header-id-meta":"","stick-header-meta":"","header-above-stick-meta":"","header-main-stick-meta":"","header-below-stick-meta":"","astra-migrate-meta-layouts":"default","ast-page-background-enabled":"default","ast-page-background-meta":{"desktop":{"background-color":"var(--ast-global-color-4)","background-image":"","background-repeat":"repeat","background-position":"center center","background-size":"auto","background-attachment":"scroll","background-type":"","background-media":"","overlay-type":"","overlay-color":"","overlay-opacity":"","overlay-gradient":""},"tablet":{"background-color":"","background-image":"","background-repeat":"repeat","background-position":"center center","background-size":"auto","background-attachment":"scroll","background-type":"","background-media":"","overlay-type":"","overlay-color":"","overlay-opacity":"","overlay-gradient":""},"mobile":{"background-color":"","background-image":"","background-repeat":"repeat","background-position":"center center","background-size":"auto","background-attachment":"scroll","background-type":"","background-media":"","overlay-type":"","overlay-color":"","overlay-opacity":"","overlay-gradient":""}},"ast-content-background-meta":{"desktop":{"background-color":"var(--ast-global-color-5)","background-image":"","background-repeat":"repeat","background-position":"center center","background-size":"auto","background-attachment":"scroll","background-type":"","background-media":"","overlay-type":"","overlay-color":"","overlay-opacity":"","overlay-gradient":""},"tablet":{"background-color":"var(--ast-global-color-5)","background-image":"","background-repeat":"repeat","background-position":"center center","background-size":"auto","background-attachment":"scroll","background-type":"","background-media":"","overlay-type":"","overlay-color":"","overlay-opacity":"","overlay-gradient":""},"mobile":{"background-color":"var(--ast-global-color-5)","background-image":"","background-repeat":"repeat","background-position":"center center","background-size":"auto","background-attachment":"scroll","background-type":"","background-media":"","overlay-type":"","overlay-color":"","overlay-opacity":"","overlay-gradient":""}},"footnotes":""},"page_template":[239],"class_list":["post-40499","page","type-page","status-publish","hentry","page_template-sidebar-fr"],"acf":[],"publishpress_future_action":{"enabled":false,"date":"2026-04-23 17:26:43","action":"change-status","newStatus":"draft","terms":[],"taxonomy":"page_template","extraData":[]},"publishpress_future_workflow_manual_trigger":{"enabledWorkflows":[]},"_links":{"self":[{"href":"https:\/\/cha-shc.ca\/fr\/wp-json\/wp\/v2\/pages\/40499","targetHints":{"allow":["GET"]}}],"collection":[{"href":"https:\/\/cha-shc.ca\/fr\/wp-json\/wp\/v2\/pages"}],"about":[{"href":"https:\/\/cha-shc.ca\/fr\/wp-json\/wp\/v2\/types\/page"}],"author":[{"embeddable":true,"href":"https:\/\/cha-shc.ca\/fr\/wp-json\/wp\/v2\/users\/1"}],"replies":[{"embeddable":true,"href":"https:\/\/cha-shc.ca\/fr\/wp-json\/wp\/v2\/comments?post=40499"}],"version-history":[{"count":10,"href":"https:\/\/cha-shc.ca\/fr\/wp-json\/wp\/v2\/pages\/40499\/revisions"}],"predecessor-version":[{"id":45255,"href":"https:\/\/cha-shc.ca\/fr\/wp-json\/wp\/v2\/pages\/40499\/revisions\/45255"}],"up":[{"embeddable":true,"href":"https:\/\/cha-shc.ca\/fr\/wp-json\/wp\/v2\/pages\/14574"}],"wp:attachment":[{"href":"https:\/\/cha-shc.ca\/fr\/wp-json\/wp\/v2\/media?parent=40499"}],"wp:term":[{"taxonomy":"page_template","embeddable":true,"href":"https:\/\/cha-shc.ca\/fr\/wp-json\/wp\/v2\/page_template?post=40499"}],"curies":[{"name":"wp","href":"https:\/\/api.w.org\/{rel}","templated":true}]}}