{"id":40509,"date":"2022-11-25T13:45:39","date_gmt":"2022-11-25T18:45:39","guid":{"rendered":"https:\/\/cha-shc.ca\/?page_id=40509"},"modified":"2022-11-25T15:29:45","modified_gmt":"2022-11-25T20:29:45","slug":"atelier-subventions-pour-le-changement-social-comment-financer-un-projet-dhistoire-oriente-vers-la-communaute-pour-les-chercheur-e-s-individuel-le-s-et-les-organisations","status":"publish","type":"page","link":"https:\/\/cha-shc.ca\/fr\/publications\/serie-dateliers-et-tables-rondes-virtuels-de-la-shc\/atelier-subventions-pour-le-changement-social-comment-financer-un-projet-dhistoire-oriente-vers-la-communaute-pour-les-chercheur-e-s-individuel-le-s-et-les-organisations\/","title":{"rendered":"Atelier &#8211; Subventions pour le changement social : comment financer un projet d&rsquo;histoire orient\u00e9 vers la communaut\u00e9 pour les chercheur.e.s individuel.le.s et les organisations"},"content":{"rendered":"<p><img decoding=\"async\" class=\"size-medium wp-image-40502\" src=\"https:\/\/cha-shc.ca\/wp-content\/uploads\/2022\/11\/631a0af00cfdb-300x87.jpg\" alt=\"631a0af00cfdb\" width=\"300\" height=\"87\" srcset=\"https:\/\/cha-shc.ca\/wp-content\/uploads\/2022\/11\/631a0af00cfdb-300x87.jpg 300w, https:\/\/cha-shc.ca\/wp-content\/uploads\/2022\/11\/631a0af00cfdb-1024x297.jpg 1024w, https:\/\/cha-shc.ca\/wp-content\/uploads\/2022\/11\/631a0af00cfdb-768x222.jpg 768w, https:\/\/cha-shc.ca\/wp-content\/uploads\/2022\/11\/631a0af00cfdb-1536x445.jpg 1536w, https:\/\/cha-shc.ca\/wp-content\/uploads\/2022\/11\/631a0af00cfdb.jpg 1592w\" sizes=\"(max-width: 300px) 100vw, 300px\" \/><\/p>\n<p>La transition vers un monde post-pand\u00e9mique a fait na\u00eetre de nouveaux d\u00e9fis pour les chercheur.e.s individuel.le.s et les organisations qui militent en faveur du changement social. En p\u00e9riode de crise \u00e9conomique croissante, nous sommes confront\u00e9.e.s \u00e0 des changements climatiques majeurs, \u00e0 des in\u00e9galit\u00e9s croissantes ainsi qu&rsquo;\u00e0 l&rsquo;\u00e9mergence de nouvelles forces conservatrices et totalitaires qui sapent la r\u00e8gle de la d\u00e9mocratie dans toutes les r\u00e9gions du monde, y compris au Canada. La n\u00e9cessit\u00e9 de d\u00e9velopper des recherches innovantes et des solutions communautaires qui abordent et situent ces questions dans un contexte historique et politique plus large est plus importante que jamais. Cet atelier s&rsquo;adresse \u00e0 tous ceux et celles qui souhaitent en savoir plus sur la r\u00e9daction de demandes de subventions pour le changement social. Nous parlerons des \u00e9tapes concr\u00e8tes \u00e0 suivre pour r\u00e9diger une proposition de subvention gagnante, de la diff\u00e9rence entre la r\u00e9daction d&rsquo;une subvention et la collecte de fonds, ainsi que de la recherche de possibilit\u00e9s et des diff\u00e9rents types de subventions par lesquels un projet communautaire peut \u00eatre financ\u00e9.<\/p>\n<p>Le mercredi 19 octobre 2022<br \/>\n12h00-13h30, heure de l\u2019Est<\/p>\n<p>Atelier de langue anglaise<\/p>\n<p><i>Andrea Prajerova est chercheuse, \u00e9crivaine et \u00e9ducatrice, passionn\u00e9e par la promotion des questions relatives aux femmes, aux jeunes et aux personnes 2SLGBTQ+ \u00e0 travers une optique intersectionnelle, antiraciste et anti-oppression. Son expertise se situe \u00e0 l&rsquo;intersection de multiples domaines d&rsquo;int\u00e9r\u00eat, notamment le suivi et l&rsquo;\u00e9valuation f\u00e9ministes, le d\u00e9veloppement durable des fonds et les questions critiques de sant\u00e9, de genre et de reproduction dans des contextes mondialis\u00e9s et historiques.<\/i><\/p>\n<p>Le mercredi 19 octobre 2022, la Soci\u00e9t\u00e9 historique du Canada a \u00e9t\u00e9 tr\u00e8s heureuse d\u2019accueillir le deuxi\u00e8me atelier de sa s\u00e9rie de tables rondes et d\u2019ateliers virtuels de 2022-2023. S\u2019adressant \u00e0 nous depuis les territoires algonquins non c\u00e9d\u00e9s d\u2019Ottawa, Andrea Prajerov (qui a \u00e9galement publi\u00e9 sous le nom de Prajerov\u00e1) est une chercheuse, \u00e9crivaine et \u00e9ducatrice f\u00e9ministe queer, qui r\u00e9dige des demandes de subvention pour des organismes sans but lucratif et le monde universitaire au nom des femmes, des jeunes et des personnes membres de la communaut\u00e9\u00a02SLGBTQ+. Elle a fait ses preuves en mati\u00e8re de collecte de fonds, notamment en triplant le financement pr\u00e9vu d\u2019un projet pour le porter \u00e0 2 millions de dollars et en obtenant des subventions de divers organismes institutionnels, dont diff\u00e9rentes fondations et tous les paliers de gouvernement. Prajerov a donn\u00e9 une pr\u00e9sentation convaincante et pratique sur la mani\u00e8re dont votre organisation de justice sociale peut obtenir les subventions dont elle a besoin.<\/p>\n<p>Prajerov a commenc\u00e9 non pas par de grands historiens, mais par le personnage de Peggy Bundy, m\u00e8re \u00e9puis\u00e9e et en manque de sexe dans la sitcom\u00a0<i>Married with Children<\/i>\u00a0des ann\u00e9es\u00a01980, qui pose l\u2019\u00e9ternelle question\u00a0: \u00ab\u2009Suis-je en enfer\u2009?\u2009\u00bb. Prajerov se demande si aujourd\u2019hui, avec la mont\u00e9e de l\u2019injustice sociale, nous sommes vraiment en enfer, et si oui, si nous devrions abandonner tout espoir. La r\u00e9ponse est non \u2014 il y a toujours de l\u2019espoir, et avec les bonnes subventions, nous pouvons travailler \u00e0 la cr\u00e9ation d\u2019un monde plus \u00e9quitable.<\/p>\n<p>Prajerov note que le secteur de la philanthropie et de l\u2019octroi de subventions reste tr\u00e8s majoritairement blanc, avec tr\u00e8s peu d\u2019immigrants ou d\u2019Autochtones repr\u00e9sent\u00e9s dans les conseils d\u2019administration. Elle note \u00e9galement que malgr\u00e9 les 80 milliards de dollars d\u2019investissements d\u00e9tenus par 170\u2009000 fondations et organismes sans but lucratif au Canada, leurs revenus ont diminu\u00e9 de 44\u00a0% au cours des derni\u00e8res ann\u00e9es. Mais il existe des moyens de tirer parti des subventions existantes, tout en faisant pression pour la d\u00e9colonisation et le changement au sein m\u00eame des organismes subventionnaires. Prajerov nous rappelle que l\u2019octroi d\u2019une subvention ne se r\u00e9sume pas \u00e0 de \u00ab\u2009l\u2019argent \u00e0 obtenir\u2009\u00bb\u2009; il s\u2019agit d\u2019un don visant \u00e0 aider \u00e0 trouver une solution \u00e0 un probl\u00e8me social. L\u2019auteur de la demande de subvention doit d\u00e9montrer et expliciter comment ce don contribuera \u00e0 r\u00e9soudre un probl\u00e8me, puis doit entretenir une relation avec l\u2019organisme subventionnaire pour obtenir ce don. Comme le dit Prajerov, \u00ab\u2009l\u2019argent peut \u00eatre utilis\u00e9 comme un traitement pour gu\u00e9rir les traumatismes et les blessures\u2009\u00bb.<\/p>\n<p>Prajerov recommande plusieurs sources de subventions. Le CRSH est le choix le plus \u00e9vident pour les universitaires, mais il ne faut pas s\u2019y limiter\u2009; il faut voir ce qui est disponible aux trois paliers de gouvernement. De plus, les fondations publiques et priv\u00e9es lancent des appels de propositions dont vous pouvez tirer parti \u2014 il s\u2019agit l\u00e0 \u00ab\u2009d\u2019un terrain g\u00e9n\u00e9ralement inexplor\u00e9 par de nombreux historiens et universitaires\u2009\u00bb, pr\u00e9cise Prajerov. L\u2019important est de se concentrer sur des objectifs communs afin de cr\u00e9er une relation avec la fondation. \u00ab\u2009En p\u00e9riode d\u2019incertitude, marqu\u00e9e par une crise \u00e9conomique\u2009\u00bb, il est particuli\u00e8rement important d\u2019explorer toutes les avenues de financement.<\/p>\n<p>Comment trouver ces sources de financement\u2009? La m\u00e9thode la plus simple est parfois la meilleure\u00a0: utilisez des mots-cl\u00e9s dans Google. Il existe des outils comme\u00a0<i>Foundation Search<\/i>,\u00a0<i>Grant Watch<\/i>\u00a0et\u00a0<i>Grant Connect<\/i>, et s\u2019ils sont r\u00e9serv\u00e9s aux membres, vous pouvez souvent y acc\u00e9der dans une biblioth\u00e8que publique. Pour gagner du temps,\u00a0Prajerov recommande de cr\u00e9er un fichier Excel avec une quinzaine d\u2019organismes subventionnaires pertinents, \u00e0 partir duquel vous devriez postuler aux trois les plus susceptibles d\u2019approuver votre demande. Le choix d\u2019un organisme ressemble beaucoup au choix d\u2019un partenaire de vie, affirme Prajerov. Utilisez la \u00ab\u2009strat\u00e9gie CIA\u2009\u00bb pour voir avec qui vous \u00eates le plus compatible\u00a0: C pour connexion, I pour int\u00e9r\u00eat, et A pour aptitude. Il faut \u00e9galement v\u00e9rifier le potentiel de la demande. Si une fondation ne finance que 5\u00a0% des candidats, vaut-elle la peine que vous y consacriez du temps\u2009? Prajerov vise surtout les fondations qui subventionnent au moins 20\u00a0% des demandes.<\/p>\n<p>Ne perdez jamais de temps \u00e0 demander des subventions pour lesquelles vous n\u2019\u00eates pas qualifi\u00e9, insiste Prajerov, et remplissez toujours compl\u00e8tement le formulaire de demande. Concentrez-vous sur l\u2019impact potentiel de votre projet \u2014 c\u2019est ce qui int\u00e9resse le plus les organismes. R\u00e9pondez aux questions de base (quoi, quand, pourquoi, o\u00f9 et pour qui). Avant de commencer, il peut \u00eatre utile de constituer un petit \u00ab\u2009comit\u00e9 de r\u00e9vision\u2009\u00bb de coll\u00e8gues et d\u2019alli\u00e9s, surtout si vous vous travaillez avec des communaut\u00e9s qui ne sont pas la v\u00f4tre.<\/p>\n<p>Au final, construisez toujours un r\u00e9cit d\u2019espoir, avec des objectifs clairs \u00e0 court et \u00e0 long terme, que les organismes voudront soutenir. C\u2019est la cl\u00e9 de la r\u00e9ussite d\u2019une demande de subvention pour la justice sociale.<\/p>\n<p>L&rsquo;enregistrement de l&rsquo;atelier est disponible sur la\u00a0<a title=\"CHA Affiliates\" href=\"https:\/\/www.youtube.com\/watch?v=7SqhiHIk73s\" target=\"_blank\" rel=\"noopener\">cha\u00eene You Tub<\/a>e de la SHC.<\/p>\n","protected":false},"excerpt":{"rendered":"<p>La transition vers un monde post-pand\u00e9mique a fait na\u00eetre de nouveaux d\u00e9fis pour les chercheur.e.s individuel.le.s et les organisations qui militent en faveur du changement social. En p\u00e9riode de crise \u00e9conomique croissante, nous sommes confront\u00e9.e.s \u00e0 des changements climatiques majeurs, \u00e0 des in\u00e9galit\u00e9s croissantes ainsi qu&rsquo;\u00e0 l&rsquo;\u00e9mergence de nouvelles forces conservatrices et totalitaires qui sapent [&hellip;]<\/p>\n","protected":false},"author":1,"featured_media":0,"parent":40499,"menu_order":3,"comment_status":"closed","ping_status":"closed","template":"","meta":{"_acf_changed":false,"_seopress_robots_primary_cat":"","_seopress_titles_title":"","_seopress_titles_desc":"","_seopress_robots_index":"","_exactmetrics_skip_tracking":false,"_exactmetrics_sitenote_active":false,"_exactmetrics_sitenote_note":"","_exactmetrics_sitenote_category":0,"site-sidebar-layout":"default","site-content-layout":"default","ast-site-content-layout":"default","site-content-style":"default","site-sidebar-style":"default","ast-global-header-display":"","ast-banner-title-visibility":"","ast-main-header-display":"","ast-hfb-above-header-display":"","ast-hfb-below-header-display":"","ast-hfb-mobile-header-display":"","site-post-title":"","ast-breadcrumbs-content":"","ast-featured-img":"","footer-sml-layout":"","ast-disable-related-posts":"","theme-transparent-header-meta":"default","adv-header-id-meta":"","stick-header-meta":"","header-above-stick-meta":"","header-main-stick-meta":"","header-below-stick-meta":"","astra-migrate-meta-layouts":"default","ast-page-background-enabled":"default","ast-page-background-meta":{"desktop":{"background-color":"var(--ast-global-color-4)","background-image":"","background-repeat":"repeat","background-position":"center center","background-size":"auto","background-attachment":"scroll","background-type":"","background-media":"","overlay-type":"","overlay-color":"","overlay-opacity":"","overlay-gradient":""},"tablet":{"background-color":"","background-image":"","background-repeat":"repeat","background-position":"center center","background-size":"auto","background-attachment":"scroll","background-type":"","background-media":"","overlay-type":"","overlay-color":"","overlay-opacity":"","overlay-gradient":""},"mobile":{"background-color":"","background-image":"","background-repeat":"repeat","background-position":"center center","background-size":"auto","background-attachment":"scroll","background-type":"","background-media":"","overlay-type":"","overlay-color":"","overlay-opacity":"","overlay-gradient":""}},"ast-content-background-meta":{"desktop":{"background-color":"var(--ast-global-color-5)","background-image":"","background-repeat":"repeat","background-position":"center center","background-size":"auto","background-attachment":"scroll","background-type":"","background-media":"","overlay-type":"","overlay-color":"","overlay-opacity":"","overlay-gradient":""},"tablet":{"background-color":"var(--ast-global-color-5)","background-image":"","background-repeat":"repeat","background-position":"center center","background-size":"auto","background-attachment":"scroll","background-type":"","background-media":"","overlay-type":"","overlay-color":"","overlay-opacity":"","overlay-gradient":""},"mobile":{"background-color":"var(--ast-global-color-5)","background-image":"","background-repeat":"repeat","background-position":"center center","background-size":"auto","background-attachment":"scroll","background-type":"","background-media":"","overlay-type":"","overlay-color":"","overlay-opacity":"","overlay-gradient":""}},"footnotes":""},"page_template":[239],"class_list":["post-40509","page","type-page","status-publish","hentry","page_template-sidebar-fr"],"acf":[],"publishpress_future_action":{"enabled":false,"date":"2026-05-04 15:00:57","action":"change-status","newStatus":"draft","terms":[],"taxonomy":"page_template","extraData":[]},"publishpress_future_workflow_manual_trigger":{"enabledWorkflows":[]},"_links":{"self":[{"href":"https:\/\/cha-shc.ca\/fr\/wp-json\/wp\/v2\/pages\/40509","targetHints":{"allow":["GET"]}}],"collection":[{"href":"https:\/\/cha-shc.ca\/fr\/wp-json\/wp\/v2\/pages"}],"about":[{"href":"https:\/\/cha-shc.ca\/fr\/wp-json\/wp\/v2\/types\/page"}],"author":[{"embeddable":true,"href":"https:\/\/cha-shc.ca\/fr\/wp-json\/wp\/v2\/users\/1"}],"replies":[{"embeddable":true,"href":"https:\/\/cha-shc.ca\/fr\/wp-json\/wp\/v2\/comments?post=40509"}],"version-history":[{"count":1,"href":"https:\/\/cha-shc.ca\/fr\/wp-json\/wp\/v2\/pages\/40509\/revisions"}],"predecessor-version":[{"id":40512,"href":"https:\/\/cha-shc.ca\/fr\/wp-json\/wp\/v2\/pages\/40509\/revisions\/40512"}],"up":[{"embeddable":true,"href":"https:\/\/cha-shc.ca\/fr\/wp-json\/wp\/v2\/pages\/40499"}],"wp:attachment":[{"href":"https:\/\/cha-shc.ca\/fr\/wp-json\/wp\/v2\/media?parent=40509"}],"wp:term":[{"taxonomy":"page_template","embeddable":true,"href":"https:\/\/cha-shc.ca\/fr\/wp-json\/wp\/v2\/page_template?post=40509"}],"curies":[{"name":"wp","href":"https:\/\/api.w.org\/{rel}","templated":true}]}}