{"id":40577,"date":"2022-11-28T09:12:06","date_gmt":"2022-11-28T14:12:06","guid":{"rendered":"https:\/\/cha-shc.ca\/?page_id=40577"},"modified":"2022-11-30T10:41:34","modified_gmt":"2022-11-30T15:41:34","slug":"dominique-marshall","status":"publish","type":"page","link":"https:\/\/cha-shc.ca\/fr\/a-propos\/le-questionnaire-aux-anciens-ne-s-president-e-s-de-la-shc\/dominique-marshall\/","title":{"rendered":"Dominique Marshall (2013-2015)"},"content":{"rendered":"\t\t<div data-elementor-type=\"wp-page\" data-elementor-id=\"40577\" class=\"elementor elementor-40577 elementor-40561\" data-elementor-post-type=\"page\">\n\t\t\t\t\t\t<section class=\"elementor-section elementor-top-section elementor-element elementor-element-fffa231 elementor-section-boxed elementor-section-height-default elementor-section-height-default\" data-id=\"fffa231\" data-element_type=\"section\" data-e-type=\"section\">\n\t\t\t\t\t\t<div class=\"elementor-container elementor-column-gap-default\">\n\t\t\t\t\t<div class=\"elementor-column elementor-col-100 elementor-top-column elementor-element elementor-element-e23f85c\" data-id=\"e23f85c\" data-element_type=\"column\" data-e-type=\"column\">\n\t\t\t<div class=\"elementor-widget-wrap elementor-element-populated\">\n\t\t\t\t\t\t<div class=\"elementor-element elementor-element-7ae1e8ea elementor-widget elementor-widget-image\" data-id=\"7ae1e8ea\" data-element_type=\"widget\" data-e-type=\"widget\" data-widget_type=\"image.default\">\n\t\t\t\t<div class=\"elementor-widget-container\">\n\t\t\t\t\t\t\t\t\t\t\t\t\t\t\t<img fetchpriority=\"high\" decoding=\"async\" width=\"768\" height=\"576\" src=\"https:\/\/cha-shc.ca\/wp-content\/uploads\/2022\/11\/4e-Dominique-1-768x576.jpg\" class=\"attachment-medium_large size-medium_large wp-image-40579\" alt=\"4e Dominique 1\" srcset=\"https:\/\/cha-shc.ca\/wp-content\/uploads\/2022\/11\/4e-Dominique-1-768x576.jpg 768w, https:\/\/cha-shc.ca\/wp-content\/uploads\/2022\/11\/4e-Dominique-1-300x225.jpg 300w, https:\/\/cha-shc.ca\/wp-content\/uploads\/2022\/11\/4e-Dominique-1-1024x768.jpg 1024w, https:\/\/cha-shc.ca\/wp-content\/uploads\/2022\/11\/4e-Dominique-1-1536x1152.jpg 1536w, https:\/\/cha-shc.ca\/wp-content\/uploads\/2022\/11\/4e-Dominique-1.jpg 2016w\" sizes=\"(max-width: 768px) 100vw, 768px\" \/>\t\t\t\t\t\t\t\t\t\t\t\t\t\t\t<\/div>\n\t\t\t\t<\/div>\n\t\t\t\t<div class=\"elementor-element elementor-element-30d35702 elementor-widget elementor-widget-accordion\" data-id=\"30d35702\" data-element_type=\"widget\" data-e-type=\"widget\" data-widget_type=\"accordion.default\">\n\t\t\t\t<div class=\"elementor-widget-container\">\n\t\t\t\t\t\t\t<div class=\"elementor-accordion\">\n\t\t\t\t\t\t\t<div class=\"elementor-accordion-item\">\n\t\t\t\t\t<div id=\"elementor-tab-title-8191\" class=\"elementor-tab-title\" data-tab=\"1\" role=\"button\" aria-controls=\"elementor-tab-content-8191\" aria-expanded=\"false\">\n\t\t\t\t\t\t\t\t\t\t\t\t\t<span class=\"elementor-accordion-icon elementor-accordion-icon-left\" aria-hidden=\"true\">\n\t\t\t\t\t\t\t\t\t\t\t\t\t\t\t<span class=\"elementor-accordion-icon-closed\"><i class=\"fas fa-plus\"><\/i><\/span>\n\t\t\t\t\t\t\t\t<span class=\"elementor-accordion-icon-opened\"><i class=\"fas fa-minus\"><\/i><\/span>\n\t\t\t\t\t\t\t\t\t\t\t\t\t\t<\/span>\n\t\t\t\t\t\t\t\t\t\t\t\t<a class=\"elementor-accordion-title\" tabindex=\"0\">Quelle est votre d\u00e9finition pr\u00e9f\u00e9r\u00e9e de l'histoire et pourquoi ?<\/a>\n\t\t\t\t\t<\/div>\n\t\t\t\t\t<div id=\"elementor-tab-content-8191\" class=\"elementor-tab-content elementor-clearfix\" data-tab=\"1\" role=\"region\" aria-labelledby=\"elementor-tab-title-8191\"><p>Depuis 12 ans, je garde sur mon bureau les deux petits volumes de la collection intitul\u00e9e\u00a0<i>Historiographies, Concepts et d\u00e9bats<\/i>, sous la direction de C. Delacroix, F. Dosse, P. Garcia et N. Offenstadt, qui fait, comme ils le disent, un \u00ab\u00a0\u00e9tat des lieux.\u00a0\u00bb. Ils commencent en \u00e9crivant\u00a0que \u00ab\u00a0Le pass\u00e9 appartient \u00e0 tous et les appropriations qui en sont faites ont toutes leur propre l\u00e9gitimit\u00e9. \u00bb Pour eux,\u00a0 \u00a0 \u00a0 l\u2019histoire des historiens de m\u00e9tier repr\u00e9sente un type de relation au pass\u00e9 parmi d\u2019autres, une \u00ab\u00a0discipline qui produit des connaissances\u00a0\u00bb et qui \u00ab\u00a0met en perspective les usages contemporains du\u00a0 \u00a0 \u00a0 pass\u00e9.\u00a0\u00bb Cette d\u00e9finition me permet \u00e0 la fois de reconna\u00eetre les formes du pass\u00e9 que mes \u00e9tudiants et les membres de ma communaut\u00e9 transportent dans leurs valises, et de signaler la sp\u00e9cificit\u00e9 et la solidit\u00e9 de ma t\u00e2che d\u2019\u00ab\u00a0historienne de m\u00e9tier\u00a0\u00bb, avec ses r\u00e8gles, ses mani\u00e8res de travailler sur les faits et de soumettre ses d\u00e9couvertes \u00e0 la critique par les pairs.<\/p><\/div>\n\t\t\t\t<\/div>\n\t\t\t\t\t\t\t<div class=\"elementor-accordion-item\">\n\t\t\t\t\t<div id=\"elementor-tab-title-8192\" class=\"elementor-tab-title\" data-tab=\"2\" role=\"button\" aria-controls=\"elementor-tab-content-8192\" aria-expanded=\"false\">\n\t\t\t\t\t\t\t\t\t\t\t\t\t<span class=\"elementor-accordion-icon elementor-accordion-icon-left\" aria-hidden=\"true\">\n\t\t\t\t\t\t\t\t\t\t\t\t\t\t\t<span class=\"elementor-accordion-icon-closed\"><i class=\"fas fa-plus\"><\/i><\/span>\n\t\t\t\t\t\t\t\t<span class=\"elementor-accordion-icon-opened\"><i class=\"fas fa-minus\"><\/i><\/span>\n\t\t\t\t\t\t\t\t\t\t\t\t\t\t<\/span>\n\t\t\t\t\t\t\t\t\t\t\t\t<a class=\"elementor-accordion-title\" tabindex=\"0\">Quelle est votre d\u00e9finition pr\u00e9f\u00e9r\u00e9e de l'histoire et pourquoi ?<\/a>\n\t\t\t\t\t<\/div>\n\t\t\t\t\t<div id=\"elementor-tab-content-8192\" class=\"elementor-tab-content elementor-clearfix\" data-tab=\"2\" role=\"region\" aria-labelledby=\"elementor-tab-title-8192\"><p>Depuis 12 ans, je garde sur mon bureau les deux petits volumes de la collection intitul\u00e9e\u00a0<i>Historiographies, Concepts et d\u00e9bats<\/i>, sous la direction de C. Delacroix, F. Dosse, P. Garcia et N. Offenstadt, qui fait, comme ils le disent, un \u00ab\u00a0\u00e9tat des lieux.\u00a0\u00bb. Ils commencent en \u00e9crivant\u00a0que \u00ab\u00a0Le pass\u00e9 appartient \u00e0 tous et les appropriations qui en sont faites ont toutes leur propre l\u00e9gitimit\u00e9. \u00bb Pour eux,\u00a0 \u00a0 \u00a0 l\u2019histoire des historiens de m\u00e9tier repr\u00e9sente un type de relation au pass\u00e9 parmi d\u2019autres, une \u00ab\u00a0discipline qui produit des connaissances\u00a0\u00bb et qui \u00ab\u00a0met en perspective les usages contemporains du\u00a0 \u00a0 \u00a0 pass\u00e9.\u00a0\u00bb Cette d\u00e9finition me permet \u00e0 la fois de reconna\u00eetre les formes du pass\u00e9 que mes \u00e9tudiants et les membres de ma communaut\u00e9 transportent dans leurs valises, et de signaler la sp\u00e9cificit\u00e9 et la solidit\u00e9 de ma t\u00e2che d\u2019\u00ab\u00a0historienne de m\u00e9tier\u00a0\u00bb, avec ses r\u00e8gles, ses mani\u00e8res de travailler sur les faits et de soumettre ses d\u00e9couvertes \u00e0 la critique par les pairs.<\/p><\/div>\n\t\t\t\t<\/div>\n\t\t\t\t\t\t\t<div class=\"elementor-accordion-item\">\n\t\t\t\t\t<div id=\"elementor-tab-title-8193\" class=\"elementor-tab-title\" data-tab=\"3\" role=\"button\" aria-controls=\"elementor-tab-content-8193\" aria-expanded=\"false\">\n\t\t\t\t\t\t\t\t\t\t\t\t\t<span class=\"elementor-accordion-icon elementor-accordion-icon-left\" aria-hidden=\"true\">\n\t\t\t\t\t\t\t\t\t\t\t\t\t\t\t<span class=\"elementor-accordion-icon-closed\"><i class=\"fas fa-plus\"><\/i><\/span>\n\t\t\t\t\t\t\t\t<span class=\"elementor-accordion-icon-opened\"><i class=\"fas fa-minus\"><\/i><\/span>\n\t\t\t\t\t\t\t\t\t\t\t\t\t\t<\/span>\n\t\t\t\t\t\t\t\t\t\t\t\t<a class=\"elementor-accordion-title\" tabindex=\"0\"> Quel\/quelle est votre historien.ne pr\u00e9f\u00e9r\u00e9.e, vivant.e ou d\u00e9c\u00e9d\u00e9.e, et pourquoi ?<\/a>\n\t\t\t\t\t<\/div>\n\t\t\t\t\t<div id=\"elementor-tab-content-8193\" class=\"elementor-tab-content elementor-clearfix\" data-tab=\"3\" role=\"region\" aria-labelledby=\"elementor-tab-title-8193\"><p>Mes pr\u00e9f\u00e9rences s\u2019accumulent mais, depuis l\u2019an dernier, les travaux de l\u2019historien G\u00e9rard Noiriel m\u2019ont beaucoup aid\u00e9e. L\u2019ouvrage qu\u2019il a \u00e9crit avec le sociologue St\u00e9phane B\u00e9aud,\u00a0<i>Race et sciences\u00a0 \u00a0 sociales. Essai sur les usages publics d\u2019une cat\u00e9gorie<\/i>, est une \u00e9tude des transformations des relations entre intellectuels et politiques depuis le 19\u00e8me si\u00e8cle, une r\u00e9flexion sur les fronti\u00e8res entre ce\u00a0 qu\u2019ils appellent \u00ab l\u2019autonomie de la science \u00bb et l\u2019engagement. Ils replacent les th\u00e9ories r\u00e9pandues aux \u00c9tats-Unis dans leurs contextes, pr\u00e9sentent des approches n\u00e9es dans d\u2019autres circonstances,\u00a0 \u00a0 \u00a0 \u00a0 et illustrent leur programme d\u2019\u00e9tude de la vie publique par une excursion dans le monde du football fran\u00e7ais. \u00c0 leurs c\u00f4t\u00e9s et depuis plus longtemps (1988), le livre d\u2019Arlette Farge, <i>La vie fragile. Violence, pouvoirs et solidarit\u00e9s \u00e0 Paris au XVIIIe si\u00e8cle<\/i>, me sert d\u2019exemple, pour la richesse et la subtilit\u00e9 de son compte-rendu des relations entre vie quotidienne et luttes politiques. Au Canada, j\u2019essaye dans mon enseignement de rendre justice \u00e0 l\u2019h\u00e9ritage de plusieurs de mes professeurs qui, en leur temps, ont pris leur responsabilit\u00e9 de transmission des savoirs au s\u00e9rieux, en m\u00eame temps qu\u2019ils affichaient \u00e0 l\u2019endroit des g\u00e9n\u00e9rations qui les suivaient respect, g\u00e9n\u00e9rosit\u00e9 et ouverture d\u2019esprit. Chez mes coll\u00e8gues au Canada, pour en nommer seulement deux, la versatilit\u00e9 et la rigueur des \u00e9crits de Joy Parr sont extraordinaires et, chez les plus jeunes, l\u2019\u00e9tude des garderies de la Colombie-Britannique par Lisa Pasolli permet d\u2019entrevoir avec une acuit\u00e9 remarquable les m\u00e9canismes r\u00e9currents et douloureux, mat\u00e9riels et id\u00e9ologiques, de la fabrication de la pauvret\u00e9.<\/p><\/div>\n\t\t\t\t<\/div>\n\t\t\t\t\t\t\t<div class=\"elementor-accordion-item\">\n\t\t\t\t\t<div id=\"elementor-tab-title-8194\" class=\"elementor-tab-title\" data-tab=\"4\" role=\"button\" aria-controls=\"elementor-tab-content-8194\" aria-expanded=\"false\">\n\t\t\t\t\t\t\t\t\t\t\t\t\t<span class=\"elementor-accordion-icon elementor-accordion-icon-left\" aria-hidden=\"true\">\n\t\t\t\t\t\t\t\t\t\t\t\t\t\t\t<span class=\"elementor-accordion-icon-closed\"><i class=\"fas fa-plus\"><\/i><\/span>\n\t\t\t\t\t\t\t\t<span class=\"elementor-accordion-icon-opened\"><i class=\"fas fa-minus\"><\/i><\/span>\n\t\t\t\t\t\t\t\t\t\t\t\t\t\t<\/span>\n\t\t\t\t\t\t\t\t\t\t\t\t<a class=\"elementor-accordion-title\" tabindex=\"0\">Bien que la fiert\u00e9 outranci\u00e8re ne soit pas d\u00e9sirable, de tous vos \u00e9crits, quels sont ceux dont vous \u00eates le plus fier et pourquoi ?<\/a>\n\t\t\t\t\t<\/div>\n\t\t\t\t\t<div id=\"elementor-tab-content-8194\" class=\"elementor-tab-content elementor-clearfix\" data-tab=\"4\" role=\"region\" aria-labelledby=\"elementor-tab-title-8194\"><p>Je\u00a0viens de terminer une courte biographie de Leslie Chance, le haut-fonctionnaire canadien qui a pr\u00e9sid\u00e9 aux travaux pr\u00e9paratoires de la commission des Nations Unies sur la\u00a0<i>Convention de 1951 relative au statut des r\u00e9fugi\u00e9s<\/i>. Il s\u2019agit d\u2019une histoire de la relation du Canada avec le r\u00e9gime international de protection des r\u00e9fugi\u00e9s, un chapitre \u00e9crit \u00e0 la demande de mes collaborateurs du groupe LERRN, pour une collection d\u2019articles sur le sujet. Gr\u00e2ce \u00e0 la rapidit\u00e9 des recherches sur les plateformes num\u00e9riques (quotidiens de Biblioth\u00e8que et Archives nationales du Qu\u00e9bec, archives de la Soci\u00e9t\u00e9 des nations, vieux livres sur l\u2019<i>Internet Archives<\/i>, images des photographes de l\u2019ONU, etc.), et au travail de documentation m\u00e9ticuleux de l\u2019\u00e9diteur des journaux personnels du juriste international canadien et coll\u00e8gue de Chance, John Humphrey, j\u2019ai pu reconstituer la vie de ce personnage peu connu. En m\u00eame temps, toutes sortes de connexions sont apparues avec les histoire autochtone, militaire, concentrationnaire, philanthropique, \u00e9tatique, imp\u00e9riale, qui permettent de raconter l\u2019histoire des politiques internationales diff\u00e9remment. J\u2019ai travaill\u00e9 aussi fort sur la forme du r\u00e9cit que sur la vari\u00e9t\u00e9 du contenu et sur les aspects visuels; je suis contente du r\u00e9sultat, sans encore \u00eatre s\u00fbre que \u00e7a va aller.<\/p><\/div>\n\t\t\t\t<\/div>\n\t\t\t\t\t\t\t<div class=\"elementor-accordion-item\">\n\t\t\t\t\t<div id=\"elementor-tab-title-8195\" class=\"elementor-tab-title\" data-tab=\"5\" role=\"button\" aria-controls=\"elementor-tab-content-8195\" aria-expanded=\"false\">\n\t\t\t\t\t\t\t\t\t\t\t\t\t<span class=\"elementor-accordion-icon elementor-accordion-icon-left\" aria-hidden=\"true\">\n\t\t\t\t\t\t\t\t\t\t\t\t\t\t\t<span class=\"elementor-accordion-icon-closed\"><i class=\"fas fa-plus\"><\/i><\/span>\n\t\t\t\t\t\t\t\t<span class=\"elementor-accordion-icon-opened\"><i class=\"fas fa-minus\"><\/i><\/span>\n\t\t\t\t\t\t\t\t\t\t\t\t\t\t<\/span>\n\t\t\t\t\t\t\t\t\t\t\t\t<a class=\"elementor-accordion-title\" tabindex=\"0\">Au sujet de votre mandat de pr\u00e9sident de la SHC, quel a \u00e9t\u00e9 votre plus grand d\u00e9fi ?<\/a>\n\t\t\t\t\t<\/div>\n\t\t\t\t\t<div id=\"elementor-tab-content-8195\" class=\"elementor-tab-content elementor-clearfix\" data-tab=\"5\" role=\"region\" aria-labelledby=\"elementor-tab-title-8195\"><p>J&rsquo;ai\u00a0pu r\u00e9fl\u00e9chir de pr\u00e8s \u00e0 la place du fran\u00e7ais dans la discipline. La SHC repr\u00e9sente d\u00e9j\u00e0 un lieu d\u2019\u00e9change unique entre le fran\u00e7ais et l\u2019anglais\u00a0: les brochures historiques, la s\u00e9rie de brochures sur l\u2019immigration et l\u2019ethnicit\u00e9 au Canada, me permettent d\u2019enseigner en anglais des auteurs francophones autrement peu traduits\u00a0: Micheline Dumont, Normand S\u00e9guin, Martin P\u00e2quet. J\u2019ai essay\u00e9 de cr\u00e9er de nouveaux ponts avec l\u2019IHAF (conf\u00e9rences; interventions publiques communes), donn\u00e9 mon discours pr\u00e9sidentiel en fran\u00e7ais en utilisant des moyens visuels pour me faire comprendre le mieux possible, encourag\u00e9 \u00a0des discussions sur l\u2019avenir des publications universitaires francophones dans un monde de plus en plus anglophone, attir\u00e9 l\u2019attention sur les historiographies peu connues des anglophones qui arrivent via les \u00e9crits des francophones du Canada, et encourag\u00e9 des coll\u00e8gues \u00e0 profiter du programme de traduction d\u2019ouvrages acad\u00e9miques de la F\u00e9d\u00e9ration des sciences humaines et sociales du Canada.<\/p><\/div>\n\t\t\t\t<\/div>\n\t\t\t\t\t\t\t<div class=\"elementor-accordion-item\">\n\t\t\t\t\t<div id=\"elementor-tab-title-8196\" class=\"elementor-tab-title\" data-tab=\"6\" role=\"button\" aria-controls=\"elementor-tab-content-8196\" aria-expanded=\"false\">\n\t\t\t\t\t\t\t\t\t\t\t\t\t<span class=\"elementor-accordion-icon elementor-accordion-icon-left\" aria-hidden=\"true\">\n\t\t\t\t\t\t\t\t\t\t\t\t\t\t\t<span class=\"elementor-accordion-icon-closed\"><i class=\"fas fa-plus\"><\/i><\/span>\n\t\t\t\t\t\t\t\t<span class=\"elementor-accordion-icon-opened\"><i class=\"fas fa-minus\"><\/i><\/span>\n\t\t\t\t\t\t\t\t\t\t\t\t\t\t<\/span>\n\t\t\t\t\t\t\t\t\t\t\t\t<a class=\"elementor-accordion-title\" tabindex=\"0\">Si vous pouviez donner un conseil \u00e0 un.e membre (une personne qui adh\u00e8re ?) de la SHC, quel serait-il ?<\/a>\n\t\t\t\t\t<\/div>\n\t\t\t\t\t<div id=\"elementor-tab-content-8196\" class=\"elementor-tab-content elementor-clearfix\" data-tab=\"6\" role=\"region\" aria-labelledby=\"elementor-tab-title-8196\"><p>C&rsquo;est \u00e7a : la soci\u00e9t\u00e9 est la plus importante que vous ayez pour promouvoir un soutien mat\u00e9riel et institutionnel plus grand et plus int\u00e9ressant aux chercheurs et aux \u00e9tudiants de toutes appartenances, devant tous les niveaux de gouvernement, quel que soit le type d&rsquo;histoire que vous faites vous-m\u00eame. Pour les personnes qui souhaitent rejoindre la structure de gouvernance, l&rsquo;encouragement que ma propre directrice de th\u00e8se, Bettina Bradbury, m&rsquo;a donn\u00e9 en 1990 lorsqu&rsquo;elle pensait que je devais entrer au comit\u00e9 de r\u00e9daction de la\u00a0<i>Revue de la Soci\u00e9t\u00e9 historique du Canada<\/i>, est toujours valable : vous rencontrerez toutes sortes de personnes int\u00e9ressantes. Et le sage conseil d&rsquo;un membre du conseil d&rsquo;administration qui \u00e9tait l\u00e0 avant moi m&rsquo;a servi au-del\u00e0 de la SHC : il vaut mieux se joindre \u00e0 l&rsquo;organe consultatif des archives, exprimer une opinion et dire \u00e0 nos membres comment nous l&rsquo;avons fait (c&rsquo;\u00e9tait \u00e0 une \u00e9poque o\u00f9 BAC ne se comportait pas beaucoup pour le bien commun) que de s&rsquo;en aller et de les laisser prendre des directions douteuses sans m\u00eame savoir ce qu&rsquo;ils font ; vous savez qu&rsquo;on leur a dit, ils ne pourront pas plaider l&rsquo;ignorance.<\/p><\/div>\n\t\t\t\t<\/div>\n\t\t\t\t\t\t\t<div class=\"elementor-accordion-item\">\n\t\t\t\t\t<div id=\"elementor-tab-title-8197\" class=\"elementor-tab-title\" data-tab=\"7\" role=\"button\" aria-controls=\"elementor-tab-content-8197\" aria-expanded=\"false\">\n\t\t\t\t\t\t\t\t\t\t\t\t\t<span class=\"elementor-accordion-icon elementor-accordion-icon-left\" aria-hidden=\"true\">\n\t\t\t\t\t\t\t\t\t\t\t\t\t\t\t<span class=\"elementor-accordion-icon-closed\"><i class=\"fas fa-plus\"><\/i><\/span>\n\t\t\t\t\t\t\t\t<span class=\"elementor-accordion-icon-opened\"><i class=\"fas fa-minus\"><\/i><\/span>\n\t\t\t\t\t\t\t\t\t\t\t\t\t\t<\/span>\n\t\t\t\t\t\t\t\t\t\t\t\t<a class=\"elementor-accordion-title\" tabindex=\"0\">2022 marque le 100e anniversaire de la SHC. Ce jalon nous donne l'occasion de r\u00e9fl\u00e9chir \u00e0 sa p\u00e9rennit\u00e9 et \u00e0 ce que pourrait \u00eatre son avenir. Ainsi, que r\u00e9serve, selon vous, l'avenir \u00e0 la SHC et \u00e0 la recherche historique au Canada, au moment o\u00f9 la soci\u00e9t\u00e9 entame son deuxi\u00e8me centenaire ?<\/a>\n\t\t\t\t\t<\/div>\n\t\t\t\t\t<div id=\"elementor-tab-content-8197\" class=\"elementor-tab-content elementor-clearfix\" data-tab=\"7\" role=\"region\" aria-labelledby=\"elementor-tab-title-8197\"><p>En sciences humaines, les biblioth\u00e8ques et archives publiques repr\u00e9sentent l\u2019\u00e9quivalent des laboratoires de nos coll\u00e8gues dans les sciences dures. Le maintien et l\u2019am\u00e9lioration de ces institutions. La pr\u00e9servation et la mise \u00e0 jour du code d\u2019\u00e9thique du travail aupr\u00e8s de ces institutions, est crucial et les historiens doivent collaborer pour s\u2019assurer de leur continuation et de leur qualit\u00e9. Par exemple, porter attention \u00e0 la constitution des grands catalogues num\u00e9riques, \u00e0 l\u2019acquisition d\u2019archives, etc.\u00a0 et essayer de repr\u00e9senter les historiens.<\/p><\/div>\n\t\t\t\t<\/div>\n\t\t\t\t\t\t\t<div class=\"elementor-accordion-item\">\n\t\t\t\t\t<div id=\"elementor-tab-title-8198\" class=\"elementor-tab-title\" data-tab=\"8\" role=\"button\" aria-controls=\"elementor-tab-content-8198\" aria-expanded=\"false\">\n\t\t\t\t\t\t\t\t\t\t\t\t\t<span class=\"elementor-accordion-icon elementor-accordion-icon-left\" aria-hidden=\"true\">\n\t\t\t\t\t\t\t\t\t\t\t\t\t\t\t<span class=\"elementor-accordion-icon-closed\"><i class=\"fas fa-plus\"><\/i><\/span>\n\t\t\t\t\t\t\t\t<span class=\"elementor-accordion-icon-opened\"><i class=\"fas fa-minus\"><\/i><\/span>\n\t\t\t\t\t\t\t\t\t\t\t\t\t\t<\/span>\n\t\t\t\t\t\t\t\t\t\t\t\t<a class=\"elementor-accordion-title\" tabindex=\"0\"> S\u2019il y avait une autre question que vous aimeriez poser aux autres pr\u00e9sident.e.s, quelle serait-elle ? Pourriez-vous \u00e9galement y r\u00e9pondre vous-m\u00eame ?<\/a>\n\t\t\t\t\t<\/div>\n\t\t\t\t\t<div id=\"elementor-tab-content-8198\" class=\"elementor-tab-content elementor-clearfix\" data-tab=\"8\" role=\"region\" aria-labelledby=\"elementor-tab-title-8198\"><p>De quelle histoire parle-t-on quand on parle de l\u2019histoire des Canadiens? Est-ce celle des familles des Canadiens d\u2019aujourd\u2019hui, quel que soit leur emplacement il y a 100 ans, ou seulement celle des familles dont les anc\u00eatres \u00e9taient au Canada dans le pass\u00e9? Envisager l\u2019histoire de la Premi\u00e8re Guerre Mondiale de la premi\u00e8re fa\u00e7on donne lieu \u00e0 de riches \u00a0explorations transnationales.<\/p><\/div>\n\t\t\t\t<\/div>\n\t\t\t\t\t\t\t\t<\/div>\n\t\t\t\t\t\t<\/div>\n\t\t\t\t<\/div>\n\t\t\t\t\t<\/div>\n\t\t<\/div>\n\t\t\t\t\t<\/div>\n\t\t<\/section>\n\t\t\t\t<\/div>\n\t\t","protected":false},"excerpt":{"rendered":"<p>Quelle est votre d\u00e9finition pr\u00e9f\u00e9r\u00e9e de l&rsquo;histoire et pourquoi ? Depuis 12 ans, je garde sur mon bureau les deux petits volumes de la collection intitul\u00e9e\u00a0Historiographies, Concepts et d\u00e9bats, sous la direction de C. Delacroix, F. Dosse, P. Garcia et N. Offenstadt, qui fait, comme ils le disent, un \u00ab\u00a0\u00e9tat des lieux.\u00a0\u00bb. Ils commencent en [&hellip;]<\/p>\n","protected":false},"author":1,"featured_media":0,"parent":14480,"menu_order":10,"comment_status":"closed","ping_status":"closed","template":"","meta":{"_acf_changed":false,"_seopress_robots_primary_cat":"","_seopress_titles_title":"","_seopress_titles_desc":"","_seopress_robots_index":"","_exactmetrics_skip_tracking":false,"_exactmetrics_sitenote_active":false,"_exactmetrics_sitenote_note":"","_exactmetrics_sitenote_category":0,"site-sidebar-layout":"no-sidebar","site-content-layout":"page-builder","ast-site-content-layout":"default","site-content-style":"default","site-sidebar-style":"default","ast-global-header-display":"","ast-banner-title-visibility":"","ast-main-header-display":"","ast-hfb-above-header-display":"","ast-hfb-below-header-display":"","ast-hfb-mobile-header-display":"","site-post-title":"disabled","ast-breadcrumbs-content":"","ast-featured-img":"disabled","footer-sml-layout":"","ast-disable-related-posts":"","theme-transparent-header-meta":"default","adv-header-id-meta":"","stick-header-meta":"","header-above-stick-meta":"","header-main-stick-meta":"","header-below-stick-meta":"","astra-migrate-meta-layouts":"default","ast-page-background-enabled":"default","ast-page-background-meta":{"desktop":{"background-color":"var(--ast-global-color-4)","background-image":"","background-repeat":"repeat","background-position":"center center","background-size":"auto","background-attachment":"scroll","background-type":"","background-media":"","overlay-type":"","overlay-color":"","overlay-opacity":"","overlay-gradient":""},"tablet":{"background-color":"","background-image":"","background-repeat":"repeat","background-position":"center center","background-size":"auto","background-attachment":"scroll","background-type":"","background-media":"","overlay-type":"","overlay-color":"","overlay-opacity":"","overlay-gradient":""},"mobile":{"background-color":"","background-image":"","background-repeat":"repeat","background-position":"center center","background-size":"auto","background-attachment":"scroll","background-type":"","background-media":"","overlay-type":"","overlay-color":"","overlay-opacity":"","overlay-gradient":""}},"ast-content-background-meta":{"desktop":{"background-color":"var(--ast-global-color-5)","background-image":"","background-repeat":"repeat","background-position":"center center","background-size":"auto","background-attachment":"scroll","background-type":"","background-media":"","overlay-type":"","overlay-color":"","overlay-opacity":"","overlay-gradient":""},"tablet":{"background-color":"var(--ast-global-color-5)","background-image":"","background-repeat":"repeat","background-position":"center center","background-size":"auto","background-attachment":"scroll","background-type":"","background-media":"","overlay-type":"","overlay-color":"","overlay-opacity":"","overlay-gradient":""},"mobile":{"background-color":"var(--ast-global-color-5)","background-image":"","background-repeat":"repeat","background-position":"center center","background-size":"auto","background-attachment":"scroll","background-type":"","background-media":"","overlay-type":"","overlay-color":"","overlay-opacity":"","overlay-gradient":""}},"footnotes":""},"page_template":[239],"class_list":["post-40577","page","type-page","status-publish","hentry","page_template-sidebar-fr"],"acf":[],"publishpress_future_action":{"enabled":false,"date":"2026-05-15 15:15:50","action":"change-status","newStatus":"draft","terms":[],"taxonomy":"page_template","extraData":[]},"publishpress_future_workflow_manual_trigger":{"enabledWorkflows":[]},"_links":{"self":[{"href":"https:\/\/cha-shc.ca\/fr\/wp-json\/wp\/v2\/pages\/40577","targetHints":{"allow":["GET"]}}],"collection":[{"href":"https:\/\/cha-shc.ca\/fr\/wp-json\/wp\/v2\/pages"}],"about":[{"href":"https:\/\/cha-shc.ca\/fr\/wp-json\/wp\/v2\/types\/page"}],"author":[{"embeddable":true,"href":"https:\/\/cha-shc.ca\/fr\/wp-json\/wp\/v2\/users\/1"}],"replies":[{"embeddable":true,"href":"https:\/\/cha-shc.ca\/fr\/wp-json\/wp\/v2\/comments?post=40577"}],"version-history":[{"count":10,"href":"https:\/\/cha-shc.ca\/fr\/wp-json\/wp\/v2\/pages\/40577\/revisions"}],"predecessor-version":[{"id":40759,"href":"https:\/\/cha-shc.ca\/fr\/wp-json\/wp\/v2\/pages\/40577\/revisions\/40759"}],"up":[{"embeddable":true,"href":"https:\/\/cha-shc.ca\/fr\/wp-json\/wp\/v2\/pages\/14480"}],"wp:attachment":[{"href":"https:\/\/cha-shc.ca\/fr\/wp-json\/wp\/v2\/media?parent=40577"}],"wp:term":[{"taxonomy":"page_template","embeddable":true,"href":"https:\/\/cha-shc.ca\/fr\/wp-json\/wp\/v2\/page_template?post=40577"}],"curies":[{"name":"wp","href":"https:\/\/api.w.org\/{rel}","templated":true}]}}