{"id":40724,"date":"2022-11-30T12:59:07","date_gmt":"2022-11-30T17:59:07","guid":{"rendered":"https:\/\/cha-shc.ca\/?page_id=40724"},"modified":"2022-11-30T15:32:15","modified_gmt":"2022-11-30T20:32:15","slug":"don-wright","status":"publish","type":"page","link":"https:\/\/cha-shc.ca\/fr\/a-propos\/le-questionnaire-aux-anciens-ne-s-president-e-s-de-la-shc\/don-wright\/","title":{"rendered":"Don Wright  (2023-2025)"},"content":{"rendered":"\t\t<div data-elementor-type=\"wp-page\" data-elementor-id=\"40724\" class=\"elementor elementor-40724\" data-elementor-post-type=\"page\">\n\t\t\t\t\t\t<section class=\"elementor-section elementor-top-section elementor-element elementor-element-6023a673 elementor-section-boxed elementor-section-height-default elementor-section-height-default\" data-id=\"6023a673\" data-element_type=\"section\" data-e-type=\"section\">\n\t\t\t\t\t\t<div class=\"elementor-container elementor-column-gap-default\">\n\t\t\t\t\t<div class=\"elementor-column elementor-col-100 elementor-top-column elementor-element elementor-element-2c9a9e3b\" data-id=\"2c9a9e3b\" data-element_type=\"column\" data-e-type=\"column\">\n\t\t\t<div class=\"elementor-widget-wrap elementor-element-populated\">\n\t\t\t\t\t\t<div class=\"elementor-element elementor-element-4f5666e7 elementor-widget elementor-widget-image\" data-id=\"4f5666e7\" data-element_type=\"widget\" data-e-type=\"widget\" data-widget_type=\"image.default\">\n\t\t\t\t<div class=\"elementor-widget-container\">\n\t\t\t\t\t\t\t\t\t\t\t\t<figure class=\"wp-caption\">\n\t\t\t\t\t\t\t\t\t\t<img fetchpriority=\"high\" decoding=\"async\" width=\"768\" height=\"963\" src=\"https:\/\/cha-shc.ca\/wp-content\/uploads\/2022\/11\/Donald-Wright-1-768x963.jpg\" class=\"attachment-medium_large size-medium_large wp-image-40981\" alt=\"Donald Wright 1\" srcset=\"https:\/\/cha-shc.ca\/wp-content\/uploads\/2022\/11\/Donald-Wright-1-768x963.jpg 768w, https:\/\/cha-shc.ca\/wp-content\/uploads\/2022\/11\/Donald-Wright-1-239x300.jpg 239w, https:\/\/cha-shc.ca\/wp-content\/uploads\/2022\/11\/Donald-Wright-1-817x1024.jpg 817w, https:\/\/cha-shc.ca\/wp-content\/uploads\/2022\/11\/Donald-Wright-1-1225x1536.jpg 1225w, https:\/\/cha-shc.ca\/wp-content\/uploads\/2022\/11\/Donald-Wright-1-1634x2048.jpg 1634w, https:\/\/cha-shc.ca\/wp-content\/uploads\/2022\/11\/Donald-Wright-1.jpg 1716w\" sizes=\"(max-width: 768px) 100vw, 768px\" \/>\t\t\t\t\t\t\t\t\t\t\t<figcaption class=\"widget-image-caption wp-caption-text\"><\/figcaption>\n\t\t\t\t\t\t\t\t\t\t<\/figure>\n\t\t\t\t\t\t\t\t\t<\/div>\n\t\t\t\t<\/div>\n\t\t\t\t<div class=\"elementor-element elementor-element-ea7bd9 elementor-widget elementor-widget-accordion\" data-id=\"ea7bd9\" data-element_type=\"widget\" data-e-type=\"widget\" data-widget_type=\"accordion.default\">\n\t\t\t\t<div class=\"elementor-widget-container\">\n\t\t\t\t\t\t\t<div class=\"elementor-accordion\">\n\t\t\t\t\t\t\t<div class=\"elementor-accordion-item\">\n\t\t\t\t\t<div id=\"elementor-tab-title-1531\" class=\"elementor-tab-title\" data-tab=\"1\" role=\"button\" aria-controls=\"elementor-tab-content-1531\" aria-expanded=\"false\">\n\t\t\t\t\t\t\t\t\t\t\t\t\t<span class=\"elementor-accordion-icon elementor-accordion-icon-left\" aria-hidden=\"true\">\n\t\t\t\t\t\t\t\t\t\t\t\t\t\t\t<span class=\"elementor-accordion-icon-closed\"><i class=\"fas fa-plus\"><\/i><\/span>\n\t\t\t\t\t\t\t\t<span class=\"elementor-accordion-icon-opened\"><i class=\"fas fa-minus\"><\/i><\/span>\n\t\t\t\t\t\t\t\t\t\t\t\t\t\t<\/span>\n\t\t\t\t\t\t\t\t\t\t\t\t<a class=\"elementor-accordion-title\" tabindex=\"0\">Quelle est votre d\u00e9finition pr\u00e9f\u00e9r\u00e9e de l'histoire et pourquoi ?<\/a>\n\t\t\t\t\t<\/div>\n\t\t\t\t\t<div id=\"elementor-tab-content-1531\" class=\"elementor-tab-content elementor-clearfix\" data-tab=\"1\" role=\"region\" aria-labelledby=\"elementor-tab-title-1531\"><p>Il y a tr\u00e8s, tr\u00e8s longtemps, alors que j&rsquo;\u00e9tais \u00e9tudiant de premier cycle et que j&rsquo;avais la vague intention de faire des \u00e9tudes sup\u00e9rieures, j&rsquo;ai lu <em>What is History ?<\/em> de E.H. Carr. C&rsquo;\u00e9tait un petit livre, mais il avait du punch. Je n&rsquo;ai jamais oubli\u00e9 une id\u00e9e en particulier : les historiens, disait-il, ont un grand nombre d&rsquo;abeilles dans leur bonnet. Ces abeilles sont profond\u00e9ment personnelles (par exemple, ont-ils grandi avec une cuill\u00e8re en argent ou viennent-ils d&rsquo;un milieu ouvrier ?) et profond\u00e9ment sociales (ont-ils \u00e9crit leur livre pendant un moment de bouleversement social ou m\u00eame en temps de guerre ? \u00ab\u00a0Quand vous lisez un ouvrage d&rsquo;histoire, conseille Carr, \u00e9coutez toujours le bourdonnement\u00a0\u00bb. Dans mes recherches sur l&rsquo;histoire de l&rsquo;\u00e9criture historique et sur l&rsquo;histoire de la profession d&rsquo;historien.ne au Canada anglais, j&rsquo;essaie d&rsquo;\u00e9couter le bourdonnement.<\/p><\/div>\n\t\t\t\t<\/div>\n\t\t\t\t\t\t\t<div class=\"elementor-accordion-item\">\n\t\t\t\t\t<div id=\"elementor-tab-title-1532\" class=\"elementor-tab-title\" data-tab=\"2\" role=\"button\" aria-controls=\"elementor-tab-content-1532\" aria-expanded=\"false\">\n\t\t\t\t\t\t\t\t\t\t\t\t\t<span class=\"elementor-accordion-icon elementor-accordion-icon-left\" aria-hidden=\"true\">\n\t\t\t\t\t\t\t\t\t\t\t\t\t\t\t<span class=\"elementor-accordion-icon-closed\"><i class=\"fas fa-plus\"><\/i><\/span>\n\t\t\t\t\t\t\t\t<span class=\"elementor-accordion-icon-opened\"><i class=\"fas fa-minus\"><\/i><\/span>\n\t\t\t\t\t\t\t\t\t\t\t\t\t\t<\/span>\n\t\t\t\t\t\t\t\t\t\t\t\t<a class=\"elementor-accordion-title\" tabindex=\"0\"> Quel\/quelle est votre historien.ne pr\u00e9f\u00e9r\u00e9.e, vivant.e ou d\u00e9c\u00e9d\u00e9.e, et pourquoi ?<\/a>\n\t\t\t\t\t<\/div>\n\t\t\t\t\t<div id=\"elementor-tab-content-1532\" class=\"elementor-tab-content elementor-clearfix\" data-tab=\"2\" role=\"region\" aria-labelledby=\"elementor-tab-title-1532\"><p>Oh, c&rsquo;est une question difficile. J&rsquo;admire diff\u00e9rents historien.ne.s pour diff\u00e9rentes raisons : Adele Perry, parce qu&rsquo;elle est tr\u00e8s intelligente ; Ged Martin, parce qu&rsquo;il est tr\u00e8s curieux ; Bryan Palmer, parce qu&rsquo;il est tr\u00e8s int\u00e9ressant ; Greg Kealey, parce qu&rsquo;il a su allier leadership et \u00e9rudition ; Amani Whitfield, parce que son <em>Biographical Dictionary of Enslaved Black People in the Maritimes<\/em> est tout \u00e0 fait brillant ; Megan Davies, parce qu&rsquo;elle est tr\u00e8s cr\u00e9ative dans sa fa\u00e7on de communiquer ses recherches ; et Funk\u00e9 Aladejebi, parce qu&rsquo;elle pousse l&rsquo;histoire canadienne dans des directions vraiment importantes. Mais qui est mon historien pr\u00e9f\u00e9r\u00e9 ? Aujourd&rsquo;hui, c&rsquo;est Ramsay Cook. Demain, ce sera peut-\u00eatre quelqu&rsquo;un d&rsquo;autre. Mais pour l&rsquo;instant, c&rsquo;est Ramsay parce qu&rsquo;il a incarn\u00e9 les caract\u00e9ristiques \u00e9num\u00e9r\u00e9es ci-dessus : l&rsquo;intelligence, la curiosit\u00e9, la clart\u00e9 de l&rsquo;\u00e9criture et, par le biais du <em>Dictionnaire biographique du Canada<\/em>, un engagement envers le leadership universitaire et l&rsquo;\u00e9largissement de l&rsquo;histoire du Canada. Alors que je fais pr\u00e9sentement des recherches et que j&rsquo;\u00e9cris un livre sur lui, je continue \u00e0 \u00e9couter le bourdonnement. Par co\u00efncidence, il a \u00e9crit l&rsquo;entr\u00e9e du DCB pour William Allen Pringle, un libre penseur et apiculteur du XIXe si\u00e8cle.<\/p><\/div>\n\t\t\t\t<\/div>\n\t\t\t\t\t\t\t<div class=\"elementor-accordion-item\">\n\t\t\t\t\t<div id=\"elementor-tab-title-1533\" class=\"elementor-tab-title\" data-tab=\"3\" role=\"button\" aria-controls=\"elementor-tab-content-1533\" aria-expanded=\"false\">\n\t\t\t\t\t\t\t\t\t\t\t\t\t<span class=\"elementor-accordion-icon elementor-accordion-icon-left\" aria-hidden=\"true\">\n\t\t\t\t\t\t\t\t\t\t\t\t\t\t\t<span class=\"elementor-accordion-icon-closed\"><i class=\"fas fa-plus\"><\/i><\/span>\n\t\t\t\t\t\t\t\t<span class=\"elementor-accordion-icon-opened\"><i class=\"fas fa-minus\"><\/i><\/span>\n\t\t\t\t\t\t\t\t\t\t\t\t\t\t<\/span>\n\t\t\t\t\t\t\t\t\t\t\t\t<a class=\"elementor-accordion-title\" tabindex=\"0\">Bien que la fiert\u00e9 outranci\u00e8re ne soit pas d\u00e9sirable, de tous vos \u00e9crits, quels sont ceux dont vous \u00eates le plus fier et pourquoi ?<\/a>\n\t\t\t\t\t<\/div>\n\t\t\t\t\t<div id=\"elementor-tab-content-1533\" class=\"elementor-tab-content elementor-clearfix\" data-tab=\"3\" role=\"region\" aria-labelledby=\"elementor-tab-title-1533\"><p>Lors d&rsquo;une de nos derni\u00e8res conversations, j&rsquo;ai pos\u00e9 la m\u00eame question \u00e0 Ramsay. Sa r\u00e9ponse m&rsquo;a surpris. . <em>John W. Dafoe and the Free Press<\/em>, a-t-il dit. Pourquoi votre premier livre, lui ai-je demand\u00e9 ? Parce que je n&rsquo;avais jamais pens\u00e9 que j&rsquo;\u00e9crirais un livre, mais voir mon nom sur la couverture m&rsquo;a confirm\u00e9 que je pouvais le faire, et que j&rsquo;avais peut-\u00eatre quelque chose \u00e0 dire apr\u00e8s tout. J&rsquo;ai bien compris ce qu&rsquo;il voulait dire. Je veux dire que je peux encore ressentir l&rsquo;excitation de voir mon nom sur la couverture de mon premier livre. Mais relire <em>The Professionalization of History in English Canada<\/em> me fait grimacer ! Qu&rsquo;est-ce qui t\u2019a pris ? Voulais-tu vraiment dire cela ? Tout cela pour dire que je suis tr\u00e8s fier non pas de mon premier livre, mais de mon plus r\u00e9cent : <em>Canada : A Very Short Introduction<\/em> (Oxford, 2020). C&rsquo;\u00e9tait une t\u00e2che difficile &#8211; le Canada, de ses d\u00e9buts pr\u00e9cambriens \u00e0 aujourd&rsquo;hui, en seulement 35 000 mots &#8211; mais une t\u00e2che fascinante parce qu&rsquo;elle m&rsquo;a oblig\u00e9 \u00e0 r\u00e9fl\u00e9chir \u00e0 la synth\u00e8se et \u00e0 la fa\u00e7on d&rsquo;\u00e9crire une synth\u00e8se. Ai-je r\u00e9ussi ? \u00c0 vous de juger. Mais l&rsquo;autre jour, j&rsquo;ai re\u00e7u un charmant courriel d&rsquo;une personne retrait\u00e9e qui a achet\u00e9 le livre chez son libraire, l&rsquo;a lu en une ou deux s\u00e9ances et s&rsquo;est sentie oblig\u00e9e de m&rsquo;\u00e9crire.<\/p><\/div>\n\t\t\t\t<\/div>\n\t\t\t\t\t\t\t<div class=\"elementor-accordion-item\">\n\t\t\t\t\t<div id=\"elementor-tab-title-1534\" class=\"elementor-tab-title\" data-tab=\"4\" role=\"button\" aria-controls=\"elementor-tab-content-1534\" aria-expanded=\"false\">\n\t\t\t\t\t\t\t\t\t\t\t\t\t<span class=\"elementor-accordion-icon elementor-accordion-icon-left\" aria-hidden=\"true\">\n\t\t\t\t\t\t\t\t\t\t\t\t\t\t\t<span class=\"elementor-accordion-icon-closed\"><i class=\"fas fa-plus\"><\/i><\/span>\n\t\t\t\t\t\t\t\t<span class=\"elementor-accordion-icon-opened\"><i class=\"fas fa-minus\"><\/i><\/span>\n\t\t\t\t\t\t\t\t\t\t\t\t\t\t<\/span>\n\t\t\t\t\t\t\t\t\t\t\t\t<a class=\"elementor-accordion-title\" tabindex=\"0\">Au sujet de votre mandat de pr\u00e9sident de la SHC, quel a \u00e9t\u00e9 votre plus grand d\u00e9fi ?<\/a>\n\t\t\t\t\t<\/div>\n\t\t\t\t\t<div id=\"elementor-tab-content-1534\" class=\"elementor-tab-content elementor-clearfix\" data-tab=\"4\" role=\"region\" aria-labelledby=\"elementor-tab-title-1534\"><p>Bien s\u00fbr, je ne suis pas encore pr\u00e9sident. Mais je vois des d\u00e9fis se profiler \u00e0 l&rsquo;horizon : les membres, la r\u00e9union annuelle, l&rsquo;avenir du doctorat en histoire, la pr\u00e9carit\u00e9, l&rsquo;acc\u00e8s, la r\u00e9conciliation, l&rsquo;EDI et ce qu&rsquo;on pourrait appeler, faute d&rsquo;un meilleur terme, toute l&rsquo;affaire du fran\u00e7ais-anglais. Je ne pr\u00e9tends pas avoir les r\u00e9ponses. Mais je sais qu&rsquo;il y a beaucoup de gens tr\u00e8s intelligents et qu&rsquo;il y a beaucoup de bonne volont\u00e9 dans la profession. Et pour avoir \u00e9crit une courte histoire de la SHC et, plus r\u00e9cemment, une histoire des discours pr\u00e9sidentiels de la SHC, je sais que certains de ces probl\u00e8mes sont historiques et que la SHC n&rsquo;a cess\u00e9 de se renforcer. En d&rsquo;autres termes, je trouve beaucoup de r\u00e9confort dans l&rsquo;histoire de la SHC, dans sa capacit\u00e9 de s&rsquo;adapter, \u00e0 exp\u00e9rimenter et \u00e0 continuer \u00e0 r\u00e9diger une autre demande de subvention, \u00e0 organiser une autre r\u00e9union annuelle et \u00e0 publier une autre revue.<\/p><\/div>\n\t\t\t\t<\/div>\n\t\t\t\t\t\t\t<div class=\"elementor-accordion-item\">\n\t\t\t\t\t<div id=\"elementor-tab-title-1535\" class=\"elementor-tab-title\" data-tab=\"5\" role=\"button\" aria-controls=\"elementor-tab-content-1535\" aria-expanded=\"false\">\n\t\t\t\t\t\t\t\t\t\t\t\t\t<span class=\"elementor-accordion-icon elementor-accordion-icon-left\" aria-hidden=\"true\">\n\t\t\t\t\t\t\t\t\t\t\t\t\t\t\t<span class=\"elementor-accordion-icon-closed\"><i class=\"fas fa-plus\"><\/i><\/span>\n\t\t\t\t\t\t\t\t<span class=\"elementor-accordion-icon-opened\"><i class=\"fas fa-minus\"><\/i><\/span>\n\t\t\t\t\t\t\t\t\t\t\t\t\t\t<\/span>\n\t\t\t\t\t\t\t\t\t\t\t\t<a class=\"elementor-accordion-title\" tabindex=\"0\">Si vous pouviez donner un conseil \u00e0 un.e membre (une personne qui adh\u00e8re ?) de la SHC, quel serait-il ?<\/a>\n\t\t\t\t\t<\/div>\n\t\t\t\t\t<div id=\"elementor-tab-content-1535\" class=\"elementor-tab-content elementor-clearfix\" data-tab=\"5\" role=\"region\" aria-labelledby=\"elementor-tab-title-1535\"><p>Participez. Portez-vous volontaire pour si\u00e9ger \u00e0 un comit\u00e9. Faites-vous entendre. C&rsquo;est gratifiant, voire amusant. Vraiment.<\/p><\/div>\n\t\t\t\t<\/div>\n\t\t\t\t\t\t\t<div class=\"elementor-accordion-item\">\n\t\t\t\t\t<div id=\"elementor-tab-title-1536\" class=\"elementor-tab-title\" data-tab=\"6\" role=\"button\" aria-controls=\"elementor-tab-content-1536\" aria-expanded=\"false\">\n\t\t\t\t\t\t\t\t\t\t\t\t\t<span class=\"elementor-accordion-icon elementor-accordion-icon-left\" aria-hidden=\"true\">\n\t\t\t\t\t\t\t\t\t\t\t\t\t\t\t<span class=\"elementor-accordion-icon-closed\"><i class=\"fas fa-plus\"><\/i><\/span>\n\t\t\t\t\t\t\t\t<span class=\"elementor-accordion-icon-opened\"><i class=\"fas fa-minus\"><\/i><\/span>\n\t\t\t\t\t\t\t\t\t\t\t\t\t\t<\/span>\n\t\t\t\t\t\t\t\t\t\t\t\t<a class=\"elementor-accordion-title\" tabindex=\"0\">2022 marque le 100e anniversaire de la SHC. Ce jalon nous donne l'occasion de r\u00e9fl\u00e9chir \u00e0 sa p\u00e9rennit\u00e9 et \u00e0 ce que pourrait \u00eatre son avenir. Ainsi, que r\u00e9serve, selon vous, l'avenir \u00e0 la SHC et \u00e0 la recherche historique au Canada, au moment o\u00f9 la soci\u00e9t\u00e9 entame son deuxi\u00e8me centenaire ?<\/a>\n\t\t\t\t\t<\/div>\n\t\t\t\t\t<div id=\"elementor-tab-content-1536\" class=\"elementor-tab-content elementor-clearfix\" data-tab=\"6\" role=\"region\" aria-labelledby=\"elementor-tab-title-1536\"><p>Pr\u00e9dire l&rsquo;avenir est un jeu de dupes. Mais c&rsquo;est parti. Le changement climatique. Il va fa\u00e7onner nos programmes de recherche, d\u00e9terminer les questions que nous posons dans les archives et orienter les choix que nous faisons en tant que soci\u00e9t\u00e9 (pouvons-nous maintenir une r\u00e9union annuelle en personne en cas de crise climatique ?) et en tant qu&rsquo;individus (dois-je d\u00e9penser mon budget carbone pour un vol vers Vancouver afin de faire une pr\u00e9sentation de vingt minutes sur un aspect de ma recherche ?)<\/p><\/div>\n\t\t\t\t<\/div>\n\t\t\t\t\t\t\t<div class=\"elementor-accordion-item\">\n\t\t\t\t\t<div id=\"elementor-tab-title-1537\" class=\"elementor-tab-title\" data-tab=\"7\" role=\"button\" aria-controls=\"elementor-tab-content-1537\" aria-expanded=\"false\">\n\t\t\t\t\t\t\t\t\t\t\t\t\t<span class=\"elementor-accordion-icon elementor-accordion-icon-left\" aria-hidden=\"true\">\n\t\t\t\t\t\t\t\t\t\t\t\t\t\t\t<span class=\"elementor-accordion-icon-closed\"><i class=\"fas fa-plus\"><\/i><\/span>\n\t\t\t\t\t\t\t\t<span class=\"elementor-accordion-icon-opened\"><i class=\"fas fa-minus\"><\/i><\/span>\n\t\t\t\t\t\t\t\t\t\t\t\t\t\t<\/span>\n\t\t\t\t\t\t\t\t\t\t\t\t<a class=\"elementor-accordion-title\" tabindex=\"0\"> S\u2019il y avait une autre question que vous aimeriez poser aux autres pr\u00e9sident.e.s, quelle serait-elle ? Pourriez-vous \u00e9galement y r\u00e9pondre vous-m\u00eame ?<\/a>\n\t\t\t\t\t<\/div>\n\t\t\t\t\t<div id=\"elementor-tab-content-1537\" class=\"elementor-tab-content elementor-clearfix\" data-tab=\"7\" role=\"region\" aria-labelledby=\"elementor-tab-title-1537\"><p>Ma question serait : \u00ab\u00a0Qu&rsquo;est-ce qui vous a incit\u00e9 \u00e0 renoncer \u00e0 tout ce temps d&rsquo;enseignement et de recherche pour diriger la SHC ?\u00a0\u00bb Ma r\u00e9ponse est la suivante : je crois passionn\u00e9ment \u00e0 l&rsquo;importance de l&rsquo;histoire et au r\u00f4le de la SHC dans la d\u00e9fense et la promotion de la pratique de l&rsquo;histoire au Canada.<\/p><\/div>\n\t\t\t\t<\/div>\n\t\t\t\t\t\t\t\t<\/div>\n\t\t\t\t\t\t<\/div>\n\t\t\t\t<\/div>\n\t\t\t\t\t<\/div>\n\t\t<\/div>\n\t\t\t\t\t<\/div>\n\t\t<\/section>\n\t\t\t\t<\/div>\n\t\t","protected":false},"excerpt":{"rendered":"<p>Quelle est votre d\u00e9finition pr\u00e9f\u00e9r\u00e9e de l&rsquo;histoire et pourquoi ? Il y a tr\u00e8s, tr\u00e8s longtemps, alors que j&#8217;\u00e9tais \u00e9tudiant de premier cycle et que j&#8217;avais la vague intention de faire des \u00e9tudes sup\u00e9rieures, j&#8217;ai lu What is History ? de E.H. Carr. C&#8217;\u00e9tait un petit livre, mais il avait du punch. Je n&#8217;ai jamais [&hellip;]<\/p>\n","protected":false},"author":54,"featured_media":0,"parent":14480,"menu_order":12,"comment_status":"closed","ping_status":"closed","template":"","meta":{"_acf_changed":false,"_seopress_robots_primary_cat":"","_seopress_titles_title":"","_seopress_titles_desc":"","_seopress_robots_index":"","_exactmetrics_skip_tracking":false,"_exactmetrics_sitenote_active":false,"_exactmetrics_sitenote_note":"","_exactmetrics_sitenote_category":0,"site-sidebar-layout":"no-sidebar","site-content-layout":"page-builder","ast-site-content-layout":"default","site-content-style":"default","site-sidebar-style":"default","ast-global-header-display":"","ast-banner-title-visibility":"","ast-main-header-display":"","ast-hfb-above-header-display":"","ast-hfb-below-header-display":"","ast-hfb-mobile-header-display":"","site-post-title":"disabled","ast-breadcrumbs-content":"","ast-featured-img":"disabled","footer-sml-layout":"","ast-disable-related-posts":"","theme-transparent-header-meta":"default","adv-header-id-meta":"","stick-header-meta":"","header-above-stick-meta":"","header-main-stick-meta":"","header-below-stick-meta":"","astra-migrate-meta-layouts":"default","ast-page-background-enabled":"default","ast-page-background-meta":{"desktop":{"background-color":"var(--ast-global-color-4)","background-image":"","background-repeat":"repeat","background-position":"center center","background-size":"auto","background-attachment":"scroll","background-type":"","background-media":"","overlay-type":"","overlay-color":"","overlay-opacity":"","overlay-gradient":""},"tablet":{"background-color":"","background-image":"","background-repeat":"repeat","background-position":"center center","background-size":"auto","background-attachment":"scroll","background-type":"","background-media":"","overlay-type":"","overlay-color":"","overlay-opacity":"","overlay-gradient":""},"mobile":{"background-color":"","background-image":"","background-repeat":"repeat","background-position":"center center","background-size":"auto","background-attachment":"scroll","background-type":"","background-media":"","overlay-type":"","overlay-color":"","overlay-opacity":"","overlay-gradient":""}},"ast-content-background-meta":{"desktop":{"background-color":"var(--ast-global-color-5)","background-image":"","background-repeat":"repeat","background-position":"center center","background-size":"auto","background-attachment":"scroll","background-type":"","background-media":"","overlay-type":"","overlay-color":"","overlay-opacity":"","overlay-gradient":""},"tablet":{"background-color":"var(--ast-global-color-5)","background-image":"","background-repeat":"repeat","background-position":"center center","background-size":"auto","background-attachment":"scroll","background-type":"","background-media":"","overlay-type":"","overlay-color":"","overlay-opacity":"","overlay-gradient":""},"mobile":{"background-color":"var(--ast-global-color-5)","background-image":"","background-repeat":"repeat","background-position":"center center","background-size":"auto","background-attachment":"scroll","background-type":"","background-media":"","overlay-type":"","overlay-color":"","overlay-opacity":"","overlay-gradient":""}},"footnotes":""},"page_template":[239],"class_list":["post-40724","page","type-page","status-publish","hentry","page_template-sidebar-fr"],"acf":[],"publishpress_future_action":{"enabled":false,"date":"2026-04-24 06:57:37","action":"change-status","newStatus":"draft","terms":[],"taxonomy":"page_template","extraData":[]},"publishpress_future_workflow_manual_trigger":{"enabledWorkflows":[]},"_links":{"self":[{"href":"https:\/\/cha-shc.ca\/fr\/wp-json\/wp\/v2\/pages\/40724","targetHints":{"allow":["GET"]}}],"collection":[{"href":"https:\/\/cha-shc.ca\/fr\/wp-json\/wp\/v2\/pages"}],"about":[{"href":"https:\/\/cha-shc.ca\/fr\/wp-json\/wp\/v2\/types\/page"}],"author":[{"embeddable":true,"href":"https:\/\/cha-shc.ca\/fr\/wp-json\/wp\/v2\/users\/54"}],"replies":[{"embeddable":true,"href":"https:\/\/cha-shc.ca\/fr\/wp-json\/wp\/v2\/comments?post=40724"}],"version-history":[{"count":10,"href":"https:\/\/cha-shc.ca\/fr\/wp-json\/wp\/v2\/pages\/40724\/revisions"}],"predecessor-version":[{"id":41006,"href":"https:\/\/cha-shc.ca\/fr\/wp-json\/wp\/v2\/pages\/40724\/revisions\/41006"}],"up":[{"embeddable":true,"href":"https:\/\/cha-shc.ca\/fr\/wp-json\/wp\/v2\/pages\/14480"}],"wp:attachment":[{"href":"https:\/\/cha-shc.ca\/fr\/wp-json\/wp\/v2\/media?parent=40724"}],"wp:term":[{"taxonomy":"page_template","embeddable":true,"href":"https:\/\/cha-shc.ca\/fr\/wp-json\/wp\/v2\/page_template?post=40724"}],"curies":[{"name":"wp","href":"https:\/\/api.w.org\/{rel}","templated":true}]}}