{"id":41466,"date":"2022-12-14T12:31:12","date_gmt":"2022-12-14T17:31:12","guid":{"rendered":"https:\/\/cha-shc.ca\/?page_id=41466"},"modified":"2022-12-14T12:35:01","modified_gmt":"2022-12-14T17:35:01","slug":"11eme-conference-historique-de-la-rcn-appel-a-communications","status":"publish","type":"page","link":"https:\/\/cha-shc.ca\/fr\/11eme-conference-historique-de-la-rcn-appel-a-communications\/","title":{"rendered":"11\u00e8me conf\u00e9rence historique de la RCN : appel \u00e0 communications"},"content":{"rendered":"<p>La 11e conf\u00e9rence historique de la Marine royale canadienne (MRC) aura lieu du 12 au 14 mai 2023 \u00e0 Esquimalt, en Colombie-Britannique, et comprend un appel \u00e0 communications savantes.<\/p>\n<p>La conf\u00e9rence, qui se tiendra au Navire canadien de Sa Majest\u00e9, aura pour th\u00e8me le centenaire de la R\u00e9serve navale royale canadienne. La conf\u00e9rence devrait \u00eatre le seul rassemblement universitaire au Canada \u00e0 examiner les innombrables contributions de la R\u00e9serve navale \u00e0 la Marine et au Canada, de la Marine provinciale \u00e0 aujourd&rsquo;hui.<\/p>\n<p>Les communications portant sur tout aspect de la R\u00e9serve navale sont les bienvenues. Les sujets peuvent inclure la Marine provinciale, la R\u00e9serve des volontaires de la Marine royale canadienne, la R\u00e9serve de la Marine royale de Terre-Neuve, la R\u00e9serve des p\u00eacheurs de la Marine royale canadienne, le Service f\u00e9minin de la Marine royale canadienne, la R\u00e9serve de la Marine royale canadienne et la R\u00e9serve des volontaires de la Marine royale canadienne. Les perspectives comparatives sur les forces de r\u00e9serve dans les pays du Commonwealth et les pays alli\u00e9s sont les bienvenues.<\/p>\n<p>Pour ceux qui souhaitent assister \u00e0 la conf\u00e9rence, aucune r\u00e9servation de logement en bloc n&rsquo;a \u00e9t\u00e9 faite et les participants sont invit\u00e9s \u00e0 prendre leurs propres dispositions. Une vari\u00e9t\u00e9 d&rsquo;options est disponible dans la r\u00e9gion imm\u00e9diate.<\/p>\n<p>Du caf\u00e9 et des collations l\u00e9g\u00e8res seront offerts. Des d\u00e9jeuners pourront \u00e9galement \u00eatre achet\u00e9s \u00e0 la Work Point Galley. Il n&rsquo;y a pas de frais de conf\u00e9rence.<\/p>\n<p>La MRC organise p\u00e9riodiquement des conf\u00e9rences historiques universitaires depuis 1980 afin de donner l&rsquo;occasion aux universitaires, marins, anciens combattants, \u00e9tudiants et personnes int\u00e9ress\u00e9es de se rencontrer et d&rsquo;explorer un large \u00e9ventail de sujets li\u00e9s au domaine de l&rsquo;histoire navale canadienne.<\/p>\n<p>Ces conf\u00e9rences ont grandement contribu\u00e9 \u00e0 une compr\u00e9hension savante de notre marine, donnant lieu \u00e0 des publications telles que The RCN in Retrospect (1980), A Nation&rsquo;s Navy (1993), Citizen Sailors (2008) et From Empire to In(ter)dependence (2010).<\/p>\n<p>Directives pour la soumission d&rsquo;articles :<br \/>\nSoumettez vos propositions de communication au plus tard le 28 f\u00e9vrier 2023.<br \/>\nInclure un titre de travail, un bref r\u00e9sum\u00e9 et une courte notice biographique.<br \/>\nInformations de contact :<br \/>\nSoumission d&rsquo;articles, participation g\u00e9n\u00e9rale, informations sur la conf\u00e9rence et questions :<\/p>\n<p>Chris Perry<br \/>\nHistorien du commandement de la MRC<br \/>\n<a href=\"mailto:christopher.perry6@forces.gc.ca\">christopher.perry6@forces.gc.ca\u00a0<\/a><br \/>\n(343) 575-3379<\/p>\n","protected":false},"excerpt":{"rendered":"<p>La 11e conf\u00e9rence historique de la Marine royale canadienne (MRC) aura lieu du 12 au 14 mai 2023 \u00e0 Esquimalt, en Colombie-Britannique, et comprend un appel \u00e0 communications savantes. La conf\u00e9rence, qui se tiendra au Navire canadien de Sa Majest\u00e9, aura pour th\u00e8me le centenaire de la R\u00e9serve navale royale canadienne. La conf\u00e9rence devrait \u00eatre [&hellip;]<\/p>\n","protected":false},"author":54,"featured_media":41464,"parent":0,"menu_order":8,"comment_status":"closed","ping_status":"closed","template":"","meta":{"_acf_changed":false,"_seopress_robots_primary_cat":"","_seopress_titles_title":"","_seopress_titles_desc":"","_seopress_robots_index":"","_exactmetrics_skip_tracking":false,"_exactmetrics_sitenote_active":false,"_exactmetrics_sitenote_note":"","_exactmetrics_sitenote_category":0,"site-sidebar-layout":"default","site-content-layout":"default","ast-site-content-layout":"default","site-content-style":"default","site-sidebar-style":"default","ast-global-header-display":"","ast-banner-title-visibility":"","ast-main-header-display":"","ast-hfb-above-header-display":"","ast-hfb-below-header-display":"","ast-hfb-mobile-header-display":"","site-post-title":"","ast-breadcrumbs-content":"","ast-featured-img":"","footer-sml-layout":"","ast-disable-related-posts":"","theme-transparent-header-meta":"default","adv-header-id-meta":"","stick-header-meta":"","header-above-stick-meta":"","header-main-stick-meta":"","header-below-stick-meta":"","astra-migrate-meta-layouts":"default","ast-page-background-enabled":"default","ast-page-background-meta":{"desktop":{"background-color":"var(--ast-global-color-4)","background-image":"","background-repeat":"repeat","background-position":"center center","background-size":"auto","background-attachment":"scroll","background-type":"","background-media":"","overlay-type":"","overlay-color":"","overlay-opacity":"","overlay-gradient":""},"tablet":{"background-color":"","background-image":"","background-repeat":"repeat","background-position":"center center","background-size":"auto","background-attachment":"scroll","background-type":"","background-media":"","overlay-type":"","overlay-color":"","overlay-opacity":"","overlay-gradient":""},"mobile":{"background-color":"","background-image":"","background-repeat":"repeat","background-position":"center center","background-size":"auto","background-attachment":"scroll","background-type":"","background-media":"","overlay-type":"","overlay-color":"","overlay-opacity":"","overlay-gradient":""}},"ast-content-background-meta":{"desktop":{"background-color":"var(--ast-global-color-5)","background-image":"","background-repeat":"repeat","background-position":"center center","background-size":"auto","background-attachment":"scroll","background-type":"","background-media":"","overlay-type":"","overlay-color":"","overlay-opacity":"","overlay-gradient":""},"tablet":{"background-color":"var(--ast-global-color-5)","background-image":"","background-repeat":"repeat","background-position":"center center","background-size":"auto","background-attachment":"scroll","background-type":"","background-media":"","overlay-type":"","overlay-color":"","overlay-opacity":"","overlay-gradient":""},"mobile":{"background-color":"var(--ast-global-color-5)","background-image":"","background-repeat":"repeat","background-position":"center center","background-size":"auto","background-attachment":"scroll","background-type":"","background-media":"","overlay-type":"","overlay-color":"","overlay-opacity":"","overlay-gradient":""}},"footnotes":""},"page_template":[],"class_list":["post-41466","page","type-page","status-publish","has-post-thumbnail","hentry"],"acf":[],"publishpress_future_action":{"enabled":false,"date":"2026-04-23 05:50:42","action":"change-status","newStatus":"draft","terms":[],"taxonomy":"page_template","extraData":[]},"publishpress_future_workflow_manual_trigger":{"enabledWorkflows":[]},"_links":{"self":[{"href":"https:\/\/cha-shc.ca\/fr\/wp-json\/wp\/v2\/pages\/41466","targetHints":{"allow":["GET"]}}],"collection":[{"href":"https:\/\/cha-shc.ca\/fr\/wp-json\/wp\/v2\/pages"}],"about":[{"href":"https:\/\/cha-shc.ca\/fr\/wp-json\/wp\/v2\/types\/page"}],"author":[{"embeddable":true,"href":"https:\/\/cha-shc.ca\/fr\/wp-json\/wp\/v2\/users\/54"}],"replies":[{"embeddable":true,"href":"https:\/\/cha-shc.ca\/fr\/wp-json\/wp\/v2\/comments?post=41466"}],"version-history":[{"count":1,"href":"https:\/\/cha-shc.ca\/fr\/wp-json\/wp\/v2\/pages\/41466\/revisions"}],"predecessor-version":[{"id":41468,"href":"https:\/\/cha-shc.ca\/fr\/wp-json\/wp\/v2\/pages\/41466\/revisions\/41468"}],"wp:featuredmedia":[{"embeddable":true,"href":"https:\/\/cha-shc.ca\/fr\/wp-json\/wp\/v2\/media\/41464"}],"wp:attachment":[{"href":"https:\/\/cha-shc.ca\/fr\/wp-json\/wp\/v2\/media?parent=41466"}],"wp:term":[{"taxonomy":"page_template","embeddable":true,"href":"https:\/\/cha-shc.ca\/fr\/wp-json\/wp\/v2\/page_template?post=41466"}],"curies":[{"name":"wp","href":"https:\/\/api.w.org\/{rel}","templated":true}]}}