{"id":43092,"date":"2023-03-02T09:46:17","date_gmt":"2023-03-02T14:46:17","guid":{"rendered":"https:\/\/cha-shc.ca\/?page_id=43092"},"modified":"2023-03-02T10:00:38","modified_gmt":"2023-03-02T15:00:38","slug":"43092-2","status":"publish","type":"page","link":"https:\/\/cha-shc.ca\/fr\/a-propos\/le-questionnaire-aux-anciens-ne-s-president-e-s-de-la-shc\/43092-2\/","title":{"rendered":"Nikki Strong-Boag (1993-1994)"},"content":{"rendered":"<p><strong>Quelle est votre d\u00e9finition pr\u00e9f\u00e9r\u00e9e de l&rsquo;histoire et pourquoi ?<\/strong><\/p>\n<p>L&rsquo;histoire exige une \u00e9valuation g\u00e9n\u00e9rale de l&rsquo;\u00e9volution humaine et non humaine sur cette plan\u00e8te. Dans le meilleur des cas, elle contribue \u00e0 expliquer la vie mat\u00e9rielle et \u00e9motionnelle de ceux et celles qui se trouvent au bas, comme au haut, de toutes les hi\u00e9rarchies. Elle est toujours fragmentaire, frustrante et inspirante.<\/p>\n<p><strong>Quel\/quelle est votre historien.ne pr\u00e9f\u00e9r\u00e9.e, vivant.e ou d\u00e9c\u00e9d\u00e9.e, et pourquoi ?<\/strong><\/p>\n<p>Un choix difficile. Au cours de plus d&rsquo;un demi-si\u00e8cle de vie professionnelle, j&rsquo;ai trouv\u00e9 l&rsquo;inspiration dans un large \u00e9ventail d&rsquo;\u00e9tudes interdisciplinaires, dont la plus importante a \u00e9t\u00e9 f\u00e9ministe. Sans l&rsquo;impulsion des \u00e9tudes f\u00e9minines (qui, au Canada, ont souvent \u00e9t\u00e9 \u00e9troitement associ\u00e9es aux historien.ne.s), ma vie aurait \u00e9t\u00e9 bien plus pauvre. Sans ordre particulier, et en oubliant in\u00e9vitablement de nombreuses personnes qui m\u00e9ritent d&rsquo;\u00eatre reconnues dans plus que mes milliers de notes de bas de page, je citerais des historiennes comme Joy Parr, Alice Kessler-Harris, Joan Sangster, Sheila Rowbotham, et Anne McClintock, et des th\u00e9oriciennes sociales comme Carole Pateman, Iris Marion Young, bel hooks, Margit Eichler, Dorothy Smith, Audre Lorde, Gayatri Chakravorty Spivak, Catharine MacKinnon, Carol Gilligan et Barbara Ehrenreich.<\/p>\n<p><strong>Bien que la fiert\u00e9 outranci\u00e8re ne soit pas attrayante, de tous vos \u00e9crits, quels sont ceux dont vous \u00eates le plus fier et pourquoi ?<\/strong><\/p>\n<p>La plupart de mes travaux portent sur les femmes, mais comme notre destin est r\u00e9guli\u00e8rement li\u00e9 aux enfants, leurs histoires, elles aussi souvent oubli\u00e9es par l&rsquo;\u00ab\u00a0histoire officielle\u00a0\u00bb, ont \u00e9t\u00e9 mises en sc\u00e8ne \u00e0 leur tour. Deux volumes, <em>Fostering Nation? <\/em><em>Canada Confronts the History of Childhood Disadvantage <\/em>(2011), et <em>Finding Families, Finding Ourselves: English Canada Confronts Adoption from the 19th Century to the 1990s<\/em> (2006), ont montr\u00e9 comment le destin des jeunes est inextricablement li\u00e9 \u00e0 la construction du genre, de la classe, de la race, de la sexualit\u00e9 et du handicap.\u00a0 Il n&rsquo;existe nulle part de r\u00e8gles du jeu \u00e9quitables. <em>Fostering Nation?<\/em> a \u00e9t\u00e9 le plus applaudi, mais <em>Finding Families, Finding Ourselves<\/em> \u00e9tait plus original, plus difficile \u00e0 \u00e9crire, et c&rsquo;est lui qui m&rsquo;a le plus appris.<\/p>\n<p><strong>Au sujet de votre mandat de pr\u00e9sident de la SHC, quel a \u00e9t\u00e9 votre plus grand d\u00e9fi ?<\/strong><\/p>\n<p>Les d\u00e9fis \u00e9taient nombreux (tout comme les r\u00e9compenses de la camaraderie avec des \u00e2mes s\u0153urs diverses), mais ce qui est ressorti \u00e9tait la difficult\u00e9 de la SHC de \u00ab\u00a0pivoter\u00a0\u00bb vers l&rsquo;inclusion des femmes et des minorit\u00e9s racialis\u00e9es, des Juifs aux Noirs, en passant par les Asiatiques et les peuples autochtones. Les minorit\u00e9s sexuelles restaient loin \u00e0 la p\u00e9riph\u00e9rie d&rsquo;une vision plus large. Face \u00e0 une r\u00e9sistance d\u00e9termin\u00e9e, trop souvent oubli\u00e9e, les gains en termes de perspective et de repr\u00e9sentation ont \u00e9t\u00e9 durement acquis et bien moins nombreux que souhait\u00e9s. Notre incapacit\u00e9 \u00e0 \u00e9tablir des partenariats plus efficaces avec les chercheurs et chercheuses du Canada fran\u00e7ais, en particulier avec ceux et celles associ\u00e9.e.s \u00e0 la <em>Revue d&rsquo;histoire de l&rsquo;Am\u00e9rique fran\u00e7aise<\/em>, m&rsquo;a aussi continuellement frustr\u00e9e.<\/p>\n<p><strong>Si vous pouviez donner un conseil \u00e0 un.e membre (une personne qui adh\u00e8re ?) \u00e0 la SHC, quel serait-il ?<\/strong><\/p>\n<p>Nos luttes individuelles pour donner un sens \u00e0 la vie quotidienne dans nos familles et lieux de travail nuisent souvent au bien-\u00eatre de la soci\u00e9t\u00e9 civile et de la plan\u00e8te. \u00c0 son meilleur, la SHC incite \u00e0 \u00e9largir la perspective et le champ d&rsquo;action.<\/p>\n<p><strong>2022 marque le 100e anniversaire de la SHC. Ce jalon nous donne l&rsquo;occasion de r\u00e9fl\u00e9chir \u00e0 sa p\u00e9rennit\u00e9 et \u00e0 ce que pourrait \u00eatre son avenir. Ainsi, que r\u00e9serve, selon vous, l&rsquo;avenir \u00e0 la SHC et \u00e0 la recherche historique au Canada, au moment o\u00f9 la soci\u00e9t\u00e9 entame son deuxi\u00e8me centenaire ?<br \/>\n<\/strong>Dans le contexte de la trag\u00e9die environnementale, de la pand\u00e9mie de COVID, de l&rsquo;intensification des conflits mondiaux et de la mont\u00e9e en puissance de la politique du \u00ab\u00a0ne rien apprendre\u00a0\u00bb de la droite au XXIe si\u00e8cle, l&rsquo;histoire offre des le\u00e7ons qui auraient d\u00fb \u00eatre tir\u00e9es depuis longtemps dans des domaines allant de l&rsquo;avortement aux relations raciales et aux dangers de l&rsquo;Anthropoc\u00e8ne.\u00a0 La SHC doit \u00eatre courageuse.<\/p>\n<p><strong>S\u2019il y avait une autre question que vous aimeriez poser aux autres pr\u00e9sident.e.s, quelle serait-elle ? Pourriez-vous \u00e9galement y r\u00e9pondre vous-m\u00eame ?<\/strong><\/p>\n<p>Pourquoi se donner la peine ? Si vous ne le faites pas, qui le fera ? \u00catre spectateur\/trice, c&rsquo;est pour les l\u00e2ches.<\/p>\n<p>&nbsp;<\/p>\n","protected":false},"excerpt":{"rendered":"<p>Quelle est votre d\u00e9finition pr\u00e9f\u00e9r\u00e9e de l&rsquo;histoire et pourquoi ? L&rsquo;histoire exige une \u00e9valuation g\u00e9n\u00e9rale de l&rsquo;\u00e9volution humaine et non humaine sur cette plan\u00e8te. Dans le meilleur des cas, elle contribue \u00e0 expliquer la vie mat\u00e9rielle et \u00e9motionnelle de ceux et celles qui se trouvent au bas, comme au haut, de toutes les hi\u00e9rarchies. Elle [&hellip;]<\/p>\n","protected":false},"author":54,"featured_media":43027,"parent":14480,"menu_order":11,"comment_status":"closed","ping_status":"closed","template":"","meta":{"_acf_changed":false,"_seopress_robots_primary_cat":"","_seopress_titles_title":"","_seopress_titles_desc":"","_seopress_robots_index":"","_exactmetrics_skip_tracking":false,"_exactmetrics_sitenote_active":false,"_exactmetrics_sitenote_note":"","_exactmetrics_sitenote_category":0,"site-sidebar-layout":"default","site-content-layout":"default","ast-site-content-layout":"default","site-content-style":"default","site-sidebar-style":"default","ast-global-header-display":"","ast-banner-title-visibility":"","ast-main-header-display":"","ast-hfb-above-header-display":"","ast-hfb-below-header-display":"","ast-hfb-mobile-header-display":"","site-post-title":"","ast-breadcrumbs-content":"","ast-featured-img":"","footer-sml-layout":"","ast-disable-related-posts":"","theme-transparent-header-meta":"default","adv-header-id-meta":"","stick-header-meta":"","header-above-stick-meta":"","header-main-stick-meta":"","header-below-stick-meta":"","astra-migrate-meta-layouts":"default","ast-page-background-enabled":"default","ast-page-background-meta":{"desktop":{"background-color":"var(--ast-global-color-4)","background-image":"","background-repeat":"repeat","background-position":"center center","background-size":"auto","background-attachment":"scroll","background-type":"","background-media":"","overlay-type":"","overlay-color":"","overlay-opacity":"","overlay-gradient":""},"tablet":{"background-color":"","background-image":"","background-repeat":"repeat","background-position":"center center","background-size":"auto","background-attachment":"scroll","background-type":"","background-media":"","overlay-type":"","overlay-color":"","overlay-opacity":"","overlay-gradient":""},"mobile":{"background-color":"","background-image":"","background-repeat":"repeat","background-position":"center center","background-size":"auto","background-attachment":"scroll","background-type":"","background-media":"","overlay-type":"","overlay-color":"","overlay-opacity":"","overlay-gradient":""}},"ast-content-background-meta":{"desktop":{"background-color":"var(--ast-global-color-5)","background-image":"","background-repeat":"repeat","background-position":"center center","background-size":"auto","background-attachment":"scroll","background-type":"","background-media":"","overlay-type":"","overlay-color":"","overlay-opacity":"","overlay-gradient":""},"tablet":{"background-color":"var(--ast-global-color-5)","background-image":"","background-repeat":"repeat","background-position":"center center","background-size":"auto","background-attachment":"scroll","background-type":"","background-media":"","overlay-type":"","overlay-color":"","overlay-opacity":"","overlay-gradient":""},"mobile":{"background-color":"var(--ast-global-color-5)","background-image":"","background-repeat":"repeat","background-position":"center center","background-size":"auto","background-attachment":"scroll","background-type":"","background-media":"","overlay-type":"","overlay-color":"","overlay-opacity":"","overlay-gradient":""}},"footnotes":""},"page_template":[239],"class_list":["post-43092","page","type-page","status-publish","has-post-thumbnail","hentry","page_template-sidebar-fr"],"acf":[],"publishpress_future_action":{"enabled":false,"date":"2026-05-15 15:23:49","action":"change-status","newStatus":"draft","terms":[],"taxonomy":"page_template","extraData":[]},"publishpress_future_workflow_manual_trigger":{"enabledWorkflows":[]},"_links":{"self":[{"href":"https:\/\/cha-shc.ca\/fr\/wp-json\/wp\/v2\/pages\/43092","targetHints":{"allow":["GET"]}}],"collection":[{"href":"https:\/\/cha-shc.ca\/fr\/wp-json\/wp\/v2\/pages"}],"about":[{"href":"https:\/\/cha-shc.ca\/fr\/wp-json\/wp\/v2\/types\/page"}],"author":[{"embeddable":true,"href":"https:\/\/cha-shc.ca\/fr\/wp-json\/wp\/v2\/users\/54"}],"replies":[{"embeddable":true,"href":"https:\/\/cha-shc.ca\/fr\/wp-json\/wp\/v2\/comments?post=43092"}],"version-history":[{"count":2,"href":"https:\/\/cha-shc.ca\/fr\/wp-json\/wp\/v2\/pages\/43092\/revisions"}],"predecessor-version":[{"id":43096,"href":"https:\/\/cha-shc.ca\/fr\/wp-json\/wp\/v2\/pages\/43092\/revisions\/43096"}],"up":[{"embeddable":true,"href":"https:\/\/cha-shc.ca\/fr\/wp-json\/wp\/v2\/pages\/14480"}],"wp:featuredmedia":[{"embeddable":true,"href":"https:\/\/cha-shc.ca\/fr\/wp-json\/wp\/v2\/media\/43027"}],"wp:attachment":[{"href":"https:\/\/cha-shc.ca\/fr\/wp-json\/wp\/v2\/media?parent=43092"}],"wp:term":[{"taxonomy":"page_template","embeddable":true,"href":"https:\/\/cha-shc.ca\/fr\/wp-json\/wp\/v2\/page_template?post=43092"}],"curies":[{"name":"wp","href":"https:\/\/api.w.org\/{rel}","templated":true}]}}