{"id":49524,"date":"2024-06-26T09:36:28","date_gmt":"2024-06-26T13:36:28","guid":{"rendered":"https:\/\/cha-shc.ca\/?page_id=49524"},"modified":"2026-03-27T10:39:00","modified_gmt":"2026-03-27T14:39:00","slug":"collectif-histoire-canada","status":"publish","type":"page","link":"https:\/\/cha-shc.ca\/fr\/publications\/collectif-histoire-canada\/","title":{"rendered":"Collectif histoire Canada"},"content":{"rendered":"<p><img fetchpriority=\"high\" decoding=\"async\" class=\"alignnone wp-image-49575\" src=\"https:\/\/cha-shc.ca\/wp-content\/uploads\/2024\/06\/Participants-1024x768.png\" alt=\"\" width=\"750\" height=\"563\" srcset=\"https:\/\/cha-shc.ca\/wp-content\/uploads\/2024\/06\/Participants-1024x768.png 1024w, https:\/\/cha-shc.ca\/wp-content\/uploads\/2024\/06\/Participants-300x225.png 300w, https:\/\/cha-shc.ca\/wp-content\/uploads\/2024\/06\/Participants-768x576.png 768w, https:\/\/cha-shc.ca\/wp-content\/uploads\/2024\/06\/Participants-1536x1152.png 1536w, https:\/\/cha-shc.ca\/wp-content\/uploads\/2024\/06\/Participants-2048x1536.png 2048w\" sizes=\"(max-width: 750px) 100vw, 750px\" \/><\/p>\n<p>Le Comit\u00e9 de pilotage du projet, Congr\u00e8s de la Soci\u00e9t\u00e9 historique du Canada, 17 juin 2024.<br \/>\nDe gauche \u00e0 droite : Michel Duquet, directeur g\u00e9n\u00e9ral &#8211; Soci\u00e9t\u00e9 historique du Canada ; Jean-Louis Vall\u00e9e, pr\u00e9sident &#8211; F\u00e9d\u00e9ration Histoire Qu\u00e9bec ; Alain Roy, chercheur &#8211; projet Agents m\u00e9moriels ; MariFrance Charette, F\u00e9d\u00e9ration Histoire Qu\u00e9bec | projet Agents m\u00e9moriels ; Rosa Flinton-Brown, pr\u00e9sidente &#8211; British Columbia Historical Federation; Donald Wright, pr\u00e9sident &#8211; Soci\u00e9t\u00e9 historique du Canada ; Thomas Wien, pr\u00e9sident &#8211; l&rsquo;Institut d&rsquo;histoire de l&rsquo;Am\u00e9rique fran\u00e7aise.<\/p>\n<p><span style=\"font-size: 16px;\">En f\u00e9vrier 2023, un premier webinaire a permis \u00e0 sept organisations d&rsquo;\u00e9changer sur la n\u00e9cessit\u00e9 de consolider les liens entre les soci\u00e9t\u00e9s d&rsquo;histoire, tant professionnelles que citoyennes.<\/span><\/p>\n<p>Le webinaire <a style=\"font-size: 16px; background-color: #ffffff;\" href=\"https:\/\/www.youtube.com\/watch?v=184uR43mIPg\">Les soci\u00e9t\u00e9s historiques et l\u2019\u00e9tude du pass\u00e9<\/a><\/p>\n<p>Lors d&rsquo;une rencontre subs\u00e9quente, en mai 2023, il a \u00e9t\u00e9 convenu de produire un \u00e9tat des lieux des soci\u00e9t\u00e9s d&rsquo;histoire au Canada et \u00e0 cette fin un comit\u00e9 a de pilotage a \u00e9t\u00e9 form\u00e9 de la SHC, de la FHQ, de l\u2019Institut d\u2019histoire de l\u2019Am\u00e9rique fran\u00e7aise (IHAF) et de la British Columbia Historical Federation (BCFHS).<\/p>\n<p>Les 4 organisations sont d\u2019accord pour dire qu\u2019il est maintenant temps de rassembler les soci\u00e9t\u00e9s et f\u00e9d\u00e9rations d\u2019histoire d\u2019\u00e0 travers le Canada afin de tracer un portrait de l\u2019ensemble de nos activit\u00e9s, de faire conna\u00eetre et reconna\u00eetre leurs activit\u00e9s \u00e0 l\u2019ensemble des soci\u00e9t\u00e9s d\u2019histoire au Canada ainsi qu\u2019au public canadien en g\u00e9n\u00e9ral. De plus, cet \u00e9tat des lieux jettera les bases d\u2019une r\u00e9flexion sur la fa\u00e7on dont nous pourrions \u00e9tablir des liens plus solides entre nous et, s\u2019il a lieu, agir de concert.<\/p>\n<p>\u00c0 l&rsquo;occasion du Congr\u00e8s de la SHC de 2024, le rapport sur l&rsquo;\u00c9tat des lieux des soci\u00e9t\u00e9s d&rsquo;histoire au Canada a \u00e9t\u00e9 rendu public. Le rapport pr\u00e9sente, dans les deux langues officielles, la d\u00e9marche du projet, des observations et les r\u00e9ponses de 14 soci\u00e9t\u00e9s d&rsquo;histoire au Canada, tant professionnelles que citoyennes, tant pancanadiennes que provinciales ou territoriales.<br \/>\nOutre le rapport complet, une version abr\u00e9g\u00e9e est aussi disponible.<\/p>\n<p><img decoding=\"async\" class=\"alignnone wp-image-49693\" src=\"https:\/\/cha-shc.ca\/wp-content\/uploads\/2024\/07\/Session-2024-CHA-Annual-Meeting-1024x768.png\" alt=\"\" width=\"750\" height=\"563\" srcset=\"https:\/\/cha-shc.ca\/wp-content\/uploads\/2024\/07\/Session-2024-CHA-Annual-Meeting-1024x768.png 1024w, https:\/\/cha-shc.ca\/wp-content\/uploads\/2024\/07\/Session-2024-CHA-Annual-Meeting-300x225.png 300w, https:\/\/cha-shc.ca\/wp-content\/uploads\/2024\/07\/Session-2024-CHA-Annual-Meeting-768x576.png 768w, https:\/\/cha-shc.ca\/wp-content\/uploads\/2024\/07\/Session-2024-CHA-Annual-Meeting-1536x1152.png 1536w, https:\/\/cha-shc.ca\/wp-content\/uploads\/2024\/07\/Session-2024-CHA-Annual-Meeting-2048x1536.png 2048w\" sizes=\"(max-width: 750px) 100vw, 750px\" \/><\/p>\n<p>Session \u00e0 la r\u00e9union annuelle 2024 de la SHC.<br \/>\nDe gauche \u00e0 droite : Donald Wright, pr\u00e9sident &#8211; Soci\u00e9t\u00e9 historique du Canada ; Michel Duquet, directeur g\u00e9n\u00e9ral &#8211; Soci\u00e9t\u00e9 historique du Canada ; Rosa Flinton-Brown, pr\u00e9sidente &#8211; British Columbia Historical Federation ; Alain Roy (mod\u00e9rateur), chercheur &#8211; projet Agents m\u00e9moriels ; Jean-Louis Vall\u00e9e, pr\u00e9sident &#8211; F\u00e9d\u00e9ration Histoire Qu\u00e9bec ; Thomas Wien, pr\u00e9sident &#8211; l&rsquo;Institut d&rsquo;histoire de l&rsquo;Am\u00e9rique fran\u00e7aise.<\/p>\n<p>Cr\u00e9er des ponts &#8211; L&rsquo;\u00e9tat des lieux des soci\u00e9t\u00e9s d&rsquo;histoire au Canada &#8211; <a href=\"https:\/\/youtu.be\/Z8nfZ7CjKRc\">session tenue<\/a> \u00e0 la r\u00e9union annuelle 2024 de la SHC le 17 juin.<\/p>\n<p class=\"p2\"><a href=\"https:\/\/cha-shc.ca\/wp-content\/uploads\/2024\/06\/Bridging-Gap_Creer-ponts-5-June-juin.pdf\">Cr\u00e9er des ponts<span class=\"Apple-converted-space\"> &#8211; <\/span>L\u2019\u00e9tat des lieux des soci\u00e9t\u00e9s d\u2019histoire au Canada<\/a><span class=\"Apple-converted-space\"> &#8211; rapport<\/span><\/p>\n<p><a href=\"https:\/\/cha-shc.ca\/wp-content\/uploads\/2024\/06\/Bridging-Gap_Creer-ponts_abridged_abregee_final3.pdf\">Cr\u00e9er des ponts<span class=\"Apple-converted-space\"> &#8211; <\/span>L\u2019\u00e9tat des lieux des soci\u00e9t\u00e9s d\u2019histoire au Canada<\/a> &#8211; version abr\u00e9g\u00e9e du rapport<\/p>\n<p>Le 14 avril 2025, M. John R. Dichtl, pr\u00e9sident-directeur g\u00e9n\u00e9ral de l&rsquo;American Association for State and Local History, a particip\u00e9 \u00e0 une r\u00e9union des associations historiques provinciales, territoriales et nationales du Canada. Lors de cette r\u00e9union, \u00ab Bridging the Gap \u00bb a \u00e9t\u00e9 renomm\u00e9 \u00ab Collectif histoire Canada \u00bb. Le Collectif histoire Canada a ensuite adress\u00e9 une lettre de remerciement et de support \u00e0 M. Dichtl, que l&rsquo;on peut consulter <a href=\"https:\/\/cha-shc.ca\/wp-content\/uploads\/2025\/04\/Letter-Lettre_AASLH_20250425.pdf\">ici<\/a>.<\/p>\n<p>En mars 2026, en r\u00e9ponse aux pr\u00e9occupations li\u00e9es aux coupes budg\u00e9taires, le comit\u00e9 de pilotage du CHC a envoy\u00e9 une <a href=\"https:\/\/cha-shc.ca\/wp-content\/uploads\/2026\/03\/Royal-Nova-Scotia-Historical-Society-Letter-of-Support.pdf\">lettre de soutien<\/a> \u00e0 la Royal Nova Scotia Historical Society et une <a href=\"https:\/\/cha-shc.ca\/wp-content\/uploads\/2026\/03\/Historical-Society-Alberta-Letter-of-Support.pdf\">lettre de soutien<\/a> \u00e0 la Historical Society of Alberta.<\/p>\n<p>Le 27 mars 2026, le CHC a adress\u00e9 une lettre aux ministres Marc Miller, Julie Dabrusin et M\u00e9lanie Joly pour leur faire part de ses inqui\u00e9tudes concernant les coupes budg\u00e9taires. Vous pouvez consulter cette lettre <a href=\"https:\/\/cha-shc.ca\/wp-content\/uploads\/2026\/03\/CHC_27-mars-2026_FREN.pdf\">ici<\/a>.<\/p>\n","protected":false},"excerpt":{"rendered":"<p>Le Comit\u00e9 de pilotage du projet, Congr\u00e8s de la Soci\u00e9t\u00e9 historique du Canada, 17 juin 2024. De gauche \u00e0 droite : Michel Duquet, directeur g\u00e9n\u00e9ral &#8211; Soci\u00e9t\u00e9 historique du Canada ; Jean-Louis Vall\u00e9e, pr\u00e9sident &#8211; F\u00e9d\u00e9ration Histoire Qu\u00e9bec ; Alain Roy, chercheur &#8211; projet Agents m\u00e9moriels ; MariFrance Charette, F\u00e9d\u00e9ration Histoire Qu\u00e9bec | projet Agents [&hellip;]<\/p>\n","protected":false},"author":54,"featured_media":0,"parent":14574,"menu_order":1,"comment_status":"closed","ping_status":"closed","template":"","meta":{"_acf_changed":false,"_seopress_robots_primary_cat":"","_seopress_titles_title":"","_seopress_titles_desc":"","_seopress_robots_index":"","_exactmetrics_skip_tracking":false,"_exactmetrics_sitenote_active":false,"_exactmetrics_sitenote_note":"","_exactmetrics_sitenote_category":0,"site-sidebar-layout":"default","site-content-layout":"","ast-site-content-layout":"default","site-content-style":"default","site-sidebar-style":"default","ast-global-header-display":"","ast-banner-title-visibility":"","ast-main-header-display":"","ast-hfb-above-header-display":"","ast-hfb-below-header-display":"","ast-hfb-mobile-header-display":"","site-post-title":"","ast-breadcrumbs-content":"","ast-featured-img":"","footer-sml-layout":"","ast-disable-related-posts":"","theme-transparent-header-meta":"default","adv-header-id-meta":"","stick-header-meta":"","header-above-stick-meta":"","header-main-stick-meta":"","header-below-stick-meta":"","astra-migrate-meta-layouts":"set","ast-page-background-enabled":"default","ast-page-background-meta":{"desktop":{"background-color":"var(--ast-global-color-4)","background-image":"","background-repeat":"repeat","background-position":"center center","background-size":"auto","background-attachment":"scroll","background-type":"","background-media":"","overlay-type":"","overlay-color":"","overlay-opacity":"","overlay-gradient":""},"tablet":{"background-color":"","background-image":"","background-repeat":"repeat","background-position":"center center","background-size":"auto","background-attachment":"scroll","background-type":"","background-media":"","overlay-type":"","overlay-color":"","overlay-opacity":"","overlay-gradient":""},"mobile":{"background-color":"","background-image":"","background-repeat":"repeat","background-position":"center center","background-size":"auto","background-attachment":"scroll","background-type":"","background-media":"","overlay-type":"","overlay-color":"","overlay-opacity":"","overlay-gradient":""}},"ast-content-background-meta":{"desktop":{"background-color":"var(--ast-global-color-5)","background-image":"","background-repeat":"repeat","background-position":"center center","background-size":"auto","background-attachment":"scroll","background-type":"","background-media":"","overlay-type":"","overlay-color":"","overlay-opacity":"","overlay-gradient":""},"tablet":{"background-color":"var(--ast-global-color-5)","background-image":"","background-repeat":"repeat","background-position":"center center","background-size":"auto","background-attachment":"scroll","background-type":"","background-media":"","overlay-type":"","overlay-color":"","overlay-opacity":"","overlay-gradient":""},"mobile":{"background-color":"var(--ast-global-color-5)","background-image":"","background-repeat":"repeat","background-position":"center center","background-size":"auto","background-attachment":"scroll","background-type":"","background-media":"","overlay-type":"","overlay-color":"","overlay-opacity":"","overlay-gradient":""}},"footnotes":""},"page_template":[239],"class_list":["post-49524","page","type-page","status-publish","hentry","page_template-sidebar-fr"],"acf":[],"publishpress_future_action":{"enabled":false,"date":"2026-05-17 09:05:08","action":"change-status","newStatus":"draft","terms":[],"taxonomy":"page_template","extraData":[]},"publishpress_future_workflow_manual_trigger":{"enabledWorkflows":[]},"_links":{"self":[{"href":"https:\/\/cha-shc.ca\/fr\/wp-json\/wp\/v2\/pages\/49524","targetHints":{"allow":["GET"]}}],"collection":[{"href":"https:\/\/cha-shc.ca\/fr\/wp-json\/wp\/v2\/pages"}],"about":[{"href":"https:\/\/cha-shc.ca\/fr\/wp-json\/wp\/v2\/types\/page"}],"author":[{"embeddable":true,"href":"https:\/\/cha-shc.ca\/fr\/wp-json\/wp\/v2\/users\/54"}],"replies":[{"embeddable":true,"href":"https:\/\/cha-shc.ca\/fr\/wp-json\/wp\/v2\/comments?post=49524"}],"version-history":[{"count":15,"href":"https:\/\/cha-shc.ca\/fr\/wp-json\/wp\/v2\/pages\/49524\/revisions"}],"predecessor-version":[{"id":55151,"href":"https:\/\/cha-shc.ca\/fr\/wp-json\/wp\/v2\/pages\/49524\/revisions\/55151"}],"up":[{"embeddable":true,"href":"https:\/\/cha-shc.ca\/fr\/wp-json\/wp\/v2\/pages\/14574"}],"wp:attachment":[{"href":"https:\/\/cha-shc.ca\/fr\/wp-json\/wp\/v2\/media?parent=49524"}],"wp:term":[{"taxonomy":"page_template","embeddable":true,"href":"https:\/\/cha-shc.ca\/fr\/wp-json\/wp\/v2\/page_template?post=49524"}],"curies":[{"name":"wp","href":"https:\/\/api.w.org\/{rel}","templated":true}]}}