{"id":49750,"date":"2024-08-01T00:01:30","date_gmt":"2024-08-01T04:01:30","guid":{"rendered":"https:\/\/cha-shc.ca\/?page_id=49750"},"modified":"2024-07-31T21:40:04","modified_gmt":"2024-08-01T01:40:04","slug":"la-rubrique-histoire-aout-2024","status":"publish","type":"page","link":"https:\/\/cha-shc.ca\/fr\/publications\/la-rubrique-histoire-le-bulletin-dinformation-numerique-de-la-shc\/la-rubrique-histoire-aout-2024\/","title":{"rendered":"La rubrique Histoire &#8211; ao\u00fbt 2024"},"content":{"rendered":"<p><img fetchpriority=\"high\" decoding=\"async\" class=\"alignnone wp-image-49766\" src=\"https:\/\/cha-shc.ca\/wp-content\/uploads\/2024\/07\/HC-RH-5.4-header-1024x223.png\" alt=\"HC RH 5.4 header\" width=\"750\" height=\"163\" srcset=\"https:\/\/cha-shc.ca\/wp-content\/uploads\/2024\/07\/HC-RH-5.4-header-1024x223.png 1024w, https:\/\/cha-shc.ca\/wp-content\/uploads\/2024\/07\/HC-RH-5.4-header-300x65.png 300w, https:\/\/cha-shc.ca\/wp-content\/uploads\/2024\/07\/HC-RH-5.4-header-768x167.png 768w, https:\/\/cha-shc.ca\/wp-content\/uploads\/2024\/07\/HC-RH-5.4-header-1536x334.png 1536w, https:\/\/cha-shc.ca\/wp-content\/uploads\/2024\/07\/HC-RH-5.4-header-2048x446.png 2048w\" sizes=\"(max-width: 750px) 100vw, 750px\" \/><\/p>\n<p><a href=\"https:\/\/cha-shc.ca\/wp-content\/uploads\/2024\/07\/HC-RH-5.4.pdf\"><strong>PDF<\/strong><\/a><\/p>\n<p>ACTUALIT\u00c9S<\/p>\n<p><strong><img decoding=\"async\" class=\"alignleft wp-image-42049\" src=\"https:\/\/cha-shc.ca\/wp-content\/uploads\/2023\/01\/CHA_logo-Vertical.jpg\" alt=\"\" width=\"200\" height=\"226\" srcset=\"https:\/\/cha-shc.ca\/wp-content\/uploads\/2023\/01\/CHA_logo-Vertical.jpg 337w, https:\/\/cha-shc.ca\/wp-content\/uploads\/2023\/01\/CHA_logo-Vertical-265x300.jpg 265w\" sizes=\"(max-width: 200px) 100vw, 200px\" \/>Les prix 2024 de la SHC<\/strong><\/p>\n<p>La SHC f\u00e9licite tous les <a href=\"https:\/\/cha-shc.ca\/fr\/prix\/\">laur\u00e9at.e.s des prix<\/a> de cette ann\u00e9e !<\/p>\n<p><a href=\"https:\/\/cha-shc.ca\/fr\/publications\/creer-des-ponts-letat-des-lieux-des-societes-dhistoire-au-canada\/\"><strong>Cr\u00e9er des ponts : l\u2019\u00e9tat des lieux de soci\u00e9t\u00e9s d\u2019histoire au Canada | Bridging the Gap: The Current State of Historical Societies in Canada<\/strong><\/a><br \/>\n\u00c0 l&rsquo;occasion du Congr\u00e8s de la SHC de 2024, le rapport sur l&rsquo;\u00c9tat des lieux des soci\u00e9t\u00e9s d&rsquo;histoire au Canada a \u00e9t\u00e9 rendu public lors d&rsquo;une session tenue le 17 juin. Le <a href=\"https:\/\/cha-shc.ca\/wp-content\/uploads\/2024\/06\/Bridging-Gap_Creer-ponts-5-June-juin.pdf\">rapport<\/a> pr\u00e9sente, dans les deux langues officielles, la d\u00e9marche du projet, des observations et les r\u00e9ponses de 14 soci\u00e9t\u00e9s d&rsquo;histoire au Canada, tant professionnelles que citoyennes, tant pancanadiennes que provinciales ou territoriales. Ceci est l&rsquo;<a href=\"https:\/\/www.youtube.com\/watch?v=Z8nfZ7CjKRc&amp;t=2s\">enregistrement de cette session.<\/a><\/p>\n<p><img decoding=\"async\" class=\"wp-image-49816 alignleft\" src=\"https:\/\/cha-shc.ca\/wp-content\/uploads\/2024\/07\/Peter-Twohig-600x1024.png\" alt=\"Peter Twohig\" width=\"200\" height=\"341\" srcset=\"https:\/\/cha-shc.ca\/wp-content\/uploads\/2024\/07\/Peter-Twohig-600x1024.png 600w, https:\/\/cha-shc.ca\/wp-content\/uploads\/2024\/07\/Peter-Twohig-176x300.png 176w, https:\/\/cha-shc.ca\/wp-content\/uploads\/2024\/07\/Peter-Twohig-768x1311.png 768w, https:\/\/cha-shc.ca\/wp-content\/uploads\/2024\/07\/Peter-Twohig-900x1536.png 900w, https:\/\/cha-shc.ca\/wp-content\/uploads\/2024\/07\/Peter-Twohig-1200x2048.png 1200w, https:\/\/cha-shc.ca\/wp-content\/uploads\/2024\/07\/Peter-Twohig.png 1537w\" sizes=\"(max-width: 200px) 100vw, 200px\" \/><\/p>\n<p class=\"p1\"><strong>Possibilit\u00e9s de financement<\/strong><br \/>\nLa bourse Dr. Margaret Allemang en histoire des soins infirmiers vise \u00e0 promouvoir l&rsquo;\u00e9tude de l&rsquo;histoire des soins infirmiers au Canada aupr\u00e8s des \u00e9tudiants. Les candidats peuvent provenir de diff\u00e9rents programmes. La date limite de d\u00e9p\u00f4t des candidatures est fix\u00e9e au 31 mars. La donation Vera Roberts finance g\u00e9n\u00e9reusement la recherche, la publication ou d&rsquo;autres formes de diffusion des connaissances sur l&rsquo;histoire des soins infirmiers dans les r\u00e9gions nordiques. Les subventions sont attribu\u00e9es en d\u00e9cembre et en mars de chaque ann\u00e9e.<span class=\"apple-converted-space\">\u00a0<\/span><\/p>\n<p class=\"p2\">Vous souhaitez en savoir plus? Tous les d\u00e9tails concernant ces opportunit\u00e9s de financement sont disponibles sur le site: <a href=\"https:\/\/cahn-achn.ca\/awards\/\"><span class=\"s1\">https:\/\/cahn-achn.ca\/awards\/.<\/span><\/a><\/p>\n<p><img loading=\"lazy\" decoding=\"async\" class=\"alignleft wp-image-49829 size-medium\" src=\"https:\/\/cha-shc.ca\/wp-content\/uploads\/2024\/07\/UdeM-Departement-dhistoire-300x53.png\" alt=\"UdeM De\u0301partement d'histoire\" width=\"300\" height=\"53\" srcset=\"https:\/\/cha-shc.ca\/wp-content\/uploads\/2024\/07\/UdeM-Departement-dhistoire-300x53.png 300w, https:\/\/cha-shc.ca\/wp-content\/uploads\/2024\/07\/UdeM-Departement-dhistoire.png 600w\" sizes=\"(max-width: 300px) 100vw, 300px\" \/><\/p>\n<p><strong>Mathieu Arsenault<\/strong> re\u00e7oit une <a href=\"https:\/\/fas.umontreal.ca\/faculte\/prix-distinctions\/medailles-dexcellence-en-recherche-de-la-fas\/2023\/\">M\u00e9daille d&rsquo;excellence en recherche de la Facult\u00e9 des arts et des sciences<\/a> &#8211; 2023. Les M\u00e9dailles d\u2019excellence en recherche de la Facult\u00e9 des arts et des sciences reconnaissent le talent de chercheuses et de chercheurs en d\u00e9but ou en milieu de carri\u00e8re. Les r\u00e9cipiendaires sont s\u00e9lectionn\u00e9s pour leurs activit\u00e9s de recherche prometteuses et l\u2019excellence de leurs travaux, qu\u2019ils r\u00e9alisent tout en maintenant leur engagement envers l\u2019enseignement et le rayonnement de leur discipline, ainsi que divers engagements favorisant le bon fonctionnement de l\u2019Universit\u00e9 de Montr\u00e9al.<\/p>\n<p><img loading=\"lazy\" decoding=\"async\" class=\"wp-image-49835 size-medium alignleft\" src=\"https:\/\/cha-shc.ca\/wp-content\/uploads\/2024\/07\/UQAM-Histoire-300x55.png\" alt=\"UQA\u0300M Histoire\" width=\"300\" height=\"55\" srcset=\"https:\/\/cha-shc.ca\/wp-content\/uploads\/2024\/07\/UQAM-Histoire-300x55.png 300w, https:\/\/cha-shc.ca\/wp-content\/uploads\/2024\/07\/UQAM-Histoire.png 500w\" sizes=\"(max-width: 300px) 100vw, 300px\" \/><\/p>\n<p>Le d\u00e9partement d&rsquo;histoire est tr\u00e8s heureux d&rsquo;accueillir dans son \u00e9quipe la professeure <strong>Leila Inksetter<\/strong>, sp\u00e9cialiste de l&rsquo;histoire des Autochtones.<\/p>\n<p><strong>PUBLICATIONS R\u00c9CENTES<\/strong><\/p>\n<p><a href=\"https:\/\/www.septentrion.qc.ca\/catalogue\/samuel-de-champlain-biographie\"><img loading=\"lazy\" decoding=\"async\" class=\"alignnone wp-image-49823 size-medium\" src=\"https:\/\/cha-shc.ca\/wp-content\/uploads\/2024\/07\/Champlain-200x300.jpg\" alt=\"Champlain\" width=\"200\" height=\"300\" srcset=\"https:\/\/cha-shc.ca\/wp-content\/uploads\/2024\/07\/Champlain-200x300.jpg 200w, https:\/\/cha-shc.ca\/wp-content\/uploads\/2024\/07\/Champlain.jpg 355w\" sizes=\"(max-width: 200px) 100vw, 200px\" \/>\u00a0<\/a><a href=\"https:\/\/www.septentrion.qc.ca\/catalogue\/office-du-film-du-quebec-l\"><img loading=\"lazy\" decoding=\"async\" class=\" wp-image-49826\" style=\"font-style: inherit; font-weight: 600;\" src=\"https:\/\/cha-shc.ca\/wp-content\/uploads\/2024\/07\/ONF.jpg\" alt=\"ONF\" width=\"200\" height=\"300\" srcset=\"https:\/\/cha-shc.ca\/wp-content\/uploads\/2024\/07\/ONF.jpg 205w, https:\/\/cha-shc.ca\/wp-content\/uploads\/2024\/07\/ONF-200x300.jpg 200w\" sizes=\"(max-width: 200px) 100vw, 200px\" \/>\u00a0\u00a0<\/a><a href=\"https:\/\/www.pulaval.com\/livres\/la-vie-familiale-dans-la-vallee-du-saint-laurent-xviie-xviiie-siecles\"><img loading=\"lazy\" decoding=\"async\" class=\"wp-image-49832 size-medium\" style=\"font-style: inherit; font-weight: 600;\" src=\"https:\/\/cha-shc.ca\/wp-content\/uploads\/2024\/07\/Cliche-200x300.jpg\" alt=\"Cliche\" width=\"200\" height=\"300\" srcset=\"https:\/\/cha-shc.ca\/wp-content\/uploads\/2024\/07\/Cliche-200x300.jpg 200w, https:\/\/cha-shc.ca\/wp-content\/uploads\/2024\/07\/Cliche.jpg 580w\" sizes=\"(max-width: 200px) 100vw, 200px\" \/><\/a><\/p>\n<p><strong>\u00c9ric Thierry<\/strong>, <a href=\"https:\/\/www.septentrion.qc.ca\/catalogue\/samuel-de-champlain-biographie\"><em>Samuel de Champlain &#8211; biographie. Aux origines de l\u2019Am\u00e9rique fran\u00e7aise<\/em><\/a>. Septentrion, 2024.<\/p>\n<p><strong>Marc-Andr\u00e9 Robert<\/strong>, <em><a href=\"https:\/\/www.septentrion.qc.ca\/catalogue\/office-du-film-du-quebec-l\">Office du film du Qu\u00e9bec (L&rsquo;).<\/a> Le cin\u00e9ma au service de l&rsquo;\u00c9tat et de ses citoyens, 1961-1976<\/em>. Septentrion, 2024.<\/p>\n<p><strong>Marie-Aim\u00e9e Cliche<\/strong>,\u00a0<a href=\"https:\/\/www.pulaval.com\/livres\/la-vie-familiale-dans-la-vallee-du-saint-laurent-xviie-xviiie-siecles\"><em>La vie familiale dans la vall\u00e9e du Saint-Laurent. XVIIe-XVIIIe si\u00e8cles<\/em><\/a>. Les Presses de l&rsquo;Universit\u00e9 Laval, 2024.<\/p>\n<p>&nbsp;<\/p>\n","protected":false},"excerpt":{"rendered":"<p>PDF ACTUALIT\u00c9S Les prix 2024 de la SHC La SHC f\u00e9licite tous les laur\u00e9at.e.s des prix de cette ann\u00e9e ! Cr\u00e9er des ponts : l\u2019\u00e9tat des lieux de soci\u00e9t\u00e9s d\u2019histoire au Canada | Bridging the Gap: The Current State of Historical Societies in Canada \u00c0 l&rsquo;occasion du Congr\u00e8s de la SHC de 2024, le rapport [&hellip;]<\/p>\n","protected":false},"author":54,"featured_media":0,"parent":14581,"menu_order":3,"comment_status":"closed","ping_status":"closed","template":"","meta":{"_acf_changed":false,"_seopress_robots_primary_cat":"","_seopress_titles_title":"","_seopress_titles_desc":"","_seopress_robots_index":"","_exactmetrics_skip_tracking":false,"_exactmetrics_sitenote_active":false,"_exactmetrics_sitenote_note":"","_exactmetrics_sitenote_category":0,"site-sidebar-layout":"default","site-content-layout":"","ast-site-content-layout":"default","site-content-style":"default","site-sidebar-style":"default","ast-global-header-display":"","ast-banner-title-visibility":"","ast-main-header-display":"","ast-hfb-above-header-display":"","ast-hfb-below-header-display":"","ast-hfb-mobile-header-display":"","site-post-title":"","ast-breadcrumbs-content":"","ast-featured-img":"","footer-sml-layout":"","ast-disable-related-posts":"","theme-transparent-header-meta":"default","adv-header-id-meta":"","stick-header-meta":"","header-above-stick-meta":"","header-main-stick-meta":"","header-below-stick-meta":"","astra-migrate-meta-layouts":"set","ast-page-background-enabled":"default","ast-page-background-meta":{"desktop":{"background-color":"var(--ast-global-color-4)","background-image":"","background-repeat":"repeat","background-position":"center center","background-size":"auto","background-attachment":"scroll","background-type":"","background-media":"","overlay-type":"","overlay-color":"","overlay-opacity":"","overlay-gradient":""},"tablet":{"background-color":"","background-image":"","background-repeat":"repeat","background-position":"center center","background-size":"auto","background-attachment":"scroll","background-type":"","background-media":"","overlay-type":"","overlay-color":"","overlay-opacity":"","overlay-gradient":""},"mobile":{"background-color":"","background-image":"","background-repeat":"repeat","background-position":"center center","background-size":"auto","background-attachment":"scroll","background-type":"","background-media":"","overlay-type":"","overlay-color":"","overlay-opacity":"","overlay-gradient":""}},"ast-content-background-meta":{"desktop":{"background-color":"var(--ast-global-color-5)","background-image":"","background-repeat":"repeat","background-position":"center center","background-size":"auto","background-attachment":"scroll","background-type":"","background-media":"","overlay-type":"","overlay-color":"","overlay-opacity":"","overlay-gradient":""},"tablet":{"background-color":"var(--ast-global-color-5)","background-image":"","background-repeat":"repeat","background-position":"center center","background-size":"auto","background-attachment":"scroll","background-type":"","background-media":"","overlay-type":"","overlay-color":"","overlay-opacity":"","overlay-gradient":""},"mobile":{"background-color":"var(--ast-global-color-5)","background-image":"","background-repeat":"repeat","background-position":"center center","background-size":"auto","background-attachment":"scroll","background-type":"","background-media":"","overlay-type":"","overlay-color":"","overlay-opacity":"","overlay-gradient":""}},"footnotes":""},"page_template":[239],"class_list":["post-49750","page","type-page","status-publish","hentry","page_template-sidebar-fr"],"acf":[],"publishpress_future_action":{"enabled":false,"date":"2026-05-04 15:02:05","action":"change-status","newStatus":"draft","terms":[],"taxonomy":"page_template","extraData":[]},"publishpress_future_workflow_manual_trigger":{"enabledWorkflows":[]},"_links":{"self":[{"href":"https:\/\/cha-shc.ca\/fr\/wp-json\/wp\/v2\/pages\/49750","targetHints":{"allow":["GET"]}}],"collection":[{"href":"https:\/\/cha-shc.ca\/fr\/wp-json\/wp\/v2\/pages"}],"about":[{"href":"https:\/\/cha-shc.ca\/fr\/wp-json\/wp\/v2\/types\/page"}],"author":[{"embeddable":true,"href":"https:\/\/cha-shc.ca\/fr\/wp-json\/wp\/v2\/users\/54"}],"replies":[{"embeddable":true,"href":"https:\/\/cha-shc.ca\/fr\/wp-json\/wp\/v2\/comments?post=49750"}],"version-history":[{"count":10,"href":"https:\/\/cha-shc.ca\/fr\/wp-json\/wp\/v2\/pages\/49750\/revisions"}],"predecessor-version":[{"id":49852,"href":"https:\/\/cha-shc.ca\/fr\/wp-json\/wp\/v2\/pages\/49750\/revisions\/49852"}],"up":[{"embeddable":true,"href":"https:\/\/cha-shc.ca\/fr\/wp-json\/wp\/v2\/pages\/14581"}],"wp:attachment":[{"href":"https:\/\/cha-shc.ca\/fr\/wp-json\/wp\/v2\/media?parent=49750"}],"wp:term":[{"taxonomy":"page_template","embeddable":true,"href":"https:\/\/cha-shc.ca\/fr\/wp-json\/wp\/v2\/page_template?post=49750"}],"curies":[{"name":"wp","href":"https:\/\/api.w.org\/{rel}","templated":true}]}}