{"id":55358,"date":"2026-04-17T14:44:51","date_gmt":"2026-04-17T18:44:51","guid":{"rendered":"https:\/\/cha-shc.ca\/?page_id=55358"},"modified":"2026-04-17T14:47:48","modified_gmt":"2026-04-17T18:47:48","slug":"politique-relative-aux-declarations","status":"publish","type":"page","link":"https:\/\/cha-shc.ca\/fr\/a-propos\/politique-relative-aux-declarations\/","title":{"rendered":"Politique relative aux d\u00e9clarations"},"content":{"rendered":"<p><em>Une version PDF de cette politique est disponible <a href=\"https:\/\/cha-shc.ca\/wp-content\/uploads\/2026\/04\/SHC_Politique-relative-aux-declarations_approuvee-oct-2025-1.pdf\">ici<\/a>.<\/em><\/p>\n<p><strong><u>Politique relative aux d\u00e9clarations<\/u><\/strong><\/p>\n<p>Fond\u00e9e en 1922, la Soci\u00e9t\u00e9 historique du Canada | Canadian Historical Association est une soci\u00e9t\u00e9 savante nationale et bilingue qui se consacre \u00e0 la recherche, \u00e0 la r\u00e9daction, \u00e0 l&rsquo;enseignement et \u00e0 la diffusion de l&rsquo;histoire au Canada.<\/p>\n<p>La SHC | CHA encourage l&rsquo;int\u00e9gration des connaissances et des perspectives historiques tant dans les milieux universitaires que dans la sph\u00e8re publique, veille \u00e0 l&rsquo;accessibilit\u00e9 des ressources historiques et d\u00e9fend les droits et libert\u00e9s des historiens en formation et des historiens professionnels dans la poursuite de leurs recherches historiques, ainsi que ceux dipl\u00f4m\u00e9s en histoire qui mettent \u00e0 profit les comp\u00e9tences en analyse, en recherche, en communication et en r\u00e9daction acquises au cours de leurs \u00e9tudes pour embrasser diverses carri\u00e8res au sein ou en dehors du milieu universitaire.<\/p>\n<p>\u00c0 ces fins, la SHC | CHA peut publier des d\u00e9clarations et\/ou signer des d\u00e9clarations existantes (\u00e9mises par une partie externe) sur des sujets directement li\u00e9s \u00e0 sa mission.<\/p>\n<p>Cela inclut, sans s\u2019y limiter : les politiques gouvernementales (f\u00e9d\u00e9rales, provinciales, territoriales et municipales) relatives \u00e0 la discipline et \u00e0 la pratique de l\u2019histoire ; les programmes de baccalaur\u00e9at et d\u2019\u00e9tudes sup\u00e9rieures en histoire ; le financement de la recherche historique ; le financement des \u00e9tudes sup\u00e9rieures en histoire ; les archives et les services d\u2019archivage ; l\u2019acc\u00e8s \u00e0 l\u2019information ; et la libert\u00e9 de pens\u00e9e et d\u2019expression au Canada et ailleurs.<\/p>\n<p>La viabilit\u00e9 de la SHC | CHA repose sur un certain degr\u00e9 d\u2019unit\u00e9 parmi ses membres. Par cons\u00e9quent, sa mobilisation visera \u00e0 se faire le porte-parole du plus grand nombre possible de membres.<\/p>\n<p>Tout membre en r\u00e8gle de la SHC | CHA peut \u00e9crire \u00e0 un membre de l\u2019Ex\u00e9cutif, \u00e0 un membre du Conseil d\u2019administration ou au secr\u00e9tariat de la SHC | CHA pour demander une d\u00e9claration publique de la part de la SHC | CHA ou pour demander que la SHC | CHA signe une d\u00e9claration existante.<\/p>\n<p>Les d\u00e9clarations jug\u00e9es conformes \u00e0 la mission de la SHC | CHA par le pr\u00e9sident, apr\u00e8s consultation du vice-pr\u00e9sident ou du pr\u00e9sident sortant, seront r\u00e9dig\u00e9es et sign\u00e9es par le pr\u00e9sident. Les d\u00e9clarations existantes seront sign\u00e9es par le pr\u00e9sident.<\/p>\n<p>Les d\u00e9clarations et les d\u00e9clarations existantes que le pr\u00e9sident, apr\u00e8s consultation du vice-pr\u00e9sident ou du pr\u00e9sident sortant, juge de nature plus substantielle seront r\u00e9dig\u00e9es par le pr\u00e9sident en vue d&rsquo;une approbation \u00e0 l&rsquo;unanimit\u00e9 par l\u2019Ex\u00e9cutif. Une fois l&rsquo;approbation unanime de l\u2019Ex\u00e9cutif obtenue, l\u2019Ex\u00e9cutif et le Conseil d\u2019administration se r\u00e9uniront soit en personne, soit en ligne. Une d\u00e9claration doit recueillir une majorit\u00e9 des quatre cinqui\u00e8mes des membres de l\u2019Ex\u00e9cutif et du Conseil d\u2019administration r\u00e9unis. Le vote \u00e9lectronique sera autoris\u00e9. Si la d\u00e9claration est adopt\u00e9e, le pr\u00e9sident la signera.<\/p>\n<p>Cette politique peut \u00eatre r\u00e9examin\u00e9e par un sous-comit\u00e9 ad hoc compos\u00e9 de trois membres de l\u2019Ex\u00e9cutif et du Conseil d\u2019administration, pr\u00e9sid\u00e9 par le pr\u00e9sident, \u00e0 la demande d&rsquo;un membre de l\u2019Ex\u00e9cutif ou du Conseil d\u2019administration.<\/p>\n","protected":false},"excerpt":{"rendered":"<p>Une version PDF de cette politique est disponible ici. Politique relative aux d\u00e9clarations Fond\u00e9e en 1922, la Soci\u00e9t\u00e9 historique du Canada | Canadian Historical Association est une soci\u00e9t\u00e9 savante nationale et bilingue qui se consacre \u00e0 la recherche, \u00e0 la r\u00e9daction, \u00e0 l&rsquo;enseignement et \u00e0 la diffusion de l&rsquo;histoire au Canada. La SHC | CHA [&hellip;]<\/p>\n","protected":false},"author":54,"featured_media":0,"parent":14466,"menu_order":14,"comment_status":"closed","ping_status":"closed","template":"","meta":{"_acf_changed":false,"_seopress_robots_primary_cat":"","_seopress_titles_title":"","_seopress_titles_desc":"","_seopress_robots_index":"","_exactmetrics_skip_tracking":false,"_exactmetrics_sitenote_active":false,"_exactmetrics_sitenote_note":"","_exactmetrics_sitenote_category":0,"site-sidebar-layout":"default","site-content-layout":"","ast-site-content-layout":"default","site-content-style":"default","site-sidebar-style":"default","ast-global-header-display":"","ast-banner-title-visibility":"","ast-main-header-display":"","ast-hfb-above-header-display":"","ast-hfb-below-header-display":"","ast-hfb-mobile-header-display":"","site-post-title":"","ast-breadcrumbs-content":"","ast-featured-img":"","footer-sml-layout":"","ast-disable-related-posts":"","theme-transparent-header-meta":"default","adv-header-id-meta":"","stick-header-meta":"","header-above-stick-meta":"","header-main-stick-meta":"","header-below-stick-meta":"","astra-migrate-meta-layouts":"set","ast-page-background-enabled":"default","ast-page-background-meta":{"desktop":{"background-color":"var(--ast-global-color-4)","background-image":"","background-repeat":"repeat","background-position":"center center","background-size":"auto","background-attachment":"scroll","background-type":"","background-media":"","overlay-type":"","overlay-color":"","overlay-opacity":"","overlay-gradient":""},"tablet":{"background-color":"","background-image":"","background-repeat":"repeat","background-position":"center center","background-size":"auto","background-attachment":"scroll","background-type":"","background-media":"","overlay-type":"","overlay-color":"","overlay-opacity":"","overlay-gradient":""},"mobile":{"background-color":"","background-image":"","background-repeat":"repeat","background-position":"center center","background-size":"auto","background-attachment":"scroll","background-type":"","background-media":"","overlay-type":"","overlay-color":"","overlay-opacity":"","overlay-gradient":""}},"ast-content-background-meta":{"desktop":{"background-color":"var(--ast-global-color-5)","background-image":"","background-repeat":"repeat","background-position":"center center","background-size":"auto","background-attachment":"scroll","background-type":"","background-media":"","overlay-type":"","overlay-color":"","overlay-opacity":"","overlay-gradient":""},"tablet":{"background-color":"var(--ast-global-color-5)","background-image":"","background-repeat":"repeat","background-position":"center center","background-size":"auto","background-attachment":"scroll","background-type":"","background-media":"","overlay-type":"","overlay-color":"","overlay-opacity":"","overlay-gradient":""},"mobile":{"background-color":"var(--ast-global-color-5)","background-image":"","background-repeat":"repeat","background-position":"center center","background-size":"auto","background-attachment":"scroll","background-type":"","background-media":"","overlay-type":"","overlay-color":"","overlay-opacity":"","overlay-gradient":""}},"footnotes":""},"page_template":[239],"class_list":["post-55358","page","type-page","status-publish","hentry","page_template-sidebar-fr"],"acf":[],"publishpress_future_action":{"enabled":false,"date":"2026-04-24 18:17:32","action":"change-status","newStatus":"draft","terms":[],"taxonomy":"page_template","extraData":[]},"publishpress_future_workflow_manual_trigger":{"enabledWorkflows":[]},"_links":{"self":[{"href":"https:\/\/cha-shc.ca\/fr\/wp-json\/wp\/v2\/pages\/55358","targetHints":{"allow":["GET"]}}],"collection":[{"href":"https:\/\/cha-shc.ca\/fr\/wp-json\/wp\/v2\/pages"}],"about":[{"href":"https:\/\/cha-shc.ca\/fr\/wp-json\/wp\/v2\/types\/page"}],"author":[{"embeddable":true,"href":"https:\/\/cha-shc.ca\/fr\/wp-json\/wp\/v2\/users\/54"}],"replies":[{"embeddable":true,"href":"https:\/\/cha-shc.ca\/fr\/wp-json\/wp\/v2\/comments?post=55358"}],"version-history":[{"count":2,"href":"https:\/\/cha-shc.ca\/fr\/wp-json\/wp\/v2\/pages\/55358\/revisions"}],"predecessor-version":[{"id":55363,"href":"https:\/\/cha-shc.ca\/fr\/wp-json\/wp\/v2\/pages\/55358\/revisions\/55363"}],"up":[{"embeddable":true,"href":"https:\/\/cha-shc.ca\/fr\/wp-json\/wp\/v2\/pages\/14466"}],"wp:attachment":[{"href":"https:\/\/cha-shc.ca\/fr\/wp-json\/wp\/v2\/media?parent=55358"}],"wp:term":[{"taxonomy":"page_template","embeddable":true,"href":"https:\/\/cha-shc.ca\/fr\/wp-json\/wp\/v2\/page_template?post=55358"}],"curies":[{"name":"wp","href":"https:\/\/api.w.org\/{rel}","templated":true}]}}